{"id":55364,"date":"2024-02-01T16:13:52","date_gmt":"2024-02-01T16:13:52","guid":{"rendered":"https:\/\/gorilla.md\/?post_type=product&#038;p=55364"},"modified":"2026-04-24T14:54:41","modified_gmt":"2026-04-24T14:54:41","slug":"sony-playstation-portal-remote-player","status":"publish","type":"product","link":"https:\/\/gorilla.md\/ru\/product\/sony-playstation-portal-remote-player\/","title":{"rendered":"Sony PlayStation Portal Remote Player"},"content":{"rendered":"<p><strong>Caracteristicile cheie ale PlayStation Portal<\/strong><\/p>\n<p><span class=\"\">PlayStation Portal Remote Player v\u0103 permite s\u0103 accesa\u021bi jocurile de pe PS5 prin re\u021beaua Wi-Fi de acas\u0103 <\/span><span class=\"\">, permi\u021b\u00e2ndu-v\u0103 s\u0103 \u00eencepe\u021bi s\u0103 juca\u021bi imediat, f\u0103r\u0103 a fi nevoie s\u0103 v\u0103 juca\u021bi pe televizor.<\/span><\/p>\n<p>Joac\u0103-\u021bi colec\u021bia de jocuri<\/p>\n<p>PlayStation Portal Remote Player poate juca jocuri compatibile instalate pe consola dvs. PS5, inclusiv jocurile dvs. preferate PS5 \u0219i PS4<\/p>\n<p>Experimenta\u021bi o experien\u021b\u0103 captivant\u0103 cu controlerul wireless DualSense.<\/p>\n<p>Sim\u021bi\u021bi puterea feedack-ului haptic \u0219i a declan\u0219atorilor adaptivi \u00een \u00a0jocuri acceptate \u00a0. Vibra\u021bia receptiv\u0103 r\u0103spunde la alegerile tale din joc \u0219i imit\u0103 factorii de mediu. Rezisten\u021ba dinamic\u0103 simuleaz\u0103 stresul interac\u021biunii cu hardware-ul \u0219i obiectele de joc \u00een anumite jocuri PS5.<\/p>\n<p><strong>Ecran LCD frumos de 8 inchi<\/strong><\/p>\n<p><span class=\"\">Vezi fiecare detaliu al jocurilor tale preferate pe m\u0103sur\u0103 ce prinde via\u021b\u0103 pe un ecran Full HD uimitor, puternic iluminat.<\/span><\/p>\n<p><strong>60 fps la rezolu\u021bie 1080p<\/strong><\/p>\n<p>PlayStation Portal Remote Player ofer\u0103 un joc fluid la p\u00e2n\u0103 la 60 de cadre pe secund\u0103 \u0219i rezolu\u021bie de \u00eenalt\u0103 defini\u021bie 1080p \u00a0 .<\/p>\n<p><strong>\u00cencepe\u021bi s\u0103 juca\u021bi rapid<\/strong><\/p>\n<p><span class=\"\">PlayStation Portal Remote Player este un dispozitiv special creat, care ofer\u0103 o experien\u021b\u0103 incredibil\u0103 de joc la distan\u021b\u0103. <\/span>Aceasta \u00eenseamn\u0103 c\u0103 \u00eel pute\u021bi porni, ap\u0103sa\u021bi un buton pentru a v\u0103 conecta la consola PS5 \u0219i \u00eencepe\u021bi s\u0103 juca\u021bi cu o vitez\u0103 uimitoare.<\/p>\n<p><strong>Nu ai nevoie de televizor \u0219i nici de living pentru a te juca.<\/strong><\/p>\n<p>Deoarece PlayStation Portal Remote Player v\u0103 permite s\u0103 transmite\u021bi jocuri prin re\u021beaua Wi-Fi de acas\u0103 , pute\u021bi juca pe consola PS5 chiar \u0219i atunci c\u00e2nd altcineva folose\u0219te televizorul la care este conectat.<\/p>\n<p>Pur \u0219i simplu porni\u021bi PlayStation Portal Remote Player \u0219i sunte\u021bi gata. Cu PlayStation Portal\u2122 Remote Player pe conexiunea Wi-Fi de acas\u0103, v\u0103 ve\u021bi putea juca mai mult \u00een orice camer\u0103 \u00een care locui\u021bi\u00a0 ,\u00a0f\u0103r\u0103 a fi nevoie de un televizor.\u00a0Vrei s\u0103 te joci \u00een continuare \u00een timp ce m\u0103n\u00e2nci micul dejun \u00een buc\u0103t\u0103rie?\u00a0Ia m\u0103suri!<\/p>","protected":false},"excerpt":{"rendered":"<p>\u041a\u043e\u0434 \u0442\u043e\u0432\u0430\u0440\u0430 :<\/p>\n<p>55364<\/p>","protected":false},"featured_media":55365,"comment_status":"open","ping_status":"closed","template":"","meta":[],"product_cat":[186],"product_tag":[],"class_list":{"0":"post-55364","1":"product","2":"type-product","3":"status-publish","4":"has-post-thumbnail","6":"product_cat-console-de-jocuri","7":"pa_brands-sony","9":"first","10":"instock","11":"taxable","12":"shipping-taxable","13":"purchasable","14":"product-type-simple"},"yoast_head":"<!-- This site is optimized with the Yoast SEO plugin v23.9 - https:\/\/yoast.com\/wordpress\/plugins\/seo\/ -->\n<title>Sony PlayStation Portal Remote Player - Gorilla ELECTRONICS<\/title>\n<meta name=\"description\" content=\"\u041a\u0443\u043f\u0438\u0442\u0435 Sony PlayStation Portal Remote Player \u043f\u043e \u043d\u0438\u0437\u043a\u043e\u0439 \u0446\u0435\u043d\u0435 \u043d\u0430 Gorilla ELECTRONICS \u0432 \u041c\u043e\u043b\u0434\u043e\u0432\u0435! \u0411\u044b\u0441\u0442\u0440\u0430\u044f \u0434\u043e\u0441\u0442\u0430\u0432\u043a\u0430, \u0433\u0430\u0440\u0430\u043d\u0442\u0438\u044f. \u0412\u044b\u0433\u043e\u0434\u043d\u044b\u0435 \u043f\u0440\u0435\u0434\u043b\u043e\u0436\u0435\u043d\u0438\u044f!\" \/>\n<meta name=\"robots\" content=\"index, follow, max-snippet:-1, max-image-preview:large, max-video-preview:-1\" \/>\n<link rel=\"canonical\" href=\"https:\/\/gorilla.md\/ru\/product\/sony-playstation-portal-remote-player\/\" \/>\n<meta property=\"og:locale\" content=\"ru_RU\" \/>\n<meta property=\"og:type\" content=\"article\" \/>\n<meta property=\"og:title\" content=\"Sony PlayStation Portal Remote Player - Gorilla ELECTRONICS\" \/>\n<meta property=\"og:description\" content=\"\u041a\u0443\u043f\u0438\u0442\u0435 Sony PlayStation Portal Remote Player \u043f\u043e \u043d\u0438\u0437\u043a\u043e\u0439 \u0446\u0435\u043d\u0435 \u043d\u0430 Gorilla ELECTRONICS \u0432 \u041c\u043e\u043b\u0434\u043e\u0432\u0435! \u0411\u044b\u0441\u0442\u0440\u0430\u044f \u0434\u043e\u0441\u0442\u0430\u0432\u043a\u0430, \u0433\u0430\u0440\u0430\u043d\u0442\u0438\u044f. \u0412\u044b\u0433\u043e\u0434\u043d\u044b\u0435 \u043f\u0440\u0435\u0434\u043b\u043e\u0436\u0435\u043d\u0438\u044f!\" \/>\n<meta property=\"og:url\" content=\"https:\/\/gorilla.md\/ru\/product\/sony-playstation-portal-remote-player\/\" \/>\n<meta property=\"og:site_name\" content=\"Gorilla ELECTRONICS\" \/>\n<meta property=\"article:publisher\" content=\"https:\/\/www.facebook.com\/www.gorilla.md\" \/>\n<meta property=\"article:modified_time\" content=\"2026-04-24T14:54:41+00:00\" \/>\n<meta property=\"og:image\" content=\"https:\/\/gorilla.md\/wp-content\/uploads\/2024\/02\/enter-sony-playstation-portal-385411.webp\" \/>\n\t<meta property=\"og:image:width\" content=\"666\" \/>\n\t<meta property=\"og:image:height\" content=\"666\" \/>\n\t<meta property=\"og:image:type\" content=\"image\/webp\" \/>\n<meta name=\"twitter:card\" content=\"summary_large_image\" \/>\n<meta name=\"twitter:label1\" content=\"\u041f\u0440\u0438\u043c\u0435\u0440\u043d\u043e\u0435 \u0432\u0440\u0435\u043c\u044f \u0434\u043b\u044f \u0447\u0442\u0435\u043d\u0438\u044f\" \/>\n\t<meta name=\"twitter:data1\" content=\"2 \u043c\u0438\u043d\u0443\u0442\u044b\" \/>\n<script type=\"application\/ld+json\" class=\"yoast-schema-graph\">{\"@context\":\"https:\/\/schema.org\",\"@graph\":[{\"@type\":\"WebPage\",\"@id\":\"https:\/\/gorilla.md\/produs\/sony-playstation-portal-remote-player\/\",\"url\":\"https:\/\/gorilla.md\/produs\/sony-playstation-portal-remote-player\/\",\"name\":\"Sony PlayStation Portal Remote Player - Gorilla ELECTRONICS\",\"isPartOf\":{\"@id\":\"https:\/\/gorilla.md\/#website\"},\"primaryImageOfPage\":{\"@id\":\"https:\/\/gorilla.md\/produs\/sony-playstation-portal-remote-player\/#primaryimage\"},\"image\":{\"@id\":\"https:\/\/gorilla.md\/produs\/sony-playstation-portal-remote-player\/#primaryimage\"},\"thumbnailUrl\":\"https:\/\/gorilla.md\/wp-content\/uploads\/2024\/02\/enter-sony-playstation-portal-385411.webp\",\"datePublished\":\"2024-02-01T16:13:52+00:00\",\"dateModified\":\"2026-04-24T14:54:41+00:00\",\"description\":\"\u041a\u0443\u043f\u0438\u0442\u0435 Sony PlayStation Portal Remote Player \u043f\u043e \u043d\u0438\u0437\u043a\u043e\u0439 \u0446\u0435\u043d\u0435 \u043d\u0430 Gorilla ELECTRONICS \u0432 \u041c\u043e\u043b\u0434\u043e\u0432\u0435! \u0411\u044b\u0441\u0442\u0440\u0430\u044f \u0434\u043e\u0441\u0442\u0430\u0432\u043a\u0430, \u0433\u0430\u0440\u0430\u043d\u0442\u0438\u044f. \u0412\u044b\u0433\u043e\u0434\u043d\u044b\u0435 \u043f\u0440\u0435\u0434\u043b\u043e\u0436\u0435\u043d\u0438\u044f!\",\"breadcrumb\":{\"@id\":\"https:\/\/gorilla.md\/produs\/sony-playstation-portal-remote-player\/#breadcrumb\"},\"inLanguage\":\"ru-RU\",\"potentialAction\":[{\"@type\":\"ReadAction\",\"target\":[\"https:\/\/gorilla.md\/produs\/sony-playstation-portal-remote-player\/\"]}]},{\"@type\":\"ImageObject\",\"inLanguage\":\"ru-RU\",\"@id\":\"https:\/\/gorilla.md\/produs\/sony-playstation-portal-remote-player\/#primaryimage\",\"url\":\"https:\/\/gorilla.md\/wp-content\/uploads\/2024\/02\/enter-sony-playstation-portal-385411.webp\",\"contentUrl\":\"https:\/\/gorilla.md\/wp-content\/uploads\/2024\/02\/enter-sony-playstation-portal-385411.webp\",\"width\":666,\"height\":666},{\"@type\":\"BreadcrumbList\",\"@id\":\"https:\/\/gorilla.md\/produs\/sony-playstation-portal-remote-player\/#breadcrumb\",\"itemListElement\":[{\"@type\":\"ListItem\",\"position\":1,\"name\":\"Magazin\",\"item\":\"https:\/\/gorilla.md\/magazin\/\"},{\"@type\":\"ListItem\",\"position\":2,\"name\":\"Sony PlayStation Portal Remote Player\"}]},{\"@type\":\"WebSite\",\"@id\":\"https:\/\/gorilla.md\/#website\",\"url\":\"https:\/\/gorilla.md\/\",\"name\":\"Gorilla ELECTRONICS\",\"description\":\"Online Magazin \u00een Moldova\",\"publisher\":{\"@id\":\"https:\/\/gorilla.md\/#organization\"},\"potentialAction\":[{\"@type\":\"SearchAction\",\"target\":{\"@type\":\"EntryPoint\",\"urlTemplate\":\"https:\/\/gorilla.md\/?s={search_term_string}\"},\"query-input\":{\"@type\":\"PropertyValueSpecification\",\"valueRequired\":true,\"valueName\":\"search_term_string\"}}],\"inLanguage\":\"ru-RU\"},{\"@type\":\"Organization\",\"@id\":\"https:\/\/gorilla.md\/#organization\",\"name\":\"Gorilla ELECTRONICS\",\"url\":\"https:\/\/gorilla.md\/\",\"logo\":{\"@type\":\"ImageObject\",\"inLanguage\":\"ru-RU\",\"@id\":\"https:\/\/gorilla.md\/#\/schema\/logo\/image\/\",\"url\":\"https:\/\/gorilla.md\/wp-content\/uploads\/2023\/08\/logo-g.png\",\"contentUrl\":\"https:\/\/gorilla.md\/wp-content\/uploads\/2023\/08\/logo-g.png\",\"width\":200,\"height\":200,\"caption\":\"Gorilla ELECTRONICS\"},\"image\":{\"@id\":\"https:\/\/gorilla.md\/#\/schema\/logo\/image\/\"},\"sameAs\":[\"https:\/\/www.facebook.com\/www.gorilla.md\"]}]}<\/script>\n<!-- \/ Yoast SEO plugin. -->","yoast_head_json":{"title":"Sony PlayStation Portal Remote Player - Gorilla ELECTRONICS","description":"\u041a\u0443\u043f\u0438\u0442\u0435 Sony PlayStation Portal Remote Player \u043f\u043e \u043d\u0438\u0437\u043a\u043e\u0439 \u0446\u0435\u043d\u0435 \u043d\u0430 Gorilla ELECTRONICS \u0432 \u041c\u043e\u043b\u0434\u043e\u0432\u0435! \u0411\u044b\u0441\u0442\u0440\u0430\u044f \u0434\u043e\u0441\u0442\u0430\u0432\u043a\u0430, \u0433\u0430\u0440\u0430\u043d\u0442\u0438\u044f. \u0412\u044b\u0433\u043e\u0434\u043d\u044b\u0435 \u043f\u0440\u0435\u0434\u043b\u043e\u0436\u0435\u043d\u0438\u044f!","robots":{"index":"index","follow":"follow","max-snippet":"max-snippet:-1","max-image-preview":"max-image-preview:large","max-video-preview":"max-video-preview:-1"},"canonical":"https:\/\/gorilla.md\/ru\/product\/sony-playstation-portal-remote-player\/","og_locale":"ru_RU","og_type":"article","og_title":"Sony PlayStation Portal Remote Player - Gorilla ELECTRONICS","og_description":"\u041a\u0443\u043f\u0438\u0442\u0435 Sony PlayStation Portal Remote Player \u043f\u043e \u043d\u0438\u0437\u043a\u043e\u0439 \u0446\u0435\u043d\u0435 \u043d\u0430 Gorilla ELECTRONICS \u0432 \u041c\u043e\u043b\u0434\u043e\u0432\u0435! \u0411\u044b\u0441\u0442\u0440\u0430\u044f \u0434\u043e\u0441\u0442\u0430\u0432\u043a\u0430, \u0433\u0430\u0440\u0430\u043d\u0442\u0438\u044f. \u0412\u044b\u0433\u043e\u0434\u043d\u044b\u0435 \u043f\u0440\u0435\u0434\u043b\u043e\u0436\u0435\u043d\u0438\u044f!","og_url":"https:\/\/gorilla.md\/ru\/product\/sony-playstation-portal-remote-player\/","og_site_name":"Gorilla ELECTRONICS","article_publisher":"https:\/\/www.facebook.com\/www.gorilla.md","article_modified_time":"2026-04-24T14:54:41+00:00","og_image":[{"width":666,"height":666,"url":"https:\/\/gorilla.md\/wp-content\/uploads\/2024\/02\/enter-sony-playstation-portal-385411.webp","type":"image\/webp"}],"twitter_card":"summary_large_image","twitter_misc":{"\u041f\u0440\u0438\u043c\u0435\u0440\u043d\u043e\u0435 \u0432\u0440\u0435\u043c\u044f \u0434\u043b\u044f \u0447\u0442\u0435\u043d\u0438\u044f":"2 \u043c\u0438\u043d\u0443\u0442\u044b"},"schema":{"@context":"https:\/\/schema.org","@graph":[{"@type":"WebPage","@id":"https:\/\/gorilla.md\/produs\/sony-playstation-portal-remote-player\/","url":"https:\/\/gorilla.md\/produs\/sony-playstation-portal-remote-player\/","name":"Sony PlayStation Portal Remote Player - Gorilla ELECTRONICS","isPartOf":{"@id":"https:\/\/gorilla.md\/#website"},"primaryImageOfPage":{"@id":"https:\/\/gorilla.md\/produs\/sony-playstation-portal-remote-player\/#primaryimage"},"image":{"@id":"https:\/\/gorilla.md\/produs\/sony-playstation-portal-remote-player\/#primaryimage"},"thumbnailUrl":"https:\/\/gorilla.md\/wp-content\/uploads\/2024\/02\/enter-sony-playstation-portal-385411.webp","datePublished":"2024-02-01T16:13:52+00:00","dateModified":"2026-04-24T14:54:41+00:00","description":"\u041a\u0443\u043f\u0438\u0442\u0435 Sony PlayStation Portal Remote Player \u043f\u043e \u043d\u0438\u0437\u043a\u043e\u0439 \u0446\u0435\u043d\u0435 \u043d\u0430 Gorilla ELECTRONICS \u0432 \u041c\u043e\u043b\u0434\u043e\u0432\u0435! \u0411\u044b\u0441\u0442\u0440\u0430\u044f \u0434\u043e\u0441\u0442\u0430\u0432\u043a\u0430, \u0433\u0430\u0440\u0430\u043d\u0442\u0438\u044f. \u0412\u044b\u0433\u043e\u0434\u043d\u044b\u0435 \u043f\u0440\u0435\u0434\u043b\u043e\u0436\u0435\u043d\u0438\u044f!","breadcrumb":{"@id":"https:\/\/gorilla.md\/produs\/sony-playstation-portal-remote-player\/#breadcrumb"},"inLanguage":"ru-RU","potentialAction":[{"@type":"ReadAction","target":["https:\/\/gorilla.md\/produs\/sony-playstation-portal-remote-player\/"]}]},{"@type":"ImageObject","inLanguage":"ru-RU","@id":"https:\/\/gorilla.md\/produs\/sony-playstation-portal-remote-player\/#primaryimage","url":"https:\/\/gorilla.md\/wp-content\/uploads\/2024\/02\/enter-sony-playstation-portal-385411.webp","contentUrl":"https:\/\/gorilla.md\/wp-content\/uploads\/2024\/02\/enter-sony-playstation-portal-385411.webp","width":666,"height":666},{"@type":"BreadcrumbList","@id":"https:\/\/gorilla.md\/produs\/sony-playstation-portal-remote-player\/#breadcrumb","itemListElement":[{"@type":"ListItem","position":1,"name":"Magazin","item":"https:\/\/gorilla.md\/magazin\/"},{"@type":"ListItem","position":2,"name":"Sony PlayStation Portal Remote Player"}]},{"@type":"WebSite","@id":"https:\/\/gorilla.md\/#website","url":"https:\/\/gorilla.md\/","name":"Gorilla ELECTRONICS","description":"Online Magazin \u00een Moldova","publisher":{"@id":"https:\/\/gorilla.md\/#organization"},"potentialAction":[{"@type":"SearchAction","target":{"@type":"EntryPoint","urlTemplate":"https:\/\/gorilla.md\/?s={search_term_string}"},"query-input":{"@type":"PropertyValueSpecification","valueRequired":true,"valueName":"search_term_string"}}],"inLanguage":"ru-RU"},{"@type":"Organization","@id":"https:\/\/gorilla.md\/#organization","name":"Gorilla ELECTRONICS","url":"https:\/\/gorilla.md\/","logo":{"@type":"ImageObject","inLanguage":"ru-RU","@id":"https:\/\/gorilla.md\/#\/schema\/logo\/image\/","url":"https:\/\/gorilla.md\/wp-content\/uploads\/2023\/08\/logo-g.png","contentUrl":"https:\/\/gorilla.md\/wp-content\/uploads\/2023\/08\/logo-g.png","width":200,"height":200,"caption":"Gorilla ELECTRONICS"},"image":{"@id":"https:\/\/gorilla.md\/#\/schema\/logo\/image\/"},"sameAs":["https:\/\/www.facebook.com\/www.gorilla.md"]}]}},"_links":{"self":[{"href":"https:\/\/gorilla.md\/ru\/wp-json\/wp\/v2\/product\/55364","targetHints":{"allow":["GET"]}}],"collection":[{"href":"https:\/\/gorilla.md\/ru\/wp-json\/wp\/v2\/product"}],"about":[{"href":"https:\/\/gorilla.md\/ru\/wp-json\/wp\/v2\/types\/product"}],"replies":[{"embeddable":true,"href":"https:\/\/gorilla.md\/ru\/wp-json\/wp\/v2\/comments?post=55364"}],"wp:featuredmedia":[{"embeddable":true,"href":"https:\/\/gorilla.md\/ru\/wp-json\/wp\/v2\/media\/55365"}],"wp:attachment":[{"href":"https:\/\/gorilla.md\/ru\/wp-json\/wp\/v2\/media?parent=55364"}],"wp:term":[{"taxonomy":"product_cat","embeddable":true,"href":"https:\/\/gorilla.md\/ru\/wp-json\/wp\/v2\/product_cat?post=55364"},{"taxonomy":"product_tag","embeddable":true,"href":"https:\/\/gorilla.md\/ru\/wp-json\/wp\/v2\/product_tag?post=55364"}],"curies":[{"name":"wp","href":"https:\/\/api.w.org\/{rel}","templated":true}]}}