{"id":52774,"date":"2023-10-09T13:55:12","date_gmt":"2023-10-09T13:55:12","guid":{"rendered":"https:\/\/gorilla.md\/?post_type=product&#038;p=52774"},"modified":"2026-04-03T14:41:15","modified_gmt":"2026-04-03T14:41:15","slug":"msi-bravo-15-c7ve-15-6-ryzen-5-7535hs-16gb-512gb-rtx-4050-6gb-no-os","status":"publish","type":"product","link":"https:\/\/gorilla.md\/ru\/product\/msi-bravo-15-c7ve-15-6-ryzen-5-7535hs-16gb-512gb-rtx-4050-6gb-no-os\/","title":{"rendered":"MSI Bravo 15 C7VE 15.6\u2033 (Ryzen 5 7535HS \/ 16GB \/ 512GB, RTX 4050 6GB) No OS"},"content":{"rendered":"<p>\u00abMSI Bravo\u00a015 C7VE: Fundamentul productivit\u0103\u021bii tale \u0219i\u00a0victoriilor \u00een\u00a0jocuri\u00bb<\/p>\n<p>Magazinul online www.cactus.md va\u00a0prezinta laptopul MSI Bravo\u00a015 C7VE\u00a0\u2014 un\u00a0dispozitiv puternic si\u00a0stilat care este gata sa\u00a0va\u00a0satisfaca toate nevoile de\u00a0munca si\u00a0divertisment. Laptopul MSI Bravo\u00a015 C7VE combin\u0103 performan\u021ba remarcabil\u0103, designul uimitor \u0219i\u00a0caracteristicile avansate, f\u0103c\u00e2ndu-l o\u00a0alegere ideal\u0103 pentru profesioni\u0219ti \u0219i\u00a0juc\u0103tori.<\/p>\n<p>Caracteristici cheie:<\/p>\n<p>Procesor puternic Ryzen 5 7535HS: \u00een\u00a0centrul acestui laptop se\u00a0afl\u0103 procesorul Ryzen 5 7535HS, oferind performan\u021be puternice \u0219i\u00a0capacitate de\u00a0r\u0103spuns la\u00a0munc\u0103 \u0219i\u00a0joac\u0103.<\/p>\n<p>Plac\u0103 grafic\u0103 RTX 4050 6GB puternic\u0103: Cu\u00a0placa grafic\u0103 RTX 4050 6GB, v\u0103\u00a0pute\u021bi bucura de\u00a0jocuri cu\u00a0o\u00a0grafic\u0103 uimitoare \u0219i\u00a0o\u00a0redare lin\u0103.<\/p>\n<p>SSD rapid \u0219i\u00a0spa\u021bios de\u00a0512\u00a0GB: SSD-ul de\u00a0512\u00a0GB ofer\u0103 timpi de\u00a0\u00eenc\u0103rcare rapidi pentru sistemul de\u00a0operare \u0219i\u00a0aplica\u021bii, plus mult spa\u021biu de\u00a0stocare pentru datele dvs.<\/p>\n<p>Afi\u0219aj vibrant, de\u00a0\u00eenalt\u0103 calitate: Ecranul de\u00a0\u00eenalt\u0103 rezolu\u021bie de\u00a015,6 inchi v\u0103\u00a0permite s\u0103\u00a0v\u0103\u00a0bucura\u021bi de\u00a0imagini luminoase \u0219i\u00a0clare.<\/p>\n<p>Design modern: laptopul MSI Bravo\u00a015 C7VE are un\u00a0corp elegant, negru, care \u00eei\u00a0spore\u0219te elegan\u021ba.<\/p>\n<p>Cump\u0103ra\u021bi un\u00a0laptop MSI ast\u0103zi \u0219i\u00a0\u00eembun\u0103t\u0103\u021bi\u021bi-v\u0103 experien\u021ba de\u00a0lucru \u0219i\u00a0de\u00a0joc! Laptopul MSI Bravo\u00a015 C7VE este un\u00a0dispozitiv de\u00a0\u00eencredere, cu\u00a0performan\u021be remarcabile, care poate face fa\u021b\u0103 oric\u0103rei sarcini. Nu\u00a0rata\u021bi ocazia de\u00a0a\u00a0avea un\u00a0partener de\u00a0\u00eencredere pentru productivitatea \u0219i\u00a0divertismentul dvs.<\/p>","protected":false},"excerpt":{"rendered":"<p>\u041a\u043e\u0434 \u0442\u043e\u0432\u0430\u0440\u0430:<\/p>\n<p>52774<\/p>","protected":false},"featured_media":52733,"comment_status":"open","ping_status":"closed","template":"","meta":[],"product_cat":[159,149],"product_tag":[],"class_list":{"0":"post-52774","1":"product","2":"type-product","3":"status-publish","4":"has-post-thumbnail","6":"product_cat-msi","7":"product_cat-notebook","8":"pa_brands-msi","10":"first","11":"instock","12":"taxable","13":"shipping-taxable","14":"purchasable","15":"product-type-simple"},"yoast_head":"<!-- This site is optimized with the Yoast SEO plugin v23.9 - https:\/\/yoast.com\/wordpress\/plugins\/seo\/ -->\n<title>MSI Bravo 15 C7VE 15.6&quot; (Ryzen 5 7535HS \/ 16GB \/ 512GB, RTX 4050 6GB) No OS - Gorilla ELECTRONICS<\/title>\n<meta name=\"description\" content=\"\u041a\u0443\u043f\u0438\u0442\u0435 MSI Bravo 15 C7VE 15.6&quot; (Ryzen 5 7535HS \/ 16GB \/ 512GB, RTX 4050 6GB) No OS \u043f\u043e \u043d\u0438\u0437\u043a\u043e\u0439 \u0446\u0435\u043d\u0435 \u043d\u0430 Gorilla ELECTRONICS \u0432 \u041c\u043e\u043b\u0434\u043e\u0432\u0435! \u0411\u044b\u0441\u0442\u0440\u0430\u044f \u0434\u043e\u0441\u0442\u0430\u0432\u043a\u0430, \u0433\u0430\u0440\u0430\u043d\u0442\u0438\u044f. \u0412\u044b\u0433\u043e\u0434\u043d\u044b\u0435 \u043f\u0440\u0435\u0434\u043b\u043e\u0436\u0435\u043d\u0438\u044f!\" \/>\n<meta name=\"robots\" content=\"index, follow, max-snippet:-1, max-image-preview:large, max-video-preview:-1\" \/>\n<link rel=\"canonical\" href=\"https:\/\/gorilla.md\/ru\/product\/msi-bravo-15-c7ve-15-6-ryzen-5-7535hs-16gb-512gb-rtx-4050-6gb-no-os\/\" \/>\n<meta property=\"og:locale\" content=\"ru_RU\" \/>\n<meta property=\"og:type\" content=\"article\" \/>\n<meta property=\"og:title\" content=\"MSI Bravo 15 C7VE 15.6&quot; (Ryzen 5 7535HS \/ 16GB \/ 512GB, RTX 4050 6GB) No OS - Gorilla ELECTRONICS\" \/>\n<meta property=\"og:description\" content=\"\u041a\u0443\u043f\u0438\u0442\u0435 MSI Bravo 15 C7VE 15.6&quot; (Ryzen 5 7535HS \/ 16GB \/ 512GB, RTX 4050 6GB) No OS \u043f\u043e \u043d\u0438\u0437\u043a\u043e\u0439 \u0446\u0435\u043d\u0435 \u043d\u0430 Gorilla ELECTRONICS \u0432 \u041c\u043e\u043b\u0434\u043e\u0432\u0435! \u0411\u044b\u0441\u0442\u0440\u0430\u044f \u0434\u043e\u0441\u0442\u0430\u0432\u043a\u0430, \u0433\u0430\u0440\u0430\u043d\u0442\u0438\u044f. \u0412\u044b\u0433\u043e\u0434\u043d\u044b\u0435 \u043f\u0440\u0435\u0434\u043b\u043e\u0436\u0435\u043d\u0438\u044f!\" \/>\n<meta property=\"og:url\" content=\"https:\/\/gorilla.md\/ru\/product\/msi-bravo-15-c7ve-15-6-ryzen-5-7535hs-16gb-512gb-rtx-4050-6gb-no-os\/\" \/>\n<meta property=\"og:site_name\" content=\"Gorilla ELECTRONICS\" \/>\n<meta property=\"article:publisher\" content=\"https:\/\/www.facebook.com\/www.gorilla.md\" \/>\n<meta property=\"article:modified_time\" content=\"2026-04-03T14:41:15+00:00\" \/>\n<meta property=\"og:image\" content=\"https:\/\/gorilla.md\/wp-content\/uploads\/2023\/10\/i-5-10.webp\" \/>\n\t<meta property=\"og:image:width\" content=\"1280\" \/>\n\t<meta property=\"og:image:height\" content=\"804\" \/>\n\t<meta property=\"og:image:type\" content=\"image\/webp\" \/>\n<meta name=\"twitter:card\" content=\"summary_large_image\" \/>\n<meta name=\"twitter:label1\" content=\"\u041f\u0440\u0438\u043c\u0435\u0440\u043d\u043e\u0435 \u0432\u0440\u0435\u043c\u044f \u0434\u043b\u044f \u0447\u0442\u0435\u043d\u0438\u044f\" \/>\n\t<meta name=\"twitter:data1\" content=\"2 \u043c\u0438\u043d\u0443\u0442\u044b\" \/>\n<script type=\"application\/ld+json\" class=\"yoast-schema-graph\">{\"@context\":\"https:\/\/schema.org\",\"@graph\":[{\"@type\":\"WebPage\",\"@id\":\"https:\/\/gorilla.md\/produs\/msi-bravo-15-c7ve-15-6-ryzen-5-7535hs-16gb-512gb-rtx-4050-6gb-no-os\/\",\"url\":\"https:\/\/gorilla.md\/produs\/msi-bravo-15-c7ve-15-6-ryzen-5-7535hs-16gb-512gb-rtx-4050-6gb-no-os\/\",\"name\":\"MSI Bravo 15 C7VE 15.6\\\" (Ryzen 5 7535HS \/ 16GB \/ 512GB, RTX 4050 6GB) No OS - Gorilla ELECTRONICS\",\"isPartOf\":{\"@id\":\"https:\/\/gorilla.md\/#website\"},\"primaryImageOfPage\":{\"@id\":\"https:\/\/gorilla.md\/produs\/msi-bravo-15-c7ve-15-6-ryzen-5-7535hs-16gb-512gb-rtx-4050-6gb-no-os\/#primaryimage\"},\"image\":{\"@id\":\"https:\/\/gorilla.md\/produs\/msi-bravo-15-c7ve-15-6-ryzen-5-7535hs-16gb-512gb-rtx-4050-6gb-no-os\/#primaryimage\"},\"thumbnailUrl\":\"https:\/\/gorilla.md\/wp-content\/uploads\/2023\/10\/i-5-10.webp\",\"datePublished\":\"2023-10-09T13:55:12+00:00\",\"dateModified\":\"2026-04-03T14:41:15+00:00\",\"description\":\"\u041a\u0443\u043f\u0438\u0442\u0435 MSI Bravo 15 C7VE 15.6\\\" (Ryzen 5 7535HS \/ 16GB \/ 512GB, RTX 4050 6GB) No OS \u043f\u043e \u043d\u0438\u0437\u043a\u043e\u0439 \u0446\u0435\u043d\u0435 \u043d\u0430 Gorilla ELECTRONICS \u0432 \u041c\u043e\u043b\u0434\u043e\u0432\u0435! \u0411\u044b\u0441\u0442\u0440\u0430\u044f \u0434\u043e\u0441\u0442\u0430\u0432\u043a\u0430, \u0433\u0430\u0440\u0430\u043d\u0442\u0438\u044f. \u0412\u044b\u0433\u043e\u0434\u043d\u044b\u0435 \u043f\u0440\u0435\u0434\u043b\u043e\u0436\u0435\u043d\u0438\u044f!\",\"breadcrumb\":{\"@id\":\"https:\/\/gorilla.md\/produs\/msi-bravo-15-c7ve-15-6-ryzen-5-7535hs-16gb-512gb-rtx-4050-6gb-no-os\/#breadcrumb\"},\"inLanguage\":\"ru-RU\",\"potentialAction\":[{\"@type\":\"ReadAction\",\"target\":[\"https:\/\/gorilla.md\/produs\/msi-bravo-15-c7ve-15-6-ryzen-5-7535hs-16gb-512gb-rtx-4050-6gb-no-os\/\"]}]},{\"@type\":\"ImageObject\",\"inLanguage\":\"ru-RU\",\"@id\":\"https:\/\/gorilla.md\/produs\/msi-bravo-15-c7ve-15-6-ryzen-5-7535hs-16gb-512gb-rtx-4050-6gb-no-os\/#primaryimage\",\"url\":\"https:\/\/gorilla.md\/wp-content\/uploads\/2023\/10\/i-5-10.webp\",\"contentUrl\":\"https:\/\/gorilla.md\/wp-content\/uploads\/2023\/10\/i-5-10.webp\",\"width\":1280,\"height\":804},{\"@type\":\"BreadcrumbList\",\"@id\":\"https:\/\/gorilla.md\/produs\/msi-bravo-15-c7ve-15-6-ryzen-5-7535hs-16gb-512gb-rtx-4050-6gb-no-os\/#breadcrumb\",\"itemListElement\":[{\"@type\":\"ListItem\",\"position\":1,\"name\":\"Magazin\",\"item\":\"https:\/\/gorilla.md\/magazin\/\"},{\"@type\":\"ListItem\",\"position\":2,\"name\":\"MSI Bravo 15 C7VE 15.6&#8243; (Ryzen 5 7535HS \/ 16GB \/ 512GB, RTX 4050 6GB) No OS\"}]},{\"@type\":\"WebSite\",\"@id\":\"https:\/\/gorilla.md\/#website\",\"url\":\"https:\/\/gorilla.md\/\",\"name\":\"Gorilla ELECTRONICS\",\"description\":\"Online Magazin \u00een Moldova\",\"publisher\":{\"@id\":\"https:\/\/gorilla.md\/#organization\"},\"potentialAction\":[{\"@type\":\"SearchAction\",\"target\":{\"@type\":\"EntryPoint\",\"urlTemplate\":\"https:\/\/gorilla.md\/?s={search_term_string}\"},\"query-input\":{\"@type\":\"PropertyValueSpecification\",\"valueRequired\":true,\"valueName\":\"search_term_string\"}}],\"inLanguage\":\"ru-RU\"},{\"@type\":\"Organization\",\"@id\":\"https:\/\/gorilla.md\/#organization\",\"name\":\"Gorilla ELECTRONICS\",\"url\":\"https:\/\/gorilla.md\/\",\"logo\":{\"@type\":\"ImageObject\",\"inLanguage\":\"ru-RU\",\"@id\":\"https:\/\/gorilla.md\/#\/schema\/logo\/image\/\",\"url\":\"https:\/\/gorilla.md\/wp-content\/uploads\/2023\/08\/logo-g.png\",\"contentUrl\":\"https:\/\/gorilla.md\/wp-content\/uploads\/2023\/08\/logo-g.png\",\"width\":200,\"height\":200,\"caption\":\"Gorilla ELECTRONICS\"},\"image\":{\"@id\":\"https:\/\/gorilla.md\/#\/schema\/logo\/image\/\"},\"sameAs\":[\"https:\/\/www.facebook.com\/www.gorilla.md\"]}]}<\/script>\n<!-- \/ Yoast SEO plugin. -->","yoast_head_json":{"title":"MSI Bravo 15 C7VE 15.6\" (Ryzen 5 7535HS \/ 16GB \/ 512GB, RTX 4050 6GB) No OS - Gorilla ELECTRONICS","description":"\u041a\u0443\u043f\u0438\u0442\u0435 MSI Bravo 15 C7VE 15.6\" (Ryzen 5 7535HS \/ 16GB \/ 512GB, RTX 4050 6GB) No OS \u043f\u043e \u043d\u0438\u0437\u043a\u043e\u0439 \u0446\u0435\u043d\u0435 \u043d\u0430 Gorilla ELECTRONICS \u0432 \u041c\u043e\u043b\u0434\u043e\u0432\u0435! \u0411\u044b\u0441\u0442\u0440\u0430\u044f \u0434\u043e\u0441\u0442\u0430\u0432\u043a\u0430, \u0433\u0430\u0440\u0430\u043d\u0442\u0438\u044f. \u0412\u044b\u0433\u043e\u0434\u043d\u044b\u0435 \u043f\u0440\u0435\u0434\u043b\u043e\u0436\u0435\u043d\u0438\u044f!","robots":{"index":"index","follow":"follow","max-snippet":"max-snippet:-1","max-image-preview":"max-image-preview:large","max-video-preview":"max-video-preview:-1"},"canonical":"https:\/\/gorilla.md\/ru\/product\/msi-bravo-15-c7ve-15-6-ryzen-5-7535hs-16gb-512gb-rtx-4050-6gb-no-os\/","og_locale":"ru_RU","og_type":"article","og_title":"MSI Bravo 15 C7VE 15.6\" (Ryzen 5 7535HS \/ 16GB \/ 512GB, RTX 4050 6GB) No OS - Gorilla ELECTRONICS","og_description":"\u041a\u0443\u043f\u0438\u0442\u0435 MSI Bravo 15 C7VE 15.6\" (Ryzen 5 7535HS \/ 16GB \/ 512GB, RTX 4050 6GB) No OS \u043f\u043e \u043d\u0438\u0437\u043a\u043e\u0439 \u0446\u0435\u043d\u0435 \u043d\u0430 Gorilla ELECTRONICS \u0432 \u041c\u043e\u043b\u0434\u043e\u0432\u0435! \u0411\u044b\u0441\u0442\u0440\u0430\u044f \u0434\u043e\u0441\u0442\u0430\u0432\u043a\u0430, \u0433\u0430\u0440\u0430\u043d\u0442\u0438\u044f. \u0412\u044b\u0433\u043e\u0434\u043d\u044b\u0435 \u043f\u0440\u0435\u0434\u043b\u043e\u0436\u0435\u043d\u0438\u044f!","og_url":"https:\/\/gorilla.md\/ru\/product\/msi-bravo-15-c7ve-15-6-ryzen-5-7535hs-16gb-512gb-rtx-4050-6gb-no-os\/","og_site_name":"Gorilla ELECTRONICS","article_publisher":"https:\/\/www.facebook.com\/www.gorilla.md","article_modified_time":"2026-04-03T14:41:15+00:00","og_image":[{"width":1280,"height":804,"url":"https:\/\/gorilla.md\/wp-content\/uploads\/2023\/10\/i-5-10.webp","type":"image\/webp"}],"twitter_card":"summary_large_image","twitter_misc":{"\u041f\u0440\u0438\u043c\u0435\u0440\u043d\u043e\u0435 \u0432\u0440\u0435\u043c\u044f \u0434\u043b\u044f \u0447\u0442\u0435\u043d\u0438\u044f":"2 \u043c\u0438\u043d\u0443\u0442\u044b"},"schema":{"@context":"https:\/\/schema.org","@graph":[{"@type":"WebPage","@id":"https:\/\/gorilla.md\/produs\/msi-bravo-15-c7ve-15-6-ryzen-5-7535hs-16gb-512gb-rtx-4050-6gb-no-os\/","url":"https:\/\/gorilla.md\/produs\/msi-bravo-15-c7ve-15-6-ryzen-5-7535hs-16gb-512gb-rtx-4050-6gb-no-os\/","name":"MSI Bravo 15 C7VE 15.6\" (Ryzen 5 7535HS \/ 16GB \/ 512GB, RTX 4050 6GB) No OS - Gorilla ELECTRONICS","isPartOf":{"@id":"https:\/\/gorilla.md\/#website"},"primaryImageOfPage":{"@id":"https:\/\/gorilla.md\/produs\/msi-bravo-15-c7ve-15-6-ryzen-5-7535hs-16gb-512gb-rtx-4050-6gb-no-os\/#primaryimage"},"image":{"@id":"https:\/\/gorilla.md\/produs\/msi-bravo-15-c7ve-15-6-ryzen-5-7535hs-16gb-512gb-rtx-4050-6gb-no-os\/#primaryimage"},"thumbnailUrl":"https:\/\/gorilla.md\/wp-content\/uploads\/2023\/10\/i-5-10.webp","datePublished":"2023-10-09T13:55:12+00:00","dateModified":"2026-04-03T14:41:15+00:00","description":"\u041a\u0443\u043f\u0438\u0442\u0435 MSI Bravo 15 C7VE 15.6\" (Ryzen 5 7535HS \/ 16GB \/ 512GB, RTX 4050 6GB) No OS \u043f\u043e \u043d\u0438\u0437\u043a\u043e\u0439 \u0446\u0435\u043d\u0435 \u043d\u0430 Gorilla ELECTRONICS \u0432 \u041c\u043e\u043b\u0434\u043e\u0432\u0435! \u0411\u044b\u0441\u0442\u0440\u0430\u044f \u0434\u043e\u0441\u0442\u0430\u0432\u043a\u0430, \u0433\u0430\u0440\u0430\u043d\u0442\u0438\u044f. \u0412\u044b\u0433\u043e\u0434\u043d\u044b\u0435 \u043f\u0440\u0435\u0434\u043b\u043e\u0436\u0435\u043d\u0438\u044f!","breadcrumb":{"@id":"https:\/\/gorilla.md\/produs\/msi-bravo-15-c7ve-15-6-ryzen-5-7535hs-16gb-512gb-rtx-4050-6gb-no-os\/#breadcrumb"},"inLanguage":"ru-RU","potentialAction":[{"@type":"ReadAction","target":["https:\/\/gorilla.md\/produs\/msi-bravo-15-c7ve-15-6-ryzen-5-7535hs-16gb-512gb-rtx-4050-6gb-no-os\/"]}]},{"@type":"ImageObject","inLanguage":"ru-RU","@id":"https:\/\/gorilla.md\/produs\/msi-bravo-15-c7ve-15-6-ryzen-5-7535hs-16gb-512gb-rtx-4050-6gb-no-os\/#primaryimage","url":"https:\/\/gorilla.md\/wp-content\/uploads\/2023\/10\/i-5-10.webp","contentUrl":"https:\/\/gorilla.md\/wp-content\/uploads\/2023\/10\/i-5-10.webp","width":1280,"height":804},{"@type":"BreadcrumbList","@id":"https:\/\/gorilla.md\/produs\/msi-bravo-15-c7ve-15-6-ryzen-5-7535hs-16gb-512gb-rtx-4050-6gb-no-os\/#breadcrumb","itemListElement":[{"@type":"ListItem","position":1,"name":"Magazin","item":"https:\/\/gorilla.md\/magazin\/"},{"@type":"ListItem","position":2,"name":"MSI Bravo 15 C7VE 15.6&#8243; (Ryzen 5 7535HS \/ 16GB \/ 512GB, RTX 4050 6GB) No OS"}]},{"@type":"WebSite","@id":"https:\/\/gorilla.md\/#website","url":"https:\/\/gorilla.md\/","name":"Gorilla ELECTRONICS","description":"Online Magazin \u00een Moldova","publisher":{"@id":"https:\/\/gorilla.md\/#organization"},"potentialAction":[{"@type":"SearchAction","target":{"@type":"EntryPoint","urlTemplate":"https:\/\/gorilla.md\/?s={search_term_string}"},"query-input":{"@type":"PropertyValueSpecification","valueRequired":true,"valueName":"search_term_string"}}],"inLanguage":"ru-RU"},{"@type":"Organization","@id":"https:\/\/gorilla.md\/#organization","name":"Gorilla ELECTRONICS","url":"https:\/\/gorilla.md\/","logo":{"@type":"ImageObject","inLanguage":"ru-RU","@id":"https:\/\/gorilla.md\/#\/schema\/logo\/image\/","url":"https:\/\/gorilla.md\/wp-content\/uploads\/2023\/08\/logo-g.png","contentUrl":"https:\/\/gorilla.md\/wp-content\/uploads\/2023\/08\/logo-g.png","width":200,"height":200,"caption":"Gorilla ELECTRONICS"},"image":{"@id":"https:\/\/gorilla.md\/#\/schema\/logo\/image\/"},"sameAs":["https:\/\/www.facebook.com\/www.gorilla.md"]}]}},"_links":{"self":[{"href":"https:\/\/gorilla.md\/ru\/wp-json\/wp\/v2\/product\/52774","targetHints":{"allow":["GET"]}}],"collection":[{"href":"https:\/\/gorilla.md\/ru\/wp-json\/wp\/v2\/product"}],"about":[{"href":"https:\/\/gorilla.md\/ru\/wp-json\/wp\/v2\/types\/product"}],"replies":[{"embeddable":true,"href":"https:\/\/gorilla.md\/ru\/wp-json\/wp\/v2\/comments?post=52774"}],"wp:featuredmedia":[{"embeddable":true,"href":"https:\/\/gorilla.md\/ru\/wp-json\/wp\/v2\/media\/52733"}],"wp:attachment":[{"href":"https:\/\/gorilla.md\/ru\/wp-json\/wp\/v2\/media?parent=52774"}],"wp:term":[{"taxonomy":"product_cat","embeddable":true,"href":"https:\/\/gorilla.md\/ru\/wp-json\/wp\/v2\/product_cat?post=52774"},{"taxonomy":"product_tag","embeddable":true,"href":"https:\/\/gorilla.md\/ru\/wp-json\/wp\/v2\/product_tag?post=52774"}],"curies":[{"name":"wp","href":"https:\/\/api.w.org\/{rel}","templated":true}]}}