{"id":52773,"date":"2023-10-09T13:55:11","date_gmt":"2023-10-09T13:55:11","guid":{"rendered":"https:\/\/gorilla.md\/?post_type=product&#038;p=52773"},"modified":"2026-04-03T14:41:15","modified_gmt":"2026-04-03T14:41:15","slug":"asus-vivobook-15-m1502qa-bq016-156-ryzen-7-5800h-8gb-512gb-no-os-blue-new","status":"publish","type":"product","link":"https:\/\/gorilla.md\/ru\/product\/asus-vivobook-15-m1502qa-bq016-156-ryzen-7-5800h-8gb-512gb-no-os-blue-new\/","title":{"rendered":"ASUS Vivobook 15 M1502QA-BQ016 15,6&#8243; (Ryzen 7 5800H \/ 8GB \/ 512GB) No Os, Blue NEW"},"content":{"rendered":"<p>\u00abASUS Vivobook\u00a015 M1502QA-BQ016: partenerul t\u0103u modern pentru munc\u0103 \u0219i\u00a0divertisment\u00bb<\/p>\n<p>Magazinul online www.cactus.md are pl\u0103cerea de\u00a0a\u00a0v\u0103\u00a0prezenta laptopul ASUS Vivobook\u00a015 M1502QA-BQ016 \u00eentr-un design albastru elegant. Acest laptop este combina\u021bia perfect\u0103 de\u00a0performan\u021b\u0103, calitate \u0219i\u00a0stil. Indiferent dac\u0103 \u00eel\u00a0folosi\u021bi pentru munc\u0103 sau pentru joac\u0103, ASUS Vivobook\u00a015 M1502QA-BQ016 este preg\u0103tit pentru orice sarcin\u0103.<\/p>\n<p>Caracteristici cheie:<\/p>\n<p>Procesor puternic Ryzen 7 5800H. Inima acestui laptop este procesorul Ryzen 7 5800H, care ofer\u0103 performan\u021be remarcabile pentru multitasking.<\/p>\n<p>SSD rapid de\u00a0512\u00a0GB. Cu\u00a0un\u00a0SSD de\u00a0512\u00a0GB, ave\u021bi acces rapid la\u00a0datele \u0219i\u00a0aplica\u021biile dvs.<\/p>\n<p>Ecran viu: ASUS Vivobook\u00a015 M1502QA-BQ016 are un\u00a0ecran vibrant de\u00a015,6 inchi care afi\u0219eaz\u0103 culori vibrante \u0219i\u00a0bogate pentru o\u00a0experien\u021b\u0103 de\u00a0vizionare mai bun\u0103.<\/p>\n<p>Design atractiv: laptopul ASUS Vivobook\u00a015 M1502QA-BQ016\u00a0se remarc\u0103 printre altele prin corpul s\u0103u elegant, albastru.<\/p>\n<p>Durat\u0103 lung\u0103 de\u00a0func\u021bionare: Datorit\u0103 bateriei eficiente, pute\u021bi lucra sau juca timp \u00eendelungat f\u0103r\u0103 probleme.<\/p>\n<p>Cump\u0103rarea unui laptop ASUS a\u00a0devenit mai u\u0219or \u0219i\u00a0mai accesibil acum! Laptopul ASUS Vivobook\u00a015 M1502QA-BQ016 ofer\u0103 performan\u021be remarcabile \u0219i\u00a0design elegant, f\u0103c\u00e2ndu-l o\u00a0alegere excelent\u0103 pentru toate nevoile dumneavoastr\u0103. Nu\u00a0rata\u021bi \u0219ansa de\u00a0a\u00a0v\u0103\u00a0\u00eembun\u0103t\u0103\u021bi productivitatea \u0219i\u00a0divertismentul cu\u00a0ASUS!<\/p>","protected":false},"excerpt":{"rendered":"<p>\u041a\u043e\u0434 \u0442\u043e\u0432\u0430\u0440\u0430:<\/p>\n<p>52773<\/p>","protected":false},"featured_media":52727,"comment_status":"open","ping_status":"closed","template":"","meta":[],"product_cat":[152,149],"product_tag":[],"class_list":{"0":"post-52773","1":"product","2":"type-product","3":"status-publish","4":"has-post-thumbnail","6":"product_cat-asus-notebook","7":"product_cat-notebook","8":"pa_brands-asus","10":"first","11":"instock","12":"taxable","13":"shipping-taxable","14":"purchasable","15":"product-type-simple"},"yoast_head":"<!-- This site is optimized with the Yoast SEO plugin v23.9 - https:\/\/yoast.com\/wordpress\/plugins\/seo\/ -->\n<title>ASUS Vivobook 15 M1502QA-BQ016 15,6&quot; (Ryzen 7 5800H \/ 8GB \/ 512GB) No Os, Blue NEW - Gorilla ELECTRONICS<\/title>\n<meta name=\"description\" content=\"\u041a\u0443\u043f\u0438\u0442\u0435 ASUS Vivobook 15 M1502QA-BQ016 15,6&quot; (Ryzen 7 5800H \/ 8GB \/ 512GB) No Os, Blue NEW \u043f\u043e \u043d\u0438\u0437\u043a\u043e\u0439 \u0446\u0435\u043d\u0435 \u043d\u0430 Gorilla ELECTRONICS \u0432 \u041c\u043e\u043b\u0434\u043e\u0432\u0435! \u0411\u044b\u0441\u0442\u0440\u0430\u044f \u0434\u043e\u0441\u0442\u0430\u0432\u043a\u0430, \u0433\u0430\u0440\u0430\u043d\u0442\u0438\u044f. \u0412\u044b\u0433\u043e\u0434\u043d\u044b\u0435 \u043f\u0440\u0435\u0434\u043b\u043e\u0436\u0435\u043d\u0438\u044f!\" \/>\n<meta name=\"robots\" content=\"index, follow, max-snippet:-1, max-image-preview:large, max-video-preview:-1\" \/>\n<link rel=\"canonical\" href=\"https:\/\/gorilla.md\/ru\/product\/asus-vivobook-15-m1502qa-bq016-156-ryzen-7-5800h-8gb-512gb-no-os-blue-new\/\" \/>\n<meta property=\"og:locale\" content=\"ru_RU\" \/>\n<meta property=\"og:type\" content=\"article\" \/>\n<meta property=\"og:title\" content=\"ASUS Vivobook 15 M1502QA-BQ016 15,6&quot; (Ryzen 7 5800H \/ 8GB \/ 512GB) No Os, Blue NEW - Gorilla ELECTRONICS\" \/>\n<meta property=\"og:description\" content=\"\u041a\u0443\u043f\u0438\u0442\u0435 ASUS Vivobook 15 M1502QA-BQ016 15,6&quot; (Ryzen 7 5800H \/ 8GB \/ 512GB) No Os, Blue NEW \u043f\u043e \u043d\u0438\u0437\u043a\u043e\u0439 \u0446\u0435\u043d\u0435 \u043d\u0430 Gorilla ELECTRONICS \u0432 \u041c\u043e\u043b\u0434\u043e\u0432\u0435! \u0411\u044b\u0441\u0442\u0440\u0430\u044f \u0434\u043e\u0441\u0442\u0430\u0432\u043a\u0430, \u0433\u0430\u0440\u0430\u043d\u0442\u0438\u044f. \u0412\u044b\u0433\u043e\u0434\u043d\u044b\u0435 \u043f\u0440\u0435\u0434\u043b\u043e\u0436\u0435\u043d\u0438\u044f!\" \/>\n<meta property=\"og:url\" content=\"https:\/\/gorilla.md\/ru\/product\/asus-vivobook-15-m1502qa-bq016-156-ryzen-7-5800h-8gb-512gb-no-os-blue-new\/\" \/>\n<meta property=\"og:site_name\" content=\"Gorilla ELECTRONICS\" \/>\n<meta property=\"article:publisher\" content=\"https:\/\/www.facebook.com\/www.gorilla.md\" \/>\n<meta property=\"article:modified_time\" content=\"2026-04-03T14:41:15+00:00\" \/>\n<meta property=\"og:image\" content=\"https:\/\/gorilla.md\/wp-content\/uploads\/2023\/10\/w800.png\" \/>\n\t<meta property=\"og:image:width\" content=\"800\" \/>\n\t<meta property=\"og:image:height\" content=\"800\" \/>\n\t<meta property=\"og:image:type\" content=\"image\/png\" \/>\n<meta name=\"twitter:card\" content=\"summary_large_image\" \/>\n<meta name=\"twitter:label1\" content=\"\u041f\u0440\u0438\u043c\u0435\u0440\u043d\u043e\u0435 \u0432\u0440\u0435\u043c\u044f \u0434\u043b\u044f \u0447\u0442\u0435\u043d\u0438\u044f\" \/>\n\t<meta name=\"twitter:data1\" content=\"2 \u043c\u0438\u043d\u0443\u0442\u044b\" \/>\n<script type=\"application\/ld+json\" class=\"yoast-schema-graph\">{\"@context\":\"https:\/\/schema.org\",\"@graph\":[{\"@type\":\"WebPage\",\"@id\":\"https:\/\/gorilla.md\/produs\/asus-vivobook-15-m1502qa-bq016-156-ryzen-7-5800h-8gb-512gb-no-os-blue-new\/\",\"url\":\"https:\/\/gorilla.md\/produs\/asus-vivobook-15-m1502qa-bq016-156-ryzen-7-5800h-8gb-512gb-no-os-blue-new\/\",\"name\":\"ASUS Vivobook 15 M1502QA-BQ016 15,6\\\" (Ryzen 7 5800H \/ 8GB \/ 512GB) No Os, Blue NEW - Gorilla ELECTRONICS\",\"isPartOf\":{\"@id\":\"https:\/\/gorilla.md\/#website\"},\"primaryImageOfPage\":{\"@id\":\"https:\/\/gorilla.md\/produs\/asus-vivobook-15-m1502qa-bq016-156-ryzen-7-5800h-8gb-512gb-no-os-blue-new\/#primaryimage\"},\"image\":{\"@id\":\"https:\/\/gorilla.md\/produs\/asus-vivobook-15-m1502qa-bq016-156-ryzen-7-5800h-8gb-512gb-no-os-blue-new\/#primaryimage\"},\"thumbnailUrl\":\"https:\/\/gorilla.md\/wp-content\/uploads\/2023\/10\/w800.png\",\"datePublished\":\"2023-10-09T13:55:11+00:00\",\"dateModified\":\"2026-04-03T14:41:15+00:00\",\"description\":\"\u041a\u0443\u043f\u0438\u0442\u0435 ASUS Vivobook 15 M1502QA-BQ016 15,6\\\" (Ryzen 7 5800H \/ 8GB \/ 512GB) No Os, Blue NEW \u043f\u043e \u043d\u0438\u0437\u043a\u043e\u0439 \u0446\u0435\u043d\u0435 \u043d\u0430 Gorilla ELECTRONICS \u0432 \u041c\u043e\u043b\u0434\u043e\u0432\u0435! \u0411\u044b\u0441\u0442\u0440\u0430\u044f \u0434\u043e\u0441\u0442\u0430\u0432\u043a\u0430, \u0433\u0430\u0440\u0430\u043d\u0442\u0438\u044f. \u0412\u044b\u0433\u043e\u0434\u043d\u044b\u0435 \u043f\u0440\u0435\u0434\u043b\u043e\u0436\u0435\u043d\u0438\u044f!\",\"breadcrumb\":{\"@id\":\"https:\/\/gorilla.md\/produs\/asus-vivobook-15-m1502qa-bq016-156-ryzen-7-5800h-8gb-512gb-no-os-blue-new\/#breadcrumb\"},\"inLanguage\":\"ru-RU\",\"potentialAction\":[{\"@type\":\"ReadAction\",\"target\":[\"https:\/\/gorilla.md\/produs\/asus-vivobook-15-m1502qa-bq016-156-ryzen-7-5800h-8gb-512gb-no-os-blue-new\/\"]}]},{\"@type\":\"ImageObject\",\"inLanguage\":\"ru-RU\",\"@id\":\"https:\/\/gorilla.md\/produs\/asus-vivobook-15-m1502qa-bq016-156-ryzen-7-5800h-8gb-512gb-no-os-blue-new\/#primaryimage\",\"url\":\"https:\/\/gorilla.md\/wp-content\/uploads\/2023\/10\/w800.png\",\"contentUrl\":\"https:\/\/gorilla.md\/wp-content\/uploads\/2023\/10\/w800.png\",\"width\":800,\"height\":800},{\"@type\":\"BreadcrumbList\",\"@id\":\"https:\/\/gorilla.md\/produs\/asus-vivobook-15-m1502qa-bq016-156-ryzen-7-5800h-8gb-512gb-no-os-blue-new\/#breadcrumb\",\"itemListElement\":[{\"@type\":\"ListItem\",\"position\":1,\"name\":\"Magazin\",\"item\":\"https:\/\/gorilla.md\/magazin\/\"},{\"@type\":\"ListItem\",\"position\":2,\"name\":\"ASUS Vivobook 15 M1502QA-BQ016 15,6&#8243; (Ryzen 7 5800H \/ 8GB \/ 512GB) No Os, Blue NEW\"}]},{\"@type\":\"WebSite\",\"@id\":\"https:\/\/gorilla.md\/#website\",\"url\":\"https:\/\/gorilla.md\/\",\"name\":\"Gorilla ELECTRONICS\",\"description\":\"Online Magazin \u00een Moldova\",\"publisher\":{\"@id\":\"https:\/\/gorilla.md\/#organization\"},\"potentialAction\":[{\"@type\":\"SearchAction\",\"target\":{\"@type\":\"EntryPoint\",\"urlTemplate\":\"https:\/\/gorilla.md\/?s={search_term_string}\"},\"query-input\":{\"@type\":\"PropertyValueSpecification\",\"valueRequired\":true,\"valueName\":\"search_term_string\"}}],\"inLanguage\":\"ru-RU\"},{\"@type\":\"Organization\",\"@id\":\"https:\/\/gorilla.md\/#organization\",\"name\":\"Gorilla ELECTRONICS\",\"url\":\"https:\/\/gorilla.md\/\",\"logo\":{\"@type\":\"ImageObject\",\"inLanguage\":\"ru-RU\",\"@id\":\"https:\/\/gorilla.md\/#\/schema\/logo\/image\/\",\"url\":\"https:\/\/gorilla.md\/wp-content\/uploads\/2023\/08\/logo-g.png\",\"contentUrl\":\"https:\/\/gorilla.md\/wp-content\/uploads\/2023\/08\/logo-g.png\",\"width\":200,\"height\":200,\"caption\":\"Gorilla ELECTRONICS\"},\"image\":{\"@id\":\"https:\/\/gorilla.md\/#\/schema\/logo\/image\/\"},\"sameAs\":[\"https:\/\/www.facebook.com\/www.gorilla.md\"]}]}<\/script>\n<!-- \/ Yoast SEO plugin. -->","yoast_head_json":{"title":"ASUS Vivobook 15 M1502QA-BQ016 15,6\" (Ryzen 7 5800H \/ 8GB \/ 512GB) No Os, Blue NEW - Gorilla ELECTRONICS","description":"\u041a\u0443\u043f\u0438\u0442\u0435 ASUS Vivobook 15 M1502QA-BQ016 15,6\" (Ryzen 7 5800H \/ 8GB \/ 512GB) No Os, Blue NEW \u043f\u043e \u043d\u0438\u0437\u043a\u043e\u0439 \u0446\u0435\u043d\u0435 \u043d\u0430 Gorilla ELECTRONICS \u0432 \u041c\u043e\u043b\u0434\u043e\u0432\u0435! \u0411\u044b\u0441\u0442\u0440\u0430\u044f \u0434\u043e\u0441\u0442\u0430\u0432\u043a\u0430, \u0433\u0430\u0440\u0430\u043d\u0442\u0438\u044f. \u0412\u044b\u0433\u043e\u0434\u043d\u044b\u0435 \u043f\u0440\u0435\u0434\u043b\u043e\u0436\u0435\u043d\u0438\u044f!","robots":{"index":"index","follow":"follow","max-snippet":"max-snippet:-1","max-image-preview":"max-image-preview:large","max-video-preview":"max-video-preview:-1"},"canonical":"https:\/\/gorilla.md\/ru\/product\/asus-vivobook-15-m1502qa-bq016-156-ryzen-7-5800h-8gb-512gb-no-os-blue-new\/","og_locale":"ru_RU","og_type":"article","og_title":"ASUS Vivobook 15 M1502QA-BQ016 15,6\" (Ryzen 7 5800H \/ 8GB \/ 512GB) No Os, Blue NEW - Gorilla ELECTRONICS","og_description":"\u041a\u0443\u043f\u0438\u0442\u0435 ASUS Vivobook 15 M1502QA-BQ016 15,6\" (Ryzen 7 5800H \/ 8GB \/ 512GB) No Os, Blue NEW \u043f\u043e \u043d\u0438\u0437\u043a\u043e\u0439 \u0446\u0435\u043d\u0435 \u043d\u0430 Gorilla ELECTRONICS \u0432 \u041c\u043e\u043b\u0434\u043e\u0432\u0435! \u0411\u044b\u0441\u0442\u0440\u0430\u044f \u0434\u043e\u0441\u0442\u0430\u0432\u043a\u0430, \u0433\u0430\u0440\u0430\u043d\u0442\u0438\u044f. \u0412\u044b\u0433\u043e\u0434\u043d\u044b\u0435 \u043f\u0440\u0435\u0434\u043b\u043e\u0436\u0435\u043d\u0438\u044f!","og_url":"https:\/\/gorilla.md\/ru\/product\/asus-vivobook-15-m1502qa-bq016-156-ryzen-7-5800h-8gb-512gb-no-os-blue-new\/","og_site_name":"Gorilla ELECTRONICS","article_publisher":"https:\/\/www.facebook.com\/www.gorilla.md","article_modified_time":"2026-04-03T14:41:15+00:00","og_image":[{"width":800,"height":800,"url":"https:\/\/gorilla.md\/wp-content\/uploads\/2023\/10\/w800.png","type":"image\/png"}],"twitter_card":"summary_large_image","twitter_misc":{"\u041f\u0440\u0438\u043c\u0435\u0440\u043d\u043e\u0435 \u0432\u0440\u0435\u043c\u044f \u0434\u043b\u044f \u0447\u0442\u0435\u043d\u0438\u044f":"2 \u043c\u0438\u043d\u0443\u0442\u044b"},"schema":{"@context":"https:\/\/schema.org","@graph":[{"@type":"WebPage","@id":"https:\/\/gorilla.md\/produs\/asus-vivobook-15-m1502qa-bq016-156-ryzen-7-5800h-8gb-512gb-no-os-blue-new\/","url":"https:\/\/gorilla.md\/produs\/asus-vivobook-15-m1502qa-bq016-156-ryzen-7-5800h-8gb-512gb-no-os-blue-new\/","name":"ASUS Vivobook 15 M1502QA-BQ016 15,6\" (Ryzen 7 5800H \/ 8GB \/ 512GB) No Os, Blue NEW - Gorilla ELECTRONICS","isPartOf":{"@id":"https:\/\/gorilla.md\/#website"},"primaryImageOfPage":{"@id":"https:\/\/gorilla.md\/produs\/asus-vivobook-15-m1502qa-bq016-156-ryzen-7-5800h-8gb-512gb-no-os-blue-new\/#primaryimage"},"image":{"@id":"https:\/\/gorilla.md\/produs\/asus-vivobook-15-m1502qa-bq016-156-ryzen-7-5800h-8gb-512gb-no-os-blue-new\/#primaryimage"},"thumbnailUrl":"https:\/\/gorilla.md\/wp-content\/uploads\/2023\/10\/w800.png","datePublished":"2023-10-09T13:55:11+00:00","dateModified":"2026-04-03T14:41:15+00:00","description":"\u041a\u0443\u043f\u0438\u0442\u0435 ASUS Vivobook 15 M1502QA-BQ016 15,6\" (Ryzen 7 5800H \/ 8GB \/ 512GB) No Os, Blue NEW \u043f\u043e \u043d\u0438\u0437\u043a\u043e\u0439 \u0446\u0435\u043d\u0435 \u043d\u0430 Gorilla ELECTRONICS \u0432 \u041c\u043e\u043b\u0434\u043e\u0432\u0435! \u0411\u044b\u0441\u0442\u0440\u0430\u044f \u0434\u043e\u0441\u0442\u0430\u0432\u043a\u0430, \u0433\u0430\u0440\u0430\u043d\u0442\u0438\u044f. \u0412\u044b\u0433\u043e\u0434\u043d\u044b\u0435 \u043f\u0440\u0435\u0434\u043b\u043e\u0436\u0435\u043d\u0438\u044f!","breadcrumb":{"@id":"https:\/\/gorilla.md\/produs\/asus-vivobook-15-m1502qa-bq016-156-ryzen-7-5800h-8gb-512gb-no-os-blue-new\/#breadcrumb"},"inLanguage":"ru-RU","potentialAction":[{"@type":"ReadAction","target":["https:\/\/gorilla.md\/produs\/asus-vivobook-15-m1502qa-bq016-156-ryzen-7-5800h-8gb-512gb-no-os-blue-new\/"]}]},{"@type":"ImageObject","inLanguage":"ru-RU","@id":"https:\/\/gorilla.md\/produs\/asus-vivobook-15-m1502qa-bq016-156-ryzen-7-5800h-8gb-512gb-no-os-blue-new\/#primaryimage","url":"https:\/\/gorilla.md\/wp-content\/uploads\/2023\/10\/w800.png","contentUrl":"https:\/\/gorilla.md\/wp-content\/uploads\/2023\/10\/w800.png","width":800,"height":800},{"@type":"BreadcrumbList","@id":"https:\/\/gorilla.md\/produs\/asus-vivobook-15-m1502qa-bq016-156-ryzen-7-5800h-8gb-512gb-no-os-blue-new\/#breadcrumb","itemListElement":[{"@type":"ListItem","position":1,"name":"Magazin","item":"https:\/\/gorilla.md\/magazin\/"},{"@type":"ListItem","position":2,"name":"ASUS Vivobook 15 M1502QA-BQ016 15,6&#8243; (Ryzen 7 5800H \/ 8GB \/ 512GB) No Os, Blue NEW"}]},{"@type":"WebSite","@id":"https:\/\/gorilla.md\/#website","url":"https:\/\/gorilla.md\/","name":"Gorilla ELECTRONICS","description":"Online Magazin \u00een Moldova","publisher":{"@id":"https:\/\/gorilla.md\/#organization"},"potentialAction":[{"@type":"SearchAction","target":{"@type":"EntryPoint","urlTemplate":"https:\/\/gorilla.md\/?s={search_term_string}"},"query-input":{"@type":"PropertyValueSpecification","valueRequired":true,"valueName":"search_term_string"}}],"inLanguage":"ru-RU"},{"@type":"Organization","@id":"https:\/\/gorilla.md\/#organization","name":"Gorilla ELECTRONICS","url":"https:\/\/gorilla.md\/","logo":{"@type":"ImageObject","inLanguage":"ru-RU","@id":"https:\/\/gorilla.md\/#\/schema\/logo\/image\/","url":"https:\/\/gorilla.md\/wp-content\/uploads\/2023\/08\/logo-g.png","contentUrl":"https:\/\/gorilla.md\/wp-content\/uploads\/2023\/08\/logo-g.png","width":200,"height":200,"caption":"Gorilla ELECTRONICS"},"image":{"@id":"https:\/\/gorilla.md\/#\/schema\/logo\/image\/"},"sameAs":["https:\/\/www.facebook.com\/www.gorilla.md"]}]}},"_links":{"self":[{"href":"https:\/\/gorilla.md\/ru\/wp-json\/wp\/v2\/product\/52773","targetHints":{"allow":["GET"]}}],"collection":[{"href":"https:\/\/gorilla.md\/ru\/wp-json\/wp\/v2\/product"}],"about":[{"href":"https:\/\/gorilla.md\/ru\/wp-json\/wp\/v2\/types\/product"}],"replies":[{"embeddable":true,"href":"https:\/\/gorilla.md\/ru\/wp-json\/wp\/v2\/comments?post=52773"}],"wp:featuredmedia":[{"embeddable":true,"href":"https:\/\/gorilla.md\/ru\/wp-json\/wp\/v2\/media\/52727"}],"wp:attachment":[{"href":"https:\/\/gorilla.md\/ru\/wp-json\/wp\/v2\/media?parent=52773"}],"wp:term":[{"taxonomy":"product_cat","embeddable":true,"href":"https:\/\/gorilla.md\/ru\/wp-json\/wp\/v2\/product_cat?post=52773"},{"taxonomy":"product_tag","embeddable":true,"href":"https:\/\/gorilla.md\/ru\/wp-json\/wp\/v2\/product_tag?post=52773"}],"curies":[{"name":"wp","href":"https:\/\/api.w.org\/{rel}","templated":true}]}}