{"id":52772,"date":"2023-10-09T13:55:10","date_gmt":"2023-10-09T13:55:10","guid":{"rendered":"https:\/\/gorilla.md\/?post_type=product&#038;p=52772"},"modified":"2026-05-15T14:42:17","modified_gmt":"2026-05-15T14:42:17","slug":"acer-aspire-7-a715-76g-50fe-156-i5-12450h-16gb-512gb-rtx-2050-4gb-no-os","status":"publish","type":"product","link":"https:\/\/gorilla.md\/ru\/product\/acer-aspire-7-a715-76g-50fe-156-i5-12450h-16gb-512gb-rtx-2050-4gb-no-os\/","title":{"rendered":"ACER Aspire 7 A715-76G-50FE 15,6\u2033 (i5-12450H \/ 16GB \/ 512GB, RTX 2050 4GB), No OS"},"content":{"rendered":"<p>O\u00a0combina\u021bie excelent\u0103 de\u00a0tehnologie \u0219i\u00a0design, laptopul Acer Aspire 7\u00a0NH.QN4EX.003 este alegerea ideal\u0103 pentru cei care caut\u0103 un\u00a0dispozitiv de\u00a0\u00eencredere, cu\u00a0performan\u021b\u0103 ridicat\u0103 \u0219i\u00a0u\u0219urin\u021b\u0103 \u00een\u00a0utilizare. Aceast\u0103 gam\u0103 de\u00a0la\u00a0Acer este o\u00a0combina\u021bie excelent\u0103 de\u00a0tehnologie avansat\u0103 \u0219i\u00a0design elegant.<\/p>\n<p>Gestiona\u021bi mai multe sarcini simultan Unul dintre principalele avantaje ale Acer Aspire\u00a07 A715-76G-50FE fa\u021b\u0103 de\u00a0concuren\u021bii s\u0103i este puterea \u0219i\u00a0viteza. Este echipat cu\u00a0un\u00a0procesor Intel Core i5-12450H cu\u00a0opt nuclee, care \u00eei\u00a0permite s\u0103\u00a0fac\u0103 fa\u021b\u0103 cu\u00a0u\u0219urin\u021b\u0103 celor mai solicitante sarcini. Cu\u00a016\u00a0GB de\u00a0RAM, pute\u021bi rula cu\u00a0u\u0219urin\u021b\u0103 mai multe aplica\u021bii simultan, f\u0103r\u0103 a\u00a0pierde performan\u021ba.<\/p>\n<p>Grafic\u0103 de\u00a0\u00eenalt\u0103 calitate \u0219i\u00a0performan\u021b\u0103 neted\u0103 Echipat cu\u00a0chipset-ul grafic NVIDIA GeForce RTX 2050\u00a0\u0219i 4\u00a0GB de\u00a0memorie video, Acer Aspire 7\u00a0v\u0103 permite s\u0103\u00a0v\u0103\u00a0bucura\u021bi de\u00a0grafic\u0103 de\u00a0\u00eenalt\u0103 calitate \u0219i\u00a0performan\u021b\u0103 neted\u0103 \u00een\u00a0jocuri \u0219i\u00a0alte aplica\u021bii grafice. V\u0103\u00a0pute\u021bi bucura de\u00a0imagini stabile \u0219i\u00a0realiste pe\u00a0ecranul s\u0103u de\u00a015,6\u00a0inchi, cu\u00a0o\u00a0rezolu\u021bie de\u00a01920\u00d71080 pixeli \u0219i\u00a0o\u00a0rat\u0103 de\u00a0re\u00eemprosp\u0103tare de\u00a060Hz. Tipul de\u00a0matrice IPS ofer\u0103 o\u00a0reproducere excelent\u0103 a\u00a0culorilor \u0219i\u00a0unghiuri largi de\u00a0vizualizare, ceea ce\u00a0va\u00a0face mai pl\u0103cut\u0103 vizionarea filmelor \u0219i\u00a0lucrul cu\u00a0grafica.<\/p>\n<p>Func\u021bionalitate ridicat\u0103\u00a0Pe l\u00e2ng\u0103 performan\u021ba excelent\u0103, Acer Aspire 7\u00a0ofer\u0103 \u0219i\u00a0func\u021bionalitate ridicat\u0103. Camera WEB \u00eencorporat\u0103 v\u0103\u00a0va\u00a0permite s\u0103\u00a0comunica\u021bi u\u0219or cu\u00a0prietenii \u0219i\u00a0colegii online. Standardul Wi-Fi rapid 802.11ax v\u0103\u00a0va\u00a0oferi o\u00a0conexiune stabil\u0103 \u0219i\u00a0rapid\u0103 la\u00a0Internet. Pentru a\u00a0conecta orice periferice, ave\u021bi 3\u00a0porturi USB 3.2, 1\u00a0port USB 3.2 Type-C, un\u00a0port HDMI\u00a0\u0219i o\u00a0muf\u0103 (combo) pentru c\u0103\u0219ti\/microfon.<\/p>\n<p>Tastatura cu\u00a0iluminare din spate \u0219i\u00a0materialul carcasei Unul dintre cele mai importante aspecte ale confortului utiliz\u0103rii unui laptop este tastatura sa\u00a0ergonomic\u0103. Acer Aspire 7\u00a0are taste iluminate din spate, ceea ce\u00a0v\u0103\u00a0permite s\u0103\u00a0lucra\u021bi confortabil \u00een\u00a0condi\u021bii de\u00a0lumin\u0103 sc\u0103zut\u0103 sau pe\u00a0timp de\u00a0noapte. Laptopul Acer Aspire 7\u00a0este fiabil \u0219i\u00a0durabil. Corpul s\u0103u din plastic face ca\u00a0dispozitivul s\u0103\u00a0fie u\u0219or \u0219i\u00a0durabil.<\/p>\n<p><iframe src=\"https:\/\/www.youtube.com\/embed\/2wglanjCIG0\" width=\"330\" height=\"200\" frameborder=\"0\" allowfullscreen=\"allowfullscreen\"><span data-mce-type=\"bookmark\" style=\"display: inline-block; width: 0px; overflow: hidden; line-height: 0;\" class=\"mce_SELRES_start\"><\/span><br \/>\n<\/iframe><\/p>","protected":false},"excerpt":{"rendered":"<p>\u041a\u043e\u0434 \u0442\u043e\u0432\u0430\u0440\u0430:<\/p>\n<p>52772<\/p>","protected":false},"featured_media":52723,"comment_status":"open","ping_status":"closed","template":"","meta":[],"product_cat":[151,149],"product_tag":[],"class_list":{"0":"post-52772","1":"product","2":"type-product","3":"status-publish","4":"has-post-thumbnail","6":"product_cat-acer","7":"product_cat-notebook","8":"pa_brands-acer","10":"first","11":"instock","12":"taxable","13":"shipping-taxable","14":"purchasable","15":"product-type-simple"},"yoast_head":"<!-- This site is optimized with the Yoast SEO plugin v23.9 - https:\/\/yoast.com\/wordpress\/plugins\/seo\/ -->\n<title>ACER Aspire 7 A715-76G-50FE 15,6&quot; (i5-12450H \/ 16GB \/ 512GB, RTX 2050 4GB), No OS - Gorilla ELECTRONICS<\/title>\n<meta name=\"description\" content=\"\u041a\u0443\u043f\u0438\u0442\u0435 ACER Aspire 7 A715-76G-50FE 15,6&quot; (i5-12450H \/ 16GB \/ 512GB, RTX 2050 4GB), No OS \u043f\u043e \u043d\u0438\u0437\u043a\u043e\u0439 \u0446\u0435\u043d\u0435 \u043d\u0430 Gorilla ELECTRONICS \u0432 \u041c\u043e\u043b\u0434\u043e\u0432\u0435! \u0411\u044b\u0441\u0442\u0440\u0430\u044f \u0434\u043e\u0441\u0442\u0430\u0432\u043a\u0430, \u0433\u0430\u0440\u0430\u043d\u0442\u0438\u044f. \u0412\u044b\u0433\u043e\u0434\u043d\u044b\u0435 \u043f\u0440\u0435\u0434\u043b\u043e\u0436\u0435\u043d\u0438\u044f!\" \/>\n<meta name=\"robots\" content=\"index, follow, max-snippet:-1, max-image-preview:large, max-video-preview:-1\" \/>\n<link rel=\"canonical\" href=\"https:\/\/gorilla.md\/ru\/product\/acer-aspire-7-a715-76g-50fe-156-i5-12450h-16gb-512gb-rtx-2050-4gb-no-os\/\" \/>\n<meta property=\"og:locale\" content=\"ru_RU\" \/>\n<meta property=\"og:type\" content=\"article\" \/>\n<meta property=\"og:title\" content=\"ACER Aspire 7 A715-76G-50FE 15,6&quot; (i5-12450H \/ 16GB \/ 512GB, RTX 2050 4GB), No OS - Gorilla ELECTRONICS\" \/>\n<meta property=\"og:description\" content=\"\u041a\u0443\u043f\u0438\u0442\u0435 ACER Aspire 7 A715-76G-50FE 15,6&quot; (i5-12450H \/ 16GB \/ 512GB, RTX 2050 4GB), No OS \u043f\u043e \u043d\u0438\u0437\u043a\u043e\u0439 \u0446\u0435\u043d\u0435 \u043d\u0430 Gorilla ELECTRONICS \u0432 \u041c\u043e\u043b\u0434\u043e\u0432\u0435! \u0411\u044b\u0441\u0442\u0440\u0430\u044f \u0434\u043e\u0441\u0442\u0430\u0432\u043a\u0430, \u0433\u0430\u0440\u0430\u043d\u0442\u0438\u044f. \u0412\u044b\u0433\u043e\u0434\u043d\u044b\u0435 \u043f\u0440\u0435\u0434\u043b\u043e\u0436\u0435\u043d\u0438\u044f!\" \/>\n<meta property=\"og:url\" content=\"https:\/\/gorilla.md\/ru\/product\/acer-aspire-7-a715-76g-50fe-156-i5-12450h-16gb-512gb-rtx-2050-4gb-no-os\/\" \/>\n<meta property=\"og:site_name\" content=\"Gorilla ELECTRONICS\" \/>\n<meta property=\"article:publisher\" content=\"https:\/\/www.facebook.com\/www.gorilla.md\" \/>\n<meta property=\"article:modified_time\" content=\"2026-05-15T14:42:17+00:00\" \/>\n<meta property=\"og:image\" content=\"https:\/\/gorilla.md\/wp-content\/uploads\/2023\/10\/i-16.webp\" \/>\n\t<meta property=\"og:image:width\" content=\"1028\" \/>\n\t<meta property=\"og:image:height\" content=\"1028\" \/>\n\t<meta property=\"og:image:type\" content=\"image\/webp\" \/>\n<meta name=\"twitter:card\" content=\"summary_large_image\" \/>\n<meta name=\"twitter:label1\" content=\"\u041f\u0440\u0438\u043c\u0435\u0440\u043d\u043e\u0435 \u0432\u0440\u0435\u043c\u044f \u0434\u043b\u044f \u0447\u0442\u0435\u043d\u0438\u044f\" \/>\n\t<meta name=\"twitter:data1\" content=\"2 \u043c\u0438\u043d\u0443\u0442\u044b\" \/>\n<script type=\"application\/ld+json\" class=\"yoast-schema-graph\">{\"@context\":\"https:\/\/schema.org\",\"@graph\":[{\"@type\":\"WebPage\",\"@id\":\"https:\/\/gorilla.md\/produs\/acer-aspire-7-a715-76g-50fe-156-i5-12450h-16gb-512gb-rtx-2050-4gb-no-os\/\",\"url\":\"https:\/\/gorilla.md\/produs\/acer-aspire-7-a715-76g-50fe-156-i5-12450h-16gb-512gb-rtx-2050-4gb-no-os\/\",\"name\":\"ACER Aspire 7 A715-76G-50FE 15,6\\\" (i5-12450H \/ 16GB \/ 512GB, RTX 2050 4GB), No OS - Gorilla ELECTRONICS\",\"isPartOf\":{\"@id\":\"https:\/\/gorilla.md\/#website\"},\"primaryImageOfPage\":{\"@id\":\"https:\/\/gorilla.md\/produs\/acer-aspire-7-a715-76g-50fe-156-i5-12450h-16gb-512gb-rtx-2050-4gb-no-os\/#primaryimage\"},\"image\":{\"@id\":\"https:\/\/gorilla.md\/produs\/acer-aspire-7-a715-76g-50fe-156-i5-12450h-16gb-512gb-rtx-2050-4gb-no-os\/#primaryimage\"},\"thumbnailUrl\":\"https:\/\/gorilla.md\/wp-content\/uploads\/2023\/10\/i-16.webp\",\"datePublished\":\"2023-10-09T13:55:10+00:00\",\"dateModified\":\"2026-05-15T14:42:17+00:00\",\"description\":\"\u041a\u0443\u043f\u0438\u0442\u0435 ACER Aspire 7 A715-76G-50FE 15,6\\\" (i5-12450H \/ 16GB \/ 512GB, RTX 2050 4GB), No OS \u043f\u043e \u043d\u0438\u0437\u043a\u043e\u0439 \u0446\u0435\u043d\u0435 \u043d\u0430 Gorilla ELECTRONICS \u0432 \u041c\u043e\u043b\u0434\u043e\u0432\u0435! \u0411\u044b\u0441\u0442\u0440\u0430\u044f \u0434\u043e\u0441\u0442\u0430\u0432\u043a\u0430, \u0433\u0430\u0440\u0430\u043d\u0442\u0438\u044f. \u0412\u044b\u0433\u043e\u0434\u043d\u044b\u0435 \u043f\u0440\u0435\u0434\u043b\u043e\u0436\u0435\u043d\u0438\u044f!\",\"breadcrumb\":{\"@id\":\"https:\/\/gorilla.md\/produs\/acer-aspire-7-a715-76g-50fe-156-i5-12450h-16gb-512gb-rtx-2050-4gb-no-os\/#breadcrumb\"},\"inLanguage\":\"ru-RU\",\"potentialAction\":[{\"@type\":\"ReadAction\",\"target\":[\"https:\/\/gorilla.md\/produs\/acer-aspire-7-a715-76g-50fe-156-i5-12450h-16gb-512gb-rtx-2050-4gb-no-os\/\"]}]},{\"@type\":\"ImageObject\",\"inLanguage\":\"ru-RU\",\"@id\":\"https:\/\/gorilla.md\/produs\/acer-aspire-7-a715-76g-50fe-156-i5-12450h-16gb-512gb-rtx-2050-4gb-no-os\/#primaryimage\",\"url\":\"https:\/\/gorilla.md\/wp-content\/uploads\/2023\/10\/i-16.webp\",\"contentUrl\":\"https:\/\/gorilla.md\/wp-content\/uploads\/2023\/10\/i-16.webp\",\"width\":1028,\"height\":1028},{\"@type\":\"BreadcrumbList\",\"@id\":\"https:\/\/gorilla.md\/produs\/acer-aspire-7-a715-76g-50fe-156-i5-12450h-16gb-512gb-rtx-2050-4gb-no-os\/#breadcrumb\",\"itemListElement\":[{\"@type\":\"ListItem\",\"position\":1,\"name\":\"Magazin\",\"item\":\"https:\/\/gorilla.md\/magazin\/\"},{\"@type\":\"ListItem\",\"position\":2,\"name\":\"ACER Aspire 7 A715-76G-50FE 15,6&#8243; (i5-12450H \/ 16GB \/ 512GB, RTX 2050 4GB), No OS\"}]},{\"@type\":\"WebSite\",\"@id\":\"https:\/\/gorilla.md\/#website\",\"url\":\"https:\/\/gorilla.md\/\",\"name\":\"Gorilla ELECTRONICS\",\"description\":\"Online Magazin \u00een Moldova\",\"publisher\":{\"@id\":\"https:\/\/gorilla.md\/#organization\"},\"potentialAction\":[{\"@type\":\"SearchAction\",\"target\":{\"@type\":\"EntryPoint\",\"urlTemplate\":\"https:\/\/gorilla.md\/?s={search_term_string}\"},\"query-input\":{\"@type\":\"PropertyValueSpecification\",\"valueRequired\":true,\"valueName\":\"search_term_string\"}}],\"inLanguage\":\"ru-RU\"},{\"@type\":\"Organization\",\"@id\":\"https:\/\/gorilla.md\/#organization\",\"name\":\"Gorilla ELECTRONICS\",\"url\":\"https:\/\/gorilla.md\/\",\"logo\":{\"@type\":\"ImageObject\",\"inLanguage\":\"ru-RU\",\"@id\":\"https:\/\/gorilla.md\/#\/schema\/logo\/image\/\",\"url\":\"https:\/\/gorilla.md\/wp-content\/uploads\/2023\/08\/logo-g.png\",\"contentUrl\":\"https:\/\/gorilla.md\/wp-content\/uploads\/2023\/08\/logo-g.png\",\"width\":200,\"height\":200,\"caption\":\"Gorilla ELECTRONICS\"},\"image\":{\"@id\":\"https:\/\/gorilla.md\/#\/schema\/logo\/image\/\"},\"sameAs\":[\"https:\/\/www.facebook.com\/www.gorilla.md\"]}]}<\/script>\n<!-- \/ Yoast SEO plugin. -->","yoast_head_json":{"title":"ACER Aspire 7 A715-76G-50FE 15,6\" (i5-12450H \/ 16GB \/ 512GB, RTX 2050 4GB), No OS - Gorilla ELECTRONICS","description":"\u041a\u0443\u043f\u0438\u0442\u0435 ACER Aspire 7 A715-76G-50FE 15,6\" (i5-12450H \/ 16GB \/ 512GB, RTX 2050 4GB), No OS \u043f\u043e \u043d\u0438\u0437\u043a\u043e\u0439 \u0446\u0435\u043d\u0435 \u043d\u0430 Gorilla ELECTRONICS \u0432 \u041c\u043e\u043b\u0434\u043e\u0432\u0435! \u0411\u044b\u0441\u0442\u0440\u0430\u044f \u0434\u043e\u0441\u0442\u0430\u0432\u043a\u0430, \u0433\u0430\u0440\u0430\u043d\u0442\u0438\u044f. \u0412\u044b\u0433\u043e\u0434\u043d\u044b\u0435 \u043f\u0440\u0435\u0434\u043b\u043e\u0436\u0435\u043d\u0438\u044f!","robots":{"index":"index","follow":"follow","max-snippet":"max-snippet:-1","max-image-preview":"max-image-preview:large","max-video-preview":"max-video-preview:-1"},"canonical":"https:\/\/gorilla.md\/ru\/product\/acer-aspire-7-a715-76g-50fe-156-i5-12450h-16gb-512gb-rtx-2050-4gb-no-os\/","og_locale":"ru_RU","og_type":"article","og_title":"ACER Aspire 7 A715-76G-50FE 15,6\" (i5-12450H \/ 16GB \/ 512GB, RTX 2050 4GB), No OS - Gorilla ELECTRONICS","og_description":"\u041a\u0443\u043f\u0438\u0442\u0435 ACER Aspire 7 A715-76G-50FE 15,6\" (i5-12450H \/ 16GB \/ 512GB, RTX 2050 4GB), No OS \u043f\u043e \u043d\u0438\u0437\u043a\u043e\u0439 \u0446\u0435\u043d\u0435 \u043d\u0430 Gorilla ELECTRONICS \u0432 \u041c\u043e\u043b\u0434\u043e\u0432\u0435! \u0411\u044b\u0441\u0442\u0440\u0430\u044f \u0434\u043e\u0441\u0442\u0430\u0432\u043a\u0430, \u0433\u0430\u0440\u0430\u043d\u0442\u0438\u044f. \u0412\u044b\u0433\u043e\u0434\u043d\u044b\u0435 \u043f\u0440\u0435\u0434\u043b\u043e\u0436\u0435\u043d\u0438\u044f!","og_url":"https:\/\/gorilla.md\/ru\/product\/acer-aspire-7-a715-76g-50fe-156-i5-12450h-16gb-512gb-rtx-2050-4gb-no-os\/","og_site_name":"Gorilla ELECTRONICS","article_publisher":"https:\/\/www.facebook.com\/www.gorilla.md","article_modified_time":"2026-05-15T14:42:17+00:00","og_image":[{"width":1028,"height":1028,"url":"https:\/\/gorilla.md\/wp-content\/uploads\/2023\/10\/i-16.webp","type":"image\/webp"}],"twitter_card":"summary_large_image","twitter_misc":{"\u041f\u0440\u0438\u043c\u0435\u0440\u043d\u043e\u0435 \u0432\u0440\u0435\u043c\u044f \u0434\u043b\u044f \u0447\u0442\u0435\u043d\u0438\u044f":"2 \u043c\u0438\u043d\u0443\u0442\u044b"},"schema":{"@context":"https:\/\/schema.org","@graph":[{"@type":"WebPage","@id":"https:\/\/gorilla.md\/produs\/acer-aspire-7-a715-76g-50fe-156-i5-12450h-16gb-512gb-rtx-2050-4gb-no-os\/","url":"https:\/\/gorilla.md\/produs\/acer-aspire-7-a715-76g-50fe-156-i5-12450h-16gb-512gb-rtx-2050-4gb-no-os\/","name":"ACER Aspire 7 A715-76G-50FE 15,6\" (i5-12450H \/ 16GB \/ 512GB, RTX 2050 4GB), No OS - Gorilla ELECTRONICS","isPartOf":{"@id":"https:\/\/gorilla.md\/#website"},"primaryImageOfPage":{"@id":"https:\/\/gorilla.md\/produs\/acer-aspire-7-a715-76g-50fe-156-i5-12450h-16gb-512gb-rtx-2050-4gb-no-os\/#primaryimage"},"image":{"@id":"https:\/\/gorilla.md\/produs\/acer-aspire-7-a715-76g-50fe-156-i5-12450h-16gb-512gb-rtx-2050-4gb-no-os\/#primaryimage"},"thumbnailUrl":"https:\/\/gorilla.md\/wp-content\/uploads\/2023\/10\/i-16.webp","datePublished":"2023-10-09T13:55:10+00:00","dateModified":"2026-05-15T14:42:17+00:00","description":"\u041a\u0443\u043f\u0438\u0442\u0435 ACER Aspire 7 A715-76G-50FE 15,6\" (i5-12450H \/ 16GB \/ 512GB, RTX 2050 4GB), No OS \u043f\u043e \u043d\u0438\u0437\u043a\u043e\u0439 \u0446\u0435\u043d\u0435 \u043d\u0430 Gorilla ELECTRONICS \u0432 \u041c\u043e\u043b\u0434\u043e\u0432\u0435! \u0411\u044b\u0441\u0442\u0440\u0430\u044f \u0434\u043e\u0441\u0442\u0430\u0432\u043a\u0430, \u0433\u0430\u0440\u0430\u043d\u0442\u0438\u044f. \u0412\u044b\u0433\u043e\u0434\u043d\u044b\u0435 \u043f\u0440\u0435\u0434\u043b\u043e\u0436\u0435\u043d\u0438\u044f!","breadcrumb":{"@id":"https:\/\/gorilla.md\/produs\/acer-aspire-7-a715-76g-50fe-156-i5-12450h-16gb-512gb-rtx-2050-4gb-no-os\/#breadcrumb"},"inLanguage":"ru-RU","potentialAction":[{"@type":"ReadAction","target":["https:\/\/gorilla.md\/produs\/acer-aspire-7-a715-76g-50fe-156-i5-12450h-16gb-512gb-rtx-2050-4gb-no-os\/"]}]},{"@type":"ImageObject","inLanguage":"ru-RU","@id":"https:\/\/gorilla.md\/produs\/acer-aspire-7-a715-76g-50fe-156-i5-12450h-16gb-512gb-rtx-2050-4gb-no-os\/#primaryimage","url":"https:\/\/gorilla.md\/wp-content\/uploads\/2023\/10\/i-16.webp","contentUrl":"https:\/\/gorilla.md\/wp-content\/uploads\/2023\/10\/i-16.webp","width":1028,"height":1028},{"@type":"BreadcrumbList","@id":"https:\/\/gorilla.md\/produs\/acer-aspire-7-a715-76g-50fe-156-i5-12450h-16gb-512gb-rtx-2050-4gb-no-os\/#breadcrumb","itemListElement":[{"@type":"ListItem","position":1,"name":"Magazin","item":"https:\/\/gorilla.md\/magazin\/"},{"@type":"ListItem","position":2,"name":"ACER Aspire 7 A715-76G-50FE 15,6&#8243; (i5-12450H \/ 16GB \/ 512GB, RTX 2050 4GB), No OS"}]},{"@type":"WebSite","@id":"https:\/\/gorilla.md\/#website","url":"https:\/\/gorilla.md\/","name":"Gorilla ELECTRONICS","description":"Online Magazin \u00een Moldova","publisher":{"@id":"https:\/\/gorilla.md\/#organization"},"potentialAction":[{"@type":"SearchAction","target":{"@type":"EntryPoint","urlTemplate":"https:\/\/gorilla.md\/?s={search_term_string}"},"query-input":{"@type":"PropertyValueSpecification","valueRequired":true,"valueName":"search_term_string"}}],"inLanguage":"ru-RU"},{"@type":"Organization","@id":"https:\/\/gorilla.md\/#organization","name":"Gorilla ELECTRONICS","url":"https:\/\/gorilla.md\/","logo":{"@type":"ImageObject","inLanguage":"ru-RU","@id":"https:\/\/gorilla.md\/#\/schema\/logo\/image\/","url":"https:\/\/gorilla.md\/wp-content\/uploads\/2023\/08\/logo-g.png","contentUrl":"https:\/\/gorilla.md\/wp-content\/uploads\/2023\/08\/logo-g.png","width":200,"height":200,"caption":"Gorilla ELECTRONICS"},"image":{"@id":"https:\/\/gorilla.md\/#\/schema\/logo\/image\/"},"sameAs":["https:\/\/www.facebook.com\/www.gorilla.md"]}]}},"_links":{"self":[{"href":"https:\/\/gorilla.md\/ru\/wp-json\/wp\/v2\/product\/52772","targetHints":{"allow":["GET"]}}],"collection":[{"href":"https:\/\/gorilla.md\/ru\/wp-json\/wp\/v2\/product"}],"about":[{"href":"https:\/\/gorilla.md\/ru\/wp-json\/wp\/v2\/types\/product"}],"replies":[{"embeddable":true,"href":"https:\/\/gorilla.md\/ru\/wp-json\/wp\/v2\/comments?post=52772"}],"wp:featuredmedia":[{"embeddable":true,"href":"https:\/\/gorilla.md\/ru\/wp-json\/wp\/v2\/media\/52723"}],"wp:attachment":[{"href":"https:\/\/gorilla.md\/ru\/wp-json\/wp\/v2\/media?parent=52772"}],"wp:term":[{"taxonomy":"product_cat","embeddable":true,"href":"https:\/\/gorilla.md\/ru\/wp-json\/wp\/v2\/product_cat?post=52772"},{"taxonomy":"product_tag","embeddable":true,"href":"https:\/\/gorilla.md\/ru\/wp-json\/wp\/v2\/product_tag?post=52772"}],"curies":[{"name":"wp","href":"https:\/\/api.w.org\/{rel}","templated":true}]}}