{"id":17530,"date":"2025-03-14T15:26:16","date_gmt":"2025-03-14T15:26:16","guid":{"rendered":"https:\/\/gorilla.md\/?post_type=product&#038;p=17530"},"modified":"2026-04-07T12:49:25","modified_gmt":"2026-04-07T12:49:25","slug":"xiaomi-pad-7-8-256gb-blue","status":"publish","type":"product","link":"https:\/\/gorilla.md\/ru\/product\/xiaomi-pad-7-8-256gb-blue\/","title":{"rendered":"Xiaomi Pad 7 8\/256GB Blue"},"content":{"rendered":"<ul>\n<li>\n<h3 class=\"catalog__characteristic__title\">\u041e\u043f\u0435\u0440\u0430\u0446\u0438\u043e\u043d\u043d\u0430\u044f \u0441\u0438\u0441\u0442\u0435\u043c\u0430:\u00a0<span class=\"catalog__characteristic__unit\">Android 15<\/span><\/h3>\n<\/li>\n<li>\n<h3 class=\"catalog__characteristic__title\">\u0422\u0438\u043f \u0434\u0438\u0441\u043f\u043b\u0435\u044f:\u00a0<span class=\"catalog__characteristic__unit\">IPS LCD<\/span><\/h3>\n<\/li>\n<li>\n<h3 class=\"catalog__characteristic__title\">\u0414\u0438\u0430\u0433\u043e\u043d\u0430\u043b\u044c \u044d\u043a\u0440\u0430\u043d\u0430:\u00a0<span class=\"catalog__characteristic__unit\">11.2 &#8222;<\/span><\/h3>\n<\/li>\n<li>\n<h3 class=\"catalog__characteristic__title\">\u041a\u043e\u043b\u0438\u0447\u0435\u0441\u0442\u0432\u043e \u044f\u0434\u0435\u0440:\u00a0<span class=\"catalog__characteristic__unit\">8<\/span><\/h3>\n<\/li>\n<li>\n<h3 class=\"catalog__characteristic__title\">\u0427\u0430\u0441\u0442\u043e\u0442\u0430 \u043e\u0431\u043d\u043e\u0432\u043b\u0435\u043d\u0438\u044f:\u00a0<span class=\"catalog__characteristic__unit\">144 \u0413\u0446<\/span><\/h3>\n<\/li>\n<li>\n<h3 class=\"catalog__characteristic__title\">\u041e\u043f\u0435\u0440\u0430\u0442\u0438\u0432\u043d\u0430\u044f \u043f\u0430\u043c\u044f\u0442\u044c:\u00a0<span class=\"catalog__characteristic__unit\">8 Gb<\/span><\/h3>\n<\/li>\n<li>\n<h3 class=\"catalog__characteristic__title\">\u0412\u0441\u0442\u0440\u043e\u0435\u043d\u043d\u0430\u044f \u043f\u0430\u043c\u044f\u0442\u044c:\u00a0<span class=\"catalog__characteristic__unit\">256 Gb<\/span><\/h3>\n<\/li>\n<li>\n<h3 class=\"catalog__characteristic__title\">\u0420\u0430\u0437\u0440\u0435\u0448\u0435\u043d\u0438\u0435 \u044d\u043a\u0440\u0430\u043d\u0430:\u00a0<span class=\"catalog__characteristic__unit\">2136 pix; 3200 pix<\/span><\/h3>\n<\/li>\n<li>\n<h3 class=\"catalog__characteristic__title\">\u0417\u0430\u0449\u0438\u0442\u0430 \u044d\u043a\u0440\u0430\u043d\u0430:\u00a0<span class=\"catalog__characteristic__unit\">Corning Gorilla Glass 3<\/span><\/h3>\n<\/li>\n<li>\n<h3 class=\"catalog__characteristic__title\">\u0421\u043b\u043e\u0442 \u0434\u043b\u044f \u043a\u0430\u0440\u0442\u044b \u043f\u0430\u043c\u044f\u0442\u0438:\u00a0<span class=\"catalog__characteristic__unit\">\u043d\u0435\u0442<\/span><\/h3>\n<\/li>\n<li>\n<h3 class=\"catalog__characteristic__title\">\u041a\u043e\u043b\u0438\u0447\u0435\u0441\u0442\u0432\u043e SIM:\u00a0<span class=\"catalog__characteristic__unit\">0<\/span><\/h3>\n<\/li>\n<li>\n<h3 class=\"catalog__characteristic__title\">Rezolu\u021bia camerei principale: 13<span class=\"catalog__characteristic__unit\">\u00a0Mp<\/span><\/h3>\n<\/li>\n<li>\n<h3 class=\"catalog__characteristic__title\">Camer\u0103 frontal\u0103: 8<span class=\"catalog__characteristic__unit\">\u00a0Mp<\/span><\/h3>\n<\/li>\n<li>\n<h3 class=\"catalog__characteristic__title\">\u00cenc\u0103rc\u0103tor: 45<span class=\"catalog__characteristic__unit\">\u00a0W<\/span><\/h3>\n<\/li>\n<li>\n<h3 class=\"catalog__characteristic__title\">\u0422\u0438\u043f \u0430\u043a\u043a\u0443\u043c\u0443\u043b\u044f\u0442\u043e\u0440\u0430:\u00a0<span class=\"catalog__characteristic__unit\">Li-ion<\/span><\/h3>\n<\/li>\n<li>\n<h3 class=\"catalog__characteristic__title\">\u0410\u043a\u043a\u0443\u043c\u0443\u043b\u044f\u0442\u043e\u0440:\u00a0<span class=\"catalog__characteristic__unit\">8850 mAh<\/span><\/h3>\n<\/li>\n<li>\n<h3 class=\"catalog__characteristic__title\">\u041c\u0430\u0442\u0435\u0440\u0438\u0430\u043b \u043a\u043e\u0440\u043f\u0443\u0441\u0430:\u00a0<span class=\"catalog__characteristic__unit\">\u0430\u043b\u043b\u044e\u043c\u0438\u043d\u0438\u0439<\/span><\/h3>\n<\/li>\n<li>\n<h3 class=\"catalog__characteristic__title\">\u041c\u0430\u0442\u0435\u0440\u0438\u0430\u043b \u0440\u0430\u043c\u044b:\u00a0<span class=\"catalog__characteristic__unit\">\u0430\u043b\u043b\u044e\u043c\u0438\u043d\u0438\u0439<\/span><\/h3>\n<\/li>\n<li>\n<h3 class=\"catalog__characteristic__title\">\u0420\u0430\u0437\u043c\u0435\u0440\u044b:\u00a0<span class=\"catalog__characteristic__unit\">173.4 mm; 51.2 mm; 6.2 mm<\/span><\/h3>\n<\/li>\n<li>\n<h3 class=\"catalog__characteristic__title\">\u0412\u0435\u0441:\u00a0<span class=\"catalog__characteristic__unit\">500 g<\/span><\/h3>\n<\/li>\n<\/ul>\n<div class=\"row\"><\/div>","protected":false},"excerpt":{"rendered":"<p>\u041a\u043e\u0434 \u0442\u043e\u0432\u0430\u0440\u0430 :<\/p>\n<p>17530<\/p>","protected":false},"featured_media":66489,"comment_status":"open","ping_status":"closed","template":"","meta":[],"product_cat":[164],"product_tag":[],"class_list":{"0":"post-17530","1":"product","2":"type-product","3":"status-publish","4":"has-post-thumbnail","6":"product_cat-tablete","7":"pa_brands-xiaomi","9":"first","10":"instock","11":"taxable","12":"shipping-taxable","13":"purchasable","14":"product-type-simple"},"yoast_head":"<!-- This site is optimized with the Yoast SEO plugin v23.9 - https:\/\/yoast.com\/wordpress\/plugins\/seo\/ -->\n<title>Xiaomi Pad 7 8\/256GB Blue - Gorilla ELECTRONICS<\/title>\n<meta name=\"description\" content=\"\u041a\u0443\u043f\u0438\u0442\u0435 Xiaomi Pad 7 8\/256GB Blue \u043f\u043e \u043d\u0438\u0437\u043a\u043e\u0439 \u0446\u0435\u043d\u0435 \u043d\u0430 Gorilla ELECTRONICS \u0432 \u041c\u043e\u043b\u0434\u043e\u0432\u0435! \u0411\u044b\u0441\u0442\u0440\u0430\u044f \u0434\u043e\u0441\u0442\u0430\u0432\u043a\u0430, \u0433\u0430\u0440\u0430\u043d\u0442\u0438\u044f. \u0412\u044b\u0433\u043e\u0434\u043d\u044b\u0435 \u043f\u0440\u0435\u0434\u043b\u043e\u0436\u0435\u043d\u0438\u044f!\" \/>\n<meta name=\"robots\" content=\"index, follow, max-snippet:-1, max-image-preview:large, max-video-preview:-1\" \/>\n<link rel=\"canonical\" href=\"https:\/\/gorilla.md\/ru\/product\/xiaomi-pad-7-8-256gb-blue\/\" \/>\n<meta property=\"og:locale\" content=\"ru_RU\" \/>\n<meta property=\"og:type\" content=\"article\" \/>\n<meta property=\"og:title\" content=\"Xiaomi Pad 7 8\/256GB Blue - Gorilla ELECTRONICS\" \/>\n<meta property=\"og:description\" content=\"\u041a\u0443\u043f\u0438\u0442\u0435 Xiaomi Pad 7 8\/256GB Blue \u043f\u043e \u043d\u0438\u0437\u043a\u043e\u0439 \u0446\u0435\u043d\u0435 \u043d\u0430 Gorilla ELECTRONICS \u0432 \u041c\u043e\u043b\u0434\u043e\u0432\u0435! \u0411\u044b\u0441\u0442\u0440\u0430\u044f \u0434\u043e\u0441\u0442\u0430\u0432\u043a\u0430, \u0433\u0430\u0440\u0430\u043d\u0442\u0438\u044f. \u0412\u044b\u0433\u043e\u0434\u043d\u044b\u0435 \u043f\u0440\u0435\u0434\u043b\u043e\u0436\u0435\u043d\u0438\u044f!\" \/>\n<meta property=\"og:url\" content=\"https:\/\/gorilla.md\/ru\/product\/xiaomi-pad-7-8-256gb-blue\/\" \/>\n<meta property=\"og:site_name\" content=\"Gorilla ELECTRONICS\" \/>\n<meta property=\"article:publisher\" content=\"https:\/\/www.facebook.com\/www.gorilla.md\" \/>\n<meta property=\"article:modified_time\" content=\"2026-04-07T12:49:25+00:00\" \/>\n<meta property=\"og:image\" content=\"https:\/\/gorilla.md\/wp-content\/uploads\/2025\/03\/7_0amb-pl.jpg\" \/>\n\t<meta property=\"og:image:width\" content=\"1294\" \/>\n\t<meta property=\"og:image:height\" content=\"1294\" \/>\n\t<meta property=\"og:image:type\" content=\"image\/jpeg\" \/>\n<meta name=\"twitter:card\" content=\"summary_large_image\" \/>\n<meta name=\"twitter:label1\" content=\"\u041f\u0440\u0438\u043c\u0435\u0440\u043d\u043e\u0435 \u0432\u0440\u0435\u043c\u044f \u0434\u043b\u044f \u0447\u0442\u0435\u043d\u0438\u044f\" \/>\n\t<meta name=\"twitter:data1\" content=\"1 \u043c\u0438\u043d\u0443\u0442\u0430\" \/>\n<script type=\"application\/ld+json\" class=\"yoast-schema-graph\">{\"@context\":\"https:\/\/schema.org\",\"@graph\":[{\"@type\":\"WebPage\",\"@id\":\"https:\/\/gorilla.md\/produs\/xiaomi-pad-7-8-256gb-blue\/\",\"url\":\"https:\/\/gorilla.md\/produs\/xiaomi-pad-7-8-256gb-blue\/\",\"name\":\"Xiaomi Pad 7 8\/256GB Blue - Gorilla ELECTRONICS\",\"isPartOf\":{\"@id\":\"https:\/\/gorilla.md\/#website\"},\"primaryImageOfPage\":{\"@id\":\"https:\/\/gorilla.md\/produs\/xiaomi-pad-7-8-256gb-blue\/#primaryimage\"},\"image\":{\"@id\":\"https:\/\/gorilla.md\/produs\/xiaomi-pad-7-8-256gb-blue\/#primaryimage\"},\"thumbnailUrl\":\"https:\/\/gorilla.md\/wp-content\/uploads\/2025\/03\/7_0amb-pl.jpg\",\"datePublished\":\"2025-03-14T15:26:16+00:00\",\"dateModified\":\"2026-04-07T12:49:25+00:00\",\"description\":\"\u041a\u0443\u043f\u0438\u0442\u0435 Xiaomi Pad 7 8\/256GB Blue \u043f\u043e \u043d\u0438\u0437\u043a\u043e\u0439 \u0446\u0435\u043d\u0435 \u043d\u0430 Gorilla ELECTRONICS \u0432 \u041c\u043e\u043b\u0434\u043e\u0432\u0435! \u0411\u044b\u0441\u0442\u0440\u0430\u044f \u0434\u043e\u0441\u0442\u0430\u0432\u043a\u0430, \u0433\u0430\u0440\u0430\u043d\u0442\u0438\u044f. \u0412\u044b\u0433\u043e\u0434\u043d\u044b\u0435 \u043f\u0440\u0435\u0434\u043b\u043e\u0436\u0435\u043d\u0438\u044f!\",\"breadcrumb\":{\"@id\":\"https:\/\/gorilla.md\/produs\/xiaomi-pad-7-8-256gb-blue\/#breadcrumb\"},\"inLanguage\":\"ru-RU\",\"potentialAction\":[{\"@type\":\"ReadAction\",\"target\":[\"https:\/\/gorilla.md\/produs\/xiaomi-pad-7-8-256gb-blue\/\"]}]},{\"@type\":\"ImageObject\",\"inLanguage\":\"ru-RU\",\"@id\":\"https:\/\/gorilla.md\/produs\/xiaomi-pad-7-8-256gb-blue\/#primaryimage\",\"url\":\"https:\/\/gorilla.md\/wp-content\/uploads\/2025\/03\/7_0amb-pl.jpg\",\"contentUrl\":\"https:\/\/gorilla.md\/wp-content\/uploads\/2025\/03\/7_0amb-pl.jpg\",\"width\":1294,\"height\":1294},{\"@type\":\"BreadcrumbList\",\"@id\":\"https:\/\/gorilla.md\/produs\/xiaomi-pad-7-8-256gb-blue\/#breadcrumb\",\"itemListElement\":[{\"@type\":\"ListItem\",\"position\":1,\"name\":\"Magazin\",\"item\":\"https:\/\/gorilla.md\/magazin\/\"},{\"@type\":\"ListItem\",\"position\":2,\"name\":\"Xiaomi Pad 7 8\/256GB Blue\"}]},{\"@type\":\"WebSite\",\"@id\":\"https:\/\/gorilla.md\/#website\",\"url\":\"https:\/\/gorilla.md\/\",\"name\":\"Gorilla ELECTRONICS\",\"description\":\"Online Magazin \u00een Moldova\",\"publisher\":{\"@id\":\"https:\/\/gorilla.md\/#organization\"},\"potentialAction\":[{\"@type\":\"SearchAction\",\"target\":{\"@type\":\"EntryPoint\",\"urlTemplate\":\"https:\/\/gorilla.md\/?s={search_term_string}\"},\"query-input\":{\"@type\":\"PropertyValueSpecification\",\"valueRequired\":true,\"valueName\":\"search_term_string\"}}],\"inLanguage\":\"ru-RU\"},{\"@type\":\"Organization\",\"@id\":\"https:\/\/gorilla.md\/#organization\",\"name\":\"Gorilla ELECTRONICS\",\"url\":\"https:\/\/gorilla.md\/\",\"logo\":{\"@type\":\"ImageObject\",\"inLanguage\":\"ru-RU\",\"@id\":\"https:\/\/gorilla.md\/#\/schema\/logo\/image\/\",\"url\":\"https:\/\/gorilla.md\/wp-content\/uploads\/2023\/08\/logo-g.png\",\"contentUrl\":\"https:\/\/gorilla.md\/wp-content\/uploads\/2023\/08\/logo-g.png\",\"width\":200,\"height\":200,\"caption\":\"Gorilla ELECTRONICS\"},\"image\":{\"@id\":\"https:\/\/gorilla.md\/#\/schema\/logo\/image\/\"},\"sameAs\":[\"https:\/\/www.facebook.com\/www.gorilla.md\"]}]}<\/script>\n<!-- \/ Yoast SEO plugin. -->","yoast_head_json":{"title":"Xiaomi Pad 7 8\/256GB Blue - Gorilla ELECTRONICS","description":"\u041a\u0443\u043f\u0438\u0442\u0435 Xiaomi Pad 7 8\/256GB Blue \u043f\u043e \u043d\u0438\u0437\u043a\u043e\u0439 \u0446\u0435\u043d\u0435 \u043d\u0430 Gorilla ELECTRONICS \u0432 \u041c\u043e\u043b\u0434\u043e\u0432\u0435! \u0411\u044b\u0441\u0442\u0440\u0430\u044f \u0434\u043e\u0441\u0442\u0430\u0432\u043a\u0430, \u0433\u0430\u0440\u0430\u043d\u0442\u0438\u044f. \u0412\u044b\u0433\u043e\u0434\u043d\u044b\u0435 \u043f\u0440\u0435\u0434\u043b\u043e\u0436\u0435\u043d\u0438\u044f!","robots":{"index":"index","follow":"follow","max-snippet":"max-snippet:-1","max-image-preview":"max-image-preview:large","max-video-preview":"max-video-preview:-1"},"canonical":"https:\/\/gorilla.md\/ru\/product\/xiaomi-pad-7-8-256gb-blue\/","og_locale":"ru_RU","og_type":"article","og_title":"Xiaomi Pad 7 8\/256GB Blue - Gorilla ELECTRONICS","og_description":"\u041a\u0443\u043f\u0438\u0442\u0435 Xiaomi Pad 7 8\/256GB Blue \u043f\u043e \u043d\u0438\u0437\u043a\u043e\u0439 \u0446\u0435\u043d\u0435 \u043d\u0430 Gorilla ELECTRONICS \u0432 \u041c\u043e\u043b\u0434\u043e\u0432\u0435! \u0411\u044b\u0441\u0442\u0440\u0430\u044f \u0434\u043e\u0441\u0442\u0430\u0432\u043a\u0430, \u0433\u0430\u0440\u0430\u043d\u0442\u0438\u044f. \u0412\u044b\u0433\u043e\u0434\u043d\u044b\u0435 \u043f\u0440\u0435\u0434\u043b\u043e\u0436\u0435\u043d\u0438\u044f!","og_url":"https:\/\/gorilla.md\/ru\/product\/xiaomi-pad-7-8-256gb-blue\/","og_site_name":"Gorilla ELECTRONICS","article_publisher":"https:\/\/www.facebook.com\/www.gorilla.md","article_modified_time":"2026-04-07T12:49:25+00:00","og_image":[{"width":1294,"height":1294,"url":"https:\/\/gorilla.md\/wp-content\/uploads\/2025\/03\/7_0amb-pl.jpg","type":"image\/jpeg"}],"twitter_card":"summary_large_image","twitter_misc":{"\u041f\u0440\u0438\u043c\u0435\u0440\u043d\u043e\u0435 \u0432\u0440\u0435\u043c\u044f \u0434\u043b\u044f \u0447\u0442\u0435\u043d\u0438\u044f":"1 \u043c\u0438\u043d\u0443\u0442\u0430"},"schema":{"@context":"https:\/\/schema.org","@graph":[{"@type":"WebPage","@id":"https:\/\/gorilla.md\/produs\/xiaomi-pad-7-8-256gb-blue\/","url":"https:\/\/gorilla.md\/produs\/xiaomi-pad-7-8-256gb-blue\/","name":"Xiaomi Pad 7 8\/256GB Blue - Gorilla ELECTRONICS","isPartOf":{"@id":"https:\/\/gorilla.md\/#website"},"primaryImageOfPage":{"@id":"https:\/\/gorilla.md\/produs\/xiaomi-pad-7-8-256gb-blue\/#primaryimage"},"image":{"@id":"https:\/\/gorilla.md\/produs\/xiaomi-pad-7-8-256gb-blue\/#primaryimage"},"thumbnailUrl":"https:\/\/gorilla.md\/wp-content\/uploads\/2025\/03\/7_0amb-pl.jpg","datePublished":"2025-03-14T15:26:16+00:00","dateModified":"2026-04-07T12:49:25+00:00","description":"\u041a\u0443\u043f\u0438\u0442\u0435 Xiaomi Pad 7 8\/256GB Blue \u043f\u043e \u043d\u0438\u0437\u043a\u043e\u0439 \u0446\u0435\u043d\u0435 \u043d\u0430 Gorilla ELECTRONICS \u0432 \u041c\u043e\u043b\u0434\u043e\u0432\u0435! \u0411\u044b\u0441\u0442\u0440\u0430\u044f \u0434\u043e\u0441\u0442\u0430\u0432\u043a\u0430, \u0433\u0430\u0440\u0430\u043d\u0442\u0438\u044f. \u0412\u044b\u0433\u043e\u0434\u043d\u044b\u0435 \u043f\u0440\u0435\u0434\u043b\u043e\u0436\u0435\u043d\u0438\u044f!","breadcrumb":{"@id":"https:\/\/gorilla.md\/produs\/xiaomi-pad-7-8-256gb-blue\/#breadcrumb"},"inLanguage":"ru-RU","potentialAction":[{"@type":"ReadAction","target":["https:\/\/gorilla.md\/produs\/xiaomi-pad-7-8-256gb-blue\/"]}]},{"@type":"ImageObject","inLanguage":"ru-RU","@id":"https:\/\/gorilla.md\/produs\/xiaomi-pad-7-8-256gb-blue\/#primaryimage","url":"https:\/\/gorilla.md\/wp-content\/uploads\/2025\/03\/7_0amb-pl.jpg","contentUrl":"https:\/\/gorilla.md\/wp-content\/uploads\/2025\/03\/7_0amb-pl.jpg","width":1294,"height":1294},{"@type":"BreadcrumbList","@id":"https:\/\/gorilla.md\/produs\/xiaomi-pad-7-8-256gb-blue\/#breadcrumb","itemListElement":[{"@type":"ListItem","position":1,"name":"Magazin","item":"https:\/\/gorilla.md\/magazin\/"},{"@type":"ListItem","position":2,"name":"Xiaomi Pad 7 8\/256GB Blue"}]},{"@type":"WebSite","@id":"https:\/\/gorilla.md\/#website","url":"https:\/\/gorilla.md\/","name":"Gorilla ELECTRONICS","description":"Online Magazin \u00een Moldova","publisher":{"@id":"https:\/\/gorilla.md\/#organization"},"potentialAction":[{"@type":"SearchAction","target":{"@type":"EntryPoint","urlTemplate":"https:\/\/gorilla.md\/?s={search_term_string}"},"query-input":{"@type":"PropertyValueSpecification","valueRequired":true,"valueName":"search_term_string"}}],"inLanguage":"ru-RU"},{"@type":"Organization","@id":"https:\/\/gorilla.md\/#organization","name":"Gorilla ELECTRONICS","url":"https:\/\/gorilla.md\/","logo":{"@type":"ImageObject","inLanguage":"ru-RU","@id":"https:\/\/gorilla.md\/#\/schema\/logo\/image\/","url":"https:\/\/gorilla.md\/wp-content\/uploads\/2023\/08\/logo-g.png","contentUrl":"https:\/\/gorilla.md\/wp-content\/uploads\/2023\/08\/logo-g.png","width":200,"height":200,"caption":"Gorilla ELECTRONICS"},"image":{"@id":"https:\/\/gorilla.md\/#\/schema\/logo\/image\/"},"sameAs":["https:\/\/www.facebook.com\/www.gorilla.md"]}]}},"_links":{"self":[{"href":"https:\/\/gorilla.md\/ru\/wp-json\/wp\/v2\/product\/17530","targetHints":{"allow":["GET"]}}],"collection":[{"href":"https:\/\/gorilla.md\/ru\/wp-json\/wp\/v2\/product"}],"about":[{"href":"https:\/\/gorilla.md\/ru\/wp-json\/wp\/v2\/types\/product"}],"replies":[{"embeddable":true,"href":"https:\/\/gorilla.md\/ru\/wp-json\/wp\/v2\/comments?post=17530"}],"wp:featuredmedia":[{"embeddable":true,"href":"https:\/\/gorilla.md\/ru\/wp-json\/wp\/v2\/media\/66489"}],"wp:attachment":[{"href":"https:\/\/gorilla.md\/ru\/wp-json\/wp\/v2\/media?parent=17530"}],"wp:term":[{"taxonomy":"product_cat","embeddable":true,"href":"https:\/\/gorilla.md\/ru\/wp-json\/wp\/v2\/product_cat?post=17530"},{"taxonomy":"product_tag","embeddable":true,"href":"https:\/\/gorilla.md\/ru\/wp-json\/wp\/v2\/product_tag?post=17530"}],"curies":[{"name":"wp","href":"https:\/\/api.w.org\/{rel}","templated":true}]}}