{"id":15651,"date":"2023-11-01T14:20:01","date_gmt":"2023-11-01T14:20:01","guid":{"rendered":"https:\/\/gorilla.md\/?post_type=product&#038;p=15651"},"modified":"2026-04-08T13:58:03","modified_gmt":"2026-04-08T13:58:03","slug":"huawei-watch-gt-4-46mm-green","status":"publish","type":"product","link":"https:\/\/gorilla.md\/ru\/product\/huawei-watch-gt-4-46mm-green\/","title":{"rendered":"Huawei Watch GT 4 46mm Green"},"content":{"rendered":"<p>Moda nu\u00a0st\u0103 niciodat\u0103 pe\u00a0loc, iar acest lucru este valabil \u0219i\u00a0pentru tehnologie. Urm\u0103ri\u021bi realiz\u0103rile \u0219i\u00a0descoperirile noi cu\u00a0dispozitivele portabile de\u00a0la\u00a0HUAWEI, care sunt \u00eenaintea tendin\u021belor.<\/p>\n<p>Cu\u00a0designul s\u0103u octogonal iconic \u0219i\u00a0propor\u021biile echilibrate \u0219i\u00a0marginile netede, ceasul este un\u00a0exemplu str\u0103lucitor de\u00a0ceasornicarie clasic\u0103. Montajul inovator \u0219i\u00a0ramele sub\u021biri le\u00a0ofer\u0103 un\u00a0joc fascinant de\u00a0lumin\u0103, f\u0103c\u00e2ndu-le s\u0103\u00a0par\u0103 mai aerisite.<\/p>\n<p>Combina\u021bia dintre ergonomie \u0219i\u00a0stil \u00eenseamn\u0103 un\u00a0corp u\u0219or \u0219i\u00a0cu\u00a013% mai mult\u0103 suprafa\u021b\u0103 utilizabil\u0103 a\u00a0ecranului, \u00eenconjurat\u0103 de\u00a0rame \u00eenguste, oferind echilibrul perfect \u00eentre estetic\u0103 \u0219i\u00a0func\u021bionalitate.<\/p>\n<p>Prin noua aplica\u021bie Stay Fit, alimentat\u0103 de\u00a0tehnologia HUAWEI TruSeen 5.5+, v\u0103\u00a0pute\u021bi urm\u0103ri cu\u00a0u\u0219urin\u021b\u0103 aportul de\u00a0calorii \u00een\u00a0timp real. Aplica\u021bia ofer\u0103 diverse date, inclusiv aportul de\u00a0calorii, consumul de\u00a0calorii \u00een\u00a0timpul exerci\u021biilor \u0219i\u00a0deficitul de\u00a0calorii.<\/p>\n<p>Tehnologia de\u00a0monitorizare a\u00a0ritmului cardiac HUAWEI TruSeen 5.5+ m\u0103soar\u0103 cu\u00a0precizie ritmul cardiac \u0219i\u00a0ofer\u0103 notific\u0103ri atunci c\u00e2nd ritmul cardiac se\u00a0abate de\u00a0la\u00a0normal, chiar \u0219i\u00a0la\u00a0temperaturi ambientale sc\u0103zute.<\/p>\n<p>Cu\u00a0func\u021bia de\u00a0analiz\u0103 a\u00a0undelor de\u00a0puls \u0219i\u00a0a\u00a0aritmiei, v\u0103\u00a0pute\u021bi monitoriza s\u0103n\u0103tatea cardiovascular\u0103 \u0219i\u00a0pute\u021bi primi notific\u0103ri despre posibile aritmii.<\/p>\n<p>Primi\u021bi informa\u021bii despre datele de\u00a0\u00eencepere a\u00a0ciclului, ovula\u021bia \u0219i\u00a0ferestrele fertile \u00eentr-un format convenabil. Datele sunt calculate pe\u00a0baza datelor fiziologice \u0219i\u00a0a\u00a0algoritmilor de\u00a0\u00eenv\u0103\u021bare automat\u0103 profund\u0103.<\/p>\n<p>C\u00e2nd vine vorba de\u00a0comunicare, pute\u021bi vizualiza mesajele SMS pe\u00a0ceasul inteligent \u0219i\u00a0pute\u021bi alege dintre r\u0103spunsuri text gata f\u0103cute sau op\u021biuni emoji, oferind o\u00a0comunicare convenabil\u0103 chiar de\u00a0la\u00a0\u00eencheietura m\u00e2inii.<\/p>\n<p>HUAWEI WATCH GT\u00a04 46\u00a0mm poate rezista 14\u00a0zile cu\u00a0o\u00a0\u00eenc\u0103rcare complet\u0103 a\u00a0bateriei, \u00een\u00a0timp ce\u00a0HUAWEI WATCH GT\u00a04 41\u00a0mm poate dura 7\u00a0zile. Sunt compatibile at\u00e2t cu\u00a0dispozitivele Android, c\u00e2t \u0219i\u00a0cu\u00a0iOS, f\u0103c\u00e2nd utilizarea lor c\u00e2t mai convenabil\u0103 \u0219i\u00a0accesibil\u0103 pentru toat\u0103 lumea.<\/p>\n<p>Circumferin\u021ba \u00eencheieturii m\u00e2inii \u00een HUAWEI WATCH GT 4 46 mm -140\u2013210 mm<\/p>\n<p>&nbsp;<\/p>\n<p>Circumferin\u021ba \u00eencheieturii m\u00e2inii \u00een HUAWEI WATCH GT 4 41 mm-120\u2013190 mm<\/p>","protected":false},"excerpt":{"rendered":"<p>\u041a\u043e\u0434 \u0442\u043e\u0432\u0430\u0440\u0430:<\/p>\n<p>15651<\/p>","protected":false},"featured_media":53403,"comment_status":"open","ping_status":"closed","template":"","meta":[],"product_cat":[171],"product_tag":[],"class_list":{"0":"post-15651","1":"product","2":"type-product","3":"status-publish","4":"has-post-thumbnail","6":"product_cat-smart-watch","8":"first","9":"instock","10":"taxable","11":"shipping-taxable","12":"purchasable","13":"product-type-simple"},"yoast_head":"<!-- This site is optimized with the Yoast SEO plugin v23.9 - https:\/\/yoast.com\/wordpress\/plugins\/seo\/ -->\n<title>Huawei Watch GT 4 46mm Green - Gorilla ELECTRONICS<\/title>\n<meta name=\"description\" content=\"\u041a\u0443\u043f\u0438\u0442\u0435 Huawei Watch GT 4 46mm Green \u043f\u043e \u043d\u0438\u0437\u043a\u043e\u0439 \u0446\u0435\u043d\u0435 \u043d\u0430 Gorilla ELECTRONICS \u0432 \u041c\u043e\u043b\u0434\u043e\u0432\u0435! \u0411\u044b\u0441\u0442\u0440\u0430\u044f \u0434\u043e\u0441\u0442\u0430\u0432\u043a\u0430, \u0433\u0430\u0440\u0430\u043d\u0442\u0438\u044f. \u0412\u044b\u0433\u043e\u0434\u043d\u044b\u0435 \u043f\u0440\u0435\u0434\u043b\u043e\u0436\u0435\u043d\u0438\u044f!\" \/>\n<meta name=\"robots\" content=\"index, follow, max-snippet:-1, max-image-preview:large, max-video-preview:-1\" \/>\n<link rel=\"canonical\" href=\"https:\/\/gorilla.md\/ru\/product\/huawei-watch-gt-4-46mm-green\/\" \/>\n<meta property=\"og:locale\" content=\"ru_RU\" \/>\n<meta property=\"og:type\" content=\"article\" \/>\n<meta property=\"og:title\" content=\"Huawei Watch GT 4 46mm Green - Gorilla ELECTRONICS\" \/>\n<meta property=\"og:description\" content=\"\u041a\u0443\u043f\u0438\u0442\u0435 Huawei Watch GT 4 46mm Green \u043f\u043e \u043d\u0438\u0437\u043a\u043e\u0439 \u0446\u0435\u043d\u0435 \u043d\u0430 Gorilla ELECTRONICS \u0432 \u041c\u043e\u043b\u0434\u043e\u0432\u0435! \u0411\u044b\u0441\u0442\u0440\u0430\u044f \u0434\u043e\u0441\u0442\u0430\u0432\u043a\u0430, \u0433\u0430\u0440\u0430\u043d\u0442\u0438\u044f. \u0412\u044b\u0433\u043e\u0434\u043d\u044b\u0435 \u043f\u0440\u0435\u0434\u043b\u043e\u0436\u0435\u043d\u0438\u044f!\" \/>\n<meta property=\"og:url\" content=\"https:\/\/gorilla.md\/ru\/product\/huawei-watch-gt-4-46mm-green\/\" \/>\n<meta property=\"og:site_name\" content=\"Gorilla ELECTRONICS\" \/>\n<meta property=\"article:publisher\" content=\"https:\/\/www.facebook.com\/www.gorilla.md\" \/>\n<meta property=\"article:modified_time\" content=\"2026-04-08T13:58:03+00:00\" \/>\n<meta property=\"og:image\" content=\"https:\/\/gorilla.md\/wp-content\/uploads\/2023\/11\/i-1-5.webp\" \/>\n\t<meta property=\"og:image:width\" content=\"700\" \/>\n\t<meta property=\"og:image:height\" content=\"700\" \/>\n\t<meta property=\"og:image:type\" content=\"image\/webp\" \/>\n<meta name=\"twitter:card\" content=\"summary_large_image\" \/>\n<meta name=\"twitter:label1\" content=\"\u041f\u0440\u0438\u043c\u0435\u0440\u043d\u043e\u0435 \u0432\u0440\u0435\u043c\u044f \u0434\u043b\u044f \u0447\u0442\u0435\u043d\u0438\u044f\" \/>\n\t<meta name=\"twitter:data1\" content=\"2 \u043c\u0438\u043d\u0443\u0442\u044b\" \/>\n<script type=\"application\/ld+json\" class=\"yoast-schema-graph\">{\"@context\":\"https:\/\/schema.org\",\"@graph\":[{\"@type\":\"WebPage\",\"@id\":\"https:\/\/gorilla.md\/produs\/huawei-watch-gt-4-46mm-green\/\",\"url\":\"https:\/\/gorilla.md\/produs\/huawei-watch-gt-4-46mm-green\/\",\"name\":\"Huawei Watch GT 4 46mm Green - Gorilla ELECTRONICS\",\"isPartOf\":{\"@id\":\"https:\/\/gorilla.md\/#website\"},\"primaryImageOfPage\":{\"@id\":\"https:\/\/gorilla.md\/produs\/huawei-watch-gt-4-46mm-green\/#primaryimage\"},\"image\":{\"@id\":\"https:\/\/gorilla.md\/produs\/huawei-watch-gt-4-46mm-green\/#primaryimage\"},\"thumbnailUrl\":\"https:\/\/gorilla.md\/wp-content\/uploads\/2023\/11\/i-1-5.webp\",\"datePublished\":\"2023-11-01T14:20:01+00:00\",\"dateModified\":\"2026-04-08T13:58:03+00:00\",\"description\":\"\u041a\u0443\u043f\u0438\u0442\u0435 Huawei Watch GT 4 46mm Green \u043f\u043e \u043d\u0438\u0437\u043a\u043e\u0439 \u0446\u0435\u043d\u0435 \u043d\u0430 Gorilla ELECTRONICS \u0432 \u041c\u043e\u043b\u0434\u043e\u0432\u0435! \u0411\u044b\u0441\u0442\u0440\u0430\u044f \u0434\u043e\u0441\u0442\u0430\u0432\u043a\u0430, \u0433\u0430\u0440\u0430\u043d\u0442\u0438\u044f. \u0412\u044b\u0433\u043e\u0434\u043d\u044b\u0435 \u043f\u0440\u0435\u0434\u043b\u043e\u0436\u0435\u043d\u0438\u044f!\",\"breadcrumb\":{\"@id\":\"https:\/\/gorilla.md\/produs\/huawei-watch-gt-4-46mm-green\/#breadcrumb\"},\"inLanguage\":\"ru-RU\",\"potentialAction\":[{\"@type\":\"ReadAction\",\"target\":[\"https:\/\/gorilla.md\/produs\/huawei-watch-gt-4-46mm-green\/\"]}]},{\"@type\":\"ImageObject\",\"inLanguage\":\"ru-RU\",\"@id\":\"https:\/\/gorilla.md\/produs\/huawei-watch-gt-4-46mm-green\/#primaryimage\",\"url\":\"https:\/\/gorilla.md\/wp-content\/uploads\/2023\/11\/i-1-5.webp\",\"contentUrl\":\"https:\/\/gorilla.md\/wp-content\/uploads\/2023\/11\/i-1-5.webp\",\"width\":700,\"height\":700},{\"@type\":\"BreadcrumbList\",\"@id\":\"https:\/\/gorilla.md\/produs\/huawei-watch-gt-4-46mm-green\/#breadcrumb\",\"itemListElement\":[{\"@type\":\"ListItem\",\"position\":1,\"name\":\"Magazin\",\"item\":\"https:\/\/gorilla.md\/magazin\/\"},{\"@type\":\"ListItem\",\"position\":2,\"name\":\"Huawei Watch GT 4 46mm Green\"}]},{\"@type\":\"WebSite\",\"@id\":\"https:\/\/gorilla.md\/#website\",\"url\":\"https:\/\/gorilla.md\/\",\"name\":\"Gorilla ELECTRONICS\",\"description\":\"Online Magazin \u00een Moldova\",\"publisher\":{\"@id\":\"https:\/\/gorilla.md\/#organization\"},\"potentialAction\":[{\"@type\":\"SearchAction\",\"target\":{\"@type\":\"EntryPoint\",\"urlTemplate\":\"https:\/\/gorilla.md\/?s={search_term_string}\"},\"query-input\":{\"@type\":\"PropertyValueSpecification\",\"valueRequired\":true,\"valueName\":\"search_term_string\"}}],\"inLanguage\":\"ru-RU\"},{\"@type\":\"Organization\",\"@id\":\"https:\/\/gorilla.md\/#organization\",\"name\":\"Gorilla ELECTRONICS\",\"url\":\"https:\/\/gorilla.md\/\",\"logo\":{\"@type\":\"ImageObject\",\"inLanguage\":\"ru-RU\",\"@id\":\"https:\/\/gorilla.md\/#\/schema\/logo\/image\/\",\"url\":\"https:\/\/gorilla.md\/wp-content\/uploads\/2023\/08\/logo-g.png\",\"contentUrl\":\"https:\/\/gorilla.md\/wp-content\/uploads\/2023\/08\/logo-g.png\",\"width\":200,\"height\":200,\"caption\":\"Gorilla ELECTRONICS\"},\"image\":{\"@id\":\"https:\/\/gorilla.md\/#\/schema\/logo\/image\/\"},\"sameAs\":[\"https:\/\/www.facebook.com\/www.gorilla.md\"]}]}<\/script>\n<!-- \/ Yoast SEO plugin. -->","yoast_head_json":{"title":"Huawei Watch GT 4 46mm Green - Gorilla ELECTRONICS","description":"\u041a\u0443\u043f\u0438\u0442\u0435 Huawei Watch GT 4 46mm Green \u043f\u043e \u043d\u0438\u0437\u043a\u043e\u0439 \u0446\u0435\u043d\u0435 \u043d\u0430 Gorilla ELECTRONICS \u0432 \u041c\u043e\u043b\u0434\u043e\u0432\u0435! \u0411\u044b\u0441\u0442\u0440\u0430\u044f \u0434\u043e\u0441\u0442\u0430\u0432\u043a\u0430, \u0433\u0430\u0440\u0430\u043d\u0442\u0438\u044f. \u0412\u044b\u0433\u043e\u0434\u043d\u044b\u0435 \u043f\u0440\u0435\u0434\u043b\u043e\u0436\u0435\u043d\u0438\u044f!","robots":{"index":"index","follow":"follow","max-snippet":"max-snippet:-1","max-image-preview":"max-image-preview:large","max-video-preview":"max-video-preview:-1"},"canonical":"https:\/\/gorilla.md\/ru\/product\/huawei-watch-gt-4-46mm-green\/","og_locale":"ru_RU","og_type":"article","og_title":"Huawei Watch GT 4 46mm Green - Gorilla ELECTRONICS","og_description":"\u041a\u0443\u043f\u0438\u0442\u0435 Huawei Watch GT 4 46mm Green \u043f\u043e \u043d\u0438\u0437\u043a\u043e\u0439 \u0446\u0435\u043d\u0435 \u043d\u0430 Gorilla ELECTRONICS \u0432 \u041c\u043e\u043b\u0434\u043e\u0432\u0435! \u0411\u044b\u0441\u0442\u0440\u0430\u044f \u0434\u043e\u0441\u0442\u0430\u0432\u043a\u0430, \u0433\u0430\u0440\u0430\u043d\u0442\u0438\u044f. \u0412\u044b\u0433\u043e\u0434\u043d\u044b\u0435 \u043f\u0440\u0435\u0434\u043b\u043e\u0436\u0435\u043d\u0438\u044f!","og_url":"https:\/\/gorilla.md\/ru\/product\/huawei-watch-gt-4-46mm-green\/","og_site_name":"Gorilla ELECTRONICS","article_publisher":"https:\/\/www.facebook.com\/www.gorilla.md","article_modified_time":"2026-04-08T13:58:03+00:00","og_image":[{"width":700,"height":700,"url":"https:\/\/gorilla.md\/wp-content\/uploads\/2023\/11\/i-1-5.webp","type":"image\/webp"}],"twitter_card":"summary_large_image","twitter_misc":{"\u041f\u0440\u0438\u043c\u0435\u0440\u043d\u043e\u0435 \u0432\u0440\u0435\u043c\u044f \u0434\u043b\u044f \u0447\u0442\u0435\u043d\u0438\u044f":"2 \u043c\u0438\u043d\u0443\u0442\u044b"},"schema":{"@context":"https:\/\/schema.org","@graph":[{"@type":"WebPage","@id":"https:\/\/gorilla.md\/produs\/huawei-watch-gt-4-46mm-green\/","url":"https:\/\/gorilla.md\/produs\/huawei-watch-gt-4-46mm-green\/","name":"Huawei Watch GT 4 46mm Green - Gorilla ELECTRONICS","isPartOf":{"@id":"https:\/\/gorilla.md\/#website"},"primaryImageOfPage":{"@id":"https:\/\/gorilla.md\/produs\/huawei-watch-gt-4-46mm-green\/#primaryimage"},"image":{"@id":"https:\/\/gorilla.md\/produs\/huawei-watch-gt-4-46mm-green\/#primaryimage"},"thumbnailUrl":"https:\/\/gorilla.md\/wp-content\/uploads\/2023\/11\/i-1-5.webp","datePublished":"2023-11-01T14:20:01+00:00","dateModified":"2026-04-08T13:58:03+00:00","description":"\u041a\u0443\u043f\u0438\u0442\u0435 Huawei Watch GT 4 46mm Green \u043f\u043e \u043d\u0438\u0437\u043a\u043e\u0439 \u0446\u0435\u043d\u0435 \u043d\u0430 Gorilla ELECTRONICS \u0432 \u041c\u043e\u043b\u0434\u043e\u0432\u0435! \u0411\u044b\u0441\u0442\u0440\u0430\u044f \u0434\u043e\u0441\u0442\u0430\u0432\u043a\u0430, \u0433\u0430\u0440\u0430\u043d\u0442\u0438\u044f. \u0412\u044b\u0433\u043e\u0434\u043d\u044b\u0435 \u043f\u0440\u0435\u0434\u043b\u043e\u0436\u0435\u043d\u0438\u044f!","breadcrumb":{"@id":"https:\/\/gorilla.md\/produs\/huawei-watch-gt-4-46mm-green\/#breadcrumb"},"inLanguage":"ru-RU","potentialAction":[{"@type":"ReadAction","target":["https:\/\/gorilla.md\/produs\/huawei-watch-gt-4-46mm-green\/"]}]},{"@type":"ImageObject","inLanguage":"ru-RU","@id":"https:\/\/gorilla.md\/produs\/huawei-watch-gt-4-46mm-green\/#primaryimage","url":"https:\/\/gorilla.md\/wp-content\/uploads\/2023\/11\/i-1-5.webp","contentUrl":"https:\/\/gorilla.md\/wp-content\/uploads\/2023\/11\/i-1-5.webp","width":700,"height":700},{"@type":"BreadcrumbList","@id":"https:\/\/gorilla.md\/produs\/huawei-watch-gt-4-46mm-green\/#breadcrumb","itemListElement":[{"@type":"ListItem","position":1,"name":"Magazin","item":"https:\/\/gorilla.md\/magazin\/"},{"@type":"ListItem","position":2,"name":"Huawei Watch GT 4 46mm Green"}]},{"@type":"WebSite","@id":"https:\/\/gorilla.md\/#website","url":"https:\/\/gorilla.md\/","name":"Gorilla ELECTRONICS","description":"Online Magazin \u00een Moldova","publisher":{"@id":"https:\/\/gorilla.md\/#organization"},"potentialAction":[{"@type":"SearchAction","target":{"@type":"EntryPoint","urlTemplate":"https:\/\/gorilla.md\/?s={search_term_string}"},"query-input":{"@type":"PropertyValueSpecification","valueRequired":true,"valueName":"search_term_string"}}],"inLanguage":"ru-RU"},{"@type":"Organization","@id":"https:\/\/gorilla.md\/#organization","name":"Gorilla ELECTRONICS","url":"https:\/\/gorilla.md\/","logo":{"@type":"ImageObject","inLanguage":"ru-RU","@id":"https:\/\/gorilla.md\/#\/schema\/logo\/image\/","url":"https:\/\/gorilla.md\/wp-content\/uploads\/2023\/08\/logo-g.png","contentUrl":"https:\/\/gorilla.md\/wp-content\/uploads\/2023\/08\/logo-g.png","width":200,"height":200,"caption":"Gorilla ELECTRONICS"},"image":{"@id":"https:\/\/gorilla.md\/#\/schema\/logo\/image\/"},"sameAs":["https:\/\/www.facebook.com\/www.gorilla.md"]}]}},"_links":{"self":[{"href":"https:\/\/gorilla.md\/ru\/wp-json\/wp\/v2\/product\/15651","targetHints":{"allow":["GET"]}}],"collection":[{"href":"https:\/\/gorilla.md\/ru\/wp-json\/wp\/v2\/product"}],"about":[{"href":"https:\/\/gorilla.md\/ru\/wp-json\/wp\/v2\/types\/product"}],"replies":[{"embeddable":true,"href":"https:\/\/gorilla.md\/ru\/wp-json\/wp\/v2\/comments?post=15651"}],"wp:featuredmedia":[{"embeddable":true,"href":"https:\/\/gorilla.md\/ru\/wp-json\/wp\/v2\/media\/53403"}],"wp:attachment":[{"href":"https:\/\/gorilla.md\/ru\/wp-json\/wp\/v2\/media?parent=15651"}],"wp:term":[{"taxonomy":"product_cat","embeddable":true,"href":"https:\/\/gorilla.md\/ru\/wp-json\/wp\/v2\/product_cat?post=15651"},{"taxonomy":"product_tag","embeddable":true,"href":"https:\/\/gorilla.md\/ru\/wp-json\/wp\/v2\/product_tag?post=15651"}],"curies":[{"name":"wp","href":"https:\/\/api.w.org\/{rel}","templated":true}]}}