{"id":15628,"date":"2023-10-17T13:23:30","date_gmt":"2023-10-17T13:23:30","guid":{"rendered":"https:\/\/gorilla.md\/?post_type=product&#038;p=15628"},"modified":"2026-04-07T08:12:36","modified_gmt":"2026-04-07T08:12:36","slug":"apple-mac-mini-mmfk3ro-a-apple-m2-8gb-ssd-512gb-10-core-gpu-macos-ventura","status":"publish","type":"product","link":"https:\/\/gorilla.md\/ru\/product\/apple-mac-mini-mmfk3ro-a-apple-m2-8gb-ssd-512gb-10-core-gpu-macos-ventura\/","title":{"rendered":"APPLE Mac mini mmfk3ro\/a, Apple M2, 8GB, SSD 512GB, 10-core GPU, macOS Ventura"},"content":{"rendered":"<p>Noul Mac mini, echipat cu\u00a0procesoare M2\u00a0\u0219i M2\u00a0Pro care ofer\u0103 performan\u021be \u0219i\u00a0func\u021bionalit\u0103\u021bi remarcabile, este acum disponibil \u00een\u00a0magazinul online Cactus.md. Aceste procesoare puternice v\u0103\u00a0permit s\u0103\u00a0face\u021bi mai mult, mai rapid, indiferent de\u00a0sarcina la\u00a0\u00eendem\u00e2n\u0103. De\u00a0la\u00a0crearea de\u00a0prezent\u0103ri complexe p\u00e2n\u0103 la\u00a0cufundarea \u00een\u00a0jocuri captivante, Mac mini cu\u00a0M2\u00a0\u0219i M2\u00a0Pro se\u00a0poate descurca f\u0103r\u0103 efort.<\/p>\n<p>Avantajele M2\u00a0\u0219i M2\u00a0Pro:<\/p>\n<p>M2\u00a0\u2014 Vitez\u0103 f\u0103r\u0103 efort: procesorul M2\u00a0cu 8\u00a0nuclee ofer\u0103 performan\u021be cu\u00a0p\u00e2n\u0103 la\u00a018% mai rapide, permi\u021b\u00e2ndu-v\u0103 s\u0103\u00a0aborda\u021bi sarcinile de\u00a0zi\u00a0cu\u00a0zi\u00a0cu\u00a0u\u0219urin\u021b\u0103 \u0219i\u00a0f\u0103r\u0103 \u00eent\u00e2rziere.<\/p>\n<p>M2\u00a0Pro\u00a0\u2014 putere pentru sarcini solicitante. GPU-ul cu\u00a010\u00a0nuclee al\u00a0lui M2\u00a0Pro ofer\u0103 o\u00a0performan\u021b\u0103 cu\u00a0p\u00e2n\u0103 la\u00a035% mai rapid\u0103, f\u0103c\u00e2ndu-l o\u00a0alegere ideal\u0103 pentru aplica\u021bii \u0219i\u00a0jocuri cu\u00a0grafic\u0103 intensiv\u0103, inclusiv editarea imaginilor mari \u0219i\u00a0videoclipurile 8K\u00a0ProRes.<\/p>\n<p>\u00cen\u00a0plus, Mac mini vine cu\u00a0o\u00a0mul\u021bime de\u00a0porturi pentru a\u00a0se\u00a0potrivi tuturor nevoilor dvs.\u00a0de\u00a0conectivitate periferic\u0103. Dispune de\u00a0dou\u0103 porturi Thunderbolt\u00a04, un\u00a0port HDMI, dou\u0103 porturi USB-A, o\u00a0muf\u0103 pentru c\u0103\u0219ti \u0219i\u00a0op\u021biuni Gigabit sau 10\u00a0Gb Ethernet. Conecta\u021bi un\u00a0monitor, tastatur\u0103, mouse sau trackpad \u0219i\u00a0sunte\u021bi gata s\u0103\u00a0crea\u021bi, s\u0103\u00a0codifica\u021bi \u0219i\u00a0s\u0103\u00a0colabora\u021bi cu\u00a0macOS Ventura\u00a0\u2014 RO.<\/p>\n<p>Cu\u00a0Mac mini prime\u0219ti\u00a0\u0219i:<\/p>\n<p>Memorie \u0219i\u00a0vitez\u0103 maxim\u0103: P\u00e2n\u0103 la\u00a024\u00a0GB de\u00a0memorie unic\u0103 \u0219i\u00a0SSD receptiv pentru a\u00a0lansa aplica\u021bii \u0219i\u00a0a\u00a0deschide fi\u0219iere \u00eentr-o clip\u0103.<\/p>\n<p>Performan\u021b\u0103 remarcabil\u0103: Sistemul avansat de\u00a0r\u0103cire asigur\u0103 func\u021bionare \u0219i\u00a0performan\u021b\u0103 stabile.<\/p>\n<p>Design elegant \u0219i\u00a0compact: Mak mini are o\u00a0dimensiune ultra-compact\u0103 \u0219i\u00a0o\u00a0culoare argintie elegant\u0103.<\/p>","protected":false},"excerpt":{"rendered":"<p>\u041a\u043e\u0434 \u0442\u043e\u0432\u0430\u0440\u0430:<\/p>\n<p>15628<\/p>","protected":false},"featured_media":52871,"comment_status":"open","ping_status":"closed","template":"","meta":[],"product_cat":[166,163],"product_tag":[],"class_list":{"0":"post-15628","1":"product","2":"type-product","3":"status-publish","4":"has-post-thumbnail","6":"product_cat-mini-pc","7":"product_cat-pc","8":"pa_brands-apple","10":"first","11":"instock","12":"taxable","13":"shipping-taxable","14":"purchasable","15":"product-type-simple"},"yoast_head":"<!-- This site is optimized with the Yoast SEO plugin v23.9 - https:\/\/yoast.com\/wordpress\/plugins\/seo\/ -->\n<title>APPLE Mac mini mmfk3ro\/a, Apple M2, 8GB, SSD 512GB, 10-core GPU, macOS Ventura - Gorilla ELECTRONICS<\/title>\n<meta name=\"description\" content=\"\u041a\u0443\u043f\u0438\u0442\u0435 APPLE Mac mini mmfk3ro\/a, Apple M2, 8GB, SSD 512GB, 10-core GPU, macOS Ventura \u043f\u043e \u043d\u0438\u0437\u043a\u043e\u0439 \u0446\u0435\u043d\u0435 \u043d\u0430 Gorilla ELECTRONICS \u0432 \u041c\u043e\u043b\u0434\u043e\u0432\u0435! \u0411\u044b\u0441\u0442\u0440\u0430\u044f \u0434\u043e\u0441\u0442\u0430\u0432\u043a\u0430, \u0433\u0430\u0440\u0430\u043d\u0442\u0438\u044f. \u0412\u044b\u0433\u043e\u0434\u043d\u044b\u0435 \u043f\u0440\u0435\u0434\u043b\u043e\u0436\u0435\u043d\u0438\u044f!\" \/>\n<meta name=\"robots\" content=\"index, follow, max-snippet:-1, max-image-preview:large, max-video-preview:-1\" \/>\n<link rel=\"canonical\" href=\"https:\/\/gorilla.md\/ru\/product\/apple-mac-mini-mmfk3ro-a-apple-m2-8gb-ssd-512gb-10-core-gpu-macos-ventura\/\" \/>\n<meta property=\"og:locale\" content=\"ru_RU\" \/>\n<meta property=\"og:type\" content=\"article\" \/>\n<meta property=\"og:title\" content=\"APPLE Mac mini mmfk3ro\/a, Apple M2, 8GB, SSD 512GB, 10-core GPU, macOS Ventura - Gorilla ELECTRONICS\" \/>\n<meta property=\"og:description\" content=\"\u041a\u0443\u043f\u0438\u0442\u0435 APPLE Mac mini mmfk3ro\/a, Apple M2, 8GB, SSD 512GB, 10-core GPU, macOS Ventura \u043f\u043e \u043d\u0438\u0437\u043a\u043e\u0439 \u0446\u0435\u043d\u0435 \u043d\u0430 Gorilla ELECTRONICS \u0432 \u041c\u043e\u043b\u0434\u043e\u0432\u0435! \u0411\u044b\u0441\u0442\u0440\u0430\u044f \u0434\u043e\u0441\u0442\u0430\u0432\u043a\u0430, \u0433\u0430\u0440\u0430\u043d\u0442\u0438\u044f. \u0412\u044b\u0433\u043e\u0434\u043d\u044b\u0435 \u043f\u0440\u0435\u0434\u043b\u043e\u0436\u0435\u043d\u0438\u044f!\" \/>\n<meta property=\"og:url\" content=\"https:\/\/gorilla.md\/ru\/product\/apple-mac-mini-mmfk3ro-a-apple-m2-8gb-ssd-512gb-10-core-gpu-macos-ventura\/\" \/>\n<meta property=\"og:site_name\" content=\"Gorilla ELECTRONICS\" \/>\n<meta property=\"article:publisher\" content=\"https:\/\/www.facebook.com\/www.gorilla.md\" \/>\n<meta property=\"article:modified_time\" content=\"2026-04-07T08:12:36+00:00\" \/>\n<meta property=\"og:image\" content=\"https:\/\/gorilla.md\/wp-content\/uploads\/2023\/10\/i-20.webp\" \/>\n\t<meta property=\"og:image:width\" content=\"500\" \/>\n\t<meta property=\"og:image:height\" content=\"500\" \/>\n\t<meta property=\"og:image:type\" content=\"image\/webp\" \/>\n<meta name=\"twitter:card\" content=\"summary_large_image\" \/>\n<meta name=\"twitter:label1\" content=\"\u041f\u0440\u0438\u043c\u0435\u0440\u043d\u043e\u0435 \u0432\u0440\u0435\u043c\u044f \u0434\u043b\u044f \u0447\u0442\u0435\u043d\u0438\u044f\" \/>\n\t<meta name=\"twitter:data1\" content=\"2 \u043c\u0438\u043d\u0443\u0442\u044b\" \/>\n<script type=\"application\/ld+json\" class=\"yoast-schema-graph\">{\"@context\":\"https:\/\/schema.org\",\"@graph\":[{\"@type\":\"WebPage\",\"@id\":\"https:\/\/gorilla.md\/produs\/apple-mac-mini-mmfk3ro-a-apple-m2-8gb-ssd-512gb-10-core-gpu-macos-ventura\/\",\"url\":\"https:\/\/gorilla.md\/produs\/apple-mac-mini-mmfk3ro-a-apple-m2-8gb-ssd-512gb-10-core-gpu-macos-ventura\/\",\"name\":\"APPLE Mac mini mmfk3ro\/a, Apple M2, 8GB, SSD 512GB, 10-core GPU, macOS Ventura - Gorilla ELECTRONICS\",\"isPartOf\":{\"@id\":\"https:\/\/gorilla.md\/#website\"},\"primaryImageOfPage\":{\"@id\":\"https:\/\/gorilla.md\/produs\/apple-mac-mini-mmfk3ro-a-apple-m2-8gb-ssd-512gb-10-core-gpu-macos-ventura\/#primaryimage\"},\"image\":{\"@id\":\"https:\/\/gorilla.md\/produs\/apple-mac-mini-mmfk3ro-a-apple-m2-8gb-ssd-512gb-10-core-gpu-macos-ventura\/#primaryimage\"},\"thumbnailUrl\":\"https:\/\/gorilla.md\/wp-content\/uploads\/2023\/10\/i-20.webp\",\"datePublished\":\"2023-10-17T13:23:30+00:00\",\"dateModified\":\"2026-04-07T08:12:36+00:00\",\"description\":\"\u041a\u0443\u043f\u0438\u0442\u0435 APPLE Mac mini mmfk3ro\/a, Apple M2, 8GB, SSD 512GB, 10-core GPU, macOS Ventura \u043f\u043e \u043d\u0438\u0437\u043a\u043e\u0439 \u0446\u0435\u043d\u0435 \u043d\u0430 Gorilla ELECTRONICS \u0432 \u041c\u043e\u043b\u0434\u043e\u0432\u0435! \u0411\u044b\u0441\u0442\u0440\u0430\u044f \u0434\u043e\u0441\u0442\u0430\u0432\u043a\u0430, \u0433\u0430\u0440\u0430\u043d\u0442\u0438\u044f. \u0412\u044b\u0433\u043e\u0434\u043d\u044b\u0435 \u043f\u0440\u0435\u0434\u043b\u043e\u0436\u0435\u043d\u0438\u044f!\",\"breadcrumb\":{\"@id\":\"https:\/\/gorilla.md\/produs\/apple-mac-mini-mmfk3ro-a-apple-m2-8gb-ssd-512gb-10-core-gpu-macos-ventura\/#breadcrumb\"},\"inLanguage\":\"ru-RU\",\"potentialAction\":[{\"@type\":\"ReadAction\",\"target\":[\"https:\/\/gorilla.md\/produs\/apple-mac-mini-mmfk3ro-a-apple-m2-8gb-ssd-512gb-10-core-gpu-macos-ventura\/\"]}]},{\"@type\":\"ImageObject\",\"inLanguage\":\"ru-RU\",\"@id\":\"https:\/\/gorilla.md\/produs\/apple-mac-mini-mmfk3ro-a-apple-m2-8gb-ssd-512gb-10-core-gpu-macos-ventura\/#primaryimage\",\"url\":\"https:\/\/gorilla.md\/wp-content\/uploads\/2023\/10\/i-20.webp\",\"contentUrl\":\"https:\/\/gorilla.md\/wp-content\/uploads\/2023\/10\/i-20.webp\",\"width\":500,\"height\":500},{\"@type\":\"BreadcrumbList\",\"@id\":\"https:\/\/gorilla.md\/produs\/apple-mac-mini-mmfk3ro-a-apple-m2-8gb-ssd-512gb-10-core-gpu-macos-ventura\/#breadcrumb\",\"itemListElement\":[{\"@type\":\"ListItem\",\"position\":1,\"name\":\"Magazin\",\"item\":\"https:\/\/gorilla.md\/magazin\/\"},{\"@type\":\"ListItem\",\"position\":2,\"name\":\"APPLE Mac mini mmfk3ro\/a, Apple M2, 8GB, SSD 512GB, 10-core GPU, macOS Ventura\"}]},{\"@type\":\"WebSite\",\"@id\":\"https:\/\/gorilla.md\/#website\",\"url\":\"https:\/\/gorilla.md\/\",\"name\":\"Gorilla ELECTRONICS\",\"description\":\"Online Magazin \u00een Moldova\",\"publisher\":{\"@id\":\"https:\/\/gorilla.md\/#organization\"},\"potentialAction\":[{\"@type\":\"SearchAction\",\"target\":{\"@type\":\"EntryPoint\",\"urlTemplate\":\"https:\/\/gorilla.md\/?s={search_term_string}\"},\"query-input\":{\"@type\":\"PropertyValueSpecification\",\"valueRequired\":true,\"valueName\":\"search_term_string\"}}],\"inLanguage\":\"ru-RU\"},{\"@type\":\"Organization\",\"@id\":\"https:\/\/gorilla.md\/#organization\",\"name\":\"Gorilla ELECTRONICS\",\"url\":\"https:\/\/gorilla.md\/\",\"logo\":{\"@type\":\"ImageObject\",\"inLanguage\":\"ru-RU\",\"@id\":\"https:\/\/gorilla.md\/#\/schema\/logo\/image\/\",\"url\":\"https:\/\/gorilla.md\/wp-content\/uploads\/2023\/08\/logo-g.png\",\"contentUrl\":\"https:\/\/gorilla.md\/wp-content\/uploads\/2023\/08\/logo-g.png\",\"width\":200,\"height\":200,\"caption\":\"Gorilla ELECTRONICS\"},\"image\":{\"@id\":\"https:\/\/gorilla.md\/#\/schema\/logo\/image\/\"},\"sameAs\":[\"https:\/\/www.facebook.com\/www.gorilla.md\"]}]}<\/script>\n<!-- \/ Yoast SEO plugin. -->","yoast_head_json":{"title":"APPLE Mac mini mmfk3ro\/a, Apple M2, 8GB, SSD 512GB, 10-core GPU, macOS Ventura - Gorilla ELECTRONICS","description":"\u041a\u0443\u043f\u0438\u0442\u0435 APPLE Mac mini mmfk3ro\/a, Apple M2, 8GB, SSD 512GB, 10-core GPU, macOS Ventura \u043f\u043e \u043d\u0438\u0437\u043a\u043e\u0439 \u0446\u0435\u043d\u0435 \u043d\u0430 Gorilla ELECTRONICS \u0432 \u041c\u043e\u043b\u0434\u043e\u0432\u0435! \u0411\u044b\u0441\u0442\u0440\u0430\u044f \u0434\u043e\u0441\u0442\u0430\u0432\u043a\u0430, \u0433\u0430\u0440\u0430\u043d\u0442\u0438\u044f. \u0412\u044b\u0433\u043e\u0434\u043d\u044b\u0435 \u043f\u0440\u0435\u0434\u043b\u043e\u0436\u0435\u043d\u0438\u044f!","robots":{"index":"index","follow":"follow","max-snippet":"max-snippet:-1","max-image-preview":"max-image-preview:large","max-video-preview":"max-video-preview:-1"},"canonical":"https:\/\/gorilla.md\/ru\/product\/apple-mac-mini-mmfk3ro-a-apple-m2-8gb-ssd-512gb-10-core-gpu-macos-ventura\/","og_locale":"ru_RU","og_type":"article","og_title":"APPLE Mac mini mmfk3ro\/a, Apple M2, 8GB, SSD 512GB, 10-core GPU, macOS Ventura - Gorilla ELECTRONICS","og_description":"\u041a\u0443\u043f\u0438\u0442\u0435 APPLE Mac mini mmfk3ro\/a, Apple M2, 8GB, SSD 512GB, 10-core GPU, macOS Ventura \u043f\u043e \u043d\u0438\u0437\u043a\u043e\u0439 \u0446\u0435\u043d\u0435 \u043d\u0430 Gorilla ELECTRONICS \u0432 \u041c\u043e\u043b\u0434\u043e\u0432\u0435! \u0411\u044b\u0441\u0442\u0440\u0430\u044f \u0434\u043e\u0441\u0442\u0430\u0432\u043a\u0430, \u0433\u0430\u0440\u0430\u043d\u0442\u0438\u044f. \u0412\u044b\u0433\u043e\u0434\u043d\u044b\u0435 \u043f\u0440\u0435\u0434\u043b\u043e\u0436\u0435\u043d\u0438\u044f!","og_url":"https:\/\/gorilla.md\/ru\/product\/apple-mac-mini-mmfk3ro-a-apple-m2-8gb-ssd-512gb-10-core-gpu-macos-ventura\/","og_site_name":"Gorilla ELECTRONICS","article_publisher":"https:\/\/www.facebook.com\/www.gorilla.md","article_modified_time":"2026-04-07T08:12:36+00:00","og_image":[{"width":500,"height":500,"url":"https:\/\/gorilla.md\/wp-content\/uploads\/2023\/10\/i-20.webp","type":"image\/webp"}],"twitter_card":"summary_large_image","twitter_misc":{"\u041f\u0440\u0438\u043c\u0435\u0440\u043d\u043e\u0435 \u0432\u0440\u0435\u043c\u044f \u0434\u043b\u044f \u0447\u0442\u0435\u043d\u0438\u044f":"2 \u043c\u0438\u043d\u0443\u0442\u044b"},"schema":{"@context":"https:\/\/schema.org","@graph":[{"@type":"WebPage","@id":"https:\/\/gorilla.md\/produs\/apple-mac-mini-mmfk3ro-a-apple-m2-8gb-ssd-512gb-10-core-gpu-macos-ventura\/","url":"https:\/\/gorilla.md\/produs\/apple-mac-mini-mmfk3ro-a-apple-m2-8gb-ssd-512gb-10-core-gpu-macos-ventura\/","name":"APPLE Mac mini mmfk3ro\/a, Apple M2, 8GB, SSD 512GB, 10-core GPU, macOS Ventura - Gorilla ELECTRONICS","isPartOf":{"@id":"https:\/\/gorilla.md\/#website"},"primaryImageOfPage":{"@id":"https:\/\/gorilla.md\/produs\/apple-mac-mini-mmfk3ro-a-apple-m2-8gb-ssd-512gb-10-core-gpu-macos-ventura\/#primaryimage"},"image":{"@id":"https:\/\/gorilla.md\/produs\/apple-mac-mini-mmfk3ro-a-apple-m2-8gb-ssd-512gb-10-core-gpu-macos-ventura\/#primaryimage"},"thumbnailUrl":"https:\/\/gorilla.md\/wp-content\/uploads\/2023\/10\/i-20.webp","datePublished":"2023-10-17T13:23:30+00:00","dateModified":"2026-04-07T08:12:36+00:00","description":"\u041a\u0443\u043f\u0438\u0442\u0435 APPLE Mac mini mmfk3ro\/a, Apple M2, 8GB, SSD 512GB, 10-core GPU, macOS Ventura \u043f\u043e \u043d\u0438\u0437\u043a\u043e\u0439 \u0446\u0435\u043d\u0435 \u043d\u0430 Gorilla ELECTRONICS \u0432 \u041c\u043e\u043b\u0434\u043e\u0432\u0435! \u0411\u044b\u0441\u0442\u0440\u0430\u044f \u0434\u043e\u0441\u0442\u0430\u0432\u043a\u0430, \u0433\u0430\u0440\u0430\u043d\u0442\u0438\u044f. \u0412\u044b\u0433\u043e\u0434\u043d\u044b\u0435 \u043f\u0440\u0435\u0434\u043b\u043e\u0436\u0435\u043d\u0438\u044f!","breadcrumb":{"@id":"https:\/\/gorilla.md\/produs\/apple-mac-mini-mmfk3ro-a-apple-m2-8gb-ssd-512gb-10-core-gpu-macos-ventura\/#breadcrumb"},"inLanguage":"ru-RU","potentialAction":[{"@type":"ReadAction","target":["https:\/\/gorilla.md\/produs\/apple-mac-mini-mmfk3ro-a-apple-m2-8gb-ssd-512gb-10-core-gpu-macos-ventura\/"]}]},{"@type":"ImageObject","inLanguage":"ru-RU","@id":"https:\/\/gorilla.md\/produs\/apple-mac-mini-mmfk3ro-a-apple-m2-8gb-ssd-512gb-10-core-gpu-macos-ventura\/#primaryimage","url":"https:\/\/gorilla.md\/wp-content\/uploads\/2023\/10\/i-20.webp","contentUrl":"https:\/\/gorilla.md\/wp-content\/uploads\/2023\/10\/i-20.webp","width":500,"height":500},{"@type":"BreadcrumbList","@id":"https:\/\/gorilla.md\/produs\/apple-mac-mini-mmfk3ro-a-apple-m2-8gb-ssd-512gb-10-core-gpu-macos-ventura\/#breadcrumb","itemListElement":[{"@type":"ListItem","position":1,"name":"Magazin","item":"https:\/\/gorilla.md\/magazin\/"},{"@type":"ListItem","position":2,"name":"APPLE Mac mini mmfk3ro\/a, Apple M2, 8GB, SSD 512GB, 10-core GPU, macOS Ventura"}]},{"@type":"WebSite","@id":"https:\/\/gorilla.md\/#website","url":"https:\/\/gorilla.md\/","name":"Gorilla ELECTRONICS","description":"Online Magazin \u00een Moldova","publisher":{"@id":"https:\/\/gorilla.md\/#organization"},"potentialAction":[{"@type":"SearchAction","target":{"@type":"EntryPoint","urlTemplate":"https:\/\/gorilla.md\/?s={search_term_string}"},"query-input":{"@type":"PropertyValueSpecification","valueRequired":true,"valueName":"search_term_string"}}],"inLanguage":"ru-RU"},{"@type":"Organization","@id":"https:\/\/gorilla.md\/#organization","name":"Gorilla ELECTRONICS","url":"https:\/\/gorilla.md\/","logo":{"@type":"ImageObject","inLanguage":"ru-RU","@id":"https:\/\/gorilla.md\/#\/schema\/logo\/image\/","url":"https:\/\/gorilla.md\/wp-content\/uploads\/2023\/08\/logo-g.png","contentUrl":"https:\/\/gorilla.md\/wp-content\/uploads\/2023\/08\/logo-g.png","width":200,"height":200,"caption":"Gorilla ELECTRONICS"},"image":{"@id":"https:\/\/gorilla.md\/#\/schema\/logo\/image\/"},"sameAs":["https:\/\/www.facebook.com\/www.gorilla.md"]}]}},"_links":{"self":[{"href":"https:\/\/gorilla.md\/ru\/wp-json\/wp\/v2\/product\/15628","targetHints":{"allow":["GET"]}}],"collection":[{"href":"https:\/\/gorilla.md\/ru\/wp-json\/wp\/v2\/product"}],"about":[{"href":"https:\/\/gorilla.md\/ru\/wp-json\/wp\/v2\/types\/product"}],"replies":[{"embeddable":true,"href":"https:\/\/gorilla.md\/ru\/wp-json\/wp\/v2\/comments?post=15628"}],"wp:featuredmedia":[{"embeddable":true,"href":"https:\/\/gorilla.md\/ru\/wp-json\/wp\/v2\/media\/52871"}],"wp:attachment":[{"href":"https:\/\/gorilla.md\/ru\/wp-json\/wp\/v2\/media?parent=15628"}],"wp:term":[{"taxonomy":"product_cat","embeddable":true,"href":"https:\/\/gorilla.md\/ru\/wp-json\/wp\/v2\/product_cat?post=15628"},{"taxonomy":"product_tag","embeddable":true,"href":"https:\/\/gorilla.md\/ru\/wp-json\/wp\/v2\/product_tag?post=15628"}],"curies":[{"name":"wp","href":"https:\/\/api.w.org\/{rel}","templated":true}]}}