{"id":15627,"date":"2023-10-17T13:23:30","date_gmt":"2023-10-17T13:23:30","guid":{"rendered":"https:\/\/gorilla.md\/?post_type=product&#038;p=15627"},"modified":"2026-05-15T14:38:35","modified_gmt":"2026-05-15T14:38:35","slug":"dji-mini-4-pro-fly-more-combo-plus-dji-rc-2","status":"publish","type":"product","link":"https:\/\/gorilla.md\/ru\/product\/dji-mini-4-pro-fly-more-combo-plus-dji-rc-2\/","title":{"rendered":"DJI Mini 4 Pro Fly More Combo Plus (DJI RC 2)"},"content":{"rendered":"<p>DJI Mini\u00a04 Pro Drone Fly More Combo Plus cu\u00a0controler RC\u00a02\u00a0este cea mai avansat\u0103 dron\u0103 cu\u00a0mini camer\u0103 disponibil\u0103 ast\u0103zi. Combin\u0103 capabilit\u0103\u021bi puternice de\u00a0imagine, detectarea obstacolelor omnidirec\u021bionale, ActiveTrack 360\u00a0de grade cu\u00a0un\u00a0nou mod de\u00a0urm\u0103rire \u0219i\u00a0transmisie video FHD de\u00a020\u00a0km, oferind \u0219i\u00a0mai multe op\u021biuni at\u00e2t pentru profesioni\u0219ti, c\u00e2t \u0219i\u00a0pentru \u00eencep\u0103tori. Folosind OcuSync\u00a04, intervalul cre\u0219te la\u00a012,4\u00a0mile, comparativ cu\u00a012,5 mile pentru Mini 3\u00a0Pro. Alte func\u021bii noi includ \u00eencetinitorul 4K\u00a0la\u00a0100 fps \u0219i\u00a0planificarea sofisticat\u0103 a\u00a0rutei cu\u00a0ActiveTrack. Mini\u00a04 Pro este \u00eenc\u0103 prietenos pentru \u00eencep\u0103tori, c\u00e2nt\u0103re\u0219te aproximativ 8,8 uncii \u0219i\u00a0are o\u00a0mul\u021bime de\u00a0moduri de\u00a0zbor automate, precum \u0219i\u00a0fotografiere vertical\u0103 adev\u0103rat\u0103 pentru videoclipuri gata pentru re\u021belele sociale f\u0103r\u0103 post-procesare.<\/p>\n<p>Aceast\u0103 versiune a\u00a0Mini\u00a04 Pro include un\u00a0grup de\u00a0accesorii Fly More Combo Plus pentru a\u00a0v\u0103\u00a0ajuta s\u0103\u00a0fi\u021bi mai bine preg\u0103ti\u021bi pentru o\u00a0zi\u00a0lung\u0103 de\u00a0fotografiere aeriene.\u00a0<b>Fly More Combo Plus include dou\u0103 baterii de\u00a0zbor<\/b>\u00a0inteligente suplimentare pentru p\u00e2n\u0103 la\u00a090\u00a0de minute suplimentare de\u00a0zbor, o\u00a0sta\u021bie de\u00a0\u00eenc\u0103rcare bidirec\u021bional\u0103 pentru a\u00a0v\u0103\u00a0ajuta s\u0103\u00a0v\u0103\u00a0re\u00eenc\u0103rca\u021bi rapid bateriile \u0219i\u00a0o\u00a0geant\u0103 de\u00a0um\u0103r pentru a\u00a0v\u0103\u00a0transporta echipamentul la\u00a0filmare. .<\/p>\n<p>O\u00a0premier\u0103 \u00een\u00a0seria Mini 4\u00a0Pro, include evitarea obstacolelor omnidirec\u021bionale \u0219i\u00a0este complet rezistent la\u00a0accidente \u0219i\u00a0coliziuni, cu\u00a0\u0219ase senzori ochi de\u00a0pe\u0219te \u0219i\u00a0vedere binocular\u0103 \u00een\u00a0jos, un\u00a0senzor de\u00a0ad\u00e2ncime 3D\u00a0ToF \u0219i\u00a0lumin\u0103 de\u00a0asisten\u021b\u0103 \u00een\u00a0jos. Evitarea automat\u0103 este utilizat\u0103 cu\u00a0func\u021bia avansat\u0103 de\u00a0\u00eentoarcere la\u00a0domiciliu, moduri avansate de\u00a0zbor, cum ar\u00a0fi\u00a0MasterShots \u0219i\u00a0APAS (Sisteme avansate de\u00a0asisten\u021b\u0103 pentru pilot) pentru o\u00a0\u00eenregistrare video f\u0103r\u0103 probleme.<\/p>\n<p>Raza de\u00a0ac\u021biune este mult m\u0103rit\u0103 datorit\u0103 OcuSync\u00a04, oferind lui Mini\u00a04 Pro o\u00a0gam\u0103 de\u00a0date de\u00a0p\u00e2n\u0103 la\u00a012,4\u00a0mile, o\u00a0\u00eembun\u0103t\u0103\u021bire semnificativ\u0103 fa\u021b\u0103 de\u00a0cele 7,5 mile ale lui Mini 3\u00a0Pro. Chiar \u0219i\u00a0\u00een\u00a0acest interval, calitatea vizualiz\u0103rii \u00een\u00a0direct se\u00a0\u00eembun\u0103t\u0103\u021be\u0219te la\u00a01080p60 pentru fotografiere mai fluid\u0103.<\/p>\n<p>Camera \u00eencorporat\u0103 a\u00a0lui Mini\u00a04 Pro are un\u00a0senzor de\u00a01\/1,3 inch cu\u00a0suport 4K\u00a0HDR, ISO dublu, deschidere f\/1,7\u00a0\u0219i pixeli mari de\u00a02,4 \u00b5m\u00a0\u2014 la\u00a0fel ca\u00a0Mini 3\u00a0Pro. Cu\u00a0excep\u021bia lui Mini 4\u00a0Pro, acum beneficia\u021bi de\u00a0\u00eencetinitorul cu\u00a0rezolu\u021bie 4K\u00a0uimitoare. Diafragma \u0219i\u00a0dimensiunea pixelilor sistemului de\u00a0imagine permit p\u0103trunderea unor cantit\u0103\u021bi semnificative de\u00a0lumin\u0103 \u00een\u00a0senzor, ajut\u00e2nd la\u00a0reducerea zgomotului \u0219i\u00a0la\u00a0\u00eembun\u0103t\u0103\u021birea performan\u021bei \u00een\u00a0condi\u021bii de\u00a0lumin\u0103 slab\u0103. fotografiat de\u00a0la\u00a0distan\u021be mai mari cu\u00a0zoom-ul digital\u00a04x, \u00een\u00a0timp ce\u00a0profesioni\u0219tii vor aprecia suportul pentru modurile de\u00a0culoare D-Log M\u00a0\u0219i HLG pe\u00a010\u00a0bi\u021bi.<\/p>\n<p>Gimbalul lui Mini\u00a04 Pro este capabil s\u0103\u00a0se\u00a0roteasc\u0103 pentru fotografiere vertical\u0103, astfel \u00eenc\u00e2t s\u0103\u00a0pute\u021bi captura videoclipuri \u0219i\u00a0imagini direct de\u00a0pe\u00a0dron\u0103 \u0219i\u00a0s\u0103\u00a0le\u00a0posta\u021bi direct \u00een\u00a0conturile dvs.\u00a0de\u00a0socializare.<\/p>\n<p>O\u00a0varietate de\u00a0caracteristici integrate le\u00a0permit pilo\u021bilor de\u00a0aproape orice nivel de\u00a0calificare s\u0103\u00a0ob\u021bin\u0103 f\u0103r\u0103 efort rezultate de\u00a0calitate profesional\u0103.<\/p>\n<p>FocusTrack: Acest sistem include ActiveTrack, Spotlight \u0219i\u00a0Punct de\u00a0interes pentru a\u00a0urm\u0103ri o\u00a0gam\u0103 larg\u0103 de\u00a0obiecte. Cu\u00a0Mini 4\u00a0Pro, ActiveTrack ofer\u0103 acum un\u00a0mod de\u00a0urm\u0103rire \u0219i\u00a0capacitatea de\u00a0a\u00a0urma anumite rute de\u00a0zbor atunci c\u00e2nd urm\u0103resc, \u00een\u00a0compara\u021bie cu\u00a0urm\u0103rirea \u00een\u00a0direc\u021bie fix\u0103 \u200b\u200ba genera\u021biilor anterioare. MasterShots: Selecta\u021bi subiectul \u0219i\u00a0Mini\u00a04 Pro efectueaz\u0103 automat manevre expert pentru rezultate cinematografice folosind unul dintre cele trei moduri de\u00a0fotografiere: Portret, Proximitate \u0219i\u00a0Peisaj. Hyperlapse: captura\u021bi fotografii time-lapse \u00eentr-o varietate de\u00a0moduri de\u00a0fotografiere: \u00cenghe\u021bare, Waypoint, Cerc \u0219i\u00a0Blocare direc\u021bie.<\/p>\n<p>Panoram\u0103: capta\u021bi vederi uimitoare cu\u00a0unul dintre cele patru moduri panoramice disponibile: 180\u00b0, unghi larg, vertical \u0219i\u00a0sferic. Unghiul de\u00a0\u00eenclinare \u00eencorporat este, de\u00a0asemenea, folosit pentru a\u00a0captura mai bine cerul \u00een\u00a0panorame. QuickShot: drone, spiral\u0103, rachet\u0103, cerc, bumerang \u0219i\u00a0asteroizi Nu\u00a0este necesar\u0103 \u00eenregistrarea Compact \u0219i\u00a0portabil, Mini\u00a04 Pro c\u00e2nt\u0103re\u0219te mai pu\u021bin de\u00a08,8 uncii \u0219i\u00a0nu\u00a0necesit\u0103 \u00eenregistrare \u00een\u00a0multe \u021b\u0103ri \u0219i\u00a0regiuni, inclusiv \u00een\u00a0SUA, oferindu-v\u0103 mai multe op\u021biuni pentru capturarea de\u00a0fotografii \u0219i\u00a0videoclipuri aeriene.<\/p>\n<p>Regla\u021bi \u0219i\u00a0optimiza\u021bi \u00een\u00a0mod inteligent contrastul pentru a\u00a0capta con\u021binut cu\u00a0gam\u0103 dinamic\u0103 ridicat\u0103 \u0219i\u00a0chiar pentru a\u00a0realiza simul\u0103ri de\u00a0expunere lung\u0103.<\/p>\n<p>Capta\u021bi imagini \u0219i\u00a0videoclipuri mai clare \u00een\u00a0condi\u021bii de\u00a0lumin\u0103 sc\u0103zut\u0103 cu\u00a0reducerea zgomotului la\u00a0scar\u0103 multipl\u0103.<\/p>\n<p>Men\u021bine\u021bi o\u00a0vitez\u0103 constant\u0103 f\u0103r\u0103 a\u00a0fi\u00a0nevoie s\u0103\u00a0ap\u0103sa\u021bi constant stick-ul de\u00a0control.<\/p>\n<p>Drona poate stabili \u00een\u00a0mod inteligent un\u00a0curs \u0219i\u00a0poate reveni la\u00a0punctul s\u0103u de\u00a0decolare, dac\u0103 este necesar, iar acum, cu\u00a0Mini 4\u00a0Pro, aceast\u0103 caracteristic\u0103 poate profita de\u00a0evitarea obstacolelor omnidirec\u021bionale pentru a\u00a0se\u00a0asigura c\u0103\u00a0revine nev\u0103t\u0103mat\u0103.<\/p>\n<p>Drona poate stabili \u00een\u00a0mod inteligent un\u00a0curs \u0219i\u00a0poate reveni la\u00a0punctul s\u0103u de\u00a0decolare, dac\u0103 este necesar, iar acum, cu\u00a0Mini 4\u00a0Pro, aceast\u0103 caracteristic\u0103 poate profita de\u00a0evitarea obstacolelor omnidirec\u021bionale pentru a\u00a0se\u00a0asigura c\u0103\u00a0revine nev\u0103t\u0103mat\u0103.<\/p>\n<p>P\u00e2n\u0103 la\u00a034\u00a0de minute de\u00a0zbor (p\u00e2n\u0103 la\u00a045\u00a0de minute cu\u00a0baterie de\u00a0zbor inteligent\u0103 Plus op\u021bional\u0103)<\/p>\n<p>Copertina auxiliar\u0103 inferioar\u0103 asigur\u0103 o\u00a0plutire mai stabil\u0103 la\u00a0altitudini joase.<\/p>\n<p>QuickTransfer desc\u0103rc\u0103 p\u00e2n\u0103 la\u00a030\u00a0Mbps prin Wi-Fi<\/p>\n<p>Unghi mare de\u00a0\u00eenclinare<\/p>\n<p>Regla\u021bi claritatea \u0219i\u00a0reducerea zgomotului.<\/p>\n<p>Indiferent de nivelul dvs. de experien\u021b\u0103 \u00een fotografie, DJI Mini 4 Pro Drone Fly More Combo Plus v\u0103 ofer\u0103 tot ce ave\u021bi nevoie pentru a crea imagini aeriene cinematice uimitoare. Aceast\u0103 dron\u0103 este considerat\u0103 una dintre cele mai bune din clasa sa \u0219i acum o pute\u021bi achizi\u021biona \u00eempreun\u0103 cu accesorii pentru fotografiere productiv\u0103. Filma\u021bi la nivel profesional cu DJI Mini 4 Pro.<\/p>","protected":false},"excerpt":{"rendered":"<p>\u041a\u043e\u0434 \u0442\u043e\u0432\u0430\u0440\u0430:<\/p>\n<p>15627<\/p>","protected":false},"featured_media":53026,"comment_status":"open","ping_status":"closed","template":"","meta":[],"product_cat":[170,172],"product_tag":[],"class_list":{"0":"post-15627","1":"product","2":"type-product","3":"status-publish","4":"has-post-thumbnail","6":"product_cat-gadget-uri","7":"product_cat-quadrocopters","8":"pa_brands-dji","10":"first","11":"instock","12":"taxable","13":"shipping-taxable","14":"purchasable","15":"product-type-simple"},"yoast_head":"<!-- This site is optimized with the Yoast SEO plugin v23.9 - https:\/\/yoast.com\/wordpress\/plugins\/seo\/ -->\n<title>DJI Mini 4 Pro Fly More Combo Plus (DJI RC 2) - Gorilla ELECTRONICS<\/title>\n<meta name=\"description\" content=\"\u041a\u0443\u043f\u0438\u0442\u0435 DJI Mini 4 Pro Fly More Combo Plus (DJI RC 2) \u043f\u043e \u043d\u0438\u0437\u043a\u043e\u0439 \u0446\u0435\u043d\u0435 \u043d\u0430 Gorilla ELECTRONICS \u0432 \u041c\u043e\u043b\u0434\u043e\u0432\u0435! \u0411\u044b\u0441\u0442\u0440\u0430\u044f \u0434\u043e\u0441\u0442\u0430\u0432\u043a\u0430, \u0433\u0430\u0440\u0430\u043d\u0442\u0438\u044f. \u0412\u044b\u0433\u043e\u0434\u043d\u044b\u0435 \u043f\u0440\u0435\u0434\u043b\u043e\u0436\u0435\u043d\u0438\u044f!\" \/>\n<meta name=\"robots\" content=\"index, follow, max-snippet:-1, max-image-preview:large, max-video-preview:-1\" \/>\n<link rel=\"canonical\" href=\"https:\/\/gorilla.md\/ru\/product\/dji-mini-4-pro-fly-more-combo-plus-dji-rc-2\/\" \/>\n<meta property=\"og:locale\" content=\"ru_RU\" \/>\n<meta property=\"og:type\" content=\"article\" \/>\n<meta property=\"og:title\" content=\"DJI Mini 4 Pro Fly More Combo Plus (DJI RC 2) - Gorilla ELECTRONICS\" \/>\n<meta property=\"og:description\" content=\"\u041a\u0443\u043f\u0438\u0442\u0435 DJI Mini 4 Pro Fly More Combo Plus (DJI RC 2) \u043f\u043e \u043d\u0438\u0437\u043a\u043e\u0439 \u0446\u0435\u043d\u0435 \u043d\u0430 Gorilla ELECTRONICS \u0432 \u041c\u043e\u043b\u0434\u043e\u0432\u0435! \u0411\u044b\u0441\u0442\u0440\u0430\u044f \u0434\u043e\u0441\u0442\u0430\u0432\u043a\u0430, \u0433\u0430\u0440\u0430\u043d\u0442\u0438\u044f. \u0412\u044b\u0433\u043e\u0434\u043d\u044b\u0435 \u043f\u0440\u0435\u0434\u043b\u043e\u0436\u0435\u043d\u0438\u044f!\" \/>\n<meta property=\"og:url\" content=\"https:\/\/gorilla.md\/ru\/product\/dji-mini-4-pro-fly-more-combo-plus-dji-rc-2\/\" \/>\n<meta property=\"og:site_name\" content=\"Gorilla ELECTRONICS\" \/>\n<meta property=\"article:publisher\" content=\"https:\/\/www.facebook.com\/www.gorilla.md\" \/>\n<meta property=\"article:modified_time\" content=\"2026-05-15T14:38:35+00:00\" \/>\n<meta property=\"og:image\" content=\"https:\/\/gorilla.md\/wp-content\/uploads\/2023\/10\/i-27.webp\" \/>\n\t<meta property=\"og:image:width\" content=\"500\" \/>\n\t<meta property=\"og:image:height\" content=\"500\" \/>\n\t<meta property=\"og:image:type\" content=\"image\/webp\" \/>\n<meta name=\"twitter:card\" content=\"summary_large_image\" \/>\n<meta name=\"twitter:label1\" content=\"\u041f\u0440\u0438\u043c\u0435\u0440\u043d\u043e\u0435 \u0432\u0440\u0435\u043c\u044f \u0434\u043b\u044f \u0447\u0442\u0435\u043d\u0438\u044f\" \/>\n\t<meta name=\"twitter:data1\" content=\"5 \u043c\u0438\u043d\u0443\u0442\" \/>\n<script type=\"application\/ld+json\" class=\"yoast-schema-graph\">{\"@context\":\"https:\/\/schema.org\",\"@graph\":[{\"@type\":\"WebPage\",\"@id\":\"https:\/\/gorilla.md\/produs\/dji-mini-4-pro-fly-more-combo-plus-dji-rc-2\/\",\"url\":\"https:\/\/gorilla.md\/produs\/dji-mini-4-pro-fly-more-combo-plus-dji-rc-2\/\",\"name\":\"DJI Mini 4 Pro Fly More Combo Plus (DJI RC 2) - Gorilla ELECTRONICS\",\"isPartOf\":{\"@id\":\"https:\/\/gorilla.md\/#website\"},\"primaryImageOfPage\":{\"@id\":\"https:\/\/gorilla.md\/produs\/dji-mini-4-pro-fly-more-combo-plus-dji-rc-2\/#primaryimage\"},\"image\":{\"@id\":\"https:\/\/gorilla.md\/produs\/dji-mini-4-pro-fly-more-combo-plus-dji-rc-2\/#primaryimage\"},\"thumbnailUrl\":\"https:\/\/gorilla.md\/wp-content\/uploads\/2023\/10\/i-27.webp\",\"datePublished\":\"2023-10-17T13:23:30+00:00\",\"dateModified\":\"2026-05-15T14:38:35+00:00\",\"description\":\"\u041a\u0443\u043f\u0438\u0442\u0435 DJI Mini 4 Pro Fly More Combo Plus (DJI RC 2) \u043f\u043e \u043d\u0438\u0437\u043a\u043e\u0439 \u0446\u0435\u043d\u0435 \u043d\u0430 Gorilla ELECTRONICS \u0432 \u041c\u043e\u043b\u0434\u043e\u0432\u0435! \u0411\u044b\u0441\u0442\u0440\u0430\u044f \u0434\u043e\u0441\u0442\u0430\u0432\u043a\u0430, \u0433\u0430\u0440\u0430\u043d\u0442\u0438\u044f. \u0412\u044b\u0433\u043e\u0434\u043d\u044b\u0435 \u043f\u0440\u0435\u0434\u043b\u043e\u0436\u0435\u043d\u0438\u044f!\",\"breadcrumb\":{\"@id\":\"https:\/\/gorilla.md\/produs\/dji-mini-4-pro-fly-more-combo-plus-dji-rc-2\/#breadcrumb\"},\"inLanguage\":\"ru-RU\",\"potentialAction\":[{\"@type\":\"ReadAction\",\"target\":[\"https:\/\/gorilla.md\/produs\/dji-mini-4-pro-fly-more-combo-plus-dji-rc-2\/\"]}]},{\"@type\":\"ImageObject\",\"inLanguage\":\"ru-RU\",\"@id\":\"https:\/\/gorilla.md\/produs\/dji-mini-4-pro-fly-more-combo-plus-dji-rc-2\/#primaryimage\",\"url\":\"https:\/\/gorilla.md\/wp-content\/uploads\/2023\/10\/i-27.webp\",\"contentUrl\":\"https:\/\/gorilla.md\/wp-content\/uploads\/2023\/10\/i-27.webp\",\"width\":500,\"height\":500},{\"@type\":\"BreadcrumbList\",\"@id\":\"https:\/\/gorilla.md\/produs\/dji-mini-4-pro-fly-more-combo-plus-dji-rc-2\/#breadcrumb\",\"itemListElement\":[{\"@type\":\"ListItem\",\"position\":1,\"name\":\"Magazin\",\"item\":\"https:\/\/gorilla.md\/magazin\/\"},{\"@type\":\"ListItem\",\"position\":2,\"name\":\"DJI Mini 4 Pro Fly More Combo Plus (DJI RC 2)\"}]},{\"@type\":\"WebSite\",\"@id\":\"https:\/\/gorilla.md\/#website\",\"url\":\"https:\/\/gorilla.md\/\",\"name\":\"Gorilla ELECTRONICS\",\"description\":\"Online Magazin \u00een Moldova\",\"publisher\":{\"@id\":\"https:\/\/gorilla.md\/#organization\"},\"potentialAction\":[{\"@type\":\"SearchAction\",\"target\":{\"@type\":\"EntryPoint\",\"urlTemplate\":\"https:\/\/gorilla.md\/?s={search_term_string}\"},\"query-input\":{\"@type\":\"PropertyValueSpecification\",\"valueRequired\":true,\"valueName\":\"search_term_string\"}}],\"inLanguage\":\"ru-RU\"},{\"@type\":\"Organization\",\"@id\":\"https:\/\/gorilla.md\/#organization\",\"name\":\"Gorilla ELECTRONICS\",\"url\":\"https:\/\/gorilla.md\/\",\"logo\":{\"@type\":\"ImageObject\",\"inLanguage\":\"ru-RU\",\"@id\":\"https:\/\/gorilla.md\/#\/schema\/logo\/image\/\",\"url\":\"https:\/\/gorilla.md\/wp-content\/uploads\/2023\/08\/logo-g.png\",\"contentUrl\":\"https:\/\/gorilla.md\/wp-content\/uploads\/2023\/08\/logo-g.png\",\"width\":200,\"height\":200,\"caption\":\"Gorilla ELECTRONICS\"},\"image\":{\"@id\":\"https:\/\/gorilla.md\/#\/schema\/logo\/image\/\"},\"sameAs\":[\"https:\/\/www.facebook.com\/www.gorilla.md\"]}]}<\/script>\n<!-- \/ Yoast SEO plugin. -->","yoast_head_json":{"title":"DJI Mini 4 Pro Fly More Combo Plus (DJI RC 2) - Gorilla ELECTRONICS","description":"\u041a\u0443\u043f\u0438\u0442\u0435 DJI Mini 4 Pro Fly More Combo Plus (DJI RC 2) \u043f\u043e \u043d\u0438\u0437\u043a\u043e\u0439 \u0446\u0435\u043d\u0435 \u043d\u0430 Gorilla ELECTRONICS \u0432 \u041c\u043e\u043b\u0434\u043e\u0432\u0435! \u0411\u044b\u0441\u0442\u0440\u0430\u044f \u0434\u043e\u0441\u0442\u0430\u0432\u043a\u0430, \u0433\u0430\u0440\u0430\u043d\u0442\u0438\u044f. \u0412\u044b\u0433\u043e\u0434\u043d\u044b\u0435 \u043f\u0440\u0435\u0434\u043b\u043e\u0436\u0435\u043d\u0438\u044f!","robots":{"index":"index","follow":"follow","max-snippet":"max-snippet:-1","max-image-preview":"max-image-preview:large","max-video-preview":"max-video-preview:-1"},"canonical":"https:\/\/gorilla.md\/ru\/product\/dji-mini-4-pro-fly-more-combo-plus-dji-rc-2\/","og_locale":"ru_RU","og_type":"article","og_title":"DJI Mini 4 Pro Fly More Combo Plus (DJI RC 2) - Gorilla ELECTRONICS","og_description":"\u041a\u0443\u043f\u0438\u0442\u0435 DJI Mini 4 Pro Fly More Combo Plus (DJI RC 2) \u043f\u043e \u043d\u0438\u0437\u043a\u043e\u0439 \u0446\u0435\u043d\u0435 \u043d\u0430 Gorilla ELECTRONICS \u0432 \u041c\u043e\u043b\u0434\u043e\u0432\u0435! \u0411\u044b\u0441\u0442\u0440\u0430\u044f \u0434\u043e\u0441\u0442\u0430\u0432\u043a\u0430, \u0433\u0430\u0440\u0430\u043d\u0442\u0438\u044f. \u0412\u044b\u0433\u043e\u0434\u043d\u044b\u0435 \u043f\u0440\u0435\u0434\u043b\u043e\u0436\u0435\u043d\u0438\u044f!","og_url":"https:\/\/gorilla.md\/ru\/product\/dji-mini-4-pro-fly-more-combo-plus-dji-rc-2\/","og_site_name":"Gorilla ELECTRONICS","article_publisher":"https:\/\/www.facebook.com\/www.gorilla.md","article_modified_time":"2026-05-15T14:38:35+00:00","og_image":[{"width":500,"height":500,"url":"https:\/\/gorilla.md\/wp-content\/uploads\/2023\/10\/i-27.webp","type":"image\/webp"}],"twitter_card":"summary_large_image","twitter_misc":{"\u041f\u0440\u0438\u043c\u0435\u0440\u043d\u043e\u0435 \u0432\u0440\u0435\u043c\u044f \u0434\u043b\u044f \u0447\u0442\u0435\u043d\u0438\u044f":"5 \u043c\u0438\u043d\u0443\u0442"},"schema":{"@context":"https:\/\/schema.org","@graph":[{"@type":"WebPage","@id":"https:\/\/gorilla.md\/produs\/dji-mini-4-pro-fly-more-combo-plus-dji-rc-2\/","url":"https:\/\/gorilla.md\/produs\/dji-mini-4-pro-fly-more-combo-plus-dji-rc-2\/","name":"DJI Mini 4 Pro Fly More Combo Plus (DJI RC 2) - Gorilla ELECTRONICS","isPartOf":{"@id":"https:\/\/gorilla.md\/#website"},"primaryImageOfPage":{"@id":"https:\/\/gorilla.md\/produs\/dji-mini-4-pro-fly-more-combo-plus-dji-rc-2\/#primaryimage"},"image":{"@id":"https:\/\/gorilla.md\/produs\/dji-mini-4-pro-fly-more-combo-plus-dji-rc-2\/#primaryimage"},"thumbnailUrl":"https:\/\/gorilla.md\/wp-content\/uploads\/2023\/10\/i-27.webp","datePublished":"2023-10-17T13:23:30+00:00","dateModified":"2026-05-15T14:38:35+00:00","description":"\u041a\u0443\u043f\u0438\u0442\u0435 DJI Mini 4 Pro Fly More Combo Plus (DJI RC 2) \u043f\u043e \u043d\u0438\u0437\u043a\u043e\u0439 \u0446\u0435\u043d\u0435 \u043d\u0430 Gorilla ELECTRONICS \u0432 \u041c\u043e\u043b\u0434\u043e\u0432\u0435! \u0411\u044b\u0441\u0442\u0440\u0430\u044f \u0434\u043e\u0441\u0442\u0430\u0432\u043a\u0430, \u0433\u0430\u0440\u0430\u043d\u0442\u0438\u044f. \u0412\u044b\u0433\u043e\u0434\u043d\u044b\u0435 \u043f\u0440\u0435\u0434\u043b\u043e\u0436\u0435\u043d\u0438\u044f!","breadcrumb":{"@id":"https:\/\/gorilla.md\/produs\/dji-mini-4-pro-fly-more-combo-plus-dji-rc-2\/#breadcrumb"},"inLanguage":"ru-RU","potentialAction":[{"@type":"ReadAction","target":["https:\/\/gorilla.md\/produs\/dji-mini-4-pro-fly-more-combo-plus-dji-rc-2\/"]}]},{"@type":"ImageObject","inLanguage":"ru-RU","@id":"https:\/\/gorilla.md\/produs\/dji-mini-4-pro-fly-more-combo-plus-dji-rc-2\/#primaryimage","url":"https:\/\/gorilla.md\/wp-content\/uploads\/2023\/10\/i-27.webp","contentUrl":"https:\/\/gorilla.md\/wp-content\/uploads\/2023\/10\/i-27.webp","width":500,"height":500},{"@type":"BreadcrumbList","@id":"https:\/\/gorilla.md\/produs\/dji-mini-4-pro-fly-more-combo-plus-dji-rc-2\/#breadcrumb","itemListElement":[{"@type":"ListItem","position":1,"name":"Magazin","item":"https:\/\/gorilla.md\/magazin\/"},{"@type":"ListItem","position":2,"name":"DJI Mini 4 Pro Fly More Combo Plus (DJI RC 2)"}]},{"@type":"WebSite","@id":"https:\/\/gorilla.md\/#website","url":"https:\/\/gorilla.md\/","name":"Gorilla ELECTRONICS","description":"Online Magazin \u00een Moldova","publisher":{"@id":"https:\/\/gorilla.md\/#organization"},"potentialAction":[{"@type":"SearchAction","target":{"@type":"EntryPoint","urlTemplate":"https:\/\/gorilla.md\/?s={search_term_string}"},"query-input":{"@type":"PropertyValueSpecification","valueRequired":true,"valueName":"search_term_string"}}],"inLanguage":"ru-RU"},{"@type":"Organization","@id":"https:\/\/gorilla.md\/#organization","name":"Gorilla ELECTRONICS","url":"https:\/\/gorilla.md\/","logo":{"@type":"ImageObject","inLanguage":"ru-RU","@id":"https:\/\/gorilla.md\/#\/schema\/logo\/image\/","url":"https:\/\/gorilla.md\/wp-content\/uploads\/2023\/08\/logo-g.png","contentUrl":"https:\/\/gorilla.md\/wp-content\/uploads\/2023\/08\/logo-g.png","width":200,"height":200,"caption":"Gorilla ELECTRONICS"},"image":{"@id":"https:\/\/gorilla.md\/#\/schema\/logo\/image\/"},"sameAs":["https:\/\/www.facebook.com\/www.gorilla.md"]}]}},"_links":{"self":[{"href":"https:\/\/gorilla.md\/ru\/wp-json\/wp\/v2\/product\/15627","targetHints":{"allow":["GET"]}}],"collection":[{"href":"https:\/\/gorilla.md\/ru\/wp-json\/wp\/v2\/product"}],"about":[{"href":"https:\/\/gorilla.md\/ru\/wp-json\/wp\/v2\/types\/product"}],"replies":[{"embeddable":true,"href":"https:\/\/gorilla.md\/ru\/wp-json\/wp\/v2\/comments?post=15627"}],"wp:featuredmedia":[{"embeddable":true,"href":"https:\/\/gorilla.md\/ru\/wp-json\/wp\/v2\/media\/53026"}],"wp:attachment":[{"href":"https:\/\/gorilla.md\/ru\/wp-json\/wp\/v2\/media?parent=15627"}],"wp:term":[{"taxonomy":"product_cat","embeddable":true,"href":"https:\/\/gorilla.md\/ru\/wp-json\/wp\/v2\/product_cat?post=15627"},{"taxonomy":"product_tag","embeddable":true,"href":"https:\/\/gorilla.md\/ru\/wp-json\/wp\/v2\/product_tag?post=15627"}],"curies":[{"name":"wp","href":"https:\/\/api.w.org\/{rel}","templated":true}]}}