{"id":15587,"date":"2023-10-12T09:08:18","date_gmt":"2023-10-12T09:08:18","guid":{"rendered":"https:\/\/gorilla.md\/?post_type=product&#038;p=15587"},"modified":"2026-04-24T14:52:30","modified_gmt":"2026-04-24T14:52:30","slug":"apple-watch-se-2023-gps-40mm-mre03-midnight-aluminium-case-midnight-sport-loop","status":"publish","type":"product","link":"https:\/\/gorilla.md\/ru\/product\/apple-watch-se-2023-gps-40mm-mre03-midnight-aluminium-case-midnight-sport-loop\/","title":{"rendered":"Apple Watch SE (2023) GPS 40mm MRE03 Midnight Aluminium Case, Midnight Sport Loop"},"content":{"rendered":"<p>Apple Watch\u00a0SE (2023) ofer\u0103 multe func\u021bii pentru confortul, siguran\u021ba \u0219i\u00a0s\u0103n\u0103tatea dumneavoastr\u0103. V\u0103\u00a0oferim descrieri detaliate ale produselor noastre, astfel \u00eenc\u00e2t s\u0103\u00a0pute\u021bi face alegerea corect\u0103.<\/p>\n<p>R\u0103m\u00e2ne\u021bi conectat \u00een\u00a0orice situa\u021bie<\/p>\n<p>Ceasurile noastre v\u0103\u00a0permit s\u0103\u00a0r\u0103spunde\u021bi la\u00a0apeluri chiar \u0219i\u00a0\u00een\u00a0timp ce\u00a0alerga\u021bi, s\u0103\u00a0r\u0103spunde\u021bi instantaneu la\u00a0mesaje text \u00een\u00a0timpul \u00eent\u00e2lnirilor \u0219i\u00a0s\u0103\u00a0v\u0103\u00a0bucura\u021bi de\u00a0muzic\u0103 \u00een\u00a0timp ce\u00a0sunte\u021bi \u00een\u00a0mi\u0219care. De\u00a0asemenea, pute\u021bi utiliza cu\u00a0u\u0219urin\u021b\u0103 Apple Pay \u0219i\u00a0pute\u021bi discuta cu\u00a0Siri prin simpla ridicare a\u00a0\u00eencheieturii m\u00e2inii.<\/p>\n<p>Cadru familial pentru confortul tuturor membrilor familiei<\/p>\n<p>Configurarea familiei permite tuturor celor din familia dvs., inclusiv copiilor \u0219i\u00a0rudelor mai \u00een\u00a0v\u00e2rst\u0103, s\u0103\u00a0foloseasc\u0103 Apple Watch. Chiar dac\u0103 unii dintre ei\u00a0nu\u00a0au\u00a0propriul iPhone, nu\u00a0este o\u00a0problem\u0103. Ai\u00a0toate caracteristicile de\u00a0conectivitate, \u00eengrijire \u0219i\u00a0siguran\u021b\u0103 pe\u00a0care le\u00a0pre\u021buie\u0219ti, oferind bucurie \u0219i\u00a0independen\u021b\u0103 celor dragi. \u0218i\u00a0lini\u0219te sufleteasc\u0103 pentru tine.<\/p>\n<p>Preg\u0103te\u0219te-te pentru o\u00a0aventur\u0103 acvatic\u0103<\/p>\n<p>Apple Watch SE\u00a0este rezistent la\u00a0ap\u0103 p\u00e2n\u0103 la\u00a050\u00a0de metri. Pute\u021bi urm\u0103ri orele \u0219i\u00a0seturile piscinei, v\u0103\u00a0pute\u021bi planifica traseul \u00een\u00a0ap\u0103 deschis\u0103 \u0219i\u00a0chiar pute\u021bi face surf. Indiferent de\u00a0activitatea dvs.\u00a0\u00een\u00a0ap\u0103, ceasurile noastre sunt excelente pentru a\u00a0oferi m\u0103sur\u0103tori precise.<\/p>\n<p>Antrenamente eficiente<\/p>\n<p>Aplica\u021bia noastr\u0103 \u00eembun\u0103t\u0103\u021bit\u0103 Workout v\u0103\u00a0permite s\u0103\u00a0v\u0103\u00a0antrena\u021bi mai eficient, oferind m\u0103sur\u0103tori \u0219i\u00a0vizualizare avansate pentru fitness-ul dvs. Actualiz\u0103rile aplica\u021biilor H\u0103r\u021bi \u0219i\u00a0Busol\u0103 v\u0103\u00a0vor ajuta s\u0103\u00a0r\u0103m\u00e2ne\u021bi pe\u00a0drumul cel bun. \u00cen\u00a0aplica\u021bia Activitate, pute\u021bi stabili obiective pentru mi\u0219care, exerci\u021biu \u0219i\u00a0stare \u00een\u00a0picioare folosind inelul de\u00a0activitate de\u00a0la\u00a0\u00eencheietura m\u00e2inii. Ca\u00a0un\u00a0antrenor personal, Apple Watch te\u00a0motiveaz\u0103 s\u0103-\u021bi atingi obiectivele \u00een\u00a0fiecare\u00a0zi.<\/p>\n<p>Ai\u00a0grij\u0103 de\u00a0s\u0103n\u0103tatea ta\u00a0\u0219i\u00a0de\u00a0bun\u0103starea mental\u0103<\/p>\n<p>Noua aplica\u021bie Mindfulness v\u0103\u00a0permite s\u0103\u00a0dezvolta\u021bi con\u0219tientizarea emo\u021bional\u0103 \u0219i\u00a0rezisten\u021ba. Pute\u021bi s\u0103\u00a0v\u0103\u00a0eticheta\u021bi sentimentele \u0219i\u00a0emo\u021biile \u0219i\u00a0s\u0103\u00a0le\u00a0p\u0103stra\u021bi private. Aplica\u021bia S\u0103n\u0103tate de\u00a0pe\u00a0iPhone v\u0103\u00a0poate ajuta s\u0103\u00a0urm\u0103ri\u021bi tendin\u021bele \u00een\u00a0ceea ce\u00a0prive\u0219te somnul, activitatea fizic\u0103 \u0219i\u00a0multe altele. \u00ce\u021bi va\u00a0oferi informa\u021bii utile despre starea ta\u00a0de\u00a0bine.<\/p>\n<p>Siguran\u021ba rutier\u0103<\/p>\n<p>Apple Watch\u00a0SE (2023) te \u021bine \u00een\u00a0siguran\u021b\u0103 pe\u00a0drum. Sistemul de\u00a0detectare a\u00a0accidentelor poate detecta un\u00a0accident de\u00a0ma\u0219in\u0103 grav. Dac\u0103 este detectat un\u00a0accident, acesta v\u0103\u00a0va\u00a0conecta automat cu\u00a0serviciile de\u00a0urgen\u021b\u0103, v\u0103\u00a0va\u00a0transmite loca\u021bia dispecerilor \u0219i\u00a0v\u0103\u00a0va\u00a0notifica persoanele de\u00a0contact de\u00a0urgen\u021b\u0103.<\/p>\n<p>S\u0103\u00a0ai\u00a0grij\u0103 de\u00a0s\u0103n\u0103tatea ta\u00a0este \u00een\u00a0m\u00e2inile tale<\/p>\n<p>Cu\u00a0aplica\u021bia Ritm cardiac, \u00ee\u021bi po\u021bi verifica oric\u00e2nd ritmul cardiac. \u00cen\u00a0cazul unui ritm cardiac ridicat sau sc\u0103zut sau al\u00a0ritmului neregulat, ve\u021bi primi notific\u0103ri instantanee. Acest lucru este important pentru a\u00a0avea grij\u0103 de\u00a0s\u0103n\u0103tatea inimii tale. \u00cembun\u0103t\u0103\u021birea calit\u0103\u021bii somnului<\/p>\n<p>Aplica\u021bia Sleep func\u021bioneaz\u0103 cu\u00a0iPhone-ul pentru a\u00a0v\u0103\u00a0ajuta s\u0103\u00a0v\u0103\u00a0\u00eembun\u0103t\u0103\u021bi\u021bi calitatea somnului. V\u0103\u00a0permite s\u0103\u00a0crea\u021bi programul de\u00a0somn \u0219i\u00a0rutina de\u00a0care ave\u021bi nevoie pentru a\u00a0v\u0103\u00a0atinge propriile obiective de\u00a0somn. Pute\u021bi urm\u0103ri c\u00e2t timp petrece\u021bi \u00een\u00a0diferite etape ale somnului \u0219i\u00a0v\u0103\u00a0pute\u021bi trezi \u00een\u00a0cel mai bun moment. Urm\u0103ri\u021bi tendin\u021bele somnului pentru a\u00a0v\u0103\u00a0asigura c\u0103\u00a0obiectivele dvs. sunt \u00eendeplinite. Ceasurile noastre te\u00a0pot ajuta chiar s\u0103\u00a0scapi de\u00a0insomnie, dar nu\u00a0iau \u00een\u00a0calcul oile!<\/p>\n<p>Interfa\u021b\u0103 actualizat\u0103 cu\u00a0watchOS 10<\/p>\n<p>Cu\u00a0watchOS\u00a010, ecranul t\u0103u va\u00a0deveni mai informativ dec\u00e2t oric\u00e2nd. Aproape toate aplica\u021biile au\u00a0primit o\u00a0interfa\u021b\u0103 actualizat\u0103, oferind mai multe informa\u021bii dintr-o privire. Smart Stack v\u0103\u00a0permite s\u0103\u00a0vizualiza\u021bi rapid widget-urile de\u00a0pe\u00a0orice cadran de\u00a0ceas. Cu\u00a0o\u00a0perspectiv\u0103 asupra s\u0103n\u0103t\u0103\u021bii tale mintale, acum \u00ee\u021bi po\u021bi monitoriza cu\u00a0u\u0219urin\u021b\u0103 corpul \u0219i\u00a0mintea chiar de\u00a0la\u00a0\u00eencheietura m\u00e2inii.<\/p>\n<p>Pentru confortul \u0219i\u00a0siguran\u021ba dumneavoastr\u0103 \u00een\u00a0via\u021ba de\u00a0zi\u00a0cu\u00a0zi, precum \u0219i\u00a0pentru a\u00a0men\u021bine un\u00a0stil de\u00a0via\u021b\u0103 activ, Apple Watch\u00a0SE (2023) GPS 40\u00a0mm MRE03\u00a0cu carcas\u0103 din aluminiu semigri \u0219i\u00a0br\u0103\u021bar\u0103 Midnight Sport Loop este o\u00a0alegere excelent\u0103. Afla\u021bi mai multe \u0219i\u00a0plasa\u021bi o\u00a0comand\u0103 pe\u00a0Cactus.md pentru a\u00a0experimenta toate beneficiile acestui ceas inteligent. Ceasurile noastre v\u0103\u00a0pot \u00eembun\u0103t\u0103\u021bi cu\u00a0adev\u0103rat via\u021ba.<\/p>","protected":false},"excerpt":{"rendered":"<p>\u041a\u043e\u0434 \u0442\u043e\u0432\u0430\u0440\u0430 :<\/p>\n<p>15587<\/p>","protected":false},"featured_media":52927,"comment_status":"open","ping_status":"closed","template":"","meta":[],"product_cat":[171],"product_tag":[],"class_list":{"0":"post-15587","1":"product","2":"type-product","3":"status-publish","4":"has-post-thumbnail","6":"product_cat-smart-watch","8":"first","9":"instock","10":"taxable","11":"shipping-taxable","12":"purchasable","13":"product-type-simple"},"yoast_head":"<!-- This site is optimized with the Yoast SEO plugin v23.9 - https:\/\/yoast.com\/wordpress\/plugins\/seo\/ -->\n<title>Apple Watch SE (2023) GPS 40mm MRE03 Midnight Aluminium Case, Midnight Sport Loop - Gorilla ELECTRONICS<\/title>\n<meta name=\"description\" content=\"\u041a\u0443\u043f\u0438\u0442\u0435 Apple Watch SE (2023) GPS 40mm MRE03 Midnight Aluminium Case, Midnight Sport Loop \u043f\u043e \u043d\u0438\u0437\u043a\u043e\u0439 \u0446\u0435\u043d\u0435 \u043d\u0430 Gorilla ELECTRONICS \u0432 \u041c\u043e\u043b\u0434\u043e\u0432\u0435! \u0411\u044b\u0441\u0442\u0440\u0430\u044f \u0434\u043e\u0441\u0442\u0430\u0432\u043a\u0430, \u0433\u0430\u0440\u0430\u043d\u0442\u0438\u044f. \u0412\u044b\u0433\u043e\u0434\u043d\u044b\u0435 \u043f\u0440\u0435\u0434\u043b\u043e\u0436\u0435\u043d\u0438\u044f!\" \/>\n<meta name=\"robots\" content=\"index, follow, max-snippet:-1, max-image-preview:large, max-video-preview:-1\" \/>\n<link rel=\"canonical\" href=\"https:\/\/gorilla.md\/ru\/product\/apple-watch-se-2023-gps-40mm-mre03-midnight-aluminium-case-midnight-sport-loop\/\" \/>\n<meta property=\"og:locale\" content=\"ru_RU\" \/>\n<meta property=\"og:type\" content=\"article\" \/>\n<meta property=\"og:title\" content=\"Apple Watch SE (2023) GPS 40mm MRE03 Midnight Aluminium Case, Midnight Sport Loop - Gorilla ELECTRONICS\" \/>\n<meta property=\"og:description\" content=\"\u041a\u0443\u043f\u0438\u0442\u0435 Apple Watch SE (2023) GPS 40mm MRE03 Midnight Aluminium Case, Midnight Sport Loop \u043f\u043e \u043d\u0438\u0437\u043a\u043e\u0439 \u0446\u0435\u043d\u0435 \u043d\u0430 Gorilla ELECTRONICS \u0432 \u041c\u043e\u043b\u0434\u043e\u0432\u0435! \u0411\u044b\u0441\u0442\u0440\u0430\u044f \u0434\u043e\u0441\u0442\u0430\u0432\u043a\u0430, \u0433\u0430\u0440\u0430\u043d\u0442\u0438\u044f. \u0412\u044b\u0433\u043e\u0434\u043d\u044b\u0435 \u043f\u0440\u0435\u0434\u043b\u043e\u0436\u0435\u043d\u0438\u044f!\" \/>\n<meta property=\"og:url\" content=\"https:\/\/gorilla.md\/ru\/product\/apple-watch-se-2023-gps-40mm-mre03-midnight-aluminium-case-midnight-sport-loop\/\" \/>\n<meta property=\"og:site_name\" content=\"Gorilla ELECTRONICS\" \/>\n<meta property=\"article:publisher\" content=\"https:\/\/www.facebook.com\/www.gorilla.md\" \/>\n<meta property=\"article:modified_time\" content=\"2026-04-24T14:52:30+00:00\" \/>\n<meta property=\"og:image\" content=\"https:\/\/gorilla.md\/wp-content\/uploads\/2023\/10\/i-3-19.webp\" \/>\n\t<meta property=\"og:image:width\" content=\"500\" \/>\n\t<meta property=\"og:image:height\" content=\"500\" \/>\n\t<meta property=\"og:image:type\" content=\"image\/webp\" \/>\n<meta name=\"twitter:card\" content=\"summary_large_image\" \/>\n<meta name=\"twitter:label1\" content=\"\u041f\u0440\u0438\u043c\u0435\u0440\u043d\u043e\u0435 \u0432\u0440\u0435\u043c\u044f \u0434\u043b\u044f \u0447\u0442\u0435\u043d\u0438\u044f\" \/>\n\t<meta name=\"twitter:data1\" content=\"4 \u043c\u0438\u043d\u0443\u0442\u044b\" \/>\n<script type=\"application\/ld+json\" class=\"yoast-schema-graph\">{\"@context\":\"https:\/\/schema.org\",\"@graph\":[{\"@type\":\"WebPage\",\"@id\":\"https:\/\/gorilla.md\/produs\/apple-watch-se-2023-gps-40mm-mre03-midnight-aluminium-case-midnight-sport-loop\/\",\"url\":\"https:\/\/gorilla.md\/produs\/apple-watch-se-2023-gps-40mm-mre03-midnight-aluminium-case-midnight-sport-loop\/\",\"name\":\"Apple Watch SE (2023) GPS 40mm MRE03 Midnight Aluminium Case, Midnight Sport Loop - Gorilla ELECTRONICS\",\"isPartOf\":{\"@id\":\"https:\/\/gorilla.md\/#website\"},\"primaryImageOfPage\":{\"@id\":\"https:\/\/gorilla.md\/produs\/apple-watch-se-2023-gps-40mm-mre03-midnight-aluminium-case-midnight-sport-loop\/#primaryimage\"},\"image\":{\"@id\":\"https:\/\/gorilla.md\/produs\/apple-watch-se-2023-gps-40mm-mre03-midnight-aluminium-case-midnight-sport-loop\/#primaryimage\"},\"thumbnailUrl\":\"https:\/\/gorilla.md\/wp-content\/uploads\/2023\/10\/i-3-19.webp\",\"datePublished\":\"2023-10-12T09:08:18+00:00\",\"dateModified\":\"2026-04-24T14:52:30+00:00\",\"description\":\"\u041a\u0443\u043f\u0438\u0442\u0435 Apple Watch SE (2023) GPS 40mm MRE03 Midnight Aluminium Case, Midnight Sport Loop \u043f\u043e \u043d\u0438\u0437\u043a\u043e\u0439 \u0446\u0435\u043d\u0435 \u043d\u0430 Gorilla ELECTRONICS \u0432 \u041c\u043e\u043b\u0434\u043e\u0432\u0435! \u0411\u044b\u0441\u0442\u0440\u0430\u044f \u0434\u043e\u0441\u0442\u0430\u0432\u043a\u0430, \u0433\u0430\u0440\u0430\u043d\u0442\u0438\u044f. \u0412\u044b\u0433\u043e\u0434\u043d\u044b\u0435 \u043f\u0440\u0435\u0434\u043b\u043e\u0436\u0435\u043d\u0438\u044f!\",\"breadcrumb\":{\"@id\":\"https:\/\/gorilla.md\/produs\/apple-watch-se-2023-gps-40mm-mre03-midnight-aluminium-case-midnight-sport-loop\/#breadcrumb\"},\"inLanguage\":\"ru-RU\",\"potentialAction\":[{\"@type\":\"ReadAction\",\"target\":[\"https:\/\/gorilla.md\/produs\/apple-watch-se-2023-gps-40mm-mre03-midnight-aluminium-case-midnight-sport-loop\/\"]}]},{\"@type\":\"ImageObject\",\"inLanguage\":\"ru-RU\",\"@id\":\"https:\/\/gorilla.md\/produs\/apple-watch-se-2023-gps-40mm-mre03-midnight-aluminium-case-midnight-sport-loop\/#primaryimage\",\"url\":\"https:\/\/gorilla.md\/wp-content\/uploads\/2023\/10\/i-3-19.webp\",\"contentUrl\":\"https:\/\/gorilla.md\/wp-content\/uploads\/2023\/10\/i-3-19.webp\",\"width\":500,\"height\":500},{\"@type\":\"BreadcrumbList\",\"@id\":\"https:\/\/gorilla.md\/produs\/apple-watch-se-2023-gps-40mm-mre03-midnight-aluminium-case-midnight-sport-loop\/#breadcrumb\",\"itemListElement\":[{\"@type\":\"ListItem\",\"position\":1,\"name\":\"Magazin\",\"item\":\"https:\/\/gorilla.md\/magazin\/\"},{\"@type\":\"ListItem\",\"position\":2,\"name\":\"Apple Watch SE (2023) GPS 40mm MRE03 Midnight Aluminium Case, Midnight Sport Loop\"}]},{\"@type\":\"WebSite\",\"@id\":\"https:\/\/gorilla.md\/#website\",\"url\":\"https:\/\/gorilla.md\/\",\"name\":\"Gorilla ELECTRONICS\",\"description\":\"Online Magazin \u00een Moldova\",\"publisher\":{\"@id\":\"https:\/\/gorilla.md\/#organization\"},\"potentialAction\":[{\"@type\":\"SearchAction\",\"target\":{\"@type\":\"EntryPoint\",\"urlTemplate\":\"https:\/\/gorilla.md\/?s={search_term_string}\"},\"query-input\":{\"@type\":\"PropertyValueSpecification\",\"valueRequired\":true,\"valueName\":\"search_term_string\"}}],\"inLanguage\":\"ru-RU\"},{\"@type\":\"Organization\",\"@id\":\"https:\/\/gorilla.md\/#organization\",\"name\":\"Gorilla ELECTRONICS\",\"url\":\"https:\/\/gorilla.md\/\",\"logo\":{\"@type\":\"ImageObject\",\"inLanguage\":\"ru-RU\",\"@id\":\"https:\/\/gorilla.md\/#\/schema\/logo\/image\/\",\"url\":\"https:\/\/gorilla.md\/wp-content\/uploads\/2023\/08\/logo-g.png\",\"contentUrl\":\"https:\/\/gorilla.md\/wp-content\/uploads\/2023\/08\/logo-g.png\",\"width\":200,\"height\":200,\"caption\":\"Gorilla ELECTRONICS\"},\"image\":{\"@id\":\"https:\/\/gorilla.md\/#\/schema\/logo\/image\/\"},\"sameAs\":[\"https:\/\/www.facebook.com\/www.gorilla.md\"]}]}<\/script>\n<!-- \/ Yoast SEO plugin. -->","yoast_head_json":{"title":"Apple Watch SE (2023) GPS 40mm MRE03 Midnight Aluminium Case, Midnight Sport Loop - Gorilla ELECTRONICS","description":"\u041a\u0443\u043f\u0438\u0442\u0435 Apple Watch SE (2023) GPS 40mm MRE03 Midnight Aluminium Case, Midnight Sport Loop \u043f\u043e \u043d\u0438\u0437\u043a\u043e\u0439 \u0446\u0435\u043d\u0435 \u043d\u0430 Gorilla ELECTRONICS \u0432 \u041c\u043e\u043b\u0434\u043e\u0432\u0435! \u0411\u044b\u0441\u0442\u0440\u0430\u044f \u0434\u043e\u0441\u0442\u0430\u0432\u043a\u0430, \u0433\u0430\u0440\u0430\u043d\u0442\u0438\u044f. \u0412\u044b\u0433\u043e\u0434\u043d\u044b\u0435 \u043f\u0440\u0435\u0434\u043b\u043e\u0436\u0435\u043d\u0438\u044f!","robots":{"index":"index","follow":"follow","max-snippet":"max-snippet:-1","max-image-preview":"max-image-preview:large","max-video-preview":"max-video-preview:-1"},"canonical":"https:\/\/gorilla.md\/ru\/product\/apple-watch-se-2023-gps-40mm-mre03-midnight-aluminium-case-midnight-sport-loop\/","og_locale":"ru_RU","og_type":"article","og_title":"Apple Watch SE (2023) GPS 40mm MRE03 Midnight Aluminium Case, Midnight Sport Loop - Gorilla ELECTRONICS","og_description":"\u041a\u0443\u043f\u0438\u0442\u0435 Apple Watch SE (2023) GPS 40mm MRE03 Midnight Aluminium Case, Midnight Sport Loop \u043f\u043e \u043d\u0438\u0437\u043a\u043e\u0439 \u0446\u0435\u043d\u0435 \u043d\u0430 Gorilla ELECTRONICS \u0432 \u041c\u043e\u043b\u0434\u043e\u0432\u0435! \u0411\u044b\u0441\u0442\u0440\u0430\u044f \u0434\u043e\u0441\u0442\u0430\u0432\u043a\u0430, \u0433\u0430\u0440\u0430\u043d\u0442\u0438\u044f. \u0412\u044b\u0433\u043e\u0434\u043d\u044b\u0435 \u043f\u0440\u0435\u0434\u043b\u043e\u0436\u0435\u043d\u0438\u044f!","og_url":"https:\/\/gorilla.md\/ru\/product\/apple-watch-se-2023-gps-40mm-mre03-midnight-aluminium-case-midnight-sport-loop\/","og_site_name":"Gorilla ELECTRONICS","article_publisher":"https:\/\/www.facebook.com\/www.gorilla.md","article_modified_time":"2026-04-24T14:52:30+00:00","og_image":[{"width":500,"height":500,"url":"https:\/\/gorilla.md\/wp-content\/uploads\/2023\/10\/i-3-19.webp","type":"image\/webp"}],"twitter_card":"summary_large_image","twitter_misc":{"\u041f\u0440\u0438\u043c\u0435\u0440\u043d\u043e\u0435 \u0432\u0440\u0435\u043c\u044f \u0434\u043b\u044f \u0447\u0442\u0435\u043d\u0438\u044f":"4 \u043c\u0438\u043d\u0443\u0442\u044b"},"schema":{"@context":"https:\/\/schema.org","@graph":[{"@type":"WebPage","@id":"https:\/\/gorilla.md\/produs\/apple-watch-se-2023-gps-40mm-mre03-midnight-aluminium-case-midnight-sport-loop\/","url":"https:\/\/gorilla.md\/produs\/apple-watch-se-2023-gps-40mm-mre03-midnight-aluminium-case-midnight-sport-loop\/","name":"Apple Watch SE (2023) GPS 40mm MRE03 Midnight Aluminium Case, Midnight Sport Loop - Gorilla ELECTRONICS","isPartOf":{"@id":"https:\/\/gorilla.md\/#website"},"primaryImageOfPage":{"@id":"https:\/\/gorilla.md\/produs\/apple-watch-se-2023-gps-40mm-mre03-midnight-aluminium-case-midnight-sport-loop\/#primaryimage"},"image":{"@id":"https:\/\/gorilla.md\/produs\/apple-watch-se-2023-gps-40mm-mre03-midnight-aluminium-case-midnight-sport-loop\/#primaryimage"},"thumbnailUrl":"https:\/\/gorilla.md\/wp-content\/uploads\/2023\/10\/i-3-19.webp","datePublished":"2023-10-12T09:08:18+00:00","dateModified":"2026-04-24T14:52:30+00:00","description":"\u041a\u0443\u043f\u0438\u0442\u0435 Apple Watch SE (2023) GPS 40mm MRE03 Midnight Aluminium Case, Midnight Sport Loop \u043f\u043e \u043d\u0438\u0437\u043a\u043e\u0439 \u0446\u0435\u043d\u0435 \u043d\u0430 Gorilla ELECTRONICS \u0432 \u041c\u043e\u043b\u0434\u043e\u0432\u0435! \u0411\u044b\u0441\u0442\u0440\u0430\u044f \u0434\u043e\u0441\u0442\u0430\u0432\u043a\u0430, \u0433\u0430\u0440\u0430\u043d\u0442\u0438\u044f. \u0412\u044b\u0433\u043e\u0434\u043d\u044b\u0435 \u043f\u0440\u0435\u0434\u043b\u043e\u0436\u0435\u043d\u0438\u044f!","breadcrumb":{"@id":"https:\/\/gorilla.md\/produs\/apple-watch-se-2023-gps-40mm-mre03-midnight-aluminium-case-midnight-sport-loop\/#breadcrumb"},"inLanguage":"ru-RU","potentialAction":[{"@type":"ReadAction","target":["https:\/\/gorilla.md\/produs\/apple-watch-se-2023-gps-40mm-mre03-midnight-aluminium-case-midnight-sport-loop\/"]}]},{"@type":"ImageObject","inLanguage":"ru-RU","@id":"https:\/\/gorilla.md\/produs\/apple-watch-se-2023-gps-40mm-mre03-midnight-aluminium-case-midnight-sport-loop\/#primaryimage","url":"https:\/\/gorilla.md\/wp-content\/uploads\/2023\/10\/i-3-19.webp","contentUrl":"https:\/\/gorilla.md\/wp-content\/uploads\/2023\/10\/i-3-19.webp","width":500,"height":500},{"@type":"BreadcrumbList","@id":"https:\/\/gorilla.md\/produs\/apple-watch-se-2023-gps-40mm-mre03-midnight-aluminium-case-midnight-sport-loop\/#breadcrumb","itemListElement":[{"@type":"ListItem","position":1,"name":"Magazin","item":"https:\/\/gorilla.md\/magazin\/"},{"@type":"ListItem","position":2,"name":"Apple Watch SE (2023) GPS 40mm MRE03 Midnight Aluminium Case, Midnight Sport Loop"}]},{"@type":"WebSite","@id":"https:\/\/gorilla.md\/#website","url":"https:\/\/gorilla.md\/","name":"Gorilla ELECTRONICS","description":"Online Magazin \u00een Moldova","publisher":{"@id":"https:\/\/gorilla.md\/#organization"},"potentialAction":[{"@type":"SearchAction","target":{"@type":"EntryPoint","urlTemplate":"https:\/\/gorilla.md\/?s={search_term_string}"},"query-input":{"@type":"PropertyValueSpecification","valueRequired":true,"valueName":"search_term_string"}}],"inLanguage":"ru-RU"},{"@type":"Organization","@id":"https:\/\/gorilla.md\/#organization","name":"Gorilla ELECTRONICS","url":"https:\/\/gorilla.md\/","logo":{"@type":"ImageObject","inLanguage":"ru-RU","@id":"https:\/\/gorilla.md\/#\/schema\/logo\/image\/","url":"https:\/\/gorilla.md\/wp-content\/uploads\/2023\/08\/logo-g.png","contentUrl":"https:\/\/gorilla.md\/wp-content\/uploads\/2023\/08\/logo-g.png","width":200,"height":200,"caption":"Gorilla ELECTRONICS"},"image":{"@id":"https:\/\/gorilla.md\/#\/schema\/logo\/image\/"},"sameAs":["https:\/\/www.facebook.com\/www.gorilla.md"]}]}},"_links":{"self":[{"href":"https:\/\/gorilla.md\/ru\/wp-json\/wp\/v2\/product\/15587","targetHints":{"allow":["GET"]}}],"collection":[{"href":"https:\/\/gorilla.md\/ru\/wp-json\/wp\/v2\/product"}],"about":[{"href":"https:\/\/gorilla.md\/ru\/wp-json\/wp\/v2\/types\/product"}],"replies":[{"embeddable":true,"href":"https:\/\/gorilla.md\/ru\/wp-json\/wp\/v2\/comments?post=15587"}],"wp:featuredmedia":[{"embeddable":true,"href":"https:\/\/gorilla.md\/ru\/wp-json\/wp\/v2\/media\/52927"}],"wp:attachment":[{"href":"https:\/\/gorilla.md\/ru\/wp-json\/wp\/v2\/media?parent=15587"}],"wp:term":[{"taxonomy":"product_cat","embeddable":true,"href":"https:\/\/gorilla.md\/ru\/wp-json\/wp\/v2\/product_cat?post=15587"},{"taxonomy":"product_tag","embeddable":true,"href":"https:\/\/gorilla.md\/ru\/wp-json\/wp\/v2\/product_tag?post=15587"}],"curies":[{"name":"wp","href":"https:\/\/api.w.org\/{rel}","templated":true}]}}