{"id":15582,"date":"2023-10-11T14:20:27","date_gmt":"2023-10-11T14:20:27","guid":{"rendered":"https:\/\/gorilla.md\/?post_type=product&#038;p=15582"},"modified":"2026-05-11T14:53:38","modified_gmt":"2026-05-11T14:53:38","slug":"monitor-apple-pro-display-xdr-mwpf2z-a-32-6k-retina-nano-texture-glass-argintiu","status":"publish","type":"product","link":"https:\/\/gorilla.md\/ru\/product\/monitor-apple-pro-display-xdr-mwpf2z-a-32-6k-retina-nano-texture-glass-argintiu\/","title":{"rendered":"\u041c\u043e\u043d\u0438\u0442\u043e\u0440 APPLE Pro Display XDR mwpf2z\/a, 32\u2033 6K Retina, Nano-texture glass, argintiu"},"content":{"rendered":"<p>Tehnologia inovatoare High Dynamic Range (HDR) revolu\u021bioneaz\u0103 ideea de\u00a0luminozitate, contrast \u0219i\u00a0reproducere a\u00a0culorilor pe\u00a0ecran. Pro Display XDR duce aceast\u0103 idee la\u00a0nivelul XDR, oferind 1000 nits de\u00a0luminozitate constant\u0103 cu\u00a0o\u00a0luminozitate maxim\u0103 de\u00a01600\u00a0nits. Aceast\u0103 \u00eembun\u0103t\u0103\u021bire revolu\u021bionar\u0103 ofer\u0103 un\u00a0contrast uimitor \u0219i\u00a0imagini realiste.<\/p>\n<p>Pro Display XDR accept\u0103 o\u00a0gam\u0103 larg\u0103 cromatic\u0103\u00a0P3, produc\u00e2nd culori bogate \u0219i\u00a0vibrante. Cu\u00a0culori pe\u00a010\u00a0bi\u021bi, este capabil s\u0103\u00a0afi\u0219eze peste un\u00a0miliard de\u00a0culori cu\u00a0o\u00a0acurate\u021be remarcabil\u0103.<\/p>\n<p>Unghiurile de\u00a0vizualizare ultra-large datorit\u0103 tehnologiei de\u00a0polarizare asigur\u0103 un\u00a0contrast \u0219i\u00a0o\u00a0reproducere a\u00a0culorilor care r\u0103m\u00e2ne de\u00a0neegalat. Cu\u00a0XDR ob\u021bine\u021bi un\u00a0contrast \u00een\u00a0afara axei de\u00a025\u00a0ori mai bun dec\u00e2t LCD-urile conven\u021bionale.<\/p>\n<p>Pro Display XDR este proiectat pentru a\u00a0minimiza reflexiile \u0219i\u00a0str\u0103lucirea, oferind \u00een\u00a0acela\u0219i timp o\u00a0calitate superioar\u0103 a\u00a0imaginii. Pentru mediile cu\u00a0iluminare necontrolat\u0103, este disponibil\u0103 o\u00a0versiune mat\u0103 cu\u00a0sticl\u0103 nano-texturat\u0103 care difuzeaz\u0103 lumina \u0219i\u00a0minimizeaz\u0103 str\u0103lucirea.<\/p>\n<p>Cu\u00a0\u00een\u0103l\u021bime, \u00eenclinare \u0219i\u00a0rota\u021bie, Pro Stand se\u00a0adapteaz\u0103 la\u00a0orice mediu de\u00a0vizionare. Reglarea precis\u0103 a\u00a0\u00een\u0103l\u021bimii \u0219i\u00a0a\u00a0unghiului v\u0103\u00a0permite s\u0103\u00a0personaliza\u021bi ecranul pentru a\u00a0se\u00a0potrivi cerin\u021belor dumneavoastr\u0103.<\/p>\n<p>Pro Stand ofer\u0103 posibilitatea de\u00a0a\u00a0comuta \u00eentre modurile peisaj \u0219i\u00a0portret pentru o\u00a0vizualizare optim\u0103. Acest lucru este util \u00een\u00a0special pentru dezvoltatori, fotografi \u0219i\u00a0compozitori.<\/p>\n<p>Conectorul magnetic al\u00a0Pro Stand permite instalarea \u0219i\u00a0\u00eendep\u0103rtarea u\u0219oar\u0103.\u00a0<b>Adaptorul VESA v\u0103\u00a0permite s\u0103\u00a0monta\u021bi rapid \u0219i\u00a0u\u0219or monitorul dvs. Adaptorul VESA \u0219i\u00a0Apple Pro Stand sunt v\u00e2ndute separat!<\/b><\/p>\n<p>Pe\u00a0Cactus.md ve\u021bi g\u0103si monitorul APPLE Pro Display XDR mwpf2z\/a, care v\u0103\u00a0va\u00a0oferi o\u00a0calitate remarcabil\u0103 a\u00a0imaginii \u0219i\u00a0capacitatea de\u00a0a\u00a0v\u0103\u00a0adapta nevoilor dumneavoastr\u0103. \u00cembun\u0103t\u0103\u021bi\u021bi-v\u0103 experien\u021ba de\u00a0calcul cu\u00a0noi!<\/p>\n<p>&nbsp;<\/p>\n<p><span data-mce-type=\"bookmark\" style=\"display: inline-block;width: 0px;overflow: hidden;line-height: 0\" class=\"mce_SELRES_start\"><\/span><\/p>","protected":false},"excerpt":{"rendered":"<p>\u041a\u043e\u0434 \u0442\u043e\u0432\u0430\u0440\u0430:<\/p>\n<p>15582<\/p>","protected":false},"featured_media":52862,"comment_status":"open","ping_status":"closed","template":"","meta":[],"product_cat":[167],"product_tag":[],"class_list":{"0":"post-15582","1":"product","2":"type-product","3":"status-publish","4":"has-post-thumbnail","6":"product_cat-monitoare","7":"pa_brands-apple","9":"first","10":"instock","11":"taxable","12":"shipping-taxable","13":"purchasable","14":"product-type-simple"},"yoast_head":"<!-- This site is optimized with the Yoast SEO plugin v23.9 - https:\/\/yoast.com\/wordpress\/plugins\/seo\/ -->\n<title>Monitor APPLE Pro Display XDR mwpf2z\/a, 32&quot; 6K Retina, Nano-texture glass, argintiu - Gorilla ELECTRONICS<\/title>\n<meta name=\"description\" content=\"\u041a\u0443\u043f\u0438\u0442\u0435 Monitor APPLE Pro Display XDR mwpf2z\/a, 32&quot; 6K Retina, Nano-texture glass, argintiu \u043f\u043e \u043d\u0438\u0437\u043a\u043e\u0439 \u0446\u0435\u043d\u0435 \u043d\u0430 Gorilla ELECTRONICS \u0432 \u041c\u043e\u043b\u0434\u043e\u0432\u0435! \u0411\u044b\u0441\u0442\u0440\u0430\u044f \u0434\u043e\u0441\u0442\u0430\u0432\u043a\u0430, \u0433\u0430\u0440\u0430\u043d\u0442\u0438\u044f. \u0412\u044b\u0433\u043e\u0434\u043d\u044b\u0435 \u043f\u0440\u0435\u0434\u043b\u043e\u0436\u0435\u043d\u0438\u044f!\" \/>\n<meta name=\"robots\" content=\"index, follow, max-snippet:-1, max-image-preview:large, max-video-preview:-1\" \/>\n<link rel=\"canonical\" href=\"https:\/\/gorilla.md\/ru\/product\/monitor-apple-pro-display-xdr-mwpf2z-a-32-6k-retina-nano-texture-glass-argintiu\/\" \/>\n<meta property=\"og:locale\" content=\"ru_RU\" \/>\n<meta property=\"og:type\" content=\"article\" \/>\n<meta property=\"og:title\" content=\"Monitor APPLE Pro Display XDR mwpf2z\/a, 32&quot; 6K Retina, Nano-texture glass, argintiu - Gorilla ELECTRONICS\" \/>\n<meta property=\"og:description\" content=\"\u041a\u0443\u043f\u0438\u0442\u0435 Monitor APPLE Pro Display XDR mwpf2z\/a, 32&quot; 6K Retina, Nano-texture glass, argintiu \u043f\u043e \u043d\u0438\u0437\u043a\u043e\u0439 \u0446\u0435\u043d\u0435 \u043d\u0430 Gorilla ELECTRONICS \u0432 \u041c\u043e\u043b\u0434\u043e\u0432\u0435! \u0411\u044b\u0441\u0442\u0440\u0430\u044f \u0434\u043e\u0441\u0442\u0430\u0432\u043a\u0430, \u0433\u0430\u0440\u0430\u043d\u0442\u0438\u044f. \u0412\u044b\u0433\u043e\u0434\u043d\u044b\u0435 \u043f\u0440\u0435\u0434\u043b\u043e\u0436\u0435\u043d\u0438\u044f!\" \/>\n<meta property=\"og:url\" content=\"https:\/\/gorilla.md\/ru\/product\/monitor-apple-pro-display-xdr-mwpf2z-a-32-6k-retina-nano-texture-glass-argintiu\/\" \/>\n<meta property=\"og:site_name\" content=\"Gorilla ELECTRONICS\" \/>\n<meta property=\"article:publisher\" content=\"https:\/\/www.facebook.com\/www.gorilla.md\" \/>\n<meta property=\"article:modified_time\" content=\"2026-05-11T14:53:38+00:00\" \/>\n<meta property=\"og:image\" content=\"https:\/\/gorilla.md\/wp-content\/uploads\/2023\/10\/i-19.webp\" \/>\n\t<meta property=\"og:image:width\" content=\"500\" \/>\n\t<meta property=\"og:image:height\" content=\"500\" \/>\n\t<meta property=\"og:image:type\" content=\"image\/webp\" \/>\n<meta name=\"twitter:card\" content=\"summary_large_image\" \/>\n<meta name=\"twitter:label1\" content=\"\u041f\u0440\u0438\u043c\u0435\u0440\u043d\u043e\u0435 \u0432\u0440\u0435\u043c\u044f \u0434\u043b\u044f \u0447\u0442\u0435\u043d\u0438\u044f\" \/>\n\t<meta name=\"twitter:data1\" content=\"2 \u043c\u0438\u043d\u0443\u0442\u044b\" \/>\n<script type=\"application\/ld+json\" class=\"yoast-schema-graph\">{\"@context\":\"https:\/\/schema.org\",\"@graph\":[{\"@type\":\"WebPage\",\"@id\":\"https:\/\/gorilla.md\/produs\/monitor-apple-pro-display-xdr-mwpf2z-a-32-6k-retina-nano-texture-glass-argintiu\/\",\"url\":\"https:\/\/gorilla.md\/produs\/monitor-apple-pro-display-xdr-mwpf2z-a-32-6k-retina-nano-texture-glass-argintiu\/\",\"name\":\"Monitor APPLE Pro Display XDR mwpf2z\/a, 32\\\" 6K Retina, Nano-texture glass, argintiu - Gorilla ELECTRONICS\",\"isPartOf\":{\"@id\":\"https:\/\/gorilla.md\/#website\"},\"primaryImageOfPage\":{\"@id\":\"https:\/\/gorilla.md\/produs\/monitor-apple-pro-display-xdr-mwpf2z-a-32-6k-retina-nano-texture-glass-argintiu\/#primaryimage\"},\"image\":{\"@id\":\"https:\/\/gorilla.md\/produs\/monitor-apple-pro-display-xdr-mwpf2z-a-32-6k-retina-nano-texture-glass-argintiu\/#primaryimage\"},\"thumbnailUrl\":\"https:\/\/gorilla.md\/wp-content\/uploads\/2023\/10\/i-19.webp\",\"datePublished\":\"2023-10-11T14:20:27+00:00\",\"dateModified\":\"2026-05-11T14:53:38+00:00\",\"description\":\"\u041a\u0443\u043f\u0438\u0442\u0435 Monitor APPLE Pro Display XDR mwpf2z\/a, 32\\\" 6K Retina, Nano-texture glass, argintiu \u043f\u043e \u043d\u0438\u0437\u043a\u043e\u0439 \u0446\u0435\u043d\u0435 \u043d\u0430 Gorilla ELECTRONICS \u0432 \u041c\u043e\u043b\u0434\u043e\u0432\u0435! \u0411\u044b\u0441\u0442\u0440\u0430\u044f \u0434\u043e\u0441\u0442\u0430\u0432\u043a\u0430, \u0433\u0430\u0440\u0430\u043d\u0442\u0438\u044f. \u0412\u044b\u0433\u043e\u0434\u043d\u044b\u0435 \u043f\u0440\u0435\u0434\u043b\u043e\u0436\u0435\u043d\u0438\u044f!\",\"breadcrumb\":{\"@id\":\"https:\/\/gorilla.md\/produs\/monitor-apple-pro-display-xdr-mwpf2z-a-32-6k-retina-nano-texture-glass-argintiu\/#breadcrumb\"},\"inLanguage\":\"ru-RU\",\"potentialAction\":[{\"@type\":\"ReadAction\",\"target\":[\"https:\/\/gorilla.md\/produs\/monitor-apple-pro-display-xdr-mwpf2z-a-32-6k-retina-nano-texture-glass-argintiu\/\"]}]},{\"@type\":\"ImageObject\",\"inLanguage\":\"ru-RU\",\"@id\":\"https:\/\/gorilla.md\/produs\/monitor-apple-pro-display-xdr-mwpf2z-a-32-6k-retina-nano-texture-glass-argintiu\/#primaryimage\",\"url\":\"https:\/\/gorilla.md\/wp-content\/uploads\/2023\/10\/i-19.webp\",\"contentUrl\":\"https:\/\/gorilla.md\/wp-content\/uploads\/2023\/10\/i-19.webp\",\"width\":500,\"height\":500},{\"@type\":\"BreadcrumbList\",\"@id\":\"https:\/\/gorilla.md\/produs\/monitor-apple-pro-display-xdr-mwpf2z-a-32-6k-retina-nano-texture-glass-argintiu\/#breadcrumb\",\"itemListElement\":[{\"@type\":\"ListItem\",\"position\":1,\"name\":\"Magazin\",\"item\":\"https:\/\/gorilla.md\/magazin\/\"},{\"@type\":\"ListItem\",\"position\":2,\"name\":\"Monitor APPLE Pro Display XDR mwpf2z\/a, 32&#8243; 6K Retina, Nano-texture glass, argintiu\"}]},{\"@type\":\"WebSite\",\"@id\":\"https:\/\/gorilla.md\/#website\",\"url\":\"https:\/\/gorilla.md\/\",\"name\":\"Gorilla ELECTRONICS\",\"description\":\"Online Magazin \u00een Moldova\",\"publisher\":{\"@id\":\"https:\/\/gorilla.md\/#organization\"},\"potentialAction\":[{\"@type\":\"SearchAction\",\"target\":{\"@type\":\"EntryPoint\",\"urlTemplate\":\"https:\/\/gorilla.md\/?s={search_term_string}\"},\"query-input\":{\"@type\":\"PropertyValueSpecification\",\"valueRequired\":true,\"valueName\":\"search_term_string\"}}],\"inLanguage\":\"ru-RU\"},{\"@type\":\"Organization\",\"@id\":\"https:\/\/gorilla.md\/#organization\",\"name\":\"Gorilla ELECTRONICS\",\"url\":\"https:\/\/gorilla.md\/\",\"logo\":{\"@type\":\"ImageObject\",\"inLanguage\":\"ru-RU\",\"@id\":\"https:\/\/gorilla.md\/#\/schema\/logo\/image\/\",\"url\":\"https:\/\/gorilla.md\/wp-content\/uploads\/2023\/08\/logo-g.png\",\"contentUrl\":\"https:\/\/gorilla.md\/wp-content\/uploads\/2023\/08\/logo-g.png\",\"width\":200,\"height\":200,\"caption\":\"Gorilla ELECTRONICS\"},\"image\":{\"@id\":\"https:\/\/gorilla.md\/#\/schema\/logo\/image\/\"},\"sameAs\":[\"https:\/\/www.facebook.com\/www.gorilla.md\"]}]}<\/script>\n<!-- \/ Yoast SEO plugin. -->","yoast_head_json":{"title":"Monitor APPLE Pro Display XDR mwpf2z\/a, 32\" 6K Retina, Nano-texture glass, argintiu - Gorilla ELECTRONICS","description":"\u041a\u0443\u043f\u0438\u0442\u0435 Monitor APPLE Pro Display XDR mwpf2z\/a, 32\" 6K Retina, Nano-texture glass, argintiu \u043f\u043e \u043d\u0438\u0437\u043a\u043e\u0439 \u0446\u0435\u043d\u0435 \u043d\u0430 Gorilla ELECTRONICS \u0432 \u041c\u043e\u043b\u0434\u043e\u0432\u0435! \u0411\u044b\u0441\u0442\u0440\u0430\u044f \u0434\u043e\u0441\u0442\u0430\u0432\u043a\u0430, \u0433\u0430\u0440\u0430\u043d\u0442\u0438\u044f. \u0412\u044b\u0433\u043e\u0434\u043d\u044b\u0435 \u043f\u0440\u0435\u0434\u043b\u043e\u0436\u0435\u043d\u0438\u044f!","robots":{"index":"index","follow":"follow","max-snippet":"max-snippet:-1","max-image-preview":"max-image-preview:large","max-video-preview":"max-video-preview:-1"},"canonical":"https:\/\/gorilla.md\/ru\/product\/monitor-apple-pro-display-xdr-mwpf2z-a-32-6k-retina-nano-texture-glass-argintiu\/","og_locale":"ru_RU","og_type":"article","og_title":"Monitor APPLE Pro Display XDR mwpf2z\/a, 32\" 6K Retina, Nano-texture glass, argintiu - Gorilla ELECTRONICS","og_description":"\u041a\u0443\u043f\u0438\u0442\u0435 Monitor APPLE Pro Display XDR mwpf2z\/a, 32\" 6K Retina, Nano-texture glass, argintiu \u043f\u043e \u043d\u0438\u0437\u043a\u043e\u0439 \u0446\u0435\u043d\u0435 \u043d\u0430 Gorilla ELECTRONICS \u0432 \u041c\u043e\u043b\u0434\u043e\u0432\u0435! \u0411\u044b\u0441\u0442\u0440\u0430\u044f \u0434\u043e\u0441\u0442\u0430\u0432\u043a\u0430, \u0433\u0430\u0440\u0430\u043d\u0442\u0438\u044f. \u0412\u044b\u0433\u043e\u0434\u043d\u044b\u0435 \u043f\u0440\u0435\u0434\u043b\u043e\u0436\u0435\u043d\u0438\u044f!","og_url":"https:\/\/gorilla.md\/ru\/product\/monitor-apple-pro-display-xdr-mwpf2z-a-32-6k-retina-nano-texture-glass-argintiu\/","og_site_name":"Gorilla ELECTRONICS","article_publisher":"https:\/\/www.facebook.com\/www.gorilla.md","article_modified_time":"2026-05-11T14:53:38+00:00","og_image":[{"width":500,"height":500,"url":"https:\/\/gorilla.md\/wp-content\/uploads\/2023\/10\/i-19.webp","type":"image\/webp"}],"twitter_card":"summary_large_image","twitter_misc":{"\u041f\u0440\u0438\u043c\u0435\u0440\u043d\u043e\u0435 \u0432\u0440\u0435\u043c\u044f \u0434\u043b\u044f \u0447\u0442\u0435\u043d\u0438\u044f":"2 \u043c\u0438\u043d\u0443\u0442\u044b"},"schema":{"@context":"https:\/\/schema.org","@graph":[{"@type":"WebPage","@id":"https:\/\/gorilla.md\/produs\/monitor-apple-pro-display-xdr-mwpf2z-a-32-6k-retina-nano-texture-glass-argintiu\/","url":"https:\/\/gorilla.md\/produs\/monitor-apple-pro-display-xdr-mwpf2z-a-32-6k-retina-nano-texture-glass-argintiu\/","name":"Monitor APPLE Pro Display XDR mwpf2z\/a, 32\" 6K Retina, Nano-texture glass, argintiu - Gorilla ELECTRONICS","isPartOf":{"@id":"https:\/\/gorilla.md\/#website"},"primaryImageOfPage":{"@id":"https:\/\/gorilla.md\/produs\/monitor-apple-pro-display-xdr-mwpf2z-a-32-6k-retina-nano-texture-glass-argintiu\/#primaryimage"},"image":{"@id":"https:\/\/gorilla.md\/produs\/monitor-apple-pro-display-xdr-mwpf2z-a-32-6k-retina-nano-texture-glass-argintiu\/#primaryimage"},"thumbnailUrl":"https:\/\/gorilla.md\/wp-content\/uploads\/2023\/10\/i-19.webp","datePublished":"2023-10-11T14:20:27+00:00","dateModified":"2026-05-11T14:53:38+00:00","description":"\u041a\u0443\u043f\u0438\u0442\u0435 Monitor APPLE Pro Display XDR mwpf2z\/a, 32\" 6K Retina, Nano-texture glass, argintiu \u043f\u043e \u043d\u0438\u0437\u043a\u043e\u0439 \u0446\u0435\u043d\u0435 \u043d\u0430 Gorilla ELECTRONICS \u0432 \u041c\u043e\u043b\u0434\u043e\u0432\u0435! \u0411\u044b\u0441\u0442\u0440\u0430\u044f \u0434\u043e\u0441\u0442\u0430\u0432\u043a\u0430, \u0433\u0430\u0440\u0430\u043d\u0442\u0438\u044f. \u0412\u044b\u0433\u043e\u0434\u043d\u044b\u0435 \u043f\u0440\u0435\u0434\u043b\u043e\u0436\u0435\u043d\u0438\u044f!","breadcrumb":{"@id":"https:\/\/gorilla.md\/produs\/monitor-apple-pro-display-xdr-mwpf2z-a-32-6k-retina-nano-texture-glass-argintiu\/#breadcrumb"},"inLanguage":"ru-RU","potentialAction":[{"@type":"ReadAction","target":["https:\/\/gorilla.md\/produs\/monitor-apple-pro-display-xdr-mwpf2z-a-32-6k-retina-nano-texture-glass-argintiu\/"]}]},{"@type":"ImageObject","inLanguage":"ru-RU","@id":"https:\/\/gorilla.md\/produs\/monitor-apple-pro-display-xdr-mwpf2z-a-32-6k-retina-nano-texture-glass-argintiu\/#primaryimage","url":"https:\/\/gorilla.md\/wp-content\/uploads\/2023\/10\/i-19.webp","contentUrl":"https:\/\/gorilla.md\/wp-content\/uploads\/2023\/10\/i-19.webp","width":500,"height":500},{"@type":"BreadcrumbList","@id":"https:\/\/gorilla.md\/produs\/monitor-apple-pro-display-xdr-mwpf2z-a-32-6k-retina-nano-texture-glass-argintiu\/#breadcrumb","itemListElement":[{"@type":"ListItem","position":1,"name":"Magazin","item":"https:\/\/gorilla.md\/magazin\/"},{"@type":"ListItem","position":2,"name":"Monitor APPLE Pro Display XDR mwpf2z\/a, 32&#8243; 6K Retina, Nano-texture glass, argintiu"}]},{"@type":"WebSite","@id":"https:\/\/gorilla.md\/#website","url":"https:\/\/gorilla.md\/","name":"Gorilla ELECTRONICS","description":"Online Magazin \u00een Moldova","publisher":{"@id":"https:\/\/gorilla.md\/#organization"},"potentialAction":[{"@type":"SearchAction","target":{"@type":"EntryPoint","urlTemplate":"https:\/\/gorilla.md\/?s={search_term_string}"},"query-input":{"@type":"PropertyValueSpecification","valueRequired":true,"valueName":"search_term_string"}}],"inLanguage":"ru-RU"},{"@type":"Organization","@id":"https:\/\/gorilla.md\/#organization","name":"Gorilla ELECTRONICS","url":"https:\/\/gorilla.md\/","logo":{"@type":"ImageObject","inLanguage":"ru-RU","@id":"https:\/\/gorilla.md\/#\/schema\/logo\/image\/","url":"https:\/\/gorilla.md\/wp-content\/uploads\/2023\/08\/logo-g.png","contentUrl":"https:\/\/gorilla.md\/wp-content\/uploads\/2023\/08\/logo-g.png","width":200,"height":200,"caption":"Gorilla ELECTRONICS"},"image":{"@id":"https:\/\/gorilla.md\/#\/schema\/logo\/image\/"},"sameAs":["https:\/\/www.facebook.com\/www.gorilla.md"]}]}},"_links":{"self":[{"href":"https:\/\/gorilla.md\/ru\/wp-json\/wp\/v2\/product\/15582","targetHints":{"allow":["GET"]}}],"collection":[{"href":"https:\/\/gorilla.md\/ru\/wp-json\/wp\/v2\/product"}],"about":[{"href":"https:\/\/gorilla.md\/ru\/wp-json\/wp\/v2\/types\/product"}],"replies":[{"embeddable":true,"href":"https:\/\/gorilla.md\/ru\/wp-json\/wp\/v2\/comments?post=15582"}],"wp:featuredmedia":[{"embeddable":true,"href":"https:\/\/gorilla.md\/ru\/wp-json\/wp\/v2\/media\/52862"}],"wp:attachment":[{"href":"https:\/\/gorilla.md\/ru\/wp-json\/wp\/v2\/media?parent=15582"}],"wp:term":[{"taxonomy":"product_cat","embeddable":true,"href":"https:\/\/gorilla.md\/ru\/wp-json\/wp\/v2\/product_cat?post=15582"},{"taxonomy":"product_tag","embeddable":true,"href":"https:\/\/gorilla.md\/ru\/wp-json\/wp\/v2\/product_tag?post=15582"}],"curies":[{"name":"wp","href":"https:\/\/api.w.org\/{rel}","templated":true}]}}