{"id":15580,"date":"2023-10-11T14:20:25","date_gmt":"2023-10-11T14:20:25","guid":{"rendered":"https:\/\/gorilla.md\/?post_type=product&#038;p=15580"},"modified":"2026-04-07T11:27:54","modified_gmt":"2026-04-07T11:27:54","slug":"sistem-desktop-pc-apple-mac-studio-mjmv3ze-a-apple-m1-max-32gb-ssd-512gb-grafica-integrata-macos-monterey-int","status":"publish","type":"product","link":"https:\/\/gorilla.md\/ru\/product\/sistem-desktop-pc-apple-mac-studio-mjmv3ze-a-apple-m1-max-32gb-ssd-512gb-grafica-integrata-macos-monterey-int\/","title":{"rendered":"\u041c\u0438\u043d\u0438 \u041f\u041a APPLE Mac Studio mjmv3ze\/a, Apple M1 Max, 32GB, SSD 512GB, Grafica integrata, macOS Monterey \u2013 INT"},"content":{"rendered":"<p>Dori\u021bi s\u0103 v\u0103 duce\u021bi productivitatea la urm\u0103torul nivel? V\u0103 prezent\u0103m Mini PC Apple Mac Studio MJMV3ZE\/A, disponibil acum pe Gorilla. Acest computer incredibil de puternic v\u0103 va face s\u0103 lucra\u021bi mai eficient \u0219i mai productiv. Arunc\u0103 o privire la caracteristicile sale remarcabile:<\/p>\n<p>M1\u00a0Max: Procesor de\u00a0nou\u0103 genera\u021bie<\/p>\n<p>Apple Mac Studio MJMV3ZE\/A este alimentat de\u00a0procesorul M1\u00a0Max din familia de\u00a0procesoare Apple\u00a0M, oferind performan\u021be \u0219i\u00a0capacitate de\u00a0r\u0103spuns remarcabile pentru a\u00a0face totul.<\/p>\n<p>Cantitate mare de\u00a0memorie RAM<\/p>\n<p>Cu\u00a032\u00a0GB de\u00a0RAM, Apple Mac Studio MJMV3ZE\/A este proiectat s\u0103\u00a0proceseze date la\u00a0vitez\u0103 mare \u0219i\u00a0s\u0103\u00a0accepte multitasking.<\/p>\n<p>SSD rapid \u0219i\u00a0de\u00a0\u00eencredere<\/p>\n<p>Cu\u00a0un\u00a0spa\u021biu de\u00a0stocare complet de\u00a0512\u00a0GB oferit de\u00a0unitatea solid\u0103 (SSD), ve\u021bi avea acces rapid la\u00a0datele \u0219i\u00a0aplica\u021biile dvs.<\/p>\n<p>Cititor de\u00a0carduri \u00eencorporat<\/p>\n<p>Cu\u00a0un\u00a0cititor de\u00a0carduri \u00eencorporat, ve\u021bi putea \u00eentotdeauna s\u0103\u00a0citi\u021bi \u0219i\u00a0s\u0103\u00a0transfera\u021bi \u00een\u00a0mod convenabil date de\u00a0pe\u00a0cardurile dvs.\u00a0de\u00a0memorie.<\/p>\n<p>Apple GPU Graphics<\/p>\n<p>Apple Mac Studio MJMV3ZE\/A dispune de\u00a0grafic\u0103 Apple GPU integrat\u0103 puternic\u0103 pentru o\u00a0calitate remarcabil\u0103 a\u00a0imaginii \u0219i\u00a0suport pentru grafic\u0103 de\u00a0\u00eenalt\u0103 rezolu\u021bie.<\/p>\n<p>macOS Monterey INT \u0219i\u00a0tehnologii wireless<\/p>\n<p>Cu\u00a0sistemul de\u00a0operare macOS Monterey INT instalat, Apple Mac Studio MJMV3ZE\/A garanteaz\u0103 fiabilitate \u0219i\u00a0u\u0219urin\u021b\u0103 \u00een\u00a0utilizare. Suportul Wi-Fi asigur\u0103 o\u00a0conexiune rapid\u0103 la\u00a0internet.<\/p>\n<p>Sursa de\u00a0alimentare 370W<\/p>\n<p>Sursa de\u00a0alimentare de\u00a0370\u00a0W asigur\u0103 func\u021bionarea stabil\u0103 \u0219i\u00a0fiabil\u0103 a\u00a0Mini PC-ului dumneavoastr\u0103.<\/p>\n<p>Design elegant \u0219i\u00a0compact<\/p>\n<p>Acest Mini PC\u00a0are un\u00a0corp argintiu elegant, care v\u0103\u00a0va\u00a0eviden\u021bia gustul modern \u0219i\u00a0se\u00a0va\u00a0potrivi \u00een\u00a0orice interior.<\/p>\n<p>U\u0219oare \u0219i\u00a0portabile<\/p>\n<p>Cu\u00a0o\u00a0greutate de\u00a0numai 2,7\u00a0kg, Apple Mac Studio MJMV3ZE\/A este u\u0219or de\u00a0transportat \u0219i\u00a0instalat \u00een\u00a0diferite loca\u021bii.<\/p>\n<p>Comanda\u021bi Mini PC\u00a0Apple Mac Studio MJMV3ZE\/A de\u00a0pe\u00a0Cactus.md \u0219i\u00a0duce\u021bi-v\u0103 fluxul de\u00a0lucru la\u00a0un\u00a0nou nivel de\u00a0productivitate \u0219i\u00a0satisfac\u021bie. Aceasta este \u0219ansa ta\u00a0de\u00a0a-\u021bi \u00eembun\u0103t\u0103\u021bi experien\u021ba cu\u00a0tehnologia Apple.<\/p>","protected":false},"excerpt":{"rendered":"<p>\u041a\u043e\u0434 \u0442\u043e\u0432\u0430\u0440\u0430:<\/p>\n<p>15580<\/p>","protected":false},"featured_media":52871,"comment_status":"open","ping_status":"closed","template":"","meta":[],"product_cat":[166],"product_tag":[],"class_list":{"0":"post-15580","1":"product","2":"type-product","3":"status-publish","4":"has-post-thumbnail","6":"product_cat-mini-pc","7":"pa_brands-apple","9":"first","10":"instock","11":"taxable","12":"shipping-taxable","13":"purchasable","14":"product-type-simple"},"yoast_head":"<!-- This site is optimized with the Yoast SEO plugin v23.9 - https:\/\/yoast.com\/wordpress\/plugins\/seo\/ -->\n<title>Sistem Desktop PC APPLE Mac Studio mjmv3ze\/a, Apple M1 Max, 32GB, SSD 512GB, Grafica integrata, macOS Monterey - INT - Gorilla ELECTRONICS<\/title>\n<meta name=\"description\" content=\"\u041a\u0443\u043f\u0438\u0442\u0435 Sistem Desktop PC APPLE Mac Studio mjmv3ze\/a, Apple M1 Max, 32GB, SSD 512GB, Grafica integrata, macOS Monterey - INT \u043f\u043e \u043d\u0438\u0437\u043a\u043e\u0439 \u0446\u0435\u043d\u0435 \u043d\u0430 Gorilla ELECTRONICS \u0432 \u041c\u043e\u043b\u0434\u043e\u0432\u0435! \u0411\u044b\u0441\u0442\u0440\u0430\u044f \u0434\u043e\u0441\u0442\u0430\u0432\u043a\u0430, \u0433\u0430\u0440\u0430\u043d\u0442\u0438\u044f. \u0412\u044b\u0433\u043e\u0434\u043d\u044b\u0435 \u043f\u0440\u0435\u0434\u043b\u043e\u0436\u0435\u043d\u0438\u044f!\" \/>\n<meta name=\"robots\" content=\"index, follow, max-snippet:-1, max-image-preview:large, max-video-preview:-1\" \/>\n<link rel=\"canonical\" href=\"https:\/\/gorilla.md\/ru\/product\/sistem-desktop-pc-apple-mac-studio-mjmv3ze-a-apple-m1-max-32gb-ssd-512gb-grafica-integrata-macos-monterey-int\/\" \/>\n<meta property=\"og:locale\" content=\"ru_RU\" \/>\n<meta property=\"og:type\" content=\"article\" \/>\n<meta property=\"og:title\" content=\"Sistem Desktop PC APPLE Mac Studio mjmv3ze\/a, Apple M1 Max, 32GB, SSD 512GB, Grafica integrata, macOS Monterey - INT - Gorilla ELECTRONICS\" \/>\n<meta property=\"og:description\" content=\"\u041a\u0443\u043f\u0438\u0442\u0435 Sistem Desktop PC APPLE Mac Studio mjmv3ze\/a, Apple M1 Max, 32GB, SSD 512GB, Grafica integrata, macOS Monterey - INT \u043f\u043e \u043d\u0438\u0437\u043a\u043e\u0439 \u0446\u0435\u043d\u0435 \u043d\u0430 Gorilla ELECTRONICS \u0432 \u041c\u043e\u043b\u0434\u043e\u0432\u0435! \u0411\u044b\u0441\u0442\u0440\u0430\u044f \u0434\u043e\u0441\u0442\u0430\u0432\u043a\u0430, \u0433\u0430\u0440\u0430\u043d\u0442\u0438\u044f. \u0412\u044b\u0433\u043e\u0434\u043d\u044b\u0435 \u043f\u0440\u0435\u0434\u043b\u043e\u0436\u0435\u043d\u0438\u044f!\" \/>\n<meta property=\"og:url\" content=\"https:\/\/gorilla.md\/ru\/product\/sistem-desktop-pc-apple-mac-studio-mjmv3ze-a-apple-m1-max-32gb-ssd-512gb-grafica-integrata-macos-monterey-int\/\" \/>\n<meta property=\"og:site_name\" content=\"Gorilla ELECTRONICS\" \/>\n<meta property=\"article:publisher\" content=\"https:\/\/www.facebook.com\/www.gorilla.md\" \/>\n<meta property=\"article:modified_time\" content=\"2026-04-07T11:27:54+00:00\" \/>\n<meta property=\"og:image\" content=\"https:\/\/gorilla.md\/wp-content\/uploads\/2023\/10\/i-20.webp\" \/>\n\t<meta property=\"og:image:width\" content=\"500\" \/>\n\t<meta property=\"og:image:height\" content=\"500\" \/>\n\t<meta property=\"og:image:type\" content=\"image\/webp\" \/>\n<meta name=\"twitter:card\" content=\"summary_large_image\" \/>\n<meta name=\"twitter:label1\" content=\"\u041f\u0440\u0438\u043c\u0435\u0440\u043d\u043e\u0435 \u0432\u0440\u0435\u043c\u044f \u0434\u043b\u044f \u0447\u0442\u0435\u043d\u0438\u044f\" \/>\n\t<meta name=\"twitter:data1\" content=\"2 \u043c\u0438\u043d\u0443\u0442\u044b\" \/>\n<script type=\"application\/ld+json\" class=\"yoast-schema-graph\">{\"@context\":\"https:\/\/schema.org\",\"@graph\":[{\"@type\":\"WebPage\",\"@id\":\"https:\/\/gorilla.md\/produs\/sistem-desktop-pc-apple-mac-studio-mjmv3ze-a-apple-m1-max-32gb-ssd-512gb-grafica-integrata-macos-monterey-int\/\",\"url\":\"https:\/\/gorilla.md\/produs\/sistem-desktop-pc-apple-mac-studio-mjmv3ze-a-apple-m1-max-32gb-ssd-512gb-grafica-integrata-macos-monterey-int\/\",\"name\":\"Sistem Desktop PC APPLE Mac Studio mjmv3ze\/a, Apple M1 Max, 32GB, SSD 512GB, Grafica integrata, macOS Monterey - INT - Gorilla ELECTRONICS\",\"isPartOf\":{\"@id\":\"https:\/\/gorilla.md\/#website\"},\"primaryImageOfPage\":{\"@id\":\"https:\/\/gorilla.md\/produs\/sistem-desktop-pc-apple-mac-studio-mjmv3ze-a-apple-m1-max-32gb-ssd-512gb-grafica-integrata-macos-monterey-int\/#primaryimage\"},\"image\":{\"@id\":\"https:\/\/gorilla.md\/produs\/sistem-desktop-pc-apple-mac-studio-mjmv3ze-a-apple-m1-max-32gb-ssd-512gb-grafica-integrata-macos-monterey-int\/#primaryimage\"},\"thumbnailUrl\":\"https:\/\/gorilla.md\/wp-content\/uploads\/2023\/10\/i-20.webp\",\"datePublished\":\"2023-10-11T14:20:25+00:00\",\"dateModified\":\"2026-04-07T11:27:54+00:00\",\"description\":\"\u041a\u0443\u043f\u0438\u0442\u0435 Sistem Desktop PC APPLE Mac Studio mjmv3ze\/a, Apple M1 Max, 32GB, SSD 512GB, Grafica integrata, macOS Monterey - INT \u043f\u043e \u043d\u0438\u0437\u043a\u043e\u0439 \u0446\u0435\u043d\u0435 \u043d\u0430 Gorilla ELECTRONICS \u0432 \u041c\u043e\u043b\u0434\u043e\u0432\u0435! \u0411\u044b\u0441\u0442\u0440\u0430\u044f \u0434\u043e\u0441\u0442\u0430\u0432\u043a\u0430, \u0433\u0430\u0440\u0430\u043d\u0442\u0438\u044f. \u0412\u044b\u0433\u043e\u0434\u043d\u044b\u0435 \u043f\u0440\u0435\u0434\u043b\u043e\u0436\u0435\u043d\u0438\u044f!\",\"breadcrumb\":{\"@id\":\"https:\/\/gorilla.md\/produs\/sistem-desktop-pc-apple-mac-studio-mjmv3ze-a-apple-m1-max-32gb-ssd-512gb-grafica-integrata-macos-monterey-int\/#breadcrumb\"},\"inLanguage\":\"ru-RU\",\"potentialAction\":[{\"@type\":\"ReadAction\",\"target\":[\"https:\/\/gorilla.md\/produs\/sistem-desktop-pc-apple-mac-studio-mjmv3ze-a-apple-m1-max-32gb-ssd-512gb-grafica-integrata-macos-monterey-int\/\"]}]},{\"@type\":\"ImageObject\",\"inLanguage\":\"ru-RU\",\"@id\":\"https:\/\/gorilla.md\/produs\/sistem-desktop-pc-apple-mac-studio-mjmv3ze-a-apple-m1-max-32gb-ssd-512gb-grafica-integrata-macos-monterey-int\/#primaryimage\",\"url\":\"https:\/\/gorilla.md\/wp-content\/uploads\/2023\/10\/i-20.webp\",\"contentUrl\":\"https:\/\/gorilla.md\/wp-content\/uploads\/2023\/10\/i-20.webp\",\"width\":500,\"height\":500},{\"@type\":\"BreadcrumbList\",\"@id\":\"https:\/\/gorilla.md\/produs\/sistem-desktop-pc-apple-mac-studio-mjmv3ze-a-apple-m1-max-32gb-ssd-512gb-grafica-integrata-macos-monterey-int\/#breadcrumb\",\"itemListElement\":[{\"@type\":\"ListItem\",\"position\":1,\"name\":\"Magazin\",\"item\":\"https:\/\/gorilla.md\/magazin\/\"},{\"@type\":\"ListItem\",\"position\":2,\"name\":\"Sistem Desktop PC APPLE Mac Studio mjmv3ze\/a, Apple M1 Max, 32GB, SSD 512GB, Grafica integrata, macOS Monterey &#8211; INT\"}]},{\"@type\":\"WebSite\",\"@id\":\"https:\/\/gorilla.md\/#website\",\"url\":\"https:\/\/gorilla.md\/\",\"name\":\"Gorilla ELECTRONICS\",\"description\":\"Online Magazin \u00een Moldova\",\"publisher\":{\"@id\":\"https:\/\/gorilla.md\/#organization\"},\"potentialAction\":[{\"@type\":\"SearchAction\",\"target\":{\"@type\":\"EntryPoint\",\"urlTemplate\":\"https:\/\/gorilla.md\/?s={search_term_string}\"},\"query-input\":{\"@type\":\"PropertyValueSpecification\",\"valueRequired\":true,\"valueName\":\"search_term_string\"}}],\"inLanguage\":\"ru-RU\"},{\"@type\":\"Organization\",\"@id\":\"https:\/\/gorilla.md\/#organization\",\"name\":\"Gorilla ELECTRONICS\",\"url\":\"https:\/\/gorilla.md\/\",\"logo\":{\"@type\":\"ImageObject\",\"inLanguage\":\"ru-RU\",\"@id\":\"https:\/\/gorilla.md\/#\/schema\/logo\/image\/\",\"url\":\"https:\/\/gorilla.md\/wp-content\/uploads\/2023\/08\/logo-g.png\",\"contentUrl\":\"https:\/\/gorilla.md\/wp-content\/uploads\/2023\/08\/logo-g.png\",\"width\":200,\"height\":200,\"caption\":\"Gorilla ELECTRONICS\"},\"image\":{\"@id\":\"https:\/\/gorilla.md\/#\/schema\/logo\/image\/\"},\"sameAs\":[\"https:\/\/www.facebook.com\/www.gorilla.md\"]}]}<\/script>\n<!-- \/ Yoast SEO plugin. -->","yoast_head_json":{"title":"Sistem Desktop PC APPLE Mac Studio mjmv3ze\/a, Apple M1 Max, 32GB, SSD 512GB, Grafica integrata, macOS Monterey - INT - Gorilla ELECTRONICS","description":"\u041a\u0443\u043f\u0438\u0442\u0435 Sistem Desktop PC APPLE Mac Studio mjmv3ze\/a, Apple M1 Max, 32GB, SSD 512GB, Grafica integrata, macOS Monterey - INT \u043f\u043e \u043d\u0438\u0437\u043a\u043e\u0439 \u0446\u0435\u043d\u0435 \u043d\u0430 Gorilla ELECTRONICS \u0432 \u041c\u043e\u043b\u0434\u043e\u0432\u0435! \u0411\u044b\u0441\u0442\u0440\u0430\u044f \u0434\u043e\u0441\u0442\u0430\u0432\u043a\u0430, \u0433\u0430\u0440\u0430\u043d\u0442\u0438\u044f. \u0412\u044b\u0433\u043e\u0434\u043d\u044b\u0435 \u043f\u0440\u0435\u0434\u043b\u043e\u0436\u0435\u043d\u0438\u044f!","robots":{"index":"index","follow":"follow","max-snippet":"max-snippet:-1","max-image-preview":"max-image-preview:large","max-video-preview":"max-video-preview:-1"},"canonical":"https:\/\/gorilla.md\/ru\/product\/sistem-desktop-pc-apple-mac-studio-mjmv3ze-a-apple-m1-max-32gb-ssd-512gb-grafica-integrata-macos-monterey-int\/","og_locale":"ru_RU","og_type":"article","og_title":"Sistem Desktop PC APPLE Mac Studio mjmv3ze\/a, Apple M1 Max, 32GB, SSD 512GB, Grafica integrata, macOS Monterey - INT - Gorilla ELECTRONICS","og_description":"\u041a\u0443\u043f\u0438\u0442\u0435 Sistem Desktop PC APPLE Mac Studio mjmv3ze\/a, Apple M1 Max, 32GB, SSD 512GB, Grafica integrata, macOS Monterey - INT \u043f\u043e \u043d\u0438\u0437\u043a\u043e\u0439 \u0446\u0435\u043d\u0435 \u043d\u0430 Gorilla ELECTRONICS \u0432 \u041c\u043e\u043b\u0434\u043e\u0432\u0435! \u0411\u044b\u0441\u0442\u0440\u0430\u044f \u0434\u043e\u0441\u0442\u0430\u0432\u043a\u0430, \u0433\u0430\u0440\u0430\u043d\u0442\u0438\u044f. \u0412\u044b\u0433\u043e\u0434\u043d\u044b\u0435 \u043f\u0440\u0435\u0434\u043b\u043e\u0436\u0435\u043d\u0438\u044f!","og_url":"https:\/\/gorilla.md\/ru\/product\/sistem-desktop-pc-apple-mac-studio-mjmv3ze-a-apple-m1-max-32gb-ssd-512gb-grafica-integrata-macos-monterey-int\/","og_site_name":"Gorilla ELECTRONICS","article_publisher":"https:\/\/www.facebook.com\/www.gorilla.md","article_modified_time":"2026-04-07T11:27:54+00:00","og_image":[{"width":500,"height":500,"url":"https:\/\/gorilla.md\/wp-content\/uploads\/2023\/10\/i-20.webp","type":"image\/webp"}],"twitter_card":"summary_large_image","twitter_misc":{"\u041f\u0440\u0438\u043c\u0435\u0440\u043d\u043e\u0435 \u0432\u0440\u0435\u043c\u044f \u0434\u043b\u044f \u0447\u0442\u0435\u043d\u0438\u044f":"2 \u043c\u0438\u043d\u0443\u0442\u044b"},"schema":{"@context":"https:\/\/schema.org","@graph":[{"@type":"WebPage","@id":"https:\/\/gorilla.md\/produs\/sistem-desktop-pc-apple-mac-studio-mjmv3ze-a-apple-m1-max-32gb-ssd-512gb-grafica-integrata-macos-monterey-int\/","url":"https:\/\/gorilla.md\/produs\/sistem-desktop-pc-apple-mac-studio-mjmv3ze-a-apple-m1-max-32gb-ssd-512gb-grafica-integrata-macos-monterey-int\/","name":"Sistem Desktop PC APPLE Mac Studio mjmv3ze\/a, Apple M1 Max, 32GB, SSD 512GB, Grafica integrata, macOS Monterey - INT - Gorilla ELECTRONICS","isPartOf":{"@id":"https:\/\/gorilla.md\/#website"},"primaryImageOfPage":{"@id":"https:\/\/gorilla.md\/produs\/sistem-desktop-pc-apple-mac-studio-mjmv3ze-a-apple-m1-max-32gb-ssd-512gb-grafica-integrata-macos-monterey-int\/#primaryimage"},"image":{"@id":"https:\/\/gorilla.md\/produs\/sistem-desktop-pc-apple-mac-studio-mjmv3ze-a-apple-m1-max-32gb-ssd-512gb-grafica-integrata-macos-monterey-int\/#primaryimage"},"thumbnailUrl":"https:\/\/gorilla.md\/wp-content\/uploads\/2023\/10\/i-20.webp","datePublished":"2023-10-11T14:20:25+00:00","dateModified":"2026-04-07T11:27:54+00:00","description":"\u041a\u0443\u043f\u0438\u0442\u0435 Sistem Desktop PC APPLE Mac Studio mjmv3ze\/a, Apple M1 Max, 32GB, SSD 512GB, Grafica integrata, macOS Monterey - INT \u043f\u043e \u043d\u0438\u0437\u043a\u043e\u0439 \u0446\u0435\u043d\u0435 \u043d\u0430 Gorilla ELECTRONICS \u0432 \u041c\u043e\u043b\u0434\u043e\u0432\u0435! \u0411\u044b\u0441\u0442\u0440\u0430\u044f \u0434\u043e\u0441\u0442\u0430\u0432\u043a\u0430, \u0433\u0430\u0440\u0430\u043d\u0442\u0438\u044f. \u0412\u044b\u0433\u043e\u0434\u043d\u044b\u0435 \u043f\u0440\u0435\u0434\u043b\u043e\u0436\u0435\u043d\u0438\u044f!","breadcrumb":{"@id":"https:\/\/gorilla.md\/produs\/sistem-desktop-pc-apple-mac-studio-mjmv3ze-a-apple-m1-max-32gb-ssd-512gb-grafica-integrata-macos-monterey-int\/#breadcrumb"},"inLanguage":"ru-RU","potentialAction":[{"@type":"ReadAction","target":["https:\/\/gorilla.md\/produs\/sistem-desktop-pc-apple-mac-studio-mjmv3ze-a-apple-m1-max-32gb-ssd-512gb-grafica-integrata-macos-monterey-int\/"]}]},{"@type":"ImageObject","inLanguage":"ru-RU","@id":"https:\/\/gorilla.md\/produs\/sistem-desktop-pc-apple-mac-studio-mjmv3ze-a-apple-m1-max-32gb-ssd-512gb-grafica-integrata-macos-monterey-int\/#primaryimage","url":"https:\/\/gorilla.md\/wp-content\/uploads\/2023\/10\/i-20.webp","contentUrl":"https:\/\/gorilla.md\/wp-content\/uploads\/2023\/10\/i-20.webp","width":500,"height":500},{"@type":"BreadcrumbList","@id":"https:\/\/gorilla.md\/produs\/sistem-desktop-pc-apple-mac-studio-mjmv3ze-a-apple-m1-max-32gb-ssd-512gb-grafica-integrata-macos-monterey-int\/#breadcrumb","itemListElement":[{"@type":"ListItem","position":1,"name":"Magazin","item":"https:\/\/gorilla.md\/magazin\/"},{"@type":"ListItem","position":2,"name":"Sistem Desktop PC APPLE Mac Studio mjmv3ze\/a, Apple M1 Max, 32GB, SSD 512GB, Grafica integrata, macOS Monterey &#8211; INT"}]},{"@type":"WebSite","@id":"https:\/\/gorilla.md\/#website","url":"https:\/\/gorilla.md\/","name":"Gorilla ELECTRONICS","description":"Online Magazin \u00een Moldova","publisher":{"@id":"https:\/\/gorilla.md\/#organization"},"potentialAction":[{"@type":"SearchAction","target":{"@type":"EntryPoint","urlTemplate":"https:\/\/gorilla.md\/?s={search_term_string}"},"query-input":{"@type":"PropertyValueSpecification","valueRequired":true,"valueName":"search_term_string"}}],"inLanguage":"ru-RU"},{"@type":"Organization","@id":"https:\/\/gorilla.md\/#organization","name":"Gorilla ELECTRONICS","url":"https:\/\/gorilla.md\/","logo":{"@type":"ImageObject","inLanguage":"ru-RU","@id":"https:\/\/gorilla.md\/#\/schema\/logo\/image\/","url":"https:\/\/gorilla.md\/wp-content\/uploads\/2023\/08\/logo-g.png","contentUrl":"https:\/\/gorilla.md\/wp-content\/uploads\/2023\/08\/logo-g.png","width":200,"height":200,"caption":"Gorilla ELECTRONICS"},"image":{"@id":"https:\/\/gorilla.md\/#\/schema\/logo\/image\/"},"sameAs":["https:\/\/www.facebook.com\/www.gorilla.md"]}]}},"_links":{"self":[{"href":"https:\/\/gorilla.md\/ru\/wp-json\/wp\/v2\/product\/15580","targetHints":{"allow":["GET"]}}],"collection":[{"href":"https:\/\/gorilla.md\/ru\/wp-json\/wp\/v2\/product"}],"about":[{"href":"https:\/\/gorilla.md\/ru\/wp-json\/wp\/v2\/types\/product"}],"replies":[{"embeddable":true,"href":"https:\/\/gorilla.md\/ru\/wp-json\/wp\/v2\/comments?post=15580"}],"wp:featuredmedia":[{"embeddable":true,"href":"https:\/\/gorilla.md\/ru\/wp-json\/wp\/v2\/media\/52871"}],"wp:attachment":[{"href":"https:\/\/gorilla.md\/ru\/wp-json\/wp\/v2\/media?parent=15580"}],"wp:term":[{"taxonomy":"product_cat","embeddable":true,"href":"https:\/\/gorilla.md\/ru\/wp-json\/wp\/v2\/product_cat?post=15580"},{"taxonomy":"product_tag","embeddable":true,"href":"https:\/\/gorilla.md\/ru\/wp-json\/wp\/v2\/product_tag?post=15580"}],"curies":[{"name":"wp","href":"https:\/\/api.w.org\/{rel}","templated":true}]}}