{"id":15579,"date":"2023-10-11T14:20:24","date_gmt":"2023-10-11T14:20:24","guid":{"rendered":"https:\/\/gorilla.md\/?post_type=product&#038;p=15579"},"modified":"2026-04-07T11:27:54","modified_gmt":"2026-04-07T11:27:54","slug":"sistem-desktop-pc-apple-mac-studio-mqh73ze-a-apple-m2-max-32gb-ssd-512gb-grafica-integrata-macos-ventura-int","status":"publish","type":"product","link":"https:\/\/gorilla.md\/ru\/product\/sistem-desktop-pc-apple-mac-studio-mqh73ze-a-apple-m2-max-32gb-ssd-512gb-grafica-integrata-macos-ventura-int\/","title":{"rendered":"\u041c\u0438\u043d\u0438 \u041f\u041a APPLE Mac Studio mqh73ze\/a, Apple M2 Max, 32GB, SSD 512GB, Grafica integrata, macOS Ventura \u2013 INT"},"content":{"rendered":"<p>Nou nivel de\u00a0performan\u021b\u0103<\/p>\n<p>\u00cen\u00a0centrul Apple Mac Studio MQH73ZE\/A se\u00a0afl\u0103 procesorul M2\u00a0Max de\u00a0la\u00a0procesoarele desktop Apple M. Acest nou procesor ofer\u0103 vitez\u0103 \u0219i\u00a0eficien\u021b\u0103 incredibile, permi\u021b\u00e2ndu-v\u0103 s\u0103\u00a0face\u021bi fa\u021b\u0103 provoc\u0103rilor persistente cu\u00a0u\u0219urin\u021b\u0103.<\/p>\n<p>RAM crescut\u0103<\/p>\n<p>Cu\u00a032\u00a0GB de\u00a0memorie RAM, Apple Mac Studio MQH73ZE\/A ofer\u0103 o\u00a0putere f\u0103r\u0103 precedent pentru a\u00a0face mai multe sarcini, a\u00a0analiza datele \u0219i\u00a0a\u00a0rula aplica\u021bii solicitante.<\/p>\n<p>Depozitare remarcabil\u0103<\/p>\n<p>Cu\u00a0o\u00a0unitate SSD de\u00a0512\u00a0GB, oferi\u021bi stocare fiabil\u0103 \u0219i\u00a0rapid\u0103 pentru datele dvs. pentru un\u00a0acces sporit la\u00a0fi\u0219iere \u0219i\u00a0aplica\u021bii.<\/p>\n<p>Grafic\u0103 Apple GPU integrat\u0103<\/p>\n<p>Apple Mac Studio MQH73ZE\/A include grafic\u0103 Apple GPU integrat\u0103 care ofer\u0103 o\u00a0calitate impresionant\u0103 a\u00a0imaginii \u0219i\u00a0suport grafic de\u00a0\u00eenalt\u0103 calitate.<\/p>\n<p>macOS Ventura int \u0219i\u00a0capabilit\u0103\u021bi wireless<\/p>\n<p>Performan\u021ba \u00eent\u00e2lne\u0219te comoditatea. Cu\u00a0macOS Ventura INT \u0219i\u00a0suport Wi-Fi, Apple Mac Studio MQH73ZE\/A ofer\u0103 fiabilitate \u0219i\u00a0u\u0219urin\u021b\u0103 \u00een\u00a0utilizare.<\/p>\n<p>Surs\u0103 de\u00a0alimentare puternic\u0103<\/p>\n<p>Cu\u00a0o\u00a0putere de\u00a0370\u00a0W, Apple Mac Studio MQH73ZE\/A va\u00a0func\u021biona \u00eentotdeauna fiabil \u0219i\u00a0eficient.<\/p>\n<p>Design elegant \u0219i\u00a0compact<\/p>\n<p>Mini PC-ul Apple se\u00a0potrive\u0219te perfect \u00een\u00a0spa\u021biul t\u0103u de\u00a0joc, cu\u00a0un\u00a0design argintiu elegant, care adaug\u0103 modernitate \u0219i\u00a0sofisticare biroului sau spa\u021biului t\u0103u de\u00a0securitate.<\/p>\n<p>U\u0219oare \u0219i\u00a0portabile<\/p>\n<p>Apple Mac Studio MQH73ZE\/A c\u00e2nt\u0103re\u0219te doar 2,7\u00a0kg, poate fi\u00a0transportat \u0219i\u00a0depozitat cu\u00a0u\u0219urin\u021b\u0103 \u00een\u00a0diferite locuri.<\/p>\n<p>Vizita\u021bi Cactus.md pentru a\u00a0cump\u0103ra Apple Mac Studio MQH73ZE\/A \u0219i\u00a0experimenta\u021bi o\u00a0lume de\u00a0performan\u021b\u0103 \u0219i\u00a0calitate remarcabile. Nu\u00a0rata\u021bi aceast\u0103 oportunitate!<\/p>","protected":false},"excerpt":{"rendered":"<p>\u041a\u043e\u0434 \u0442\u043e\u0432\u0430\u0440\u0430:<\/p>\n<p>15579<\/p>","protected":false},"featured_media":52871,"comment_status":"open","ping_status":"closed","template":"","meta":[],"product_cat":[166,163],"product_tag":[],"class_list":{"0":"post-15579","1":"product","2":"type-product","3":"status-publish","4":"has-post-thumbnail","6":"product_cat-mini-pc","7":"product_cat-pc","8":"pa_brands-apple","10":"first","11":"instock","12":"taxable","13":"shipping-taxable","14":"purchasable","15":"product-type-simple"},"yoast_head":"<!-- This site is optimized with the Yoast SEO plugin v23.9 - https:\/\/yoast.com\/wordpress\/plugins\/seo\/ -->\n<title>Sistem Desktop PC APPLE Mac Studio mqh73ze\/a, Apple M2 Max, 32GB, SSD 512GB, Grafica integrata, macOS Ventura - INT - Gorilla ELECTRONICS<\/title>\n<meta name=\"description\" content=\"\u041a\u0443\u043f\u0438\u0442\u0435 Sistem Desktop PC APPLE Mac Studio mqh73ze\/a, Apple M2 Max, 32GB, SSD 512GB, Grafica integrata, macOS Ventura - INT \u043f\u043e \u043d\u0438\u0437\u043a\u043e\u0439 \u0446\u0435\u043d\u0435 \u043d\u0430 Gorilla ELECTRONICS \u0432 \u041c\u043e\u043b\u0434\u043e\u0432\u0435! \u0411\u044b\u0441\u0442\u0440\u0430\u044f \u0434\u043e\u0441\u0442\u0430\u0432\u043a\u0430, \u0433\u0430\u0440\u0430\u043d\u0442\u0438\u044f. \u0412\u044b\u0433\u043e\u0434\u043d\u044b\u0435 \u043f\u0440\u0435\u0434\u043b\u043e\u0436\u0435\u043d\u0438\u044f!\" \/>\n<meta name=\"robots\" content=\"index, follow, max-snippet:-1, max-image-preview:large, max-video-preview:-1\" \/>\n<link rel=\"canonical\" href=\"https:\/\/gorilla.md\/ru\/product\/sistem-desktop-pc-apple-mac-studio-mqh73ze-a-apple-m2-max-32gb-ssd-512gb-grafica-integrata-macos-ventura-int\/\" \/>\n<meta property=\"og:locale\" content=\"ru_RU\" \/>\n<meta property=\"og:type\" content=\"article\" \/>\n<meta property=\"og:title\" content=\"Sistem Desktop PC APPLE Mac Studio mqh73ze\/a, Apple M2 Max, 32GB, SSD 512GB, Grafica integrata, macOS Ventura - INT - Gorilla ELECTRONICS\" \/>\n<meta property=\"og:description\" content=\"\u041a\u0443\u043f\u0438\u0442\u0435 Sistem Desktop PC APPLE Mac Studio mqh73ze\/a, Apple M2 Max, 32GB, SSD 512GB, Grafica integrata, macOS Ventura - INT \u043f\u043e \u043d\u0438\u0437\u043a\u043e\u0439 \u0446\u0435\u043d\u0435 \u043d\u0430 Gorilla ELECTRONICS \u0432 \u041c\u043e\u043b\u0434\u043e\u0432\u0435! \u0411\u044b\u0441\u0442\u0440\u0430\u044f \u0434\u043e\u0441\u0442\u0430\u0432\u043a\u0430, \u0433\u0430\u0440\u0430\u043d\u0442\u0438\u044f. \u0412\u044b\u0433\u043e\u0434\u043d\u044b\u0435 \u043f\u0440\u0435\u0434\u043b\u043e\u0436\u0435\u043d\u0438\u044f!\" \/>\n<meta property=\"og:url\" content=\"https:\/\/gorilla.md\/ru\/product\/sistem-desktop-pc-apple-mac-studio-mqh73ze-a-apple-m2-max-32gb-ssd-512gb-grafica-integrata-macos-ventura-int\/\" \/>\n<meta property=\"og:site_name\" content=\"Gorilla ELECTRONICS\" \/>\n<meta property=\"article:publisher\" content=\"https:\/\/www.facebook.com\/www.gorilla.md\" \/>\n<meta property=\"article:modified_time\" content=\"2026-04-07T11:27:54+00:00\" \/>\n<meta property=\"og:image\" content=\"https:\/\/gorilla.md\/wp-content\/uploads\/2023\/10\/i-20.webp\" \/>\n\t<meta property=\"og:image:width\" content=\"500\" \/>\n\t<meta property=\"og:image:height\" content=\"500\" \/>\n\t<meta property=\"og:image:type\" content=\"image\/webp\" \/>\n<meta name=\"twitter:card\" content=\"summary_large_image\" \/>\n<meta name=\"twitter:label1\" content=\"\u041f\u0440\u0438\u043c\u0435\u0440\u043d\u043e\u0435 \u0432\u0440\u0435\u043c\u044f \u0434\u043b\u044f \u0447\u0442\u0435\u043d\u0438\u044f\" \/>\n\t<meta name=\"twitter:data1\" content=\"2 \u043c\u0438\u043d\u0443\u0442\u044b\" \/>\n<script type=\"application\/ld+json\" class=\"yoast-schema-graph\">{\"@context\":\"https:\/\/schema.org\",\"@graph\":[{\"@type\":\"WebPage\",\"@id\":\"https:\/\/gorilla.md\/produs\/sistem-desktop-pc-apple-mac-studio-mqh73ze-a-apple-m2-max-32gb-ssd-512gb-grafica-integrata-macos-ventura-int\/\",\"url\":\"https:\/\/gorilla.md\/produs\/sistem-desktop-pc-apple-mac-studio-mqh73ze-a-apple-m2-max-32gb-ssd-512gb-grafica-integrata-macos-ventura-int\/\",\"name\":\"Sistem Desktop PC APPLE Mac Studio mqh73ze\/a, Apple M2 Max, 32GB, SSD 512GB, Grafica integrata, macOS Ventura - INT - Gorilla ELECTRONICS\",\"isPartOf\":{\"@id\":\"https:\/\/gorilla.md\/#website\"},\"primaryImageOfPage\":{\"@id\":\"https:\/\/gorilla.md\/produs\/sistem-desktop-pc-apple-mac-studio-mqh73ze-a-apple-m2-max-32gb-ssd-512gb-grafica-integrata-macos-ventura-int\/#primaryimage\"},\"image\":{\"@id\":\"https:\/\/gorilla.md\/produs\/sistem-desktop-pc-apple-mac-studio-mqh73ze-a-apple-m2-max-32gb-ssd-512gb-grafica-integrata-macos-ventura-int\/#primaryimage\"},\"thumbnailUrl\":\"https:\/\/gorilla.md\/wp-content\/uploads\/2023\/10\/i-20.webp\",\"datePublished\":\"2023-10-11T14:20:24+00:00\",\"dateModified\":\"2026-04-07T11:27:54+00:00\",\"description\":\"\u041a\u0443\u043f\u0438\u0442\u0435 Sistem Desktop PC APPLE Mac Studio mqh73ze\/a, Apple M2 Max, 32GB, SSD 512GB, Grafica integrata, macOS Ventura - INT \u043f\u043e \u043d\u0438\u0437\u043a\u043e\u0439 \u0446\u0435\u043d\u0435 \u043d\u0430 Gorilla ELECTRONICS \u0432 \u041c\u043e\u043b\u0434\u043e\u0432\u0435! \u0411\u044b\u0441\u0442\u0440\u0430\u044f \u0434\u043e\u0441\u0442\u0430\u0432\u043a\u0430, \u0433\u0430\u0440\u0430\u043d\u0442\u0438\u044f. \u0412\u044b\u0433\u043e\u0434\u043d\u044b\u0435 \u043f\u0440\u0435\u0434\u043b\u043e\u0436\u0435\u043d\u0438\u044f!\",\"breadcrumb\":{\"@id\":\"https:\/\/gorilla.md\/produs\/sistem-desktop-pc-apple-mac-studio-mqh73ze-a-apple-m2-max-32gb-ssd-512gb-grafica-integrata-macos-ventura-int\/#breadcrumb\"},\"inLanguage\":\"ru-RU\",\"potentialAction\":[{\"@type\":\"ReadAction\",\"target\":[\"https:\/\/gorilla.md\/produs\/sistem-desktop-pc-apple-mac-studio-mqh73ze-a-apple-m2-max-32gb-ssd-512gb-grafica-integrata-macos-ventura-int\/\"]}]},{\"@type\":\"ImageObject\",\"inLanguage\":\"ru-RU\",\"@id\":\"https:\/\/gorilla.md\/produs\/sistem-desktop-pc-apple-mac-studio-mqh73ze-a-apple-m2-max-32gb-ssd-512gb-grafica-integrata-macos-ventura-int\/#primaryimage\",\"url\":\"https:\/\/gorilla.md\/wp-content\/uploads\/2023\/10\/i-20.webp\",\"contentUrl\":\"https:\/\/gorilla.md\/wp-content\/uploads\/2023\/10\/i-20.webp\",\"width\":500,\"height\":500},{\"@type\":\"BreadcrumbList\",\"@id\":\"https:\/\/gorilla.md\/produs\/sistem-desktop-pc-apple-mac-studio-mqh73ze-a-apple-m2-max-32gb-ssd-512gb-grafica-integrata-macos-ventura-int\/#breadcrumb\",\"itemListElement\":[{\"@type\":\"ListItem\",\"position\":1,\"name\":\"Magazin\",\"item\":\"https:\/\/gorilla.md\/magazin\/\"},{\"@type\":\"ListItem\",\"position\":2,\"name\":\"Sistem Desktop PC APPLE Mac Studio mqh73ze\/a, Apple M2 Max, 32GB, SSD 512GB, Grafica integrata, macOS Ventura &#8211; INT\"}]},{\"@type\":\"WebSite\",\"@id\":\"https:\/\/gorilla.md\/#website\",\"url\":\"https:\/\/gorilla.md\/\",\"name\":\"Gorilla ELECTRONICS\",\"description\":\"Online Magazin \u00een Moldova\",\"publisher\":{\"@id\":\"https:\/\/gorilla.md\/#organization\"},\"potentialAction\":[{\"@type\":\"SearchAction\",\"target\":{\"@type\":\"EntryPoint\",\"urlTemplate\":\"https:\/\/gorilla.md\/?s={search_term_string}\"},\"query-input\":{\"@type\":\"PropertyValueSpecification\",\"valueRequired\":true,\"valueName\":\"search_term_string\"}}],\"inLanguage\":\"ru-RU\"},{\"@type\":\"Organization\",\"@id\":\"https:\/\/gorilla.md\/#organization\",\"name\":\"Gorilla ELECTRONICS\",\"url\":\"https:\/\/gorilla.md\/\",\"logo\":{\"@type\":\"ImageObject\",\"inLanguage\":\"ru-RU\",\"@id\":\"https:\/\/gorilla.md\/#\/schema\/logo\/image\/\",\"url\":\"https:\/\/gorilla.md\/wp-content\/uploads\/2023\/08\/logo-g.png\",\"contentUrl\":\"https:\/\/gorilla.md\/wp-content\/uploads\/2023\/08\/logo-g.png\",\"width\":200,\"height\":200,\"caption\":\"Gorilla ELECTRONICS\"},\"image\":{\"@id\":\"https:\/\/gorilla.md\/#\/schema\/logo\/image\/\"},\"sameAs\":[\"https:\/\/www.facebook.com\/www.gorilla.md\"]}]}<\/script>\n<!-- \/ Yoast SEO plugin. -->","yoast_head_json":{"title":"Sistem Desktop PC APPLE Mac Studio mqh73ze\/a, Apple M2 Max, 32GB, SSD 512GB, Grafica integrata, macOS Ventura - INT - Gorilla ELECTRONICS","description":"\u041a\u0443\u043f\u0438\u0442\u0435 Sistem Desktop PC APPLE Mac Studio mqh73ze\/a, Apple M2 Max, 32GB, SSD 512GB, Grafica integrata, macOS Ventura - INT \u043f\u043e \u043d\u0438\u0437\u043a\u043e\u0439 \u0446\u0435\u043d\u0435 \u043d\u0430 Gorilla ELECTRONICS \u0432 \u041c\u043e\u043b\u0434\u043e\u0432\u0435! \u0411\u044b\u0441\u0442\u0440\u0430\u044f \u0434\u043e\u0441\u0442\u0430\u0432\u043a\u0430, \u0433\u0430\u0440\u0430\u043d\u0442\u0438\u044f. \u0412\u044b\u0433\u043e\u0434\u043d\u044b\u0435 \u043f\u0440\u0435\u0434\u043b\u043e\u0436\u0435\u043d\u0438\u044f!","robots":{"index":"index","follow":"follow","max-snippet":"max-snippet:-1","max-image-preview":"max-image-preview:large","max-video-preview":"max-video-preview:-1"},"canonical":"https:\/\/gorilla.md\/ru\/product\/sistem-desktop-pc-apple-mac-studio-mqh73ze-a-apple-m2-max-32gb-ssd-512gb-grafica-integrata-macos-ventura-int\/","og_locale":"ru_RU","og_type":"article","og_title":"Sistem Desktop PC APPLE Mac Studio mqh73ze\/a, Apple M2 Max, 32GB, SSD 512GB, Grafica integrata, macOS Ventura - INT - Gorilla ELECTRONICS","og_description":"\u041a\u0443\u043f\u0438\u0442\u0435 Sistem Desktop PC APPLE Mac Studio mqh73ze\/a, Apple M2 Max, 32GB, SSD 512GB, Grafica integrata, macOS Ventura - INT \u043f\u043e \u043d\u0438\u0437\u043a\u043e\u0439 \u0446\u0435\u043d\u0435 \u043d\u0430 Gorilla ELECTRONICS \u0432 \u041c\u043e\u043b\u0434\u043e\u0432\u0435! \u0411\u044b\u0441\u0442\u0440\u0430\u044f \u0434\u043e\u0441\u0442\u0430\u0432\u043a\u0430, \u0433\u0430\u0440\u0430\u043d\u0442\u0438\u044f. \u0412\u044b\u0433\u043e\u0434\u043d\u044b\u0435 \u043f\u0440\u0435\u0434\u043b\u043e\u0436\u0435\u043d\u0438\u044f!","og_url":"https:\/\/gorilla.md\/ru\/product\/sistem-desktop-pc-apple-mac-studio-mqh73ze-a-apple-m2-max-32gb-ssd-512gb-grafica-integrata-macos-ventura-int\/","og_site_name":"Gorilla ELECTRONICS","article_publisher":"https:\/\/www.facebook.com\/www.gorilla.md","article_modified_time":"2026-04-07T11:27:54+00:00","og_image":[{"width":500,"height":500,"url":"https:\/\/gorilla.md\/wp-content\/uploads\/2023\/10\/i-20.webp","type":"image\/webp"}],"twitter_card":"summary_large_image","twitter_misc":{"\u041f\u0440\u0438\u043c\u0435\u0440\u043d\u043e\u0435 \u0432\u0440\u0435\u043c\u044f \u0434\u043b\u044f \u0447\u0442\u0435\u043d\u0438\u044f":"2 \u043c\u0438\u043d\u0443\u0442\u044b"},"schema":{"@context":"https:\/\/schema.org","@graph":[{"@type":"WebPage","@id":"https:\/\/gorilla.md\/produs\/sistem-desktop-pc-apple-mac-studio-mqh73ze-a-apple-m2-max-32gb-ssd-512gb-grafica-integrata-macos-ventura-int\/","url":"https:\/\/gorilla.md\/produs\/sistem-desktop-pc-apple-mac-studio-mqh73ze-a-apple-m2-max-32gb-ssd-512gb-grafica-integrata-macos-ventura-int\/","name":"Sistem Desktop PC APPLE Mac Studio mqh73ze\/a, Apple M2 Max, 32GB, SSD 512GB, Grafica integrata, macOS Ventura - INT - Gorilla ELECTRONICS","isPartOf":{"@id":"https:\/\/gorilla.md\/#website"},"primaryImageOfPage":{"@id":"https:\/\/gorilla.md\/produs\/sistem-desktop-pc-apple-mac-studio-mqh73ze-a-apple-m2-max-32gb-ssd-512gb-grafica-integrata-macos-ventura-int\/#primaryimage"},"image":{"@id":"https:\/\/gorilla.md\/produs\/sistem-desktop-pc-apple-mac-studio-mqh73ze-a-apple-m2-max-32gb-ssd-512gb-grafica-integrata-macos-ventura-int\/#primaryimage"},"thumbnailUrl":"https:\/\/gorilla.md\/wp-content\/uploads\/2023\/10\/i-20.webp","datePublished":"2023-10-11T14:20:24+00:00","dateModified":"2026-04-07T11:27:54+00:00","description":"\u041a\u0443\u043f\u0438\u0442\u0435 Sistem Desktop PC APPLE Mac Studio mqh73ze\/a, Apple M2 Max, 32GB, SSD 512GB, Grafica integrata, macOS Ventura - INT \u043f\u043e \u043d\u0438\u0437\u043a\u043e\u0439 \u0446\u0435\u043d\u0435 \u043d\u0430 Gorilla ELECTRONICS \u0432 \u041c\u043e\u043b\u0434\u043e\u0432\u0435! \u0411\u044b\u0441\u0442\u0440\u0430\u044f \u0434\u043e\u0441\u0442\u0430\u0432\u043a\u0430, \u0433\u0430\u0440\u0430\u043d\u0442\u0438\u044f. \u0412\u044b\u0433\u043e\u0434\u043d\u044b\u0435 \u043f\u0440\u0435\u0434\u043b\u043e\u0436\u0435\u043d\u0438\u044f!","breadcrumb":{"@id":"https:\/\/gorilla.md\/produs\/sistem-desktop-pc-apple-mac-studio-mqh73ze-a-apple-m2-max-32gb-ssd-512gb-grafica-integrata-macos-ventura-int\/#breadcrumb"},"inLanguage":"ru-RU","potentialAction":[{"@type":"ReadAction","target":["https:\/\/gorilla.md\/produs\/sistem-desktop-pc-apple-mac-studio-mqh73ze-a-apple-m2-max-32gb-ssd-512gb-grafica-integrata-macos-ventura-int\/"]}]},{"@type":"ImageObject","inLanguage":"ru-RU","@id":"https:\/\/gorilla.md\/produs\/sistem-desktop-pc-apple-mac-studio-mqh73ze-a-apple-m2-max-32gb-ssd-512gb-grafica-integrata-macos-ventura-int\/#primaryimage","url":"https:\/\/gorilla.md\/wp-content\/uploads\/2023\/10\/i-20.webp","contentUrl":"https:\/\/gorilla.md\/wp-content\/uploads\/2023\/10\/i-20.webp","width":500,"height":500},{"@type":"BreadcrumbList","@id":"https:\/\/gorilla.md\/produs\/sistem-desktop-pc-apple-mac-studio-mqh73ze-a-apple-m2-max-32gb-ssd-512gb-grafica-integrata-macos-ventura-int\/#breadcrumb","itemListElement":[{"@type":"ListItem","position":1,"name":"Magazin","item":"https:\/\/gorilla.md\/magazin\/"},{"@type":"ListItem","position":2,"name":"Sistem Desktop PC APPLE Mac Studio mqh73ze\/a, Apple M2 Max, 32GB, SSD 512GB, Grafica integrata, macOS Ventura &#8211; INT"}]},{"@type":"WebSite","@id":"https:\/\/gorilla.md\/#website","url":"https:\/\/gorilla.md\/","name":"Gorilla ELECTRONICS","description":"Online Magazin \u00een Moldova","publisher":{"@id":"https:\/\/gorilla.md\/#organization"},"potentialAction":[{"@type":"SearchAction","target":{"@type":"EntryPoint","urlTemplate":"https:\/\/gorilla.md\/?s={search_term_string}"},"query-input":{"@type":"PropertyValueSpecification","valueRequired":true,"valueName":"search_term_string"}}],"inLanguage":"ru-RU"},{"@type":"Organization","@id":"https:\/\/gorilla.md\/#organization","name":"Gorilla ELECTRONICS","url":"https:\/\/gorilla.md\/","logo":{"@type":"ImageObject","inLanguage":"ru-RU","@id":"https:\/\/gorilla.md\/#\/schema\/logo\/image\/","url":"https:\/\/gorilla.md\/wp-content\/uploads\/2023\/08\/logo-g.png","contentUrl":"https:\/\/gorilla.md\/wp-content\/uploads\/2023\/08\/logo-g.png","width":200,"height":200,"caption":"Gorilla ELECTRONICS"},"image":{"@id":"https:\/\/gorilla.md\/#\/schema\/logo\/image\/"},"sameAs":["https:\/\/www.facebook.com\/www.gorilla.md"]}]}},"_links":{"self":[{"href":"https:\/\/gorilla.md\/ru\/wp-json\/wp\/v2\/product\/15579","targetHints":{"allow":["GET"]}}],"collection":[{"href":"https:\/\/gorilla.md\/ru\/wp-json\/wp\/v2\/product"}],"about":[{"href":"https:\/\/gorilla.md\/ru\/wp-json\/wp\/v2\/types\/product"}],"replies":[{"embeddable":true,"href":"https:\/\/gorilla.md\/ru\/wp-json\/wp\/v2\/comments?post=15579"}],"wp:featuredmedia":[{"embeddable":true,"href":"https:\/\/gorilla.md\/ru\/wp-json\/wp\/v2\/media\/52871"}],"wp:attachment":[{"href":"https:\/\/gorilla.md\/ru\/wp-json\/wp\/v2\/media?parent=15579"}],"wp:term":[{"taxonomy":"product_cat","embeddable":true,"href":"https:\/\/gorilla.md\/ru\/wp-json\/wp\/v2\/product_cat?post=15579"},{"taxonomy":"product_tag","embeddable":true,"href":"https:\/\/gorilla.md\/ru\/wp-json\/wp\/v2\/product_tag?post=15579"}],"curies":[{"name":"wp","href":"https:\/\/api.w.org\/{rel}","templated":true}]}}