{"id":15576,"date":"2023-10-11T14:20:22","date_gmt":"2023-10-11T14:20:22","guid":{"rendered":"https:\/\/gorilla.md\/?post_type=product&#038;p=15576"},"modified":"2026-04-07T11:27:54","modified_gmt":"2026-04-07T11:27:54","slug":"sistem-desktop-pc-apple-mac-studio-mqh73ro-a-apple-m2-max-32gb-ssd-512gb-grafica-integrata-macos-ventura-ro","status":"publish","type":"product","link":"https:\/\/gorilla.md\/ru\/product\/sistem-desktop-pc-apple-mac-studio-mqh73ro-a-apple-m2-max-32gb-ssd-512gb-grafica-integrata-macos-ventura-ro\/","title":{"rendered":"\u041c\u0438\u043d\u0438 \u041f\u041a APPLE Mac Studio mqh73ro\/a, Apple M2 Max, 32GB, SSD 512GB, Grafica integrata, macOS Ventura \u2013 RO"},"content":{"rendered":"<p>Nou nivel de\u00a0performan\u021b\u0103<\/p>\n<p>\u00cen\u00a0centrul Apple Mac Studio MQH73RO\/A se\u00a0afl\u0103 procesorul M2\u00a0Max, parte a\u00a0familiei de\u00a0procesoare Apple M. Acest procesor puternic ofer\u0103 vitez\u0103 \u0219i\u00a0eficien\u021b\u0103 incredibile, permi\u021b\u00e2ndu-v\u0103 s\u0103\u00a0aborda\u021bi cele mai complexe sarcini cu\u00a0u\u0219urin\u021b\u0103.<\/p>\n<p>RAM crescut\u0103<\/p>\n<p>Cu\u00a032\u00a0GB de\u00a0RAM, Apple Mac Studio MQH73RO\/A ofer\u0103 capabilit\u0103\u021bi f\u0103r\u0103 precedent pentru multitasking, procesarea datelor \u0219i\u00a0rularea aplica\u021biilor solicitante.<\/p>\n<p>Depozitare remarcabil\u0103<\/p>\n<p>Cu\u00a0o\u00a0unitate SSD de\u00a0512\u00a0GB, beneficia\u021bi de\u00a0stocare fiabil\u0103 \u0219i\u00a0rapid\u0103 pentru datele dvs., care v\u0103\u00a0permite s\u0103\u00a0accesa\u021bi fi\u0219ierele \u0219i\u00a0aplica\u021biile mai rapid.<\/p>\n<p>Grafic\u0103 GPU Apple integrat\u0103<\/p>\n<p>Apple Mac Studio MQH73RO\/A include grafic\u0103 Apple GPU integrat\u0103 care ofer\u0103 o\u00a0calitate impresionant\u0103 a\u00a0imaginii \u0219i\u00a0grafic\u0103 de\u00a0\u00eenalt\u0103 rezolu\u021bie.<\/p>\n<p>macOS Ventura RO\u00a0\u0219i\u00a0capabilit\u0103\u021bi wireless<\/p>\n<p>Performan\u021ba \u00eent\u00e2lne\u0219te comoditatea. Cu\u00a0macOS Ventura RO\u00a0\u0219i\u00a0suport Wi-Fi, Apple Mac Studio MQH73RO\/A ofer\u0103 fiabilitate \u0219i\u00a0u\u0219urin\u021b\u0103 \u00een\u00a0utilizare.<\/p>\n<p>Surs\u0103 de\u00a0energie durabil\u0103<\/p>\n<p>Cu\u00a0o\u00a0surs\u0103 de\u00a0alimentare de\u00a0370\u00a0W, Apple Mac Studio MQH73RO\/A va\u00a0func\u021biona \u00eentotdeauna fiabil \u0219i\u00a0eficient.<\/p>\n<p>Design elegant \u0219i\u00a0compact<\/p>\n<p>Mini PC-ul Apple se\u00a0va\u00a0potrivi perfect \u00een\u00a0spa\u021biul dvs.\u00a0de\u00a0lucru, cu\u00a0un\u00a0design argintiu elegant, care va\u00a0ad\u0103uga o\u00a0not\u0103 modern\u0103 \u0219i\u00a0sofisticat\u0103 mediului de\u00a0birou sau acas\u0103.<\/p>\n<p>U\u0219oare \u0219i\u00a0portabile<\/p>\n<p>Cu\u00a0o\u00a0greutate de\u00a0doar 2,7\u00a0kg, Apple Mac Studio MQH73RO\/A poate fi\u00a0transportat \u0219i\u00a0instalat cu\u00a0u\u0219urin\u021b\u0103 \u00een\u00a0diferite loca\u021bii.<\/p>\n<p>Vizita\u021bi Cactus.md pentru a\u00a0cump\u0103ra Apple Mac Studio MQH73RO\/A \u0219i\u00a0pentru a\u00a0descoperi o\u00a0lume de\u00a0performan\u021b\u0103 \u0219i\u00a0calitate remarcabile. Nu\u00a0rata\u021bi aceast\u0103 oportunitate!<\/p>","protected":false},"excerpt":{"rendered":"<p>\u041a\u043e\u0434 \u0442\u043e\u0432\u0430\u0440\u0430:<\/p>\n<p>15576<\/p>","protected":false},"featured_media":52871,"comment_status":"open","ping_status":"closed","template":"","meta":[],"product_cat":[166,163],"product_tag":[],"class_list":{"0":"post-15576","1":"product","2":"type-product","3":"status-publish","4":"has-post-thumbnail","6":"product_cat-mini-pc","7":"product_cat-pc","8":"pa_brands-apple","10":"first","11":"instock","12":"taxable","13":"shipping-taxable","14":"purchasable","15":"product-type-simple"},"yoast_head":"<!-- This site is optimized with the Yoast SEO plugin v23.9 - https:\/\/yoast.com\/wordpress\/plugins\/seo\/ -->\n<title>Sistem Desktop PC APPLE Mac Studio mqh73ro\/a, Apple M2 Max, 32GB, SSD 512GB, Grafica integrata, macOS Ventura - RO - Gorilla ELECTRONICS<\/title>\n<meta name=\"description\" content=\"\u041a\u0443\u043f\u0438\u0442\u0435 Sistem Desktop PC APPLE Mac Studio mqh73ro\/a, Apple M2 Max, 32GB, SSD 512GB, Grafica integrata, macOS Ventura - RO \u043f\u043e \u043d\u0438\u0437\u043a\u043e\u0439 \u0446\u0435\u043d\u0435 \u043d\u0430 Gorilla ELECTRONICS \u0432 \u041c\u043e\u043b\u0434\u043e\u0432\u0435! \u0411\u044b\u0441\u0442\u0440\u0430\u044f \u0434\u043e\u0441\u0442\u0430\u0432\u043a\u0430, \u0433\u0430\u0440\u0430\u043d\u0442\u0438\u044f. \u0412\u044b\u0433\u043e\u0434\u043d\u044b\u0435 \u043f\u0440\u0435\u0434\u043b\u043e\u0436\u0435\u043d\u0438\u044f!\" \/>\n<meta name=\"robots\" content=\"index, follow, max-snippet:-1, max-image-preview:large, max-video-preview:-1\" \/>\n<link rel=\"canonical\" href=\"https:\/\/gorilla.md\/ru\/product\/sistem-desktop-pc-apple-mac-studio-mqh73ro-a-apple-m2-max-32gb-ssd-512gb-grafica-integrata-macos-ventura-ro\/\" \/>\n<meta property=\"og:locale\" content=\"ru_RU\" \/>\n<meta property=\"og:type\" content=\"article\" \/>\n<meta property=\"og:title\" content=\"Sistem Desktop PC APPLE Mac Studio mqh73ro\/a, Apple M2 Max, 32GB, SSD 512GB, Grafica integrata, macOS Ventura - RO - Gorilla ELECTRONICS\" \/>\n<meta property=\"og:description\" content=\"\u041a\u0443\u043f\u0438\u0442\u0435 Sistem Desktop PC APPLE Mac Studio mqh73ro\/a, Apple M2 Max, 32GB, SSD 512GB, Grafica integrata, macOS Ventura - RO \u043f\u043e \u043d\u0438\u0437\u043a\u043e\u0439 \u0446\u0435\u043d\u0435 \u043d\u0430 Gorilla ELECTRONICS \u0432 \u041c\u043e\u043b\u0434\u043e\u0432\u0435! \u0411\u044b\u0441\u0442\u0440\u0430\u044f \u0434\u043e\u0441\u0442\u0430\u0432\u043a\u0430, \u0433\u0430\u0440\u0430\u043d\u0442\u0438\u044f. \u0412\u044b\u0433\u043e\u0434\u043d\u044b\u0435 \u043f\u0440\u0435\u0434\u043b\u043e\u0436\u0435\u043d\u0438\u044f!\" \/>\n<meta property=\"og:url\" content=\"https:\/\/gorilla.md\/ru\/product\/sistem-desktop-pc-apple-mac-studio-mqh73ro-a-apple-m2-max-32gb-ssd-512gb-grafica-integrata-macos-ventura-ro\/\" \/>\n<meta property=\"og:site_name\" content=\"Gorilla ELECTRONICS\" \/>\n<meta property=\"article:publisher\" content=\"https:\/\/www.facebook.com\/www.gorilla.md\" \/>\n<meta property=\"article:modified_time\" content=\"2026-04-07T11:27:54+00:00\" \/>\n<meta property=\"og:image\" content=\"https:\/\/gorilla.md\/wp-content\/uploads\/2023\/10\/i-20.webp\" \/>\n\t<meta property=\"og:image:width\" content=\"500\" \/>\n\t<meta property=\"og:image:height\" content=\"500\" \/>\n\t<meta property=\"og:image:type\" content=\"image\/webp\" \/>\n<meta name=\"twitter:card\" content=\"summary_large_image\" \/>\n<meta name=\"twitter:label1\" content=\"\u041f\u0440\u0438\u043c\u0435\u0440\u043d\u043e\u0435 \u0432\u0440\u0435\u043c\u044f \u0434\u043b\u044f \u0447\u0442\u0435\u043d\u0438\u044f\" \/>\n\t<meta name=\"twitter:data1\" content=\"2 \u043c\u0438\u043d\u0443\u0442\u044b\" \/>\n<script type=\"application\/ld+json\" class=\"yoast-schema-graph\">{\"@context\":\"https:\/\/schema.org\",\"@graph\":[{\"@type\":\"WebPage\",\"@id\":\"https:\/\/gorilla.md\/produs\/sistem-desktop-pc-apple-mac-studio-mqh73ro-a-apple-m2-max-32gb-ssd-512gb-grafica-integrata-macos-ventura-ro\/\",\"url\":\"https:\/\/gorilla.md\/produs\/sistem-desktop-pc-apple-mac-studio-mqh73ro-a-apple-m2-max-32gb-ssd-512gb-grafica-integrata-macos-ventura-ro\/\",\"name\":\"Sistem Desktop PC APPLE Mac Studio mqh73ro\/a, Apple M2 Max, 32GB, SSD 512GB, Grafica integrata, macOS Ventura - RO - Gorilla ELECTRONICS\",\"isPartOf\":{\"@id\":\"https:\/\/gorilla.md\/#website\"},\"primaryImageOfPage\":{\"@id\":\"https:\/\/gorilla.md\/produs\/sistem-desktop-pc-apple-mac-studio-mqh73ro-a-apple-m2-max-32gb-ssd-512gb-grafica-integrata-macos-ventura-ro\/#primaryimage\"},\"image\":{\"@id\":\"https:\/\/gorilla.md\/produs\/sistem-desktop-pc-apple-mac-studio-mqh73ro-a-apple-m2-max-32gb-ssd-512gb-grafica-integrata-macos-ventura-ro\/#primaryimage\"},\"thumbnailUrl\":\"https:\/\/gorilla.md\/wp-content\/uploads\/2023\/10\/i-20.webp\",\"datePublished\":\"2023-10-11T14:20:22+00:00\",\"dateModified\":\"2026-04-07T11:27:54+00:00\",\"description\":\"\u041a\u0443\u043f\u0438\u0442\u0435 Sistem Desktop PC APPLE Mac Studio mqh73ro\/a, Apple M2 Max, 32GB, SSD 512GB, Grafica integrata, macOS Ventura - RO \u043f\u043e \u043d\u0438\u0437\u043a\u043e\u0439 \u0446\u0435\u043d\u0435 \u043d\u0430 Gorilla ELECTRONICS \u0432 \u041c\u043e\u043b\u0434\u043e\u0432\u0435! \u0411\u044b\u0441\u0442\u0440\u0430\u044f \u0434\u043e\u0441\u0442\u0430\u0432\u043a\u0430, \u0433\u0430\u0440\u0430\u043d\u0442\u0438\u044f. \u0412\u044b\u0433\u043e\u0434\u043d\u044b\u0435 \u043f\u0440\u0435\u0434\u043b\u043e\u0436\u0435\u043d\u0438\u044f!\",\"breadcrumb\":{\"@id\":\"https:\/\/gorilla.md\/produs\/sistem-desktop-pc-apple-mac-studio-mqh73ro-a-apple-m2-max-32gb-ssd-512gb-grafica-integrata-macos-ventura-ro\/#breadcrumb\"},\"inLanguage\":\"ru-RU\",\"potentialAction\":[{\"@type\":\"ReadAction\",\"target\":[\"https:\/\/gorilla.md\/produs\/sistem-desktop-pc-apple-mac-studio-mqh73ro-a-apple-m2-max-32gb-ssd-512gb-grafica-integrata-macos-ventura-ro\/\"]}]},{\"@type\":\"ImageObject\",\"inLanguage\":\"ru-RU\",\"@id\":\"https:\/\/gorilla.md\/produs\/sistem-desktop-pc-apple-mac-studio-mqh73ro-a-apple-m2-max-32gb-ssd-512gb-grafica-integrata-macos-ventura-ro\/#primaryimage\",\"url\":\"https:\/\/gorilla.md\/wp-content\/uploads\/2023\/10\/i-20.webp\",\"contentUrl\":\"https:\/\/gorilla.md\/wp-content\/uploads\/2023\/10\/i-20.webp\",\"width\":500,\"height\":500},{\"@type\":\"BreadcrumbList\",\"@id\":\"https:\/\/gorilla.md\/produs\/sistem-desktop-pc-apple-mac-studio-mqh73ro-a-apple-m2-max-32gb-ssd-512gb-grafica-integrata-macos-ventura-ro\/#breadcrumb\",\"itemListElement\":[{\"@type\":\"ListItem\",\"position\":1,\"name\":\"Magazin\",\"item\":\"https:\/\/gorilla.md\/magazin\/\"},{\"@type\":\"ListItem\",\"position\":2,\"name\":\"Sistem Desktop PC APPLE Mac Studio mqh73ro\/a, Apple M2 Max, 32GB, SSD 512GB, Grafica integrata, macOS Ventura &#8211; RO\"}]},{\"@type\":\"WebSite\",\"@id\":\"https:\/\/gorilla.md\/#website\",\"url\":\"https:\/\/gorilla.md\/\",\"name\":\"Gorilla ELECTRONICS\",\"description\":\"Online Magazin \u00een Moldova\",\"publisher\":{\"@id\":\"https:\/\/gorilla.md\/#organization\"},\"potentialAction\":[{\"@type\":\"SearchAction\",\"target\":{\"@type\":\"EntryPoint\",\"urlTemplate\":\"https:\/\/gorilla.md\/?s={search_term_string}\"},\"query-input\":{\"@type\":\"PropertyValueSpecification\",\"valueRequired\":true,\"valueName\":\"search_term_string\"}}],\"inLanguage\":\"ru-RU\"},{\"@type\":\"Organization\",\"@id\":\"https:\/\/gorilla.md\/#organization\",\"name\":\"Gorilla ELECTRONICS\",\"url\":\"https:\/\/gorilla.md\/\",\"logo\":{\"@type\":\"ImageObject\",\"inLanguage\":\"ru-RU\",\"@id\":\"https:\/\/gorilla.md\/#\/schema\/logo\/image\/\",\"url\":\"https:\/\/gorilla.md\/wp-content\/uploads\/2023\/08\/logo-g.png\",\"contentUrl\":\"https:\/\/gorilla.md\/wp-content\/uploads\/2023\/08\/logo-g.png\",\"width\":200,\"height\":200,\"caption\":\"Gorilla ELECTRONICS\"},\"image\":{\"@id\":\"https:\/\/gorilla.md\/#\/schema\/logo\/image\/\"},\"sameAs\":[\"https:\/\/www.facebook.com\/www.gorilla.md\"]}]}<\/script>\n<!-- \/ Yoast SEO plugin. -->","yoast_head_json":{"title":"Sistem Desktop PC APPLE Mac Studio mqh73ro\/a, Apple M2 Max, 32GB, SSD 512GB, Grafica integrata, macOS Ventura - RO - Gorilla ELECTRONICS","description":"\u041a\u0443\u043f\u0438\u0442\u0435 Sistem Desktop PC APPLE Mac Studio mqh73ro\/a, Apple M2 Max, 32GB, SSD 512GB, Grafica integrata, macOS Ventura - RO \u043f\u043e \u043d\u0438\u0437\u043a\u043e\u0439 \u0446\u0435\u043d\u0435 \u043d\u0430 Gorilla ELECTRONICS \u0432 \u041c\u043e\u043b\u0434\u043e\u0432\u0435! \u0411\u044b\u0441\u0442\u0440\u0430\u044f \u0434\u043e\u0441\u0442\u0430\u0432\u043a\u0430, \u0433\u0430\u0440\u0430\u043d\u0442\u0438\u044f. \u0412\u044b\u0433\u043e\u0434\u043d\u044b\u0435 \u043f\u0440\u0435\u0434\u043b\u043e\u0436\u0435\u043d\u0438\u044f!","robots":{"index":"index","follow":"follow","max-snippet":"max-snippet:-1","max-image-preview":"max-image-preview:large","max-video-preview":"max-video-preview:-1"},"canonical":"https:\/\/gorilla.md\/ru\/product\/sistem-desktop-pc-apple-mac-studio-mqh73ro-a-apple-m2-max-32gb-ssd-512gb-grafica-integrata-macos-ventura-ro\/","og_locale":"ru_RU","og_type":"article","og_title":"Sistem Desktop PC APPLE Mac Studio mqh73ro\/a, Apple M2 Max, 32GB, SSD 512GB, Grafica integrata, macOS Ventura - RO - Gorilla ELECTRONICS","og_description":"\u041a\u0443\u043f\u0438\u0442\u0435 Sistem Desktop PC APPLE Mac Studio mqh73ro\/a, Apple M2 Max, 32GB, SSD 512GB, Grafica integrata, macOS Ventura - RO \u043f\u043e \u043d\u0438\u0437\u043a\u043e\u0439 \u0446\u0435\u043d\u0435 \u043d\u0430 Gorilla ELECTRONICS \u0432 \u041c\u043e\u043b\u0434\u043e\u0432\u0435! \u0411\u044b\u0441\u0442\u0440\u0430\u044f \u0434\u043e\u0441\u0442\u0430\u0432\u043a\u0430, \u0433\u0430\u0440\u0430\u043d\u0442\u0438\u044f. \u0412\u044b\u0433\u043e\u0434\u043d\u044b\u0435 \u043f\u0440\u0435\u0434\u043b\u043e\u0436\u0435\u043d\u0438\u044f!","og_url":"https:\/\/gorilla.md\/ru\/product\/sistem-desktop-pc-apple-mac-studio-mqh73ro-a-apple-m2-max-32gb-ssd-512gb-grafica-integrata-macos-ventura-ro\/","og_site_name":"Gorilla ELECTRONICS","article_publisher":"https:\/\/www.facebook.com\/www.gorilla.md","article_modified_time":"2026-04-07T11:27:54+00:00","og_image":[{"width":500,"height":500,"url":"https:\/\/gorilla.md\/wp-content\/uploads\/2023\/10\/i-20.webp","type":"image\/webp"}],"twitter_card":"summary_large_image","twitter_misc":{"\u041f\u0440\u0438\u043c\u0435\u0440\u043d\u043e\u0435 \u0432\u0440\u0435\u043c\u044f \u0434\u043b\u044f \u0447\u0442\u0435\u043d\u0438\u044f":"2 \u043c\u0438\u043d\u0443\u0442\u044b"},"schema":{"@context":"https:\/\/schema.org","@graph":[{"@type":"WebPage","@id":"https:\/\/gorilla.md\/produs\/sistem-desktop-pc-apple-mac-studio-mqh73ro-a-apple-m2-max-32gb-ssd-512gb-grafica-integrata-macos-ventura-ro\/","url":"https:\/\/gorilla.md\/produs\/sistem-desktop-pc-apple-mac-studio-mqh73ro-a-apple-m2-max-32gb-ssd-512gb-grafica-integrata-macos-ventura-ro\/","name":"Sistem Desktop PC APPLE Mac Studio mqh73ro\/a, Apple M2 Max, 32GB, SSD 512GB, Grafica integrata, macOS Ventura - RO - Gorilla ELECTRONICS","isPartOf":{"@id":"https:\/\/gorilla.md\/#website"},"primaryImageOfPage":{"@id":"https:\/\/gorilla.md\/produs\/sistem-desktop-pc-apple-mac-studio-mqh73ro-a-apple-m2-max-32gb-ssd-512gb-grafica-integrata-macos-ventura-ro\/#primaryimage"},"image":{"@id":"https:\/\/gorilla.md\/produs\/sistem-desktop-pc-apple-mac-studio-mqh73ro-a-apple-m2-max-32gb-ssd-512gb-grafica-integrata-macos-ventura-ro\/#primaryimage"},"thumbnailUrl":"https:\/\/gorilla.md\/wp-content\/uploads\/2023\/10\/i-20.webp","datePublished":"2023-10-11T14:20:22+00:00","dateModified":"2026-04-07T11:27:54+00:00","description":"\u041a\u0443\u043f\u0438\u0442\u0435 Sistem Desktop PC APPLE Mac Studio mqh73ro\/a, Apple M2 Max, 32GB, SSD 512GB, Grafica integrata, macOS Ventura - RO \u043f\u043e \u043d\u0438\u0437\u043a\u043e\u0439 \u0446\u0435\u043d\u0435 \u043d\u0430 Gorilla ELECTRONICS \u0432 \u041c\u043e\u043b\u0434\u043e\u0432\u0435! \u0411\u044b\u0441\u0442\u0440\u0430\u044f \u0434\u043e\u0441\u0442\u0430\u0432\u043a\u0430, \u0433\u0430\u0440\u0430\u043d\u0442\u0438\u044f. \u0412\u044b\u0433\u043e\u0434\u043d\u044b\u0435 \u043f\u0440\u0435\u0434\u043b\u043e\u0436\u0435\u043d\u0438\u044f!","breadcrumb":{"@id":"https:\/\/gorilla.md\/produs\/sistem-desktop-pc-apple-mac-studio-mqh73ro-a-apple-m2-max-32gb-ssd-512gb-grafica-integrata-macos-ventura-ro\/#breadcrumb"},"inLanguage":"ru-RU","potentialAction":[{"@type":"ReadAction","target":["https:\/\/gorilla.md\/produs\/sistem-desktop-pc-apple-mac-studio-mqh73ro-a-apple-m2-max-32gb-ssd-512gb-grafica-integrata-macos-ventura-ro\/"]}]},{"@type":"ImageObject","inLanguage":"ru-RU","@id":"https:\/\/gorilla.md\/produs\/sistem-desktop-pc-apple-mac-studio-mqh73ro-a-apple-m2-max-32gb-ssd-512gb-grafica-integrata-macos-ventura-ro\/#primaryimage","url":"https:\/\/gorilla.md\/wp-content\/uploads\/2023\/10\/i-20.webp","contentUrl":"https:\/\/gorilla.md\/wp-content\/uploads\/2023\/10\/i-20.webp","width":500,"height":500},{"@type":"BreadcrumbList","@id":"https:\/\/gorilla.md\/produs\/sistem-desktop-pc-apple-mac-studio-mqh73ro-a-apple-m2-max-32gb-ssd-512gb-grafica-integrata-macos-ventura-ro\/#breadcrumb","itemListElement":[{"@type":"ListItem","position":1,"name":"Magazin","item":"https:\/\/gorilla.md\/magazin\/"},{"@type":"ListItem","position":2,"name":"Sistem Desktop PC APPLE Mac Studio mqh73ro\/a, Apple M2 Max, 32GB, SSD 512GB, Grafica integrata, macOS Ventura &#8211; RO"}]},{"@type":"WebSite","@id":"https:\/\/gorilla.md\/#website","url":"https:\/\/gorilla.md\/","name":"Gorilla ELECTRONICS","description":"Online Magazin \u00een Moldova","publisher":{"@id":"https:\/\/gorilla.md\/#organization"},"potentialAction":[{"@type":"SearchAction","target":{"@type":"EntryPoint","urlTemplate":"https:\/\/gorilla.md\/?s={search_term_string}"},"query-input":{"@type":"PropertyValueSpecification","valueRequired":true,"valueName":"search_term_string"}}],"inLanguage":"ru-RU"},{"@type":"Organization","@id":"https:\/\/gorilla.md\/#organization","name":"Gorilla ELECTRONICS","url":"https:\/\/gorilla.md\/","logo":{"@type":"ImageObject","inLanguage":"ru-RU","@id":"https:\/\/gorilla.md\/#\/schema\/logo\/image\/","url":"https:\/\/gorilla.md\/wp-content\/uploads\/2023\/08\/logo-g.png","contentUrl":"https:\/\/gorilla.md\/wp-content\/uploads\/2023\/08\/logo-g.png","width":200,"height":200,"caption":"Gorilla ELECTRONICS"},"image":{"@id":"https:\/\/gorilla.md\/#\/schema\/logo\/image\/"},"sameAs":["https:\/\/www.facebook.com\/www.gorilla.md"]}]}},"_links":{"self":[{"href":"https:\/\/gorilla.md\/ru\/wp-json\/wp\/v2\/product\/15576","targetHints":{"allow":["GET"]}}],"collection":[{"href":"https:\/\/gorilla.md\/ru\/wp-json\/wp\/v2\/product"}],"about":[{"href":"https:\/\/gorilla.md\/ru\/wp-json\/wp\/v2\/types\/product"}],"replies":[{"embeddable":true,"href":"https:\/\/gorilla.md\/ru\/wp-json\/wp\/v2\/comments?post=15576"}],"wp:featuredmedia":[{"embeddable":true,"href":"https:\/\/gorilla.md\/ru\/wp-json\/wp\/v2\/media\/52871"}],"wp:attachment":[{"href":"https:\/\/gorilla.md\/ru\/wp-json\/wp\/v2\/media?parent=15576"}],"wp:term":[{"taxonomy":"product_cat","embeddable":true,"href":"https:\/\/gorilla.md\/ru\/wp-json\/wp\/v2\/product_cat?post=15576"},{"taxonomy":"product_tag","embeddable":true,"href":"https:\/\/gorilla.md\/ru\/wp-json\/wp\/v2\/product_tag?post=15576"}],"curies":[{"name":"wp","href":"https:\/\/api.w.org\/{rel}","templated":true}]}}