{"id":15574,"date":"2023-10-11T14:20:20","date_gmt":"2023-10-11T14:20:20","guid":{"rendered":"https:\/\/gorilla.md\/?post_type=product&#038;p=15574"},"modified":"2026-05-11T14:53:37","modified_gmt":"2026-05-11T14:53:37","slug":"monitor-apple-studio-display-mk0q3z-a-27-5k-retina-webcam-12mp-standard-glass-tilt-and-height-adjustable-stand-argintiu","status":"publish","type":"product","link":"https:\/\/gorilla.md\/ru\/product\/monitor-apple-studio-display-mk0q3z-a-27-5k-retina-webcam-12mp-standard-glass-tilt-and-height-adjustable-stand-argintiu\/","title":{"rendered":"\u041c\u043e\u043d\u0438\u0442\u043e\u0440 APPLE Studio Display mk0q3z\/a, 27\u2033 5K Retina, WebCam 12MP, Standard Glass, Tilt and Height Adjustable Stand, argintiu"},"content":{"rendered":"<p>Studio Display este o\u00a0fereastr\u0103 larg\u0103 \u0219i\u00a0uimitoare c\u0103tre lumea inova\u021biei tehnologice care te\u00a0captiveaz\u0103 din momentul \u00een\u00a0care \u00eel\u00a0porne\u0219ti. Cu\u00a0un\u00a0design incredibil de\u00a0sub\u021bire, pe\u00a0tot ecranul \u0219i\u00a0o\u00a0gam\u0103 impresionant\u0103 de\u00a0func\u021bii, fiecare ac\u021biune pe\u00a0care o\u00a0face\u021bi vine \u00een\u00a0culori \u0219i\u00a0detalii vii.<\/p>\n<p>Ave\u021bi grij\u0103 de\u00a0vederea dvs<\/p>\n<p>Studio Display v\u0103\u00a0ofer\u0103 o\u00a0experien\u021b\u0103 de\u00a0vizionare mai natural\u0103 prin utilizarea unui senzor de\u00a0lumin\u0103 ambiental\u0103. Acest senzor ajusteaz\u0103 automat temperatura de\u00a0culoare a\u00a0afi\u0219ajului \u00een\u00a0func\u021bie de\u00a0mediu, f\u0103c\u00e2nd imaginile moi pentru ochi.<\/p>\n<p>Stralucire minim\u0103 pentru concentrare maxim\u0103<\/p>\n<p>Fiecare afi\u0219aj de\u00a0studio include un\u00a0strat anti-orbire lider \u00een\u00a0industrie care reduce str\u0103lucirea \u0219i\u00a0ofer\u0103 un\u00a0confort ridicat de\u00a0citire. Fiecare cuv\u00e2nt \u0219i\u00a0fiecare pixel este afi\u0219at luminos, cu\u00a0reflexii minime. Acest model are sticl\u0103 standard f\u0103r\u0103 un\u00a0strat de\u00a0nanotextur\u0103.<\/p>\n<p>Camer\u0103 \u0219i\u00a0sunet uluitoare<\/p>\n<p>Ecranul de\u00a0studio are o\u00a0camer\u0103 cu\u00a0unghi ultra larg de\u00a012\u00a0megapixeli. Aceast\u0103 camer\u0103 de\u00a0ultim\u0103 or\u0103 are un\u00a0senzor de\u00a012\u00a0megapixeli \u0219i\u00a0un\u00a0c\u00e2mp vizual de\u00a0122\u00a0de grade, asociat cu\u00a0func\u021bia Apple Center Stage. Center Stage ajusteaz\u0103 automat cadrul, astfel \u00eenc\u00e2t s\u0103\u00a0fi\u021bi \u00eentotdeauna v\u0103zut \u00een\u00a0focalizare. Momentul \u00een\u00a0care participan\u021bii intr\u0103 sau ies din cadru este \u00eenso\u021bit de\u00a0o\u00a0cre\u0219tere sau sc\u0103dere lin\u0103 a\u00a0c\u00e2mpului vizual. Studio Display are, de\u00a0asemenea, \u0219ase microfoane de\u00a0calitate studio, oferind un\u00a0sunet clar pentru \u00eent\u00e2lniri video \u0219i\u00a0\u00eenregistr\u0103ri vocale.<\/p>\n<p>Experien\u021b\u0103 de\u00a0sunet premium<\/p>\n<p>Patru woofer-uri compensate de\u00a0for\u021b\u0103 produc un\u00a0bas bogat \u0219i\u00a0profund, reduc\u00e2nd \u00een\u00a0acela\u0219i timp distorsiunea. Dou\u0103 tweetere de\u00a0\u00eenalt\u0103 performan\u021b\u0103 produc \u00eenalte \u0219i\u00a0medii clare. Toate acestea fac din Studio Display unul dintre sistemele de\u00a0difuzoare de\u00a0cea mai \u00eenalt\u0103 calitate realizate vreodat\u0103 pentru Mac.<\/p>\n<p>Instrumentele dvs. excelente de\u00a0lucru<\/p>\n<p>Studio Display are porturi USB-C triple pentru a\u00a0conecta, alimenta \u0219i\u00a0\u00eenc\u0103rca o\u00a0varietate de\u00a0dispozitive, de\u00a0la\u00a0unit\u0103\u021bi externe \u0219i\u00a0tastaturi la\u00a0laptopurile Mac. Portul Thunderbolt conecteaz\u0103 Studio Display la\u00a0Mac \u0219i\u00a0chiar \u00eencarc\u0103 laptopuri Mac compatibile. Studio Display vine cu\u00a0dou\u0103 tipuri de\u00a0suporturi \u0219i\u00a0un\u00a0adaptor VESA, astfel \u00eenc\u00e2t s\u0103\u00a0pute\u021bi alege cea mai bun\u0103 metod\u0103 de\u00a0plasare.<\/p>\n<p>Acest kit include un\u00a0suport cu\u00a0\u00eenclinare \u0219i\u00a0\u00een\u0103l\u021bime reglabile.<\/p>\n<p>Bra\u021bul de\u00a0contrabalansare ofer\u0103 30\u00a0de grade de\u00a0\u00eenclinare, precum \u0219i\u00a0105\u00a0mm de\u00a0reglare a\u00a0\u00een\u0103l\u021bimii \u0219i\u00a0face afi\u0219ajul f\u0103r\u0103 greutate atunci c\u00e2nd este reglat.<\/p>\n<p>Op\u021biune adaptor de\u00a0montare VESA.<\/p>\n<p>Pentru set\u0103ri personalizate, adaptorul de\u00a0montare VESA accept\u0103 orient\u0103rile peisaj \u0219i\u00a0portret. \u0218i\u00a0este compatibil cu\u00a0orice suport de\u00a0perete VESA 100\u00a0cu 100\u00a0mm, suport de\u00a0mas\u0103, suport sau bra\u021b articulat.<\/p>\n<p>Op\u021biune de\u00a0suport cu\u00a0reglare a\u00a0\u00eenclin\u0103rii.<\/p>\n<p>Stand cu\u00a0reglare a\u00a0\u00eenclin\u0103rii. Suportul \u00eencorporat ofer\u0103 o\u00a0\u00eenclinare lin\u0103 \u0219i\u00a0u\u0219oar\u0103 de\u00a030\u00a0de grade.<\/p>","protected":false},"excerpt":{"rendered":"<p>\u041a\u043e\u0434 \u0442\u043e\u0432\u0430\u0440\u0430 :<\/p>\n<p>15574<\/p>","protected":false},"featured_media":52894,"comment_status":"open","ping_status":"closed","template":"","meta":[],"product_cat":[167],"product_tag":[],"class_list":{"0":"post-15574","1":"product","2":"type-product","3":"status-publish","4":"has-post-thumbnail","6":"product_cat-monitoare","7":"pa_brands-apple","9":"first","10":"instock","11":"taxable","12":"shipping-taxable","13":"purchasable","14":"product-type-simple"},"yoast_head":"<!-- This site is optimized with the Yoast SEO plugin v23.9 - https:\/\/yoast.com\/wordpress\/plugins\/seo\/ -->\n<title>Monitor APPLE Studio Display mk0q3z\/a, 27&quot; 5K Retina, WebCam 12MP, Standard Glass, Tilt and Height Adjustable Stand, argintiu - Gorilla ELECTRONICS<\/title>\n<meta name=\"description\" content=\"\u041a\u0443\u043f\u0438\u0442\u0435 Monitor APPLE Studio Display mk0q3z\/a, 27&quot; 5K Retina, WebCam 12MP, Standard Glass, Tilt and Height Adjustable Stand, argintiu \u043f\u043e \u043d\u0438\u0437\u043a\u043e\u0439 \u0446\u0435\u043d\u0435 \u043d\u0430 Gorilla ELECTRONICS \u0432 \u041c\u043e\u043b\u0434\u043e\u0432\u0435! \u0411\u044b\u0441\u0442\u0440\u0430\u044f \u0434\u043e\u0441\u0442\u0430\u0432\u043a\u0430, \u0433\u0430\u0440\u0430\u043d\u0442\u0438\u044f. \u0412\u044b\u0433\u043e\u0434\u043d\u044b\u0435 \u043f\u0440\u0435\u0434\u043b\u043e\u0436\u0435\u043d\u0438\u044f!\" \/>\n<meta name=\"robots\" content=\"index, follow, max-snippet:-1, max-image-preview:large, max-video-preview:-1\" \/>\n<link rel=\"canonical\" href=\"https:\/\/gorilla.md\/ru\/product\/monitor-apple-studio-display-mk0q3z-a-27-5k-retina-webcam-12mp-standard-glass-tilt-and-height-adjustable-stand-argintiu\/\" \/>\n<meta property=\"og:locale\" content=\"ru_RU\" \/>\n<meta property=\"og:type\" content=\"article\" \/>\n<meta property=\"og:title\" content=\"Monitor APPLE Studio Display mk0q3z\/a, 27&quot; 5K Retina, WebCam 12MP, Standard Glass, Tilt and Height Adjustable Stand, argintiu - Gorilla ELECTRONICS\" \/>\n<meta property=\"og:description\" content=\"\u041a\u0443\u043f\u0438\u0442\u0435 Monitor APPLE Studio Display mk0q3z\/a, 27&quot; 5K Retina, WebCam 12MP, Standard Glass, Tilt and Height Adjustable Stand, argintiu \u043f\u043e \u043d\u0438\u0437\u043a\u043e\u0439 \u0446\u0435\u043d\u0435 \u043d\u0430 Gorilla ELECTRONICS \u0432 \u041c\u043e\u043b\u0434\u043e\u0432\u0435! \u0411\u044b\u0441\u0442\u0440\u0430\u044f \u0434\u043e\u0441\u0442\u0430\u0432\u043a\u0430, \u0433\u0430\u0440\u0430\u043d\u0442\u0438\u044f. \u0412\u044b\u0433\u043e\u0434\u043d\u044b\u0435 \u043f\u0440\u0435\u0434\u043b\u043e\u0436\u0435\u043d\u0438\u044f!\" \/>\n<meta property=\"og:url\" content=\"https:\/\/gorilla.md\/ru\/product\/monitor-apple-studio-display-mk0q3z-a-27-5k-retina-webcam-12mp-standard-glass-tilt-and-height-adjustable-stand-argintiu\/\" \/>\n<meta property=\"og:site_name\" content=\"Gorilla ELECTRONICS\" \/>\n<meta property=\"article:publisher\" content=\"https:\/\/www.facebook.com\/www.gorilla.md\" \/>\n<meta property=\"article:modified_time\" content=\"2026-05-11T14:53:37+00:00\" \/>\n<meta property=\"og:image\" content=\"https:\/\/gorilla.md\/wp-content\/uploads\/2023\/10\/i-21.webp\" \/>\n\t<meta property=\"og:image:width\" content=\"500\" \/>\n\t<meta property=\"og:image:height\" content=\"500\" \/>\n\t<meta property=\"og:image:type\" content=\"image\/webp\" \/>\n<meta name=\"twitter:card\" content=\"summary_large_image\" \/>\n<meta name=\"twitter:label1\" content=\"\u041f\u0440\u0438\u043c\u0435\u0440\u043d\u043e\u0435 \u0432\u0440\u0435\u043c\u044f \u0434\u043b\u044f \u0447\u0442\u0435\u043d\u0438\u044f\" \/>\n\t<meta name=\"twitter:data1\" content=\"3 \u043c\u0438\u043d\u0443\u0442\u044b\" \/>\n<script type=\"application\/ld+json\" class=\"yoast-schema-graph\">{\"@context\":\"https:\/\/schema.org\",\"@graph\":[{\"@type\":\"WebPage\",\"@id\":\"https:\/\/gorilla.md\/produs\/monitor-apple-studio-display-mk0q3z-a-27-5k-retina-webcam-12mp-standard-glass-tilt-and-height-adjustable-stand-argintiu\/\",\"url\":\"https:\/\/gorilla.md\/produs\/monitor-apple-studio-display-mk0q3z-a-27-5k-retina-webcam-12mp-standard-glass-tilt-and-height-adjustable-stand-argintiu\/\",\"name\":\"Monitor APPLE Studio Display mk0q3z\/a, 27\\\" 5K Retina, WebCam 12MP, Standard Glass, Tilt and Height Adjustable Stand, argintiu - Gorilla ELECTRONICS\",\"isPartOf\":{\"@id\":\"https:\/\/gorilla.md\/#website\"},\"primaryImageOfPage\":{\"@id\":\"https:\/\/gorilla.md\/produs\/monitor-apple-studio-display-mk0q3z-a-27-5k-retina-webcam-12mp-standard-glass-tilt-and-height-adjustable-stand-argintiu\/#primaryimage\"},\"image\":{\"@id\":\"https:\/\/gorilla.md\/produs\/monitor-apple-studio-display-mk0q3z-a-27-5k-retina-webcam-12mp-standard-glass-tilt-and-height-adjustable-stand-argintiu\/#primaryimage\"},\"thumbnailUrl\":\"https:\/\/gorilla.md\/wp-content\/uploads\/2023\/10\/i-21.webp\",\"datePublished\":\"2023-10-11T14:20:20+00:00\",\"dateModified\":\"2026-05-11T14:53:37+00:00\",\"description\":\"\u041a\u0443\u043f\u0438\u0442\u0435 Monitor APPLE Studio Display mk0q3z\/a, 27\\\" 5K Retina, WebCam 12MP, Standard Glass, Tilt and Height Adjustable Stand, argintiu \u043f\u043e \u043d\u0438\u0437\u043a\u043e\u0439 \u0446\u0435\u043d\u0435 \u043d\u0430 Gorilla ELECTRONICS \u0432 \u041c\u043e\u043b\u0434\u043e\u0432\u0435! \u0411\u044b\u0441\u0442\u0440\u0430\u044f \u0434\u043e\u0441\u0442\u0430\u0432\u043a\u0430, \u0433\u0430\u0440\u0430\u043d\u0442\u0438\u044f. \u0412\u044b\u0433\u043e\u0434\u043d\u044b\u0435 \u043f\u0440\u0435\u0434\u043b\u043e\u0436\u0435\u043d\u0438\u044f!\",\"breadcrumb\":{\"@id\":\"https:\/\/gorilla.md\/produs\/monitor-apple-studio-display-mk0q3z-a-27-5k-retina-webcam-12mp-standard-glass-tilt-and-height-adjustable-stand-argintiu\/#breadcrumb\"},\"inLanguage\":\"ru-RU\",\"potentialAction\":[{\"@type\":\"ReadAction\",\"target\":[\"https:\/\/gorilla.md\/produs\/monitor-apple-studio-display-mk0q3z-a-27-5k-retina-webcam-12mp-standard-glass-tilt-and-height-adjustable-stand-argintiu\/\"]}]},{\"@type\":\"ImageObject\",\"inLanguage\":\"ru-RU\",\"@id\":\"https:\/\/gorilla.md\/produs\/monitor-apple-studio-display-mk0q3z-a-27-5k-retina-webcam-12mp-standard-glass-tilt-and-height-adjustable-stand-argintiu\/#primaryimage\",\"url\":\"https:\/\/gorilla.md\/wp-content\/uploads\/2023\/10\/i-21.webp\",\"contentUrl\":\"https:\/\/gorilla.md\/wp-content\/uploads\/2023\/10\/i-21.webp\",\"width\":500,\"height\":500},{\"@type\":\"BreadcrumbList\",\"@id\":\"https:\/\/gorilla.md\/produs\/monitor-apple-studio-display-mk0q3z-a-27-5k-retina-webcam-12mp-standard-glass-tilt-and-height-adjustable-stand-argintiu\/#breadcrumb\",\"itemListElement\":[{\"@type\":\"ListItem\",\"position\":1,\"name\":\"Magazin\",\"item\":\"https:\/\/gorilla.md\/magazin\/\"},{\"@type\":\"ListItem\",\"position\":2,\"name\":\"Monitor APPLE Studio Display mk0q3z\/a, 27&#8243; 5K Retina, WebCam 12MP, Standard Glass, Tilt and Height Adjustable Stand, argintiu\"}]},{\"@type\":\"WebSite\",\"@id\":\"https:\/\/gorilla.md\/#website\",\"url\":\"https:\/\/gorilla.md\/\",\"name\":\"Gorilla ELECTRONICS\",\"description\":\"Online Magazin \u00een Moldova\",\"publisher\":{\"@id\":\"https:\/\/gorilla.md\/#organization\"},\"potentialAction\":[{\"@type\":\"SearchAction\",\"target\":{\"@type\":\"EntryPoint\",\"urlTemplate\":\"https:\/\/gorilla.md\/?s={search_term_string}\"},\"query-input\":{\"@type\":\"PropertyValueSpecification\",\"valueRequired\":true,\"valueName\":\"search_term_string\"}}],\"inLanguage\":\"ru-RU\"},{\"@type\":\"Organization\",\"@id\":\"https:\/\/gorilla.md\/#organization\",\"name\":\"Gorilla ELECTRONICS\",\"url\":\"https:\/\/gorilla.md\/\",\"logo\":{\"@type\":\"ImageObject\",\"inLanguage\":\"ru-RU\",\"@id\":\"https:\/\/gorilla.md\/#\/schema\/logo\/image\/\",\"url\":\"https:\/\/gorilla.md\/wp-content\/uploads\/2023\/08\/logo-g.png\",\"contentUrl\":\"https:\/\/gorilla.md\/wp-content\/uploads\/2023\/08\/logo-g.png\",\"width\":200,\"height\":200,\"caption\":\"Gorilla ELECTRONICS\"},\"image\":{\"@id\":\"https:\/\/gorilla.md\/#\/schema\/logo\/image\/\"},\"sameAs\":[\"https:\/\/www.facebook.com\/www.gorilla.md\"]}]}<\/script>\n<!-- \/ Yoast SEO plugin. -->","yoast_head_json":{"title":"Monitor APPLE Studio Display mk0q3z\/a, 27\" 5K Retina, WebCam 12MP, Standard Glass, Tilt and Height Adjustable Stand, argintiu - Gorilla ELECTRONICS","description":"\u041a\u0443\u043f\u0438\u0442\u0435 Monitor APPLE Studio Display mk0q3z\/a, 27\" 5K Retina, WebCam 12MP, Standard Glass, Tilt and Height Adjustable Stand, argintiu \u043f\u043e \u043d\u0438\u0437\u043a\u043e\u0439 \u0446\u0435\u043d\u0435 \u043d\u0430 Gorilla ELECTRONICS \u0432 \u041c\u043e\u043b\u0434\u043e\u0432\u0435! \u0411\u044b\u0441\u0442\u0440\u0430\u044f \u0434\u043e\u0441\u0442\u0430\u0432\u043a\u0430, \u0433\u0430\u0440\u0430\u043d\u0442\u0438\u044f. \u0412\u044b\u0433\u043e\u0434\u043d\u044b\u0435 \u043f\u0440\u0435\u0434\u043b\u043e\u0436\u0435\u043d\u0438\u044f!","robots":{"index":"index","follow":"follow","max-snippet":"max-snippet:-1","max-image-preview":"max-image-preview:large","max-video-preview":"max-video-preview:-1"},"canonical":"https:\/\/gorilla.md\/ru\/product\/monitor-apple-studio-display-mk0q3z-a-27-5k-retina-webcam-12mp-standard-glass-tilt-and-height-adjustable-stand-argintiu\/","og_locale":"ru_RU","og_type":"article","og_title":"Monitor APPLE Studio Display mk0q3z\/a, 27\" 5K Retina, WebCam 12MP, Standard Glass, Tilt and Height Adjustable Stand, argintiu - Gorilla ELECTRONICS","og_description":"\u041a\u0443\u043f\u0438\u0442\u0435 Monitor APPLE Studio Display mk0q3z\/a, 27\" 5K Retina, WebCam 12MP, Standard Glass, Tilt and Height Adjustable Stand, argintiu \u043f\u043e \u043d\u0438\u0437\u043a\u043e\u0439 \u0446\u0435\u043d\u0435 \u043d\u0430 Gorilla ELECTRONICS \u0432 \u041c\u043e\u043b\u0434\u043e\u0432\u0435! \u0411\u044b\u0441\u0442\u0440\u0430\u044f \u0434\u043e\u0441\u0442\u0430\u0432\u043a\u0430, \u0433\u0430\u0440\u0430\u043d\u0442\u0438\u044f. \u0412\u044b\u0433\u043e\u0434\u043d\u044b\u0435 \u043f\u0440\u0435\u0434\u043b\u043e\u0436\u0435\u043d\u0438\u044f!","og_url":"https:\/\/gorilla.md\/ru\/product\/monitor-apple-studio-display-mk0q3z-a-27-5k-retina-webcam-12mp-standard-glass-tilt-and-height-adjustable-stand-argintiu\/","og_site_name":"Gorilla ELECTRONICS","article_publisher":"https:\/\/www.facebook.com\/www.gorilla.md","article_modified_time":"2026-05-11T14:53:37+00:00","og_image":[{"width":500,"height":500,"url":"https:\/\/gorilla.md\/wp-content\/uploads\/2023\/10\/i-21.webp","type":"image\/webp"}],"twitter_card":"summary_large_image","twitter_misc":{"\u041f\u0440\u0438\u043c\u0435\u0440\u043d\u043e\u0435 \u0432\u0440\u0435\u043c\u044f \u0434\u043b\u044f \u0447\u0442\u0435\u043d\u0438\u044f":"3 \u043c\u0438\u043d\u0443\u0442\u044b"},"schema":{"@context":"https:\/\/schema.org","@graph":[{"@type":"WebPage","@id":"https:\/\/gorilla.md\/produs\/monitor-apple-studio-display-mk0q3z-a-27-5k-retina-webcam-12mp-standard-glass-tilt-and-height-adjustable-stand-argintiu\/","url":"https:\/\/gorilla.md\/produs\/monitor-apple-studio-display-mk0q3z-a-27-5k-retina-webcam-12mp-standard-glass-tilt-and-height-adjustable-stand-argintiu\/","name":"Monitor APPLE Studio Display mk0q3z\/a, 27\" 5K Retina, WebCam 12MP, Standard Glass, Tilt and Height Adjustable Stand, argintiu - Gorilla ELECTRONICS","isPartOf":{"@id":"https:\/\/gorilla.md\/#website"},"primaryImageOfPage":{"@id":"https:\/\/gorilla.md\/produs\/monitor-apple-studio-display-mk0q3z-a-27-5k-retina-webcam-12mp-standard-glass-tilt-and-height-adjustable-stand-argintiu\/#primaryimage"},"image":{"@id":"https:\/\/gorilla.md\/produs\/monitor-apple-studio-display-mk0q3z-a-27-5k-retina-webcam-12mp-standard-glass-tilt-and-height-adjustable-stand-argintiu\/#primaryimage"},"thumbnailUrl":"https:\/\/gorilla.md\/wp-content\/uploads\/2023\/10\/i-21.webp","datePublished":"2023-10-11T14:20:20+00:00","dateModified":"2026-05-11T14:53:37+00:00","description":"\u041a\u0443\u043f\u0438\u0442\u0435 Monitor APPLE Studio Display mk0q3z\/a, 27\" 5K Retina, WebCam 12MP, Standard Glass, Tilt and Height Adjustable Stand, argintiu \u043f\u043e \u043d\u0438\u0437\u043a\u043e\u0439 \u0446\u0435\u043d\u0435 \u043d\u0430 Gorilla ELECTRONICS \u0432 \u041c\u043e\u043b\u0434\u043e\u0432\u0435! \u0411\u044b\u0441\u0442\u0440\u0430\u044f \u0434\u043e\u0441\u0442\u0430\u0432\u043a\u0430, \u0433\u0430\u0440\u0430\u043d\u0442\u0438\u044f. \u0412\u044b\u0433\u043e\u0434\u043d\u044b\u0435 \u043f\u0440\u0435\u0434\u043b\u043e\u0436\u0435\u043d\u0438\u044f!","breadcrumb":{"@id":"https:\/\/gorilla.md\/produs\/monitor-apple-studio-display-mk0q3z-a-27-5k-retina-webcam-12mp-standard-glass-tilt-and-height-adjustable-stand-argintiu\/#breadcrumb"},"inLanguage":"ru-RU","potentialAction":[{"@type":"ReadAction","target":["https:\/\/gorilla.md\/produs\/monitor-apple-studio-display-mk0q3z-a-27-5k-retina-webcam-12mp-standard-glass-tilt-and-height-adjustable-stand-argintiu\/"]}]},{"@type":"ImageObject","inLanguage":"ru-RU","@id":"https:\/\/gorilla.md\/produs\/monitor-apple-studio-display-mk0q3z-a-27-5k-retina-webcam-12mp-standard-glass-tilt-and-height-adjustable-stand-argintiu\/#primaryimage","url":"https:\/\/gorilla.md\/wp-content\/uploads\/2023\/10\/i-21.webp","contentUrl":"https:\/\/gorilla.md\/wp-content\/uploads\/2023\/10\/i-21.webp","width":500,"height":500},{"@type":"BreadcrumbList","@id":"https:\/\/gorilla.md\/produs\/monitor-apple-studio-display-mk0q3z-a-27-5k-retina-webcam-12mp-standard-glass-tilt-and-height-adjustable-stand-argintiu\/#breadcrumb","itemListElement":[{"@type":"ListItem","position":1,"name":"Magazin","item":"https:\/\/gorilla.md\/magazin\/"},{"@type":"ListItem","position":2,"name":"Monitor APPLE Studio Display mk0q3z\/a, 27&#8243; 5K Retina, WebCam 12MP, Standard Glass, Tilt and Height Adjustable Stand, argintiu"}]},{"@type":"WebSite","@id":"https:\/\/gorilla.md\/#website","url":"https:\/\/gorilla.md\/","name":"Gorilla ELECTRONICS","description":"Online Magazin \u00een Moldova","publisher":{"@id":"https:\/\/gorilla.md\/#organization"},"potentialAction":[{"@type":"SearchAction","target":{"@type":"EntryPoint","urlTemplate":"https:\/\/gorilla.md\/?s={search_term_string}"},"query-input":{"@type":"PropertyValueSpecification","valueRequired":true,"valueName":"search_term_string"}}],"inLanguage":"ru-RU"},{"@type":"Organization","@id":"https:\/\/gorilla.md\/#organization","name":"Gorilla ELECTRONICS","url":"https:\/\/gorilla.md\/","logo":{"@type":"ImageObject","inLanguage":"ru-RU","@id":"https:\/\/gorilla.md\/#\/schema\/logo\/image\/","url":"https:\/\/gorilla.md\/wp-content\/uploads\/2023\/08\/logo-g.png","contentUrl":"https:\/\/gorilla.md\/wp-content\/uploads\/2023\/08\/logo-g.png","width":200,"height":200,"caption":"Gorilla ELECTRONICS"},"image":{"@id":"https:\/\/gorilla.md\/#\/schema\/logo\/image\/"},"sameAs":["https:\/\/www.facebook.com\/www.gorilla.md"]}]}},"_links":{"self":[{"href":"https:\/\/gorilla.md\/ru\/wp-json\/wp\/v2\/product\/15574","targetHints":{"allow":["GET"]}}],"collection":[{"href":"https:\/\/gorilla.md\/ru\/wp-json\/wp\/v2\/product"}],"about":[{"href":"https:\/\/gorilla.md\/ru\/wp-json\/wp\/v2\/types\/product"}],"replies":[{"embeddable":true,"href":"https:\/\/gorilla.md\/ru\/wp-json\/wp\/v2\/comments?post=15574"}],"wp:featuredmedia":[{"embeddable":true,"href":"https:\/\/gorilla.md\/ru\/wp-json\/wp\/v2\/media\/52894"}],"wp:attachment":[{"href":"https:\/\/gorilla.md\/ru\/wp-json\/wp\/v2\/media?parent=15574"}],"wp:term":[{"taxonomy":"product_cat","embeddable":true,"href":"https:\/\/gorilla.md\/ru\/wp-json\/wp\/v2\/product_cat?post=15574"},{"taxonomy":"product_tag","embeddable":true,"href":"https:\/\/gorilla.md\/ru\/wp-json\/wp\/v2\/product_tag?post=15574"}],"curies":[{"name":"wp","href":"https:\/\/api.w.org\/{rel}","templated":true}]}}