{"id":15565,"date":"2023-10-09T13:55:13","date_gmt":"2023-10-09T13:55:13","guid":{"rendered":"https:\/\/gorilla.md\/?post_type=product&#038;p=15565"},"modified":"2026-04-03T14:38:43","modified_gmt":"2026-04-03T14:38:43","slug":"asus-vivobook-15-r1504za-bq497-156-i7-1255u-16gb-512gb-no-os-quiet-blue","status":"publish","type":"product","link":"https:\/\/gorilla.md\/ru\/product\/asus-vivobook-15-r1504za-bq497-156-i7-1255u-16gb-512gb-no-os-quiet-blue\/","title":{"rendered":"ASUS VivoBook 15 R1504ZA-BQ497 15,6\u2033 (i7-1255U \/ 16GB\/ 512GB) No OS, Quiet Blue"},"content":{"rendered":"<p>C\u0103uta\u021bi un\u00a0laptop care combin\u0103 performan\u021ba \u00eenalt\u0103, designul elegant \u0219i\u00a0un\u00a0pre\u021b accesibil? ASUS VivoBook 15\u00a0R1504ZA-BQ497 este exact ceea ce\u00a0ave\u021bi nevoie. La\u00a0Cactus.md pute\u021bi cump\u0103ra acest laptop ASUS de\u00a0\u00eencredere \u0219i\u00a0v\u0103\u00a0pute\u021bi \u00eembun\u0103t\u0103\u021bi experien\u021ba de\u00a0munc\u0103, educa\u021bie \u0219i\u00a0divertisment.<\/p>\n<p>Principalele caracteristici ale ASUS VivoBook 15\u00a0R1504ZA-BQ497:<\/p>\n<p>Performan\u021b\u0103: Laptopul ASUS VivoBook 15\u00a0este echipat cu\u00a0un\u00a0procesor puternic care asigur\u0103 finalizarea rapid\u0103 a\u00a0sarcinilor, multitasking \u0219i\u00a0func\u021bionarea f\u0103r\u0103 probleme a\u00a0aplica\u021biilor. Aceasta este o\u00a0solu\u021bie ideal\u0103 at\u00e2t pentru sarcinile de\u00a0zi\u00a0cu\u00a0zi, c\u00e2t \u0219i\u00a0pentru aplica\u021biile care necesit\u0103 mai multe resurse.<\/p>\n<p>Design elegant: Cu\u00a0designul s\u0103u minimalist \u0219i\u00a0modern, VivoBook 15\u00a0ofer\u0103 mediului dumneavoastr\u0103 de\u00a0lucru un\u00a0aspect elegant. Ie\u0219i\u021bi \u00een\u00a0eviden\u021b\u0103 printre colegi \u0219i\u00a0prieteni cu\u00a0acest laptop elegant.<\/p>\n<p>Afi\u0219aj de\u00a0\u00eenalt\u0103 calitate: laptopul are un\u00a0afi\u0219aj luminos \u0219i\u00a0clar, care este excelent pentru vizualizarea con\u021binutului, lucrul cu\u00a0text \u0219i\u00a0divertisment online. Vei fi\u00a0impresionat de\u00a0calitatea imaginii.<\/p>\n<p>Durat\u0103 lung\u0103 de\u00a0via\u021b\u0103 a\u00a0bateriei: laptopul are o\u00a0durat\u0103 lung\u0103 de\u00a0via\u021b\u0103 a\u00a0bateriei, permi\u021b\u00e2ndu-v\u0103 s\u0103\u00a0lucra\u021bi sau s\u0103\u00a0v\u0103\u00a0juca\u021bi toat\u0103 ziua f\u0103r\u0103 s\u0103\u00a0v\u0103\u00a0face\u021bi griji cu\u00a0privire la\u00a0\u00eenc\u0103rcarea constant\u0103.<\/p>\n<p>Cump\u0103ra\u021bi un\u00a0laptop: Pe\u00a0Cactus.md pute\u021bi achizi\u021biona u\u0219or \u0219i\u00a0convenabil ASUS VivoBook 15\u00a0R1504ZA-BQ497\u00a0la un\u00a0pre\u021b competitiv.<\/p>\n<p>ASUS VivoBook 15\u00a0R1504ZA-BQ497 este solu\u021bia perfect\u0103 pentru cei care pre\u021buiesc performan\u021ba, stilul \u0219i\u00a0accesibilitatea. Cump\u0103ra\u021bi acest laptop pentru a\u00a0v\u0103\u00a0\u00eembun\u0103t\u0103\u021bi experien\u021ba de\u00a0lucru \u0219i\u00a0de\u00a0divertisment. Acesta va\u00a0deveni partenerul t\u0103u de\u00a0\u00eencredere \u00een\u00a0lumea computerelor \u0219i\u00a0te\u00a0va\u00a0ajuta s\u0103\u00a0atingi \u00een\u0103l\u021bimi mai mari \u00een\u00a0proiectele tale<\/p>","protected":false},"excerpt":{"rendered":"<p>\u041a\u043e\u0434 \u0442\u043e\u0432\u0430\u0440\u0430:<\/p>\n<p>15565<\/p>","protected":false},"featured_media":52727,"comment_status":"open","ping_status":"closed","template":"","meta":[],"product_cat":[152,149],"product_tag":[],"class_list":{"0":"post-15565","1":"product","2":"type-product","3":"status-publish","4":"has-post-thumbnail","6":"product_cat-asus-notebook","7":"product_cat-notebook","8":"pa_brands-asus","10":"first","11":"instock","12":"taxable","13":"shipping-taxable","14":"purchasable","15":"product-type-simple"},"yoast_head":"<!-- This site is optimized with the Yoast SEO plugin v23.9 - https:\/\/yoast.com\/wordpress\/plugins\/seo\/ -->\n<title>ASUS VivoBook 15 R1504ZA-BQ497 15,6&quot; (i7-1255U \/ 16GB\/ 512GB) No OS, Quiet Blue - Gorilla ELECTRONICS<\/title>\n<meta name=\"description\" content=\"\u041a\u0443\u043f\u0438\u0442\u0435 ASUS VivoBook 15 R1504ZA-BQ497 15,6&quot; (i7-1255U \/ 16GB\/ 512GB) No OS, Quiet Blue \u043f\u043e \u043d\u0438\u0437\u043a\u043e\u0439 \u0446\u0435\u043d\u0435 \u043d\u0430 Gorilla ELECTRONICS \u0432 \u041c\u043e\u043b\u0434\u043e\u0432\u0435! \u0411\u044b\u0441\u0442\u0440\u0430\u044f \u0434\u043e\u0441\u0442\u0430\u0432\u043a\u0430, \u0433\u0430\u0440\u0430\u043d\u0442\u0438\u044f. \u0412\u044b\u0433\u043e\u0434\u043d\u044b\u0435 \u043f\u0440\u0435\u0434\u043b\u043e\u0436\u0435\u043d\u0438\u044f!\" \/>\n<meta name=\"robots\" content=\"index, follow, max-snippet:-1, max-image-preview:large, max-video-preview:-1\" \/>\n<link rel=\"canonical\" href=\"https:\/\/gorilla.md\/ru\/product\/asus-vivobook-15-r1504za-bq497-156-i7-1255u-16gb-512gb-no-os-quiet-blue\/\" \/>\n<meta property=\"og:locale\" content=\"ru_RU\" \/>\n<meta property=\"og:type\" content=\"article\" \/>\n<meta property=\"og:title\" content=\"ASUS VivoBook 15 R1504ZA-BQ497 15,6&quot; (i7-1255U \/ 16GB\/ 512GB) No OS, Quiet Blue - Gorilla ELECTRONICS\" \/>\n<meta property=\"og:description\" content=\"\u041a\u0443\u043f\u0438\u0442\u0435 ASUS VivoBook 15 R1504ZA-BQ497 15,6&quot; (i7-1255U \/ 16GB\/ 512GB) No OS, Quiet Blue \u043f\u043e \u043d\u0438\u0437\u043a\u043e\u0439 \u0446\u0435\u043d\u0435 \u043d\u0430 Gorilla ELECTRONICS \u0432 \u041c\u043e\u043b\u0434\u043e\u0432\u0435! \u0411\u044b\u0441\u0442\u0440\u0430\u044f \u0434\u043e\u0441\u0442\u0430\u0432\u043a\u0430, \u0433\u0430\u0440\u0430\u043d\u0442\u0438\u044f. \u0412\u044b\u0433\u043e\u0434\u043d\u044b\u0435 \u043f\u0440\u0435\u0434\u043b\u043e\u0436\u0435\u043d\u0438\u044f!\" \/>\n<meta property=\"og:url\" content=\"https:\/\/gorilla.md\/ru\/product\/asus-vivobook-15-r1504za-bq497-156-i7-1255u-16gb-512gb-no-os-quiet-blue\/\" \/>\n<meta property=\"og:site_name\" content=\"Gorilla ELECTRONICS\" \/>\n<meta property=\"article:publisher\" content=\"https:\/\/www.facebook.com\/www.gorilla.md\" \/>\n<meta property=\"article:modified_time\" content=\"2026-04-03T14:38:43+00:00\" \/>\n<meta property=\"og:image\" content=\"https:\/\/gorilla.md\/wp-content\/uploads\/2023\/10\/w800.png\" \/>\n\t<meta property=\"og:image:width\" content=\"800\" \/>\n\t<meta property=\"og:image:height\" content=\"800\" \/>\n\t<meta property=\"og:image:type\" content=\"image\/png\" \/>\n<meta name=\"twitter:card\" content=\"summary_large_image\" \/>\n<meta name=\"twitter:label1\" content=\"\u041f\u0440\u0438\u043c\u0435\u0440\u043d\u043e\u0435 \u0432\u0440\u0435\u043c\u044f \u0434\u043b\u044f \u0447\u0442\u0435\u043d\u0438\u044f\" \/>\n\t<meta name=\"twitter:data1\" content=\"2 \u043c\u0438\u043d\u0443\u0442\u044b\" \/>\n<script type=\"application\/ld+json\" class=\"yoast-schema-graph\">{\"@context\":\"https:\/\/schema.org\",\"@graph\":[{\"@type\":\"WebPage\",\"@id\":\"https:\/\/gorilla.md\/produs\/asus-vivobook-15-r1504za-bq497-156-i7-1255u-16gb-512gb-no-os-quiet-blue\/\",\"url\":\"https:\/\/gorilla.md\/produs\/asus-vivobook-15-r1504za-bq497-156-i7-1255u-16gb-512gb-no-os-quiet-blue\/\",\"name\":\"ASUS VivoBook 15 R1504ZA-BQ497 15,6\\\" (i7-1255U \/ 16GB\/ 512GB) No OS, Quiet Blue - Gorilla ELECTRONICS\",\"isPartOf\":{\"@id\":\"https:\/\/gorilla.md\/#website\"},\"primaryImageOfPage\":{\"@id\":\"https:\/\/gorilla.md\/produs\/asus-vivobook-15-r1504za-bq497-156-i7-1255u-16gb-512gb-no-os-quiet-blue\/#primaryimage\"},\"image\":{\"@id\":\"https:\/\/gorilla.md\/produs\/asus-vivobook-15-r1504za-bq497-156-i7-1255u-16gb-512gb-no-os-quiet-blue\/#primaryimage\"},\"thumbnailUrl\":\"https:\/\/gorilla.md\/wp-content\/uploads\/2023\/10\/w800.png\",\"datePublished\":\"2023-10-09T13:55:13+00:00\",\"dateModified\":\"2026-04-03T14:38:43+00:00\",\"description\":\"\u041a\u0443\u043f\u0438\u0442\u0435 ASUS VivoBook 15 R1504ZA-BQ497 15,6\\\" (i7-1255U \/ 16GB\/ 512GB) No OS, Quiet Blue \u043f\u043e \u043d\u0438\u0437\u043a\u043e\u0439 \u0446\u0435\u043d\u0435 \u043d\u0430 Gorilla ELECTRONICS \u0432 \u041c\u043e\u043b\u0434\u043e\u0432\u0435! \u0411\u044b\u0441\u0442\u0440\u0430\u044f \u0434\u043e\u0441\u0442\u0430\u0432\u043a\u0430, \u0433\u0430\u0440\u0430\u043d\u0442\u0438\u044f. \u0412\u044b\u0433\u043e\u0434\u043d\u044b\u0435 \u043f\u0440\u0435\u0434\u043b\u043e\u0436\u0435\u043d\u0438\u044f!\",\"breadcrumb\":{\"@id\":\"https:\/\/gorilla.md\/produs\/asus-vivobook-15-r1504za-bq497-156-i7-1255u-16gb-512gb-no-os-quiet-blue\/#breadcrumb\"},\"inLanguage\":\"ru-RU\",\"potentialAction\":[{\"@type\":\"ReadAction\",\"target\":[\"https:\/\/gorilla.md\/produs\/asus-vivobook-15-r1504za-bq497-156-i7-1255u-16gb-512gb-no-os-quiet-blue\/\"]}]},{\"@type\":\"ImageObject\",\"inLanguage\":\"ru-RU\",\"@id\":\"https:\/\/gorilla.md\/produs\/asus-vivobook-15-r1504za-bq497-156-i7-1255u-16gb-512gb-no-os-quiet-blue\/#primaryimage\",\"url\":\"https:\/\/gorilla.md\/wp-content\/uploads\/2023\/10\/w800.png\",\"contentUrl\":\"https:\/\/gorilla.md\/wp-content\/uploads\/2023\/10\/w800.png\",\"width\":800,\"height\":800},{\"@type\":\"BreadcrumbList\",\"@id\":\"https:\/\/gorilla.md\/produs\/asus-vivobook-15-r1504za-bq497-156-i7-1255u-16gb-512gb-no-os-quiet-blue\/#breadcrumb\",\"itemListElement\":[{\"@type\":\"ListItem\",\"position\":1,\"name\":\"Magazin\",\"item\":\"https:\/\/gorilla.md\/magazin\/\"},{\"@type\":\"ListItem\",\"position\":2,\"name\":\"ASUS VivoBook 15 R1504ZA-BQ497 15,6&#8243; (i7-1255U \/ 16GB\/ 512GB) No OS, Quiet Blue\"}]},{\"@type\":\"WebSite\",\"@id\":\"https:\/\/gorilla.md\/#website\",\"url\":\"https:\/\/gorilla.md\/\",\"name\":\"Gorilla ELECTRONICS\",\"description\":\"Online Magazin \u00een Moldova\",\"publisher\":{\"@id\":\"https:\/\/gorilla.md\/#organization\"},\"potentialAction\":[{\"@type\":\"SearchAction\",\"target\":{\"@type\":\"EntryPoint\",\"urlTemplate\":\"https:\/\/gorilla.md\/?s={search_term_string}\"},\"query-input\":{\"@type\":\"PropertyValueSpecification\",\"valueRequired\":true,\"valueName\":\"search_term_string\"}}],\"inLanguage\":\"ru-RU\"},{\"@type\":\"Organization\",\"@id\":\"https:\/\/gorilla.md\/#organization\",\"name\":\"Gorilla ELECTRONICS\",\"url\":\"https:\/\/gorilla.md\/\",\"logo\":{\"@type\":\"ImageObject\",\"inLanguage\":\"ru-RU\",\"@id\":\"https:\/\/gorilla.md\/#\/schema\/logo\/image\/\",\"url\":\"https:\/\/gorilla.md\/wp-content\/uploads\/2023\/08\/logo-g.png\",\"contentUrl\":\"https:\/\/gorilla.md\/wp-content\/uploads\/2023\/08\/logo-g.png\",\"width\":200,\"height\":200,\"caption\":\"Gorilla ELECTRONICS\"},\"image\":{\"@id\":\"https:\/\/gorilla.md\/#\/schema\/logo\/image\/\"},\"sameAs\":[\"https:\/\/www.facebook.com\/www.gorilla.md\"]}]}<\/script>\n<!-- \/ Yoast SEO plugin. -->","yoast_head_json":{"title":"ASUS VivoBook 15 R1504ZA-BQ497 15,6\" (i7-1255U \/ 16GB\/ 512GB) No OS, Quiet Blue - Gorilla ELECTRONICS","description":"\u041a\u0443\u043f\u0438\u0442\u0435 ASUS VivoBook 15 R1504ZA-BQ497 15,6\" (i7-1255U \/ 16GB\/ 512GB) No OS, Quiet Blue \u043f\u043e \u043d\u0438\u0437\u043a\u043e\u0439 \u0446\u0435\u043d\u0435 \u043d\u0430 Gorilla ELECTRONICS \u0432 \u041c\u043e\u043b\u0434\u043e\u0432\u0435! \u0411\u044b\u0441\u0442\u0440\u0430\u044f \u0434\u043e\u0441\u0442\u0430\u0432\u043a\u0430, \u0433\u0430\u0440\u0430\u043d\u0442\u0438\u044f. \u0412\u044b\u0433\u043e\u0434\u043d\u044b\u0435 \u043f\u0440\u0435\u0434\u043b\u043e\u0436\u0435\u043d\u0438\u044f!","robots":{"index":"index","follow":"follow","max-snippet":"max-snippet:-1","max-image-preview":"max-image-preview:large","max-video-preview":"max-video-preview:-1"},"canonical":"https:\/\/gorilla.md\/ru\/product\/asus-vivobook-15-r1504za-bq497-156-i7-1255u-16gb-512gb-no-os-quiet-blue\/","og_locale":"ru_RU","og_type":"article","og_title":"ASUS VivoBook 15 R1504ZA-BQ497 15,6\" (i7-1255U \/ 16GB\/ 512GB) No OS, Quiet Blue - Gorilla ELECTRONICS","og_description":"\u041a\u0443\u043f\u0438\u0442\u0435 ASUS VivoBook 15 R1504ZA-BQ497 15,6\" (i7-1255U \/ 16GB\/ 512GB) No OS, Quiet Blue \u043f\u043e \u043d\u0438\u0437\u043a\u043e\u0439 \u0446\u0435\u043d\u0435 \u043d\u0430 Gorilla ELECTRONICS \u0432 \u041c\u043e\u043b\u0434\u043e\u0432\u0435! \u0411\u044b\u0441\u0442\u0440\u0430\u044f \u0434\u043e\u0441\u0442\u0430\u0432\u043a\u0430, \u0433\u0430\u0440\u0430\u043d\u0442\u0438\u044f. \u0412\u044b\u0433\u043e\u0434\u043d\u044b\u0435 \u043f\u0440\u0435\u0434\u043b\u043e\u0436\u0435\u043d\u0438\u044f!","og_url":"https:\/\/gorilla.md\/ru\/product\/asus-vivobook-15-r1504za-bq497-156-i7-1255u-16gb-512gb-no-os-quiet-blue\/","og_site_name":"Gorilla ELECTRONICS","article_publisher":"https:\/\/www.facebook.com\/www.gorilla.md","article_modified_time":"2026-04-03T14:38:43+00:00","og_image":[{"width":800,"height":800,"url":"https:\/\/gorilla.md\/wp-content\/uploads\/2023\/10\/w800.png","type":"image\/png"}],"twitter_card":"summary_large_image","twitter_misc":{"\u041f\u0440\u0438\u043c\u0435\u0440\u043d\u043e\u0435 \u0432\u0440\u0435\u043c\u044f \u0434\u043b\u044f \u0447\u0442\u0435\u043d\u0438\u044f":"2 \u043c\u0438\u043d\u0443\u0442\u044b"},"schema":{"@context":"https:\/\/schema.org","@graph":[{"@type":"WebPage","@id":"https:\/\/gorilla.md\/produs\/asus-vivobook-15-r1504za-bq497-156-i7-1255u-16gb-512gb-no-os-quiet-blue\/","url":"https:\/\/gorilla.md\/produs\/asus-vivobook-15-r1504za-bq497-156-i7-1255u-16gb-512gb-no-os-quiet-blue\/","name":"ASUS VivoBook 15 R1504ZA-BQ497 15,6\" (i7-1255U \/ 16GB\/ 512GB) No OS, Quiet Blue - Gorilla ELECTRONICS","isPartOf":{"@id":"https:\/\/gorilla.md\/#website"},"primaryImageOfPage":{"@id":"https:\/\/gorilla.md\/produs\/asus-vivobook-15-r1504za-bq497-156-i7-1255u-16gb-512gb-no-os-quiet-blue\/#primaryimage"},"image":{"@id":"https:\/\/gorilla.md\/produs\/asus-vivobook-15-r1504za-bq497-156-i7-1255u-16gb-512gb-no-os-quiet-blue\/#primaryimage"},"thumbnailUrl":"https:\/\/gorilla.md\/wp-content\/uploads\/2023\/10\/w800.png","datePublished":"2023-10-09T13:55:13+00:00","dateModified":"2026-04-03T14:38:43+00:00","description":"\u041a\u0443\u043f\u0438\u0442\u0435 ASUS VivoBook 15 R1504ZA-BQ497 15,6\" (i7-1255U \/ 16GB\/ 512GB) No OS, Quiet Blue \u043f\u043e \u043d\u0438\u0437\u043a\u043e\u0439 \u0446\u0435\u043d\u0435 \u043d\u0430 Gorilla ELECTRONICS \u0432 \u041c\u043e\u043b\u0434\u043e\u0432\u0435! \u0411\u044b\u0441\u0442\u0440\u0430\u044f \u0434\u043e\u0441\u0442\u0430\u0432\u043a\u0430, \u0433\u0430\u0440\u0430\u043d\u0442\u0438\u044f. \u0412\u044b\u0433\u043e\u0434\u043d\u044b\u0435 \u043f\u0440\u0435\u0434\u043b\u043e\u0436\u0435\u043d\u0438\u044f!","breadcrumb":{"@id":"https:\/\/gorilla.md\/produs\/asus-vivobook-15-r1504za-bq497-156-i7-1255u-16gb-512gb-no-os-quiet-blue\/#breadcrumb"},"inLanguage":"ru-RU","potentialAction":[{"@type":"ReadAction","target":["https:\/\/gorilla.md\/produs\/asus-vivobook-15-r1504za-bq497-156-i7-1255u-16gb-512gb-no-os-quiet-blue\/"]}]},{"@type":"ImageObject","inLanguage":"ru-RU","@id":"https:\/\/gorilla.md\/produs\/asus-vivobook-15-r1504za-bq497-156-i7-1255u-16gb-512gb-no-os-quiet-blue\/#primaryimage","url":"https:\/\/gorilla.md\/wp-content\/uploads\/2023\/10\/w800.png","contentUrl":"https:\/\/gorilla.md\/wp-content\/uploads\/2023\/10\/w800.png","width":800,"height":800},{"@type":"BreadcrumbList","@id":"https:\/\/gorilla.md\/produs\/asus-vivobook-15-r1504za-bq497-156-i7-1255u-16gb-512gb-no-os-quiet-blue\/#breadcrumb","itemListElement":[{"@type":"ListItem","position":1,"name":"Magazin","item":"https:\/\/gorilla.md\/magazin\/"},{"@type":"ListItem","position":2,"name":"ASUS VivoBook 15 R1504ZA-BQ497 15,6&#8243; (i7-1255U \/ 16GB\/ 512GB) No OS, Quiet Blue"}]},{"@type":"WebSite","@id":"https:\/\/gorilla.md\/#website","url":"https:\/\/gorilla.md\/","name":"Gorilla ELECTRONICS","description":"Online Magazin \u00een Moldova","publisher":{"@id":"https:\/\/gorilla.md\/#organization"},"potentialAction":[{"@type":"SearchAction","target":{"@type":"EntryPoint","urlTemplate":"https:\/\/gorilla.md\/?s={search_term_string}"},"query-input":{"@type":"PropertyValueSpecification","valueRequired":true,"valueName":"search_term_string"}}],"inLanguage":"ru-RU"},{"@type":"Organization","@id":"https:\/\/gorilla.md\/#organization","name":"Gorilla ELECTRONICS","url":"https:\/\/gorilla.md\/","logo":{"@type":"ImageObject","inLanguage":"ru-RU","@id":"https:\/\/gorilla.md\/#\/schema\/logo\/image\/","url":"https:\/\/gorilla.md\/wp-content\/uploads\/2023\/08\/logo-g.png","contentUrl":"https:\/\/gorilla.md\/wp-content\/uploads\/2023\/08\/logo-g.png","width":200,"height":200,"caption":"Gorilla ELECTRONICS"},"image":{"@id":"https:\/\/gorilla.md\/#\/schema\/logo\/image\/"},"sameAs":["https:\/\/www.facebook.com\/www.gorilla.md"]}]}},"_links":{"self":[{"href":"https:\/\/gorilla.md\/ru\/wp-json\/wp\/v2\/product\/15565","targetHints":{"allow":["GET"]}}],"collection":[{"href":"https:\/\/gorilla.md\/ru\/wp-json\/wp\/v2\/product"}],"about":[{"href":"https:\/\/gorilla.md\/ru\/wp-json\/wp\/v2\/types\/product"}],"replies":[{"embeddable":true,"href":"https:\/\/gorilla.md\/ru\/wp-json\/wp\/v2\/comments?post=15565"}],"wp:featuredmedia":[{"embeddable":true,"href":"https:\/\/gorilla.md\/ru\/wp-json\/wp\/v2\/media\/52727"}],"wp:attachment":[{"href":"https:\/\/gorilla.md\/ru\/wp-json\/wp\/v2\/media?parent=15565"}],"wp:term":[{"taxonomy":"product_cat","embeddable":true,"href":"https:\/\/gorilla.md\/ru\/wp-json\/wp\/v2\/product_cat?post=15565"},{"taxonomy":"product_tag","embeddable":true,"href":"https:\/\/gorilla.md\/ru\/wp-json\/wp\/v2\/product_tag?post=15565"}],"curies":[{"name":"wp","href":"https:\/\/api.w.org\/{rel}","templated":true}]}}