{"id":15559,"date":"2023-10-07T12:06:39","date_gmt":"2023-10-07T12:06:39","guid":{"rendered":"https:\/\/gorilla.md\/?post_type=product&#038;p=15559"},"modified":"2026-04-14T13:07:32","modified_gmt":"2026-04-14T13:07:32","slug":"huawei-band-8-sakura-pink-900","status":"publish","type":"product","link":"https:\/\/gorilla.md\/ru\/product\/huawei-band-8-sakura-pink-900\/","title":{"rendered":"Huawei Band 8 Sakura Pink"},"content":{"rendered":"<p>C\u0103uta\u021bi un\u00a0partener de\u00a0\u00eencredere pentru a\u00a0v\u0103\u00a0urm\u0103ri activitatea fizic\u0103 \u0219i\u00a0s\u0103n\u0103tatea? Huawei Band 8\u00a0este o\u00a0br\u0103\u021bar\u0103 modern\u0103 de\u00a0fitness care \u00ee\u021bi ofer\u0103 multe func\u021bii pentru a\u00a0men\u021bine un\u00a0stil de\u00a0via\u021b\u0103 s\u0103n\u0103tos. La\u00a0Cactus.md \u00ee\u021bi oferim posibilitatea de\u00a0a\u00a0cump\u0103ra Huawei Band 8\u00a0\u0219i de\u00a0a\u00a0\u00eencepe un\u00a0stil de\u00a0via\u021b\u0103 activ cu\u00a0acesta.<\/p>\n<p>Principalele avantaje ale br\u0103\u021b\u0103rii de\u00a0fitness Huawei Band\u00a08:<\/p>\n<p>Urm\u0103rire fitness: HUAWEI Band 8\u00a0are un\u00a0algoritm\u00a0AI nou \u0219i\u00a0\u00eembun\u0103t\u0103\u021bit care v\u0103\u00a0monitorizeaz\u0103 ritmul cardiac 24\/7\u00a0\u0219i v\u0103\u00a0spune imediat dac\u0103 ceva nu\u00a0este \u00een\u00a0regul\u0103 8. Sistemul afi\u0219eaz\u0103 ultimele 7\u00a0zile de\u00a0date privind ritmul cardiac \u00een\u00a0repaus \u00een\u00a0grafice intuitive, precum \u0219i\u00a0zonele s\u0103n\u0103toase ale ritmului cardiac \u0219i\u00a0mementourile de\u00a0limita superioar\u0103 \u00een\u00a0timpul antrenamentelor.<\/p>\n<p>Notific\u0103ri inteligente: primi\u021bi notific\u0103ri pentru apelurile primite, mesajele \u0219i\u00a0notific\u0103rile aplica\u021biei chiar pe\u00a0br\u0103\u021bar\u0103. Acest lucru v\u0103\u00a0permite s\u0103\u00a0r\u0103m\u00e2ne\u021bi conectat f\u0103r\u0103 a\u00a0fi\u00a0distras de\u00a0la\u00a0studii.<\/p>\n<p>Durat\u0103 lung\u0103 de\u00a0via\u021b\u0103 a\u00a0bateriei: Banda de\u00a0fitness Huawei Band 8\u00a0are o\u00a0durat\u0103 de\u00a0via\u021b\u0103 extraordinar\u0103 a\u00a0bateriei, ceea ce\u00a0\u00eenseamn\u0103 c\u0103\u00a0nu\u00a0va\u00a0trebui s\u0103\u00a0v\u0103\u00a0face\u021bi griji cu\u00a0privire la\u00a0\u00eenc\u0103rc\u0103rile frecvente. HUAWEI Band 8\u00a0se \u00eencarc\u0103 la\u00a0capacitate maxim\u0103 \u00een\u00a0doar 45\u00a0de minute, ceea ce\u00a0este cu\u00a030% mai rapid 11 . Poate dura p\u00e2n\u0103 la\u00a0dou\u0103 zile 2\u00a0cu o\u00a0\u00eenc\u0103rcare rapid\u0103 de\u00a0cinci minute. Odat\u0103 \u00eenc\u0103rcat\u0103 complet, br\u0103\u021bara poate fi\u00a0folosit\u0103 p\u00e2n\u0103 la\u00a014\u00a0zile 12\u00a0sau 9\u00a0zile 13\u00a0\u00een scenariile de\u00a0utilizare tipice.<\/p>\n<p>Design elegant: Cu\u00a0un\u00a0design la\u00a0mod\u0103 \u0219i\u00a0elegant, Huawei Band 8\u00a0este un\u00a0accesoriu grozav pentru look-ul t\u0103u de\u00a0zi\u00a0cu\u00a0zi.<\/p>\n<p>Rezistent la\u00a0ap\u0103: Dup\u0103 ce\u00a0a\u00a0trecut de\u00a0opt teste riguroase, aceast\u0103 band\u0103 este construit\u0103 pentru a\u00a0rezista oric\u0103ror condi\u021bii dure pe\u00a0care le\u00a0pute\u021bi \u00eent\u00e2lni cu\u00a0rezisten\u021b\u0103 la\u00a0ap\u0103 de\u00a050M 15\u00a0\u0219i durabilitate dovedit\u0103.<\/p>\n<p>Cump\u0103r\u0103 o\u00a0br\u0103\u021bar\u0103 fitness: Pe\u00a0Cactus.md po\u021bi comanda Huawei Band 8\u00a0\u0219i te\u00a0bucuri de\u00a0toate avantajele acesteia.<\/p>\n<p>Cu\u00a0br\u0103\u021bara de\u00a0fitness Huawei Band\u00a08, ob\u021bine\u021bi un\u00a0\u00eenso\u021bitor de\u00a0\u00eencredere pentru men\u021binerea unui stil de\u00a0via\u021b\u0103 activ \u0219i\u00a0s\u0103n\u0103tos. \u00cencepe\u021bi s\u0103\u00a0v\u0103\u00a0urm\u0103ri\u021bi performan\u021ba fizic\u0103 \u0219i\u00a0r\u0103m\u00e2ne\u021bi conectat la\u00a0lume cu\u00a0acest dispozitiv inteligent.<\/p>\n<p>Circumferinta incheietura 130\u00a0\u2014 210\u00a0mm<\/p>\n<p><span data-mce-type=\"bookmark\" style=\"display: inline-block;width: 0px;overflow: hidden;line-height: 0\" class=\"mce_SELRES_start\"><\/span><\/p>","protected":false},"excerpt":{"rendered":"<p>\u041a\u043e\u0434 \u0442\u043e\u0432\u0430\u0440\u0430:<\/p>\n<p>15559<\/p>","protected":false},"featured_media":52766,"comment_status":"open","ping_status":"closed","template":"","meta":[],"product_cat":[170,171],"product_tag":[],"class_list":{"0":"post-15559","1":"product","2":"type-product","3":"status-publish","4":"has-post-thumbnail","6":"product_cat-gadget-uri","7":"product_cat-smart-watch","8":"pa_brands-huawei","10":"first","11":"instock","12":"taxable","13":"shipping-taxable","14":"purchasable","15":"product-type-simple"},"yoast_head":"<!-- This site is optimized with the Yoast SEO plugin v23.9 - https:\/\/yoast.com\/wordpress\/plugins\/seo\/ -->\n<title>Huawei Band 8 Sakura Pink - Gorilla ELECTRONICS<\/title>\n<meta name=\"description\" content=\"\u041a\u0443\u043f\u0438\u0442\u0435 Huawei Band 8 Sakura Pink \u043f\u043e \u043d\u0438\u0437\u043a\u043e\u0439 \u0446\u0435\u043d\u0435 \u043d\u0430 Gorilla ELECTRONICS \u0432 \u041c\u043e\u043b\u0434\u043e\u0432\u0435! \u0411\u044b\u0441\u0442\u0440\u0430\u044f \u0434\u043e\u0441\u0442\u0430\u0432\u043a\u0430, \u0433\u0430\u0440\u0430\u043d\u0442\u0438\u044f. \u0412\u044b\u0433\u043e\u0434\u043d\u044b\u0435 \u043f\u0440\u0435\u0434\u043b\u043e\u0436\u0435\u043d\u0438\u044f!\" \/>\n<meta name=\"robots\" content=\"index, follow, max-snippet:-1, max-image-preview:large, max-video-preview:-1\" \/>\n<link rel=\"canonical\" href=\"https:\/\/gorilla.md\/ru\/product\/huawei-band-8-sakura-pink-900\/\" \/>\n<meta property=\"og:locale\" content=\"ru_RU\" \/>\n<meta property=\"og:type\" content=\"article\" \/>\n<meta property=\"og:title\" content=\"Huawei Band 8 Sakura Pink - Gorilla ELECTRONICS\" \/>\n<meta property=\"og:description\" content=\"\u041a\u0443\u043f\u0438\u0442\u0435 Huawei Band 8 Sakura Pink \u043f\u043e \u043d\u0438\u0437\u043a\u043e\u0439 \u0446\u0435\u043d\u0435 \u043d\u0430 Gorilla ELECTRONICS \u0432 \u041c\u043e\u043b\u0434\u043e\u0432\u0435! \u0411\u044b\u0441\u0442\u0440\u0430\u044f \u0434\u043e\u0441\u0442\u0430\u0432\u043a\u0430, \u0433\u0430\u0440\u0430\u043d\u0442\u0438\u044f. \u0412\u044b\u0433\u043e\u0434\u043d\u044b\u0435 \u043f\u0440\u0435\u0434\u043b\u043e\u0436\u0435\u043d\u0438\u044f!\" \/>\n<meta property=\"og:url\" content=\"https:\/\/gorilla.md\/ru\/product\/huawei-band-8-sakura-pink-900\/\" \/>\n<meta property=\"og:site_name\" content=\"Gorilla ELECTRONICS\" \/>\n<meta property=\"article:publisher\" content=\"https:\/\/www.facebook.com\/www.gorilla.md\" \/>\n<meta property=\"article:modified_time\" content=\"2026-04-14T13:07:32+00:00\" \/>\n<meta property=\"og:image\" content=\"https:\/\/gorilla.md\/wp-content\/uploads\/2023\/10\/images.jpeg\" \/>\n\t<meta property=\"og:image:width\" content=\"225\" \/>\n\t<meta property=\"og:image:height\" content=\"225\" \/>\n\t<meta property=\"og:image:type\" content=\"image\/jpeg\" \/>\n<meta name=\"twitter:card\" content=\"summary_large_image\" \/>\n<meta name=\"twitter:label1\" content=\"\u041f\u0440\u0438\u043c\u0435\u0440\u043d\u043e\u0435 \u0432\u0440\u0435\u043c\u044f \u0434\u043b\u044f \u0447\u0442\u0435\u043d\u0438\u044f\" \/>\n\t<meta name=\"twitter:data1\" content=\"2 \u043c\u0438\u043d\u0443\u0442\u044b\" \/>\n<script type=\"application\/ld+json\" class=\"yoast-schema-graph\">{\"@context\":\"https:\/\/schema.org\",\"@graph\":[{\"@type\":\"WebPage\",\"@id\":\"https:\/\/gorilla.md\/produs\/huawei-band-8-sakura-pink-900\/\",\"url\":\"https:\/\/gorilla.md\/produs\/huawei-band-8-sakura-pink-900\/\",\"name\":\"Huawei Band 8 Sakura Pink - Gorilla ELECTRONICS\",\"isPartOf\":{\"@id\":\"https:\/\/gorilla.md\/#website\"},\"primaryImageOfPage\":{\"@id\":\"https:\/\/gorilla.md\/produs\/huawei-band-8-sakura-pink-900\/#primaryimage\"},\"image\":{\"@id\":\"https:\/\/gorilla.md\/produs\/huawei-band-8-sakura-pink-900\/#primaryimage\"},\"thumbnailUrl\":\"https:\/\/gorilla.md\/wp-content\/uploads\/2023\/10\/images.jpeg\",\"datePublished\":\"2023-10-07T12:06:39+00:00\",\"dateModified\":\"2026-04-14T13:07:32+00:00\",\"description\":\"\u041a\u0443\u043f\u0438\u0442\u0435 Huawei Band 8 Sakura Pink \u043f\u043e \u043d\u0438\u0437\u043a\u043e\u0439 \u0446\u0435\u043d\u0435 \u043d\u0430 Gorilla ELECTRONICS \u0432 \u041c\u043e\u043b\u0434\u043e\u0432\u0435! \u0411\u044b\u0441\u0442\u0440\u0430\u044f \u0434\u043e\u0441\u0442\u0430\u0432\u043a\u0430, \u0433\u0430\u0440\u0430\u043d\u0442\u0438\u044f. \u0412\u044b\u0433\u043e\u0434\u043d\u044b\u0435 \u043f\u0440\u0435\u0434\u043b\u043e\u0436\u0435\u043d\u0438\u044f!\",\"breadcrumb\":{\"@id\":\"https:\/\/gorilla.md\/produs\/huawei-band-8-sakura-pink-900\/#breadcrumb\"},\"inLanguage\":\"ru-RU\",\"potentialAction\":[{\"@type\":\"ReadAction\",\"target\":[\"https:\/\/gorilla.md\/produs\/huawei-band-8-sakura-pink-900\/\"]}]},{\"@type\":\"ImageObject\",\"inLanguage\":\"ru-RU\",\"@id\":\"https:\/\/gorilla.md\/produs\/huawei-band-8-sakura-pink-900\/#primaryimage\",\"url\":\"https:\/\/gorilla.md\/wp-content\/uploads\/2023\/10\/images.jpeg\",\"contentUrl\":\"https:\/\/gorilla.md\/wp-content\/uploads\/2023\/10\/images.jpeg\",\"width\":225,\"height\":225},{\"@type\":\"BreadcrumbList\",\"@id\":\"https:\/\/gorilla.md\/produs\/huawei-band-8-sakura-pink-900\/#breadcrumb\",\"itemListElement\":[{\"@type\":\"ListItem\",\"position\":1,\"name\":\"Magazin\",\"item\":\"https:\/\/gorilla.md\/magazin\/\"},{\"@type\":\"ListItem\",\"position\":2,\"name\":\"Huawei Band 8 Sakura Pink\"}]},{\"@type\":\"WebSite\",\"@id\":\"https:\/\/gorilla.md\/#website\",\"url\":\"https:\/\/gorilla.md\/\",\"name\":\"Gorilla ELECTRONICS\",\"description\":\"Online Magazin \u00een Moldova\",\"publisher\":{\"@id\":\"https:\/\/gorilla.md\/#organization\"},\"potentialAction\":[{\"@type\":\"SearchAction\",\"target\":{\"@type\":\"EntryPoint\",\"urlTemplate\":\"https:\/\/gorilla.md\/?s={search_term_string}\"},\"query-input\":{\"@type\":\"PropertyValueSpecification\",\"valueRequired\":true,\"valueName\":\"search_term_string\"}}],\"inLanguage\":\"ru-RU\"},{\"@type\":\"Organization\",\"@id\":\"https:\/\/gorilla.md\/#organization\",\"name\":\"Gorilla ELECTRONICS\",\"url\":\"https:\/\/gorilla.md\/\",\"logo\":{\"@type\":\"ImageObject\",\"inLanguage\":\"ru-RU\",\"@id\":\"https:\/\/gorilla.md\/#\/schema\/logo\/image\/\",\"url\":\"https:\/\/gorilla.md\/wp-content\/uploads\/2023\/08\/logo-g.png\",\"contentUrl\":\"https:\/\/gorilla.md\/wp-content\/uploads\/2023\/08\/logo-g.png\",\"width\":200,\"height\":200,\"caption\":\"Gorilla ELECTRONICS\"},\"image\":{\"@id\":\"https:\/\/gorilla.md\/#\/schema\/logo\/image\/\"},\"sameAs\":[\"https:\/\/www.facebook.com\/www.gorilla.md\"]}]}<\/script>\n<!-- \/ Yoast SEO plugin. -->","yoast_head_json":{"title":"Huawei Band 8 Sakura Pink - Gorilla ELECTRONICS","description":"\u041a\u0443\u043f\u0438\u0442\u0435 Huawei Band 8 Sakura Pink \u043f\u043e \u043d\u0438\u0437\u043a\u043e\u0439 \u0446\u0435\u043d\u0435 \u043d\u0430 Gorilla ELECTRONICS \u0432 \u041c\u043e\u043b\u0434\u043e\u0432\u0435! \u0411\u044b\u0441\u0442\u0440\u0430\u044f \u0434\u043e\u0441\u0442\u0430\u0432\u043a\u0430, \u0433\u0430\u0440\u0430\u043d\u0442\u0438\u044f. \u0412\u044b\u0433\u043e\u0434\u043d\u044b\u0435 \u043f\u0440\u0435\u0434\u043b\u043e\u0436\u0435\u043d\u0438\u044f!","robots":{"index":"index","follow":"follow","max-snippet":"max-snippet:-1","max-image-preview":"max-image-preview:large","max-video-preview":"max-video-preview:-1"},"canonical":"https:\/\/gorilla.md\/ru\/product\/huawei-band-8-sakura-pink-900\/","og_locale":"ru_RU","og_type":"article","og_title":"Huawei Band 8 Sakura Pink - Gorilla ELECTRONICS","og_description":"\u041a\u0443\u043f\u0438\u0442\u0435 Huawei Band 8 Sakura Pink \u043f\u043e \u043d\u0438\u0437\u043a\u043e\u0439 \u0446\u0435\u043d\u0435 \u043d\u0430 Gorilla ELECTRONICS \u0432 \u041c\u043e\u043b\u0434\u043e\u0432\u0435! \u0411\u044b\u0441\u0442\u0440\u0430\u044f \u0434\u043e\u0441\u0442\u0430\u0432\u043a\u0430, \u0433\u0430\u0440\u0430\u043d\u0442\u0438\u044f. \u0412\u044b\u0433\u043e\u0434\u043d\u044b\u0435 \u043f\u0440\u0435\u0434\u043b\u043e\u0436\u0435\u043d\u0438\u044f!","og_url":"https:\/\/gorilla.md\/ru\/product\/huawei-band-8-sakura-pink-900\/","og_site_name":"Gorilla ELECTRONICS","article_publisher":"https:\/\/www.facebook.com\/www.gorilla.md","article_modified_time":"2026-04-14T13:07:32+00:00","og_image":[{"width":225,"height":225,"url":"https:\/\/gorilla.md\/wp-content\/uploads\/2023\/10\/images.jpeg","type":"image\/jpeg"}],"twitter_card":"summary_large_image","twitter_misc":{"\u041f\u0440\u0438\u043c\u0435\u0440\u043d\u043e\u0435 \u0432\u0440\u0435\u043c\u044f \u0434\u043b\u044f \u0447\u0442\u0435\u043d\u0438\u044f":"2 \u043c\u0438\u043d\u0443\u0442\u044b"},"schema":{"@context":"https:\/\/schema.org","@graph":[{"@type":"WebPage","@id":"https:\/\/gorilla.md\/produs\/huawei-band-8-sakura-pink-900\/","url":"https:\/\/gorilla.md\/produs\/huawei-band-8-sakura-pink-900\/","name":"Huawei Band 8 Sakura Pink - Gorilla ELECTRONICS","isPartOf":{"@id":"https:\/\/gorilla.md\/#website"},"primaryImageOfPage":{"@id":"https:\/\/gorilla.md\/produs\/huawei-band-8-sakura-pink-900\/#primaryimage"},"image":{"@id":"https:\/\/gorilla.md\/produs\/huawei-band-8-sakura-pink-900\/#primaryimage"},"thumbnailUrl":"https:\/\/gorilla.md\/wp-content\/uploads\/2023\/10\/images.jpeg","datePublished":"2023-10-07T12:06:39+00:00","dateModified":"2026-04-14T13:07:32+00:00","description":"\u041a\u0443\u043f\u0438\u0442\u0435 Huawei Band 8 Sakura Pink \u043f\u043e \u043d\u0438\u0437\u043a\u043e\u0439 \u0446\u0435\u043d\u0435 \u043d\u0430 Gorilla ELECTRONICS \u0432 \u041c\u043e\u043b\u0434\u043e\u0432\u0435! \u0411\u044b\u0441\u0442\u0440\u0430\u044f \u0434\u043e\u0441\u0442\u0430\u0432\u043a\u0430, \u0433\u0430\u0440\u0430\u043d\u0442\u0438\u044f. \u0412\u044b\u0433\u043e\u0434\u043d\u044b\u0435 \u043f\u0440\u0435\u0434\u043b\u043e\u0436\u0435\u043d\u0438\u044f!","breadcrumb":{"@id":"https:\/\/gorilla.md\/produs\/huawei-band-8-sakura-pink-900\/#breadcrumb"},"inLanguage":"ru-RU","potentialAction":[{"@type":"ReadAction","target":["https:\/\/gorilla.md\/produs\/huawei-band-8-sakura-pink-900\/"]}]},{"@type":"ImageObject","inLanguage":"ru-RU","@id":"https:\/\/gorilla.md\/produs\/huawei-band-8-sakura-pink-900\/#primaryimage","url":"https:\/\/gorilla.md\/wp-content\/uploads\/2023\/10\/images.jpeg","contentUrl":"https:\/\/gorilla.md\/wp-content\/uploads\/2023\/10\/images.jpeg","width":225,"height":225},{"@type":"BreadcrumbList","@id":"https:\/\/gorilla.md\/produs\/huawei-band-8-sakura-pink-900\/#breadcrumb","itemListElement":[{"@type":"ListItem","position":1,"name":"Magazin","item":"https:\/\/gorilla.md\/magazin\/"},{"@type":"ListItem","position":2,"name":"Huawei Band 8 Sakura Pink"}]},{"@type":"WebSite","@id":"https:\/\/gorilla.md\/#website","url":"https:\/\/gorilla.md\/","name":"Gorilla ELECTRONICS","description":"Online Magazin \u00een Moldova","publisher":{"@id":"https:\/\/gorilla.md\/#organization"},"potentialAction":[{"@type":"SearchAction","target":{"@type":"EntryPoint","urlTemplate":"https:\/\/gorilla.md\/?s={search_term_string}"},"query-input":{"@type":"PropertyValueSpecification","valueRequired":true,"valueName":"search_term_string"}}],"inLanguage":"ru-RU"},{"@type":"Organization","@id":"https:\/\/gorilla.md\/#organization","name":"Gorilla ELECTRONICS","url":"https:\/\/gorilla.md\/","logo":{"@type":"ImageObject","inLanguage":"ru-RU","@id":"https:\/\/gorilla.md\/#\/schema\/logo\/image\/","url":"https:\/\/gorilla.md\/wp-content\/uploads\/2023\/08\/logo-g.png","contentUrl":"https:\/\/gorilla.md\/wp-content\/uploads\/2023\/08\/logo-g.png","width":200,"height":200,"caption":"Gorilla ELECTRONICS"},"image":{"@id":"https:\/\/gorilla.md\/#\/schema\/logo\/image\/"},"sameAs":["https:\/\/www.facebook.com\/www.gorilla.md"]}]}},"_links":{"self":[{"href":"https:\/\/gorilla.md\/ru\/wp-json\/wp\/v2\/product\/15559","targetHints":{"allow":["GET"]}}],"collection":[{"href":"https:\/\/gorilla.md\/ru\/wp-json\/wp\/v2\/product"}],"about":[{"href":"https:\/\/gorilla.md\/ru\/wp-json\/wp\/v2\/types\/product"}],"replies":[{"embeddable":true,"href":"https:\/\/gorilla.md\/ru\/wp-json\/wp\/v2\/comments?post=15559"}],"wp:featuredmedia":[{"embeddable":true,"href":"https:\/\/gorilla.md\/ru\/wp-json\/wp\/v2\/media\/52766"}],"wp:attachment":[{"href":"https:\/\/gorilla.md\/ru\/wp-json\/wp\/v2\/media?parent=15559"}],"wp:term":[{"taxonomy":"product_cat","embeddable":true,"href":"https:\/\/gorilla.md\/ru\/wp-json\/wp\/v2\/product_cat?post=15559"},{"taxonomy":"product_tag","embeddable":true,"href":"https:\/\/gorilla.md\/ru\/wp-json\/wp\/v2\/product_tag?post=15559"}],"curies":[{"name":"wp","href":"https:\/\/api.w.org\/{rel}","templated":true}]}}