{"id":15380,"date":"2023-09-29T09:28:59","date_gmt":"2023-09-29T09:28:59","guid":{"rendered":"https:\/\/gorilla.md\/?post_type=product&#038;p=15380"},"modified":"2026-04-18T12:34:33","modified_gmt":"2026-04-18T12:34:33","slug":"dyson-v12-detect-slim-absolute-sv46","status":"publish","type":"product","link":"https:\/\/gorilla.md\/ru\/product\/dyson-v12-detect-slim-absolute-sv46\/","title":{"rendered":"Dyson V12 Detect Slim Absolute SV46"},"content":{"rendered":"<p>C\u00e2nd vine vorba de\u00a0a\u00a0v\u0103\u00a0men\u021bine casa sau biroul curat, este important s\u0103\u00a0ave\u021bi un\u00a0instrument de\u00a0\u00eencredere \u0219i\u00a0puternic, care s\u0103\u00a0poat\u0103 face fa\u021b\u0103 oric\u0103rei sarcini. Iar aspiratorul vertical Dyson V12 Detect Slim Absolute SV46 este doar un\u00a0astfel de\u00a0asistent care va\u00a0face cur\u0103\u021barea c\u00e2t mai eficient\u0103 \u0219i\u00a0f\u0103r\u0103 griji posibil.<\/p>\n<p>Caracteristici \u0219i\u00a0beneficii cheie ale Dyson V12 Detect Slim Absolute SV46:<\/p>\n<p>Putere de\u00a0aspirare: Aspiratorul este echipat cu\u00a0un\u00a0motor puternic care poate gestiona cu\u00a0u\u0219urin\u021b\u0103 praful, murd\u0103ria, p\u0103rul \u0219i\u00a0al\u021bi contaminan\u021bi de\u00a0pe\u00a0diferite suprafe\u021be.<\/p>\n<p>Tehnologie de\u00a0detectare a\u00a0prafului: tehnologia unic\u0103 Dyson V12 Detect Slim Absolute SV46 ajut\u0103 la\u00a0detectarea particulelor mici de\u00a0praf \u0219i\u00a0murd\u0103rie pentru o\u00a0experien\u021b\u0103 de\u00a0cur\u0103\u021bare mai bun\u0103.<\/p>\n<p>Design u\u0219or \u0219i\u00a0compact: Designul ergonomic al\u00a0aspiratorului \u00eel\u00a0face u\u0219or de\u00a0utilizat \u0219i\u00a0u\u0219or de\u00a0depozitat.<\/p>\n<p>Durat\u0103 lung\u0103 de\u00a0via\u021b\u0103 a\u00a0bateriei: Bateria re\u00eenc\u0103rcabil\u0103 \u00eencorporat\u0103 ofer\u0103 o\u00a0durat\u0103 lung\u0103 de\u00a0func\u021bionare f\u0103r\u0103 a\u00a0fi\u00a0nevoie de\u00a0\u00eenlocuirea constant\u0103 a\u00a0bateriei.<\/p>\n<p>Flexibil \u0219i\u00a0manevrabil: Dyson V12 Detect Slim Absolute SV46 manevreaz\u0103 cu\u00a0u\u0219urin\u021b\u0103 \u00een\u00a0jurul mobilierului \u0219i\u00a0se\u00a0ridic\u0103 la\u00a0\u00een\u0103l\u021bimi pentru a\u00a0cur\u0103\u021ba zonele greu accesibile.<\/p>\n<p>Garan\u021bie de\u00a0calitate: Ca\u00a0\u00eentotdeauna, aspiratoarele Dyson sunt renumite pentru fiabilitatea \u0219i\u00a0calitatea lor, sus\u021binute de\u00a0o\u00a0garan\u021bie.<\/p>\n<p>Cur\u0103\u021barea nu\u00a0va\u00a0mai fi\u00a0stresant\u0103 atunci c\u00e2nd ave\u021bi aspiratorul vertical Dyson V12 Detect Slim Absolute SV46\u00a0de la\u00a0Cactus.md. Bucura\u021bi-v\u0103 de\u00a0prospe\u021bime \u0219i\u00a0cur\u0103\u021benie \u00een\u00a0cas\u0103 sau birou, av\u00e2nd grij\u0103 de\u00a0s\u0103n\u0103tatea \u0219i\u00a0confortul dumneavoastr\u0103.<\/p>","protected":false},"excerpt":{"rendered":"<p>\u041a\u043e\u0434 \u0442\u043e\u0432\u0430\u0440\u0430 :<\/p>\n<p>15380<\/p>","protected":false},"featured_media":52835,"comment_status":"open","ping_status":"closed","template":"","meta":[],"product_cat":[183],"product_tag":[],"class_list":{"0":"post-15380","1":"product","2":"type-product","3":"status-publish","4":"has-post-thumbnail","6":"product_cat-aspiratoare","8":"first","9":"instock","10":"taxable","11":"shipping-taxable","12":"purchasable","13":"product-type-simple"},"yoast_head":"<!-- This site is optimized with the Yoast SEO plugin v23.9 - https:\/\/yoast.com\/wordpress\/plugins\/seo\/ -->\n<title>Dyson V12 Detect Slim Absolute SV46 - Gorilla ELECTRONICS<\/title>\n<meta name=\"description\" content=\"\u041a\u0443\u043f\u0438\u0442\u0435 Dyson V12 Detect Slim Absolute SV46 \u043f\u043e \u043d\u0438\u0437\u043a\u043e\u0439 \u0446\u0435\u043d\u0435 \u043d\u0430 Gorilla ELECTRONICS \u0432 \u041c\u043e\u043b\u0434\u043e\u0432\u0435! \u0411\u044b\u0441\u0442\u0440\u0430\u044f \u0434\u043e\u0441\u0442\u0430\u0432\u043a\u0430, \u0433\u0430\u0440\u0430\u043d\u0442\u0438\u044f. \u0412\u044b\u0433\u043e\u0434\u043d\u044b\u0435 \u043f\u0440\u0435\u0434\u043b\u043e\u0436\u0435\u043d\u0438\u044f!\" \/>\n<meta name=\"robots\" content=\"index, follow, max-snippet:-1, max-image-preview:large, max-video-preview:-1\" \/>\n<link rel=\"canonical\" href=\"https:\/\/gorilla.md\/ru\/product\/dyson-v12-detect-slim-absolute-sv46\/\" \/>\n<meta property=\"og:locale\" content=\"ru_RU\" \/>\n<meta property=\"og:type\" content=\"article\" \/>\n<meta property=\"og:title\" content=\"Dyson V12 Detect Slim Absolute SV46 - Gorilla ELECTRONICS\" \/>\n<meta property=\"og:description\" content=\"\u041a\u0443\u043f\u0438\u0442\u0435 Dyson V12 Detect Slim Absolute SV46 \u043f\u043e \u043d\u0438\u0437\u043a\u043e\u0439 \u0446\u0435\u043d\u0435 \u043d\u0430 Gorilla ELECTRONICS \u0432 \u041c\u043e\u043b\u0434\u043e\u0432\u0435! \u0411\u044b\u0441\u0442\u0440\u0430\u044f \u0434\u043e\u0441\u0442\u0430\u0432\u043a\u0430, \u0433\u0430\u0440\u0430\u043d\u0442\u0438\u044f. \u0412\u044b\u0433\u043e\u0434\u043d\u044b\u0435 \u043f\u0440\u0435\u0434\u043b\u043e\u0436\u0435\u043d\u0438\u044f!\" \/>\n<meta property=\"og:url\" content=\"https:\/\/gorilla.md\/ru\/product\/dyson-v12-detect-slim-absolute-sv46\/\" \/>\n<meta property=\"og:site_name\" content=\"Gorilla ELECTRONICS\" \/>\n<meta property=\"article:publisher\" content=\"https:\/\/www.facebook.com\/www.gorilla.md\" \/>\n<meta property=\"article:modified_time\" content=\"2026-04-18T12:34:33+00:00\" \/>\n<meta property=\"og:image\" content=\"https:\/\/gorilla.md\/wp-content\/uploads\/2023\/09\/i-8-6.webp\" \/>\n\t<meta property=\"og:image:width\" content=\"983\" \/>\n\t<meta property=\"og:image:height\" content=\"983\" \/>\n\t<meta property=\"og:image:type\" content=\"image\/webp\" \/>\n<meta name=\"twitter:card\" content=\"summary_large_image\" \/>\n<meta name=\"twitter:label1\" content=\"\u041f\u0440\u0438\u043c\u0435\u0440\u043d\u043e\u0435 \u0432\u0440\u0435\u043c\u044f \u0434\u043b\u044f \u0447\u0442\u0435\u043d\u0438\u044f\" \/>\n\t<meta name=\"twitter:data1\" content=\"2 \u043c\u0438\u043d\u0443\u0442\u044b\" \/>\n<script type=\"application\/ld+json\" class=\"yoast-schema-graph\">{\"@context\":\"https:\/\/schema.org\",\"@graph\":[{\"@type\":\"WebPage\",\"@id\":\"https:\/\/gorilla.md\/produs\/dyson-v12-detect-slim-absolute-sv46\/\",\"url\":\"https:\/\/gorilla.md\/produs\/dyson-v12-detect-slim-absolute-sv46\/\",\"name\":\"Dyson V12 Detect Slim Absolute SV46 - Gorilla ELECTRONICS\",\"isPartOf\":{\"@id\":\"https:\/\/gorilla.md\/#website\"},\"primaryImageOfPage\":{\"@id\":\"https:\/\/gorilla.md\/produs\/dyson-v12-detect-slim-absolute-sv46\/#primaryimage\"},\"image\":{\"@id\":\"https:\/\/gorilla.md\/produs\/dyson-v12-detect-slim-absolute-sv46\/#primaryimage\"},\"thumbnailUrl\":\"https:\/\/gorilla.md\/wp-content\/uploads\/2023\/09\/i-8-6.webp\",\"datePublished\":\"2023-09-29T09:28:59+00:00\",\"dateModified\":\"2026-04-18T12:34:33+00:00\",\"description\":\"\u041a\u0443\u043f\u0438\u0442\u0435 Dyson V12 Detect Slim Absolute SV46 \u043f\u043e \u043d\u0438\u0437\u043a\u043e\u0439 \u0446\u0435\u043d\u0435 \u043d\u0430 Gorilla ELECTRONICS \u0432 \u041c\u043e\u043b\u0434\u043e\u0432\u0435! \u0411\u044b\u0441\u0442\u0440\u0430\u044f \u0434\u043e\u0441\u0442\u0430\u0432\u043a\u0430, \u0433\u0430\u0440\u0430\u043d\u0442\u0438\u044f. \u0412\u044b\u0433\u043e\u0434\u043d\u044b\u0435 \u043f\u0440\u0435\u0434\u043b\u043e\u0436\u0435\u043d\u0438\u044f!\",\"breadcrumb\":{\"@id\":\"https:\/\/gorilla.md\/produs\/dyson-v12-detect-slim-absolute-sv46\/#breadcrumb\"},\"inLanguage\":\"ru-RU\",\"potentialAction\":[{\"@type\":\"ReadAction\",\"target\":[\"https:\/\/gorilla.md\/produs\/dyson-v12-detect-slim-absolute-sv46\/\"]}]},{\"@type\":\"ImageObject\",\"inLanguage\":\"ru-RU\",\"@id\":\"https:\/\/gorilla.md\/produs\/dyson-v12-detect-slim-absolute-sv46\/#primaryimage\",\"url\":\"https:\/\/gorilla.md\/wp-content\/uploads\/2023\/09\/i-8-6.webp\",\"contentUrl\":\"https:\/\/gorilla.md\/wp-content\/uploads\/2023\/09\/i-8-6.webp\",\"width\":983,\"height\":983},{\"@type\":\"BreadcrumbList\",\"@id\":\"https:\/\/gorilla.md\/produs\/dyson-v12-detect-slim-absolute-sv46\/#breadcrumb\",\"itemListElement\":[{\"@type\":\"ListItem\",\"position\":1,\"name\":\"Magazin\",\"item\":\"https:\/\/gorilla.md\/magazin\/\"},{\"@type\":\"ListItem\",\"position\":2,\"name\":\"Dyson V12 Detect Slim Absolute SV46\"}]},{\"@type\":\"WebSite\",\"@id\":\"https:\/\/gorilla.md\/#website\",\"url\":\"https:\/\/gorilla.md\/\",\"name\":\"Gorilla ELECTRONICS\",\"description\":\"Online Magazin \u00een Moldova\",\"publisher\":{\"@id\":\"https:\/\/gorilla.md\/#organization\"},\"potentialAction\":[{\"@type\":\"SearchAction\",\"target\":{\"@type\":\"EntryPoint\",\"urlTemplate\":\"https:\/\/gorilla.md\/?s={search_term_string}\"},\"query-input\":{\"@type\":\"PropertyValueSpecification\",\"valueRequired\":true,\"valueName\":\"search_term_string\"}}],\"inLanguage\":\"ru-RU\"},{\"@type\":\"Organization\",\"@id\":\"https:\/\/gorilla.md\/#organization\",\"name\":\"Gorilla ELECTRONICS\",\"url\":\"https:\/\/gorilla.md\/\",\"logo\":{\"@type\":\"ImageObject\",\"inLanguage\":\"ru-RU\",\"@id\":\"https:\/\/gorilla.md\/#\/schema\/logo\/image\/\",\"url\":\"https:\/\/gorilla.md\/wp-content\/uploads\/2023\/08\/logo-g.png\",\"contentUrl\":\"https:\/\/gorilla.md\/wp-content\/uploads\/2023\/08\/logo-g.png\",\"width\":200,\"height\":200,\"caption\":\"Gorilla ELECTRONICS\"},\"image\":{\"@id\":\"https:\/\/gorilla.md\/#\/schema\/logo\/image\/\"},\"sameAs\":[\"https:\/\/www.facebook.com\/www.gorilla.md\"]}]}<\/script>\n<!-- \/ Yoast SEO plugin. -->","yoast_head_json":{"title":"Dyson V12 Detect Slim Absolute SV46 - Gorilla ELECTRONICS","description":"\u041a\u0443\u043f\u0438\u0442\u0435 Dyson V12 Detect Slim Absolute SV46 \u043f\u043e \u043d\u0438\u0437\u043a\u043e\u0439 \u0446\u0435\u043d\u0435 \u043d\u0430 Gorilla ELECTRONICS \u0432 \u041c\u043e\u043b\u0434\u043e\u0432\u0435! \u0411\u044b\u0441\u0442\u0440\u0430\u044f \u0434\u043e\u0441\u0442\u0430\u0432\u043a\u0430, \u0433\u0430\u0440\u0430\u043d\u0442\u0438\u044f. \u0412\u044b\u0433\u043e\u0434\u043d\u044b\u0435 \u043f\u0440\u0435\u0434\u043b\u043e\u0436\u0435\u043d\u0438\u044f!","robots":{"index":"index","follow":"follow","max-snippet":"max-snippet:-1","max-image-preview":"max-image-preview:large","max-video-preview":"max-video-preview:-1"},"canonical":"https:\/\/gorilla.md\/ru\/product\/dyson-v12-detect-slim-absolute-sv46\/","og_locale":"ru_RU","og_type":"article","og_title":"Dyson V12 Detect Slim Absolute SV46 - Gorilla ELECTRONICS","og_description":"\u041a\u0443\u043f\u0438\u0442\u0435 Dyson V12 Detect Slim Absolute SV46 \u043f\u043e \u043d\u0438\u0437\u043a\u043e\u0439 \u0446\u0435\u043d\u0435 \u043d\u0430 Gorilla ELECTRONICS \u0432 \u041c\u043e\u043b\u0434\u043e\u0432\u0435! \u0411\u044b\u0441\u0442\u0440\u0430\u044f \u0434\u043e\u0441\u0442\u0430\u0432\u043a\u0430, \u0433\u0430\u0440\u0430\u043d\u0442\u0438\u044f. \u0412\u044b\u0433\u043e\u0434\u043d\u044b\u0435 \u043f\u0440\u0435\u0434\u043b\u043e\u0436\u0435\u043d\u0438\u044f!","og_url":"https:\/\/gorilla.md\/ru\/product\/dyson-v12-detect-slim-absolute-sv46\/","og_site_name":"Gorilla ELECTRONICS","article_publisher":"https:\/\/www.facebook.com\/www.gorilla.md","article_modified_time":"2026-04-18T12:34:33+00:00","og_image":[{"width":983,"height":983,"url":"https:\/\/gorilla.md\/wp-content\/uploads\/2023\/09\/i-8-6.webp","type":"image\/webp"}],"twitter_card":"summary_large_image","twitter_misc":{"\u041f\u0440\u0438\u043c\u0435\u0440\u043d\u043e\u0435 \u0432\u0440\u0435\u043c\u044f \u0434\u043b\u044f \u0447\u0442\u0435\u043d\u0438\u044f":"2 \u043c\u0438\u043d\u0443\u0442\u044b"},"schema":{"@context":"https:\/\/schema.org","@graph":[{"@type":"WebPage","@id":"https:\/\/gorilla.md\/produs\/dyson-v12-detect-slim-absolute-sv46\/","url":"https:\/\/gorilla.md\/produs\/dyson-v12-detect-slim-absolute-sv46\/","name":"Dyson V12 Detect Slim Absolute SV46 - Gorilla ELECTRONICS","isPartOf":{"@id":"https:\/\/gorilla.md\/#website"},"primaryImageOfPage":{"@id":"https:\/\/gorilla.md\/produs\/dyson-v12-detect-slim-absolute-sv46\/#primaryimage"},"image":{"@id":"https:\/\/gorilla.md\/produs\/dyson-v12-detect-slim-absolute-sv46\/#primaryimage"},"thumbnailUrl":"https:\/\/gorilla.md\/wp-content\/uploads\/2023\/09\/i-8-6.webp","datePublished":"2023-09-29T09:28:59+00:00","dateModified":"2026-04-18T12:34:33+00:00","description":"\u041a\u0443\u043f\u0438\u0442\u0435 Dyson V12 Detect Slim Absolute SV46 \u043f\u043e \u043d\u0438\u0437\u043a\u043e\u0439 \u0446\u0435\u043d\u0435 \u043d\u0430 Gorilla ELECTRONICS \u0432 \u041c\u043e\u043b\u0434\u043e\u0432\u0435! \u0411\u044b\u0441\u0442\u0440\u0430\u044f \u0434\u043e\u0441\u0442\u0430\u0432\u043a\u0430, \u0433\u0430\u0440\u0430\u043d\u0442\u0438\u044f. \u0412\u044b\u0433\u043e\u0434\u043d\u044b\u0435 \u043f\u0440\u0435\u0434\u043b\u043e\u0436\u0435\u043d\u0438\u044f!","breadcrumb":{"@id":"https:\/\/gorilla.md\/produs\/dyson-v12-detect-slim-absolute-sv46\/#breadcrumb"},"inLanguage":"ru-RU","potentialAction":[{"@type":"ReadAction","target":["https:\/\/gorilla.md\/produs\/dyson-v12-detect-slim-absolute-sv46\/"]}]},{"@type":"ImageObject","inLanguage":"ru-RU","@id":"https:\/\/gorilla.md\/produs\/dyson-v12-detect-slim-absolute-sv46\/#primaryimage","url":"https:\/\/gorilla.md\/wp-content\/uploads\/2023\/09\/i-8-6.webp","contentUrl":"https:\/\/gorilla.md\/wp-content\/uploads\/2023\/09\/i-8-6.webp","width":983,"height":983},{"@type":"BreadcrumbList","@id":"https:\/\/gorilla.md\/produs\/dyson-v12-detect-slim-absolute-sv46\/#breadcrumb","itemListElement":[{"@type":"ListItem","position":1,"name":"Magazin","item":"https:\/\/gorilla.md\/magazin\/"},{"@type":"ListItem","position":2,"name":"Dyson V12 Detect Slim Absolute SV46"}]},{"@type":"WebSite","@id":"https:\/\/gorilla.md\/#website","url":"https:\/\/gorilla.md\/","name":"Gorilla ELECTRONICS","description":"Online Magazin \u00een Moldova","publisher":{"@id":"https:\/\/gorilla.md\/#organization"},"potentialAction":[{"@type":"SearchAction","target":{"@type":"EntryPoint","urlTemplate":"https:\/\/gorilla.md\/?s={search_term_string}"},"query-input":{"@type":"PropertyValueSpecification","valueRequired":true,"valueName":"search_term_string"}}],"inLanguage":"ru-RU"},{"@type":"Organization","@id":"https:\/\/gorilla.md\/#organization","name":"Gorilla ELECTRONICS","url":"https:\/\/gorilla.md\/","logo":{"@type":"ImageObject","inLanguage":"ru-RU","@id":"https:\/\/gorilla.md\/#\/schema\/logo\/image\/","url":"https:\/\/gorilla.md\/wp-content\/uploads\/2023\/08\/logo-g.png","contentUrl":"https:\/\/gorilla.md\/wp-content\/uploads\/2023\/08\/logo-g.png","width":200,"height":200,"caption":"Gorilla ELECTRONICS"},"image":{"@id":"https:\/\/gorilla.md\/#\/schema\/logo\/image\/"},"sameAs":["https:\/\/www.facebook.com\/www.gorilla.md"]}]}},"_links":{"self":[{"href":"https:\/\/gorilla.md\/ru\/wp-json\/wp\/v2\/product\/15380","targetHints":{"allow":["GET"]}}],"collection":[{"href":"https:\/\/gorilla.md\/ru\/wp-json\/wp\/v2\/product"}],"about":[{"href":"https:\/\/gorilla.md\/ru\/wp-json\/wp\/v2\/types\/product"}],"replies":[{"embeddable":true,"href":"https:\/\/gorilla.md\/ru\/wp-json\/wp\/v2\/comments?post=15380"}],"wp:featuredmedia":[{"embeddable":true,"href":"https:\/\/gorilla.md\/ru\/wp-json\/wp\/v2\/media\/52835"}],"wp:attachment":[{"href":"https:\/\/gorilla.md\/ru\/wp-json\/wp\/v2\/media?parent=15380"}],"wp:term":[{"taxonomy":"product_cat","embeddable":true,"href":"https:\/\/gorilla.md\/ru\/wp-json\/wp\/v2\/product_cat?post=15380"},{"taxonomy":"product_tag","embeddable":true,"href":"https:\/\/gorilla.md\/ru\/wp-json\/wp\/v2\/product_tag?post=15380"}],"curies":[{"name":"wp","href":"https:\/\/api.w.org\/{rel}","templated":true}]}}