{"id":15309,"date":"2023-09-18T14:23:00","date_gmt":"2023-09-18T14:23:00","guid":{"rendered":"https:\/\/gorilla.md\/?post_type=product&#038;p=15309"},"modified":"2026-04-07T12:47:25","modified_gmt":"2026-04-07T12:47:25","slug":"apple-watch-series-9-gps-41mm-mr8y3-midnight-aluminium-case-midnight-sport-loop","status":"publish","type":"product","link":"https:\/\/gorilla.md\/ru\/product\/apple-watch-series-9-gps-41mm-mr8y3-midnight-aluminium-case-midnight-sport-loop\/","title":{"rendered":"Apple Watch Series 9 GPS 41mm MR8Y3 Midnight Aluminium Case, Midnight Sport Loop"},"content":{"rendered":"<p><b>Noul Apple Watch Series 9 GPS 41mm MR8Y3 Midnight Aluminium Case, Midnight Sport Loop este acum disponibil pentru precomand\u0103!<\/b><\/p>\n<p>Apple Watch Series 9: \u0443\u043c\u043d\u044b\u0435 \u0447\u0430\u0441\u044b \u043d\u043e\u0432\u043e\u0433\u043e \u043f\u043e\u043a\u043e\u043b\u0435\u043d\u0438\u044f<\/p>\n<p>\u0428\u0430\u0433\u043d\u0438\u0442\u0435 \u0432 \u0431\u0443\u0434\u0443\u0449\u0435\u0435 \u0441 Apple Watch Series 9 \u0432\u043e\u043f\u043b\u043e\u0449\u0435\u043d\u0438\u0435\u043c \u0438\u043d\u043d\u043e\u0432\u0430\u0446\u0438\u0439 \u0438 \u0442\u0435\u0445\u043d\u043e\u043b\u043e\u0433\u0438\u0447\u0435\u0441\u043a\u043e\u0433\u043e \u0441\u043e\u0432\u0435\u0440\u0448\u0435\u043d\u0441\u0442\u0432\u0430. \u042d\u0442\u0438 \u0447\u0430\u0441\u044b \u043f\u0435\u0440\u0435\u043f\u0438\u0441\u044b\u0432\u0430\u044e\u0442 \u043f\u0440\u0430\u0432\u0438\u043b\u0430 \u0438\u0433\u0440\u044b \u0432 \u043c\u0438\u0440\u0435 \u043d\u043e\u0441\u0438\u043c\u044b\u0445 \u0442\u0435\u0445\u043d\u043e\u043b\u043e\u0433\u0438\u0439 \u0438 \u0441\u0442\u0430\u043d\u043e\u0432\u044f\u0442\u0441\u044f \u0432\u0435\u0440\u043d\u044b\u043c \u043f\u0430\u0440\u0442\u043d\u0435\u0440\u043e\u043c \u0432 \u0432\u0430\u0448\u0435\u0439 \u043f\u043e\u0432\u0441\u0435\u0434\u043d\u0435\u0432\u043d\u043e\u0439 \u0436\u0438\u0437\u043d\u0438.<\/p>\n<p>\u041e\u0441\u043d\u043e\u0432\u043d\u044b\u0435 \u043e\u0441\u043e\u0431\u0435\u043d\u043d\u043e\u0441\u0442\u0438:<\/p>\n<p>Smart Health Companion: Series 9 \u043f\u0440\u0435\u0434\u043b\u0430\u0433\u0430\u0435\u0442 \u0440\u0430\u0441\u0448\u0438\u0440\u0435\u043d\u043d\u044b\u0439 \u043c\u043e\u043d\u0438\u0442\u043e\u0440\u0438\u043d\u0433 \u0437\u0434\u043e\u0440\u043e\u0432\u044c\u044f, \u0432\u043a\u043b\u044e\u0447\u0430\u044f \u043c\u043e\u043d\u0438\u0442\u043e\u0440\u0438\u043d\u0433 \u0441\u0435\u0440\u0434\u0435\u0447\u043d\u043e\u0433\u043e \u0440\u0438\u0442\u043c\u0430 \u0438 \u0434\u0430\u0436\u0435 \u0432\u043e\u0437\u043c\u043e\u0436\u043d\u043e\u0441\u0442\u044c \u043e\u043f\u0440\u0435\u0434\u0435\u043b\u044f\u0442\u044c \u0432\u0430\u0448\u0443 \u043e\u0431\u0449\u0443\u044e \u0444\u0438\u0437\u0438\u0447\u0435\u0441\u043a\u0443\u044e \u0430\u043a\u0442\u0438\u0432\u043d\u043e\u0441\u0442\u044c \u0438 \u0441\u043e\u043d.<\/p>\n<p>\u041f\u043e\u0442\u0440\u044f\u0441\u0430\u044e\u0449\u0438\u0439 \u0434\u0438\u0437\u0430\u0439\u043d: \u044d\u0442\u0438 \u0447\u0430\u0441\u044b , \u043d\u0430\u0441\u0442\u043e\u044f\u0449\u0435\u0435 \u043f\u0440\u043e\u0438\u0437\u0432\u0435\u0434\u0435\u043d\u0438\u0435 \u0438\u0441\u043a\u0443\u0441\u0441\u0442\u0432\u0430. \u0412\u044b\u0431\u0438\u0440\u0430\u0439\u0442\u0435 \u0438\u0437 \u043c\u043d\u043e\u0436\u0435\u0441\u0442\u0432\u0430 \u0432\u0430\u0440\u0438\u0430\u043d\u0442\u043e\u0432 \u0447\u0435\u0445\u043b\u043e\u0432 \u0438 \u0440\u0435\u043c\u0435\u0448\u043a\u043e\u0432, \u0447\u0442\u043e\u0431\u044b \u043f\u043e\u0434\u0447\u0435\u0440\u043a\u043d\u0443\u0442\u044c \u0441\u0432\u043e\u0439 \u0441\u0442\u0438\u043b\u044c \u0438 \u0438\u043d\u0434\u0438\u0432\u0438\u0434\u0443\u0430\u043b\u044c\u043d\u043e\u0441\u0442\u044c.<\/p>\n<p>\u042f\u0440\u043a\u0438\u0439 \u0434\u0438\u0441\u043f\u043b\u0435\u0439: Series 9 \u0438\u043c\u0435\u0435\u0442 \u0441\u0432\u0435\u0440\u0445\u044a\u044f\u0440\u043a\u0438\u0439 \u0434\u0438\u0441\u043f\u043b\u0435\u0439.<\/p>\n<p>\u0412\u043e\u0434\u043e\u043d\u0435\u043f\u0440\u043e\u043d\u0438\u0446\u0430\u0435\u043c\u043e\u0441\u0442\u044c: \u0431\u0443\u0434\u044c\u0442\u0435 \u0443\u0432\u0435\u0440\u0435\u043d\u044b, \u0447\u0442\u043e \u0432\u0430\u0448\u0438 \u0447\u0430\u0441\u044b \u0432\u044b\u0434\u0435\u0440\u0436\u0430\u0442 \u0434\u0430\u0436\u0435 \u0432\u043e\u0434\u0443.\u0417\u0430\u0449\u0438\u0442\u0430 IP6X.<\/p>\n<p>\u0414\u043b\u0438\u0442\u0435\u043b\u044c\u043d\u043e\u0435 \u0432\u0440\u0435\u043c\u044f \u0430\u0432\u0442\u043e\u043d\u043e\u043c\u043d\u043e\u0439 \u0440\u0430\u0431\u043e\u0442\u044b: \u0432\u044b \u043f\u043e\u043b\u0443\u0447\u0438\u0442\u0435 \u0434\u043b\u0438\u0442\u0435\u043b\u044c\u043d\u043e\u0435 \u0432\u0440\u0435\u043c\u044f \u0430\u0432\u0442\u043e\u043d\u043e\u043c\u043d\u043e\u0439 \u0440\u0430\u0431\u043e\u0442\u044b, \u043a\u043e\u0442\u043e\u0440\u043e\u0435 \u043f\u043e\u0437\u0432\u043e\u043b\u0438\u0442 \u0432\u0430\u043c \u0438\u0441\u043f\u043e\u043b\u044c\u0437\u043e\u0432\u0430\u0442\u044c \u0447\u0430\u0441\u044b \u0432 \u0442\u0435\u0447\u0435\u043d\u0438\u0435 \u0432\u0441\u0435\u0433\u043e \u0434\u043d\u044f \u0431\u0435\u0437 \u043f\u0435\u0440\u0435\u0440\u044b\u0432\u0430.<\/p>\n<p>\u0421\u043e\u0432\u043c\u0435\u0441\u0442\u0438\u043c\u043e\u0441\u0442\u044c: Series 9 \u0441\u043e\u0432\u043c\u0435\u0441\u0442\u0438\u043c \u0441 iPhone, \u0447\u0442\u043e \u043f\u043e\u0437\u0432\u043e\u043b\u044f\u0435\u0442 \u043b\u0435\u0433\u043a\u043e \u0438\u043d\u0442\u0435\u0433\u0440\u0438\u0440\u043e\u0432\u0430\u0442\u044c \u0435\u0433\u043e \u0441 \u0432\u0430\u0448\u0438\u043c\u0438 \u0443\u0441\u0442\u0440\u043e\u0439\u0441\u0442\u0432\u0430\u043c\u0438 iOS. \u0412\u0441\u0442\u0440\u043e\u0435\u043d\u043d\u0430\u044f \u043f\u0430\u043c\u044f\u0442\u044c 64 \u0413\u0411.<\/p>\n<p>Cump\u0103ra\u021bi Apple Watch Series 9\u00a0\u0219i aduce\u021bi tehnologie inovatoare \u00een\u00a0via\u021ba de\u00a0zi\u00a0cu\u00a0zi. Acest ceas nu\u00a0este doar un\u00a0gadget, este \u00eenso\u021bitorul t\u0103u de\u00a0\u00eencredere, ajut\u00e2ndu-te s\u0103\u00a0fii informat \u0219i\u00a0av\u00e2nd grij\u0103 de\u00a0s\u0103n\u0103tatea\u00a0ta. Nu\u00a0rata\u021bi \u0219ansa de\u00a0a\u00a0v\u0103\u00a0\u00eembun\u0103t\u0103\u021bi stilul \u0219i\u00a0func\u021bionalitatea\u00a0\u2014 alege\u021bi ast\u0103zi Apple Watch Series\u00a09<\/p>","protected":false},"excerpt":{"rendered":"<p>\u041a\u043e\u0434 \u0442\u043e\u0432\u0430\u0440\u0430 :<\/p>\n<p>15309<\/p>","protected":false},"featured_media":52048,"comment_status":"open","ping_status":"closed","template":"","meta":[],"product_cat":[170,171],"product_tag":[],"class_list":{"0":"post-15309","1":"product","2":"type-product","3":"status-publish","4":"has-post-thumbnail","6":"product_cat-gadget-uri","7":"product_cat-smart-watch","8":"pa_brands-apple","10":"first","11":"instock","12":"taxable","13":"shipping-taxable","14":"purchasable","15":"product-type-simple"},"yoast_head":"<!-- This site is optimized with the Yoast SEO plugin v23.9 - https:\/\/yoast.com\/wordpress\/plugins\/seo\/ -->\n<title>Apple Watch Series 9 GPS 41mm MR8Y3 Midnight Aluminium Case, Midnight Sport Loop - Gorilla ELECTRONICS<\/title>\n<meta name=\"description\" content=\"\u041a\u0443\u043f\u0438\u0442\u0435 Apple Watch Series 9 GPS 41mm MR8Y3 Midnight Aluminium Case, Midnight Sport Loop \u043f\u043e \u043d\u0438\u0437\u043a\u043e\u0439 \u0446\u0435\u043d\u0435 \u043d\u0430 Gorilla ELECTRONICS \u0432 \u041c\u043e\u043b\u0434\u043e\u0432\u0435! \u0411\u044b\u0441\u0442\u0440\u0430\u044f \u0434\u043e\u0441\u0442\u0430\u0432\u043a\u0430, \u0433\u0430\u0440\u0430\u043d\u0442\u0438\u044f. \u0412\u044b\u0433\u043e\u0434\u043d\u044b\u0435 \u043f\u0440\u0435\u0434\u043b\u043e\u0436\u0435\u043d\u0438\u044f!\" \/>\n<meta name=\"robots\" content=\"index, follow, max-snippet:-1, max-image-preview:large, max-video-preview:-1\" \/>\n<link rel=\"canonical\" href=\"https:\/\/gorilla.md\/ru\/product\/apple-watch-series-9-gps-41mm-mr8y3-midnight-aluminium-case-midnight-sport-loop\/\" \/>\n<meta property=\"og:locale\" content=\"ru_RU\" \/>\n<meta property=\"og:type\" content=\"article\" \/>\n<meta property=\"og:title\" content=\"Apple Watch Series 9 GPS 41mm MR8Y3 Midnight Aluminium Case, Midnight Sport Loop - Gorilla ELECTRONICS\" \/>\n<meta property=\"og:description\" content=\"\u041a\u0443\u043f\u0438\u0442\u0435 Apple Watch Series 9 GPS 41mm MR8Y3 Midnight Aluminium Case, Midnight Sport Loop \u043f\u043e \u043d\u0438\u0437\u043a\u043e\u0439 \u0446\u0435\u043d\u0435 \u043d\u0430 Gorilla ELECTRONICS \u0432 \u041c\u043e\u043b\u0434\u043e\u0432\u0435! \u0411\u044b\u0441\u0442\u0440\u0430\u044f \u0434\u043e\u0441\u0442\u0430\u0432\u043a\u0430, \u0433\u0430\u0440\u0430\u043d\u0442\u0438\u044f. \u0412\u044b\u0433\u043e\u0434\u043d\u044b\u0435 \u043f\u0440\u0435\u0434\u043b\u043e\u0436\u0435\u043d\u0438\u044f!\" \/>\n<meta property=\"og:url\" content=\"https:\/\/gorilla.md\/ru\/product\/apple-watch-series-9-gps-41mm-mr8y3-midnight-aluminium-case-midnight-sport-loop\/\" \/>\n<meta property=\"og:site_name\" content=\"Gorilla ELECTRONICS\" \/>\n<meta property=\"article:publisher\" content=\"https:\/\/www.facebook.com\/www.gorilla.md\" \/>\n<meta property=\"article:modified_time\" content=\"2026-04-07T12:47:25+00:00\" \/>\n<meta property=\"og:image\" content=\"https:\/\/gorilla.md\/wp-content\/uploads\/2023\/09\/i-79.webp\" \/>\n\t<meta property=\"og:image:width\" content=\"1580\" \/>\n\t<meta property=\"og:image:height\" content=\"1580\" \/>\n\t<meta property=\"og:image:type\" content=\"image\/webp\" \/>\n<meta name=\"twitter:card\" content=\"summary_large_image\" \/>\n<meta name=\"twitter:label1\" content=\"\u041f\u0440\u0438\u043c\u0435\u0440\u043d\u043e\u0435 \u0432\u0440\u0435\u043c\u044f \u0434\u043b\u044f \u0447\u0442\u0435\u043d\u0438\u044f\" \/>\n\t<meta name=\"twitter:data1\" content=\"2 \u043c\u0438\u043d\u0443\u0442\u044b\" \/>\n<script type=\"application\/ld+json\" class=\"yoast-schema-graph\">{\"@context\":\"https:\/\/schema.org\",\"@graph\":[{\"@type\":\"WebPage\",\"@id\":\"https:\/\/gorilla.md\/produs\/apple-watch-series-9-gps-41mm-mr8y3-midnight-aluminium-case-midnight-sport-loop\/\",\"url\":\"https:\/\/gorilla.md\/produs\/apple-watch-series-9-gps-41mm-mr8y3-midnight-aluminium-case-midnight-sport-loop\/\",\"name\":\"Apple Watch Series 9 GPS 41mm MR8Y3 Midnight Aluminium Case, Midnight Sport Loop - Gorilla ELECTRONICS\",\"isPartOf\":{\"@id\":\"https:\/\/gorilla.md\/#website\"},\"primaryImageOfPage\":{\"@id\":\"https:\/\/gorilla.md\/produs\/apple-watch-series-9-gps-41mm-mr8y3-midnight-aluminium-case-midnight-sport-loop\/#primaryimage\"},\"image\":{\"@id\":\"https:\/\/gorilla.md\/produs\/apple-watch-series-9-gps-41mm-mr8y3-midnight-aluminium-case-midnight-sport-loop\/#primaryimage\"},\"thumbnailUrl\":\"https:\/\/gorilla.md\/wp-content\/uploads\/2023\/09\/i-79.webp\",\"datePublished\":\"2023-09-18T14:23:00+00:00\",\"dateModified\":\"2026-04-07T12:47:25+00:00\",\"description\":\"\u041a\u0443\u043f\u0438\u0442\u0435 Apple Watch Series 9 GPS 41mm MR8Y3 Midnight Aluminium Case, Midnight Sport Loop \u043f\u043e \u043d\u0438\u0437\u043a\u043e\u0439 \u0446\u0435\u043d\u0435 \u043d\u0430 Gorilla ELECTRONICS \u0432 \u041c\u043e\u043b\u0434\u043e\u0432\u0435! \u0411\u044b\u0441\u0442\u0440\u0430\u044f \u0434\u043e\u0441\u0442\u0430\u0432\u043a\u0430, \u0433\u0430\u0440\u0430\u043d\u0442\u0438\u044f. \u0412\u044b\u0433\u043e\u0434\u043d\u044b\u0435 \u043f\u0440\u0435\u0434\u043b\u043e\u0436\u0435\u043d\u0438\u044f!\",\"breadcrumb\":{\"@id\":\"https:\/\/gorilla.md\/produs\/apple-watch-series-9-gps-41mm-mr8y3-midnight-aluminium-case-midnight-sport-loop\/#breadcrumb\"},\"inLanguage\":\"ru-RU\",\"potentialAction\":[{\"@type\":\"ReadAction\",\"target\":[\"https:\/\/gorilla.md\/produs\/apple-watch-series-9-gps-41mm-mr8y3-midnight-aluminium-case-midnight-sport-loop\/\"]}]},{\"@type\":\"ImageObject\",\"inLanguage\":\"ru-RU\",\"@id\":\"https:\/\/gorilla.md\/produs\/apple-watch-series-9-gps-41mm-mr8y3-midnight-aluminium-case-midnight-sport-loop\/#primaryimage\",\"url\":\"https:\/\/gorilla.md\/wp-content\/uploads\/2023\/09\/i-79.webp\",\"contentUrl\":\"https:\/\/gorilla.md\/wp-content\/uploads\/2023\/09\/i-79.webp\",\"width\":1580,\"height\":1580},{\"@type\":\"BreadcrumbList\",\"@id\":\"https:\/\/gorilla.md\/produs\/apple-watch-series-9-gps-41mm-mr8y3-midnight-aluminium-case-midnight-sport-loop\/#breadcrumb\",\"itemListElement\":[{\"@type\":\"ListItem\",\"position\":1,\"name\":\"Magazin\",\"item\":\"https:\/\/gorilla.md\/magazin\/\"},{\"@type\":\"ListItem\",\"position\":2,\"name\":\"Apple Watch Series 9 GPS 41mm MR8Y3 Midnight Aluminium Case, Midnight Sport Loop\"}]},{\"@type\":\"WebSite\",\"@id\":\"https:\/\/gorilla.md\/#website\",\"url\":\"https:\/\/gorilla.md\/\",\"name\":\"Gorilla ELECTRONICS\",\"description\":\"Online Magazin \u00een Moldova\",\"publisher\":{\"@id\":\"https:\/\/gorilla.md\/#organization\"},\"potentialAction\":[{\"@type\":\"SearchAction\",\"target\":{\"@type\":\"EntryPoint\",\"urlTemplate\":\"https:\/\/gorilla.md\/?s={search_term_string}\"},\"query-input\":{\"@type\":\"PropertyValueSpecification\",\"valueRequired\":true,\"valueName\":\"search_term_string\"}}],\"inLanguage\":\"ru-RU\"},{\"@type\":\"Organization\",\"@id\":\"https:\/\/gorilla.md\/#organization\",\"name\":\"Gorilla ELECTRONICS\",\"url\":\"https:\/\/gorilla.md\/\",\"logo\":{\"@type\":\"ImageObject\",\"inLanguage\":\"ru-RU\",\"@id\":\"https:\/\/gorilla.md\/#\/schema\/logo\/image\/\",\"url\":\"https:\/\/gorilla.md\/wp-content\/uploads\/2023\/08\/logo-g.png\",\"contentUrl\":\"https:\/\/gorilla.md\/wp-content\/uploads\/2023\/08\/logo-g.png\",\"width\":200,\"height\":200,\"caption\":\"Gorilla ELECTRONICS\"},\"image\":{\"@id\":\"https:\/\/gorilla.md\/#\/schema\/logo\/image\/\"},\"sameAs\":[\"https:\/\/www.facebook.com\/www.gorilla.md\"]}]}<\/script>\n<!-- \/ Yoast SEO plugin. -->","yoast_head_json":{"title":"Apple Watch Series 9 GPS 41mm MR8Y3 Midnight Aluminium Case, Midnight Sport Loop - Gorilla ELECTRONICS","description":"\u041a\u0443\u043f\u0438\u0442\u0435 Apple Watch Series 9 GPS 41mm MR8Y3 Midnight Aluminium Case, Midnight Sport Loop \u043f\u043e \u043d\u0438\u0437\u043a\u043e\u0439 \u0446\u0435\u043d\u0435 \u043d\u0430 Gorilla ELECTRONICS \u0432 \u041c\u043e\u043b\u0434\u043e\u0432\u0435! \u0411\u044b\u0441\u0442\u0440\u0430\u044f \u0434\u043e\u0441\u0442\u0430\u0432\u043a\u0430, \u0433\u0430\u0440\u0430\u043d\u0442\u0438\u044f. \u0412\u044b\u0433\u043e\u0434\u043d\u044b\u0435 \u043f\u0440\u0435\u0434\u043b\u043e\u0436\u0435\u043d\u0438\u044f!","robots":{"index":"index","follow":"follow","max-snippet":"max-snippet:-1","max-image-preview":"max-image-preview:large","max-video-preview":"max-video-preview:-1"},"canonical":"https:\/\/gorilla.md\/ru\/product\/apple-watch-series-9-gps-41mm-mr8y3-midnight-aluminium-case-midnight-sport-loop\/","og_locale":"ru_RU","og_type":"article","og_title":"Apple Watch Series 9 GPS 41mm MR8Y3 Midnight Aluminium Case, Midnight Sport Loop - Gorilla ELECTRONICS","og_description":"\u041a\u0443\u043f\u0438\u0442\u0435 Apple Watch Series 9 GPS 41mm MR8Y3 Midnight Aluminium Case, Midnight Sport Loop \u043f\u043e \u043d\u0438\u0437\u043a\u043e\u0439 \u0446\u0435\u043d\u0435 \u043d\u0430 Gorilla ELECTRONICS \u0432 \u041c\u043e\u043b\u0434\u043e\u0432\u0435! \u0411\u044b\u0441\u0442\u0440\u0430\u044f \u0434\u043e\u0441\u0442\u0430\u0432\u043a\u0430, \u0433\u0430\u0440\u0430\u043d\u0442\u0438\u044f. \u0412\u044b\u0433\u043e\u0434\u043d\u044b\u0435 \u043f\u0440\u0435\u0434\u043b\u043e\u0436\u0435\u043d\u0438\u044f!","og_url":"https:\/\/gorilla.md\/ru\/product\/apple-watch-series-9-gps-41mm-mr8y3-midnight-aluminium-case-midnight-sport-loop\/","og_site_name":"Gorilla ELECTRONICS","article_publisher":"https:\/\/www.facebook.com\/www.gorilla.md","article_modified_time":"2026-04-07T12:47:25+00:00","og_image":[{"width":1580,"height":1580,"url":"https:\/\/gorilla.md\/wp-content\/uploads\/2023\/09\/i-79.webp","type":"image\/webp"}],"twitter_card":"summary_large_image","twitter_misc":{"\u041f\u0440\u0438\u043c\u0435\u0440\u043d\u043e\u0435 \u0432\u0440\u0435\u043c\u044f \u0434\u043b\u044f \u0447\u0442\u0435\u043d\u0438\u044f":"2 \u043c\u0438\u043d\u0443\u0442\u044b"},"schema":{"@context":"https:\/\/schema.org","@graph":[{"@type":"WebPage","@id":"https:\/\/gorilla.md\/produs\/apple-watch-series-9-gps-41mm-mr8y3-midnight-aluminium-case-midnight-sport-loop\/","url":"https:\/\/gorilla.md\/produs\/apple-watch-series-9-gps-41mm-mr8y3-midnight-aluminium-case-midnight-sport-loop\/","name":"Apple Watch Series 9 GPS 41mm MR8Y3 Midnight Aluminium Case, Midnight Sport Loop - Gorilla ELECTRONICS","isPartOf":{"@id":"https:\/\/gorilla.md\/#website"},"primaryImageOfPage":{"@id":"https:\/\/gorilla.md\/produs\/apple-watch-series-9-gps-41mm-mr8y3-midnight-aluminium-case-midnight-sport-loop\/#primaryimage"},"image":{"@id":"https:\/\/gorilla.md\/produs\/apple-watch-series-9-gps-41mm-mr8y3-midnight-aluminium-case-midnight-sport-loop\/#primaryimage"},"thumbnailUrl":"https:\/\/gorilla.md\/wp-content\/uploads\/2023\/09\/i-79.webp","datePublished":"2023-09-18T14:23:00+00:00","dateModified":"2026-04-07T12:47:25+00:00","description":"\u041a\u0443\u043f\u0438\u0442\u0435 Apple Watch Series 9 GPS 41mm MR8Y3 Midnight Aluminium Case, Midnight Sport Loop \u043f\u043e \u043d\u0438\u0437\u043a\u043e\u0439 \u0446\u0435\u043d\u0435 \u043d\u0430 Gorilla ELECTRONICS \u0432 \u041c\u043e\u043b\u0434\u043e\u0432\u0435! \u0411\u044b\u0441\u0442\u0440\u0430\u044f \u0434\u043e\u0441\u0442\u0430\u0432\u043a\u0430, \u0433\u0430\u0440\u0430\u043d\u0442\u0438\u044f. \u0412\u044b\u0433\u043e\u0434\u043d\u044b\u0435 \u043f\u0440\u0435\u0434\u043b\u043e\u0436\u0435\u043d\u0438\u044f!","breadcrumb":{"@id":"https:\/\/gorilla.md\/produs\/apple-watch-series-9-gps-41mm-mr8y3-midnight-aluminium-case-midnight-sport-loop\/#breadcrumb"},"inLanguage":"ru-RU","potentialAction":[{"@type":"ReadAction","target":["https:\/\/gorilla.md\/produs\/apple-watch-series-9-gps-41mm-mr8y3-midnight-aluminium-case-midnight-sport-loop\/"]}]},{"@type":"ImageObject","inLanguage":"ru-RU","@id":"https:\/\/gorilla.md\/produs\/apple-watch-series-9-gps-41mm-mr8y3-midnight-aluminium-case-midnight-sport-loop\/#primaryimage","url":"https:\/\/gorilla.md\/wp-content\/uploads\/2023\/09\/i-79.webp","contentUrl":"https:\/\/gorilla.md\/wp-content\/uploads\/2023\/09\/i-79.webp","width":1580,"height":1580},{"@type":"BreadcrumbList","@id":"https:\/\/gorilla.md\/produs\/apple-watch-series-9-gps-41mm-mr8y3-midnight-aluminium-case-midnight-sport-loop\/#breadcrumb","itemListElement":[{"@type":"ListItem","position":1,"name":"Magazin","item":"https:\/\/gorilla.md\/magazin\/"},{"@type":"ListItem","position":2,"name":"Apple Watch Series 9 GPS 41mm MR8Y3 Midnight Aluminium Case, Midnight Sport Loop"}]},{"@type":"WebSite","@id":"https:\/\/gorilla.md\/#website","url":"https:\/\/gorilla.md\/","name":"Gorilla ELECTRONICS","description":"Online Magazin \u00een Moldova","publisher":{"@id":"https:\/\/gorilla.md\/#organization"},"potentialAction":[{"@type":"SearchAction","target":{"@type":"EntryPoint","urlTemplate":"https:\/\/gorilla.md\/?s={search_term_string}"},"query-input":{"@type":"PropertyValueSpecification","valueRequired":true,"valueName":"search_term_string"}}],"inLanguage":"ru-RU"},{"@type":"Organization","@id":"https:\/\/gorilla.md\/#organization","name":"Gorilla ELECTRONICS","url":"https:\/\/gorilla.md\/","logo":{"@type":"ImageObject","inLanguage":"ru-RU","@id":"https:\/\/gorilla.md\/#\/schema\/logo\/image\/","url":"https:\/\/gorilla.md\/wp-content\/uploads\/2023\/08\/logo-g.png","contentUrl":"https:\/\/gorilla.md\/wp-content\/uploads\/2023\/08\/logo-g.png","width":200,"height":200,"caption":"Gorilla ELECTRONICS"},"image":{"@id":"https:\/\/gorilla.md\/#\/schema\/logo\/image\/"},"sameAs":["https:\/\/www.facebook.com\/www.gorilla.md"]}]}},"_links":{"self":[{"href":"https:\/\/gorilla.md\/ru\/wp-json\/wp\/v2\/product\/15309","targetHints":{"allow":["GET"]}}],"collection":[{"href":"https:\/\/gorilla.md\/ru\/wp-json\/wp\/v2\/product"}],"about":[{"href":"https:\/\/gorilla.md\/ru\/wp-json\/wp\/v2\/types\/product"}],"replies":[{"embeddable":true,"href":"https:\/\/gorilla.md\/ru\/wp-json\/wp\/v2\/comments?post=15309"}],"wp:featuredmedia":[{"embeddable":true,"href":"https:\/\/gorilla.md\/ru\/wp-json\/wp\/v2\/media\/52048"}],"wp:attachment":[{"href":"https:\/\/gorilla.md\/ru\/wp-json\/wp\/v2\/media?parent=15309"}],"wp:term":[{"taxonomy":"product_cat","embeddable":true,"href":"https:\/\/gorilla.md\/ru\/wp-json\/wp\/v2\/product_cat?post=15309"},{"taxonomy":"product_tag","embeddable":true,"href":"https:\/\/gorilla.md\/ru\/wp-json\/wp\/v2\/product_tag?post=15309"}],"curies":[{"name":"wp","href":"https:\/\/api.w.org\/{rel}","templated":true}]}}