{"id":9218,"date":"2023-04-05T11:59:09","date_gmt":"2023-04-05T11:59:09","guid":{"rendered":"https:\/\/final.agensium.com\/?page_id=9218"},"modified":"2025-10-03T07:53:35","modified_gmt":"2025-10-03T07:53:35","slug":"livrare-si-plata","status":"publish","type":"page","link":"https:\/\/gorilla.md\/ru\/livrare-si-plata\/","title":{"rendered":"\u0414\u043e\u0441\u0442\u0430\u0432\u043a\u0430 \u0438 \u043e\u043f\u043b\u0430\u0442\u0430"},"content":{"rendered":"<div data-elementor-type=\"wp-page\" data-elementor-id=\"9218\" class=\"elementor elementor-9218\">\n\t\t\t\t<div class=\"elementor-element elementor-element-9117de0 e-flex e-con-boxed e-con e-parent\" data-id=\"9117de0\" data-element_type=\"container\">\n\t\t\t\t\t<div class=\"e-con-inner\">\n\t\t\t\t<div class=\"elementor-element elementor-element-e1cf05c elementor-widget elementor-widget-spacer\" data-id=\"e1cf05c\" data-element_type=\"widget\" data-widget_type=\"spacer.default\">\n\t\t\t\t<div class=\"elementor-widget-container\">\n\t\t\t\t\t<div class=\"elementor-spacer\">\n\t\t\t<div class=\"elementor-spacer-inner\"><\/div>\n\t\t<\/div>\n\t\t\t\t<\/div>\n\t\t\t\t<\/div>\n\t\t\t\t<div class=\"elementor-element elementor-element-4b4e68e elementor-widget elementor-widget-heading\" data-id=\"4b4e68e\" data-element_type=\"widget\" data-widget_type=\"heading.default\">\n\t\t\t\t<div class=\"elementor-widget-container\">\n\t\t\t<h2 class=\"elementor-heading-title elementor-size-default\">\u0414\u043e\u0441\u0442\u0430\u0432\u043a\u0430 \u0438 \u043e\u043f\u043b\u0430\u0442\u0430<\/h2>\t\t<\/div>\n\t\t\t\t<\/div>\n\t\t\t\t\t<\/div>\n\t\t\t\t<\/div>\n\t\t<div class=\"elementor-element elementor-element-bec6fda e-flex e-con-boxed e-con e-parent\" data-id=\"bec6fda\" data-element_type=\"container\">\n\t\t\t\t\t<div class=\"e-con-inner\">\n\t\t\t\t<div class=\"elementor-element elementor-element-6fb1df5 elementor-widget elementor-widget-text-editor\" data-id=\"6fb1df5\" data-element_type=\"widget\" data-widget_type=\"text-editor.default\">\n\t\t\t\t<div class=\"elementor-widget-container\">\n\t\t\t\t\t\t\t<p style=\"text-align: left;\">\u0412 \u043d\u0430\u0441\u0442\u043e\u044f\u0449\u0435\u0435 \u0432\u0440\u0435\u043c\u044f \u043b\u044e\u0434\u0438 \u0432\u0441\u0435 \u0431\u043e\u043b\u044c\u0448\u0435 \u0434\u0435\u043b\u0430\u044e\u0442 \u043e\u043d\u043b\u0430\u0439\u043d-\u043f\u043e\u043a\u0443\u043f\u043a\u0438. \u0412\u043e-\u043f\u0435\u0440\u0432\u044b\u0445 - \u044d\u0442\u043e \u043b\u0435\u0433\u043a\u043e, \u0430, \u0432\u043e-\u0432\u0442\u043e\u0440\u044b\u0445 \u0431\u044b\u0441\u0442\u0440\u043e. \u0411\u043e\u043b\u044c\u0448\u0435 \u043d\u0435 \u043d\u0443\u0436\u043d\u043e \u0432\u044b\u0445\u043e\u0434\u0438\u0442\u044c \u0438\u0437 \u0434\u043e\u043c\u0430, \u043a\u043e\u0433\u0434\u0430 \u0445\u043e\u0447\u0435\u0448\u044c \u043a\u0443\u043f\u0438\u0442\u044c \u043d\u043e\u0432\u044b\u0439 \u0442\u0435\u043b\u0435\u0444\u043e\u043d \u0438\u043b\u0438 \u0442\u0435\u043b\u0435\u0432\u0438\u0437\u043e\u0440. \u0412\u0441\u0435 \u0447\u0442\u043e \u0432\u0430\u043c \u043d\u0443\u0436\u043d\u043e - \u044d\u0442\u043e \u0432\u044b\u0431\u0440\u0430\u0442\u044c \u0442\u043e\u0432\u0430\u0440, \u0441\u043f\u043e\u0441\u043e\u0431 \u043e\u043f\u043b\u0430\u0442\u044b, \u0438 \u043c\u044b \u0441\u0430\u043c\u0438 \u0434\u043e\u0441\u0442\u0430\u0432\u0438\u043c \u0435\u0433\u043e \u0432\u0430\u043c. \u0418\u043d\u0442\u0435\u0440\u043d\u0435\u0442-\u043c\u0430\u0433\u0430\u0437\u0438\u043d Gorilla MD \u0441\u0442\u0430\u0440\u0430\u0435\u0442\u0441\u044f \u0431\u044b\u0442\u044c \u043a\u0430\u043a \u043c\u043e\u0436\u043d\u043e \u0431\u043b\u0438\u0436\u0435 \u043a \u0441\u0432\u043e\u0438\u043c \u043a\u043b\u0438\u0435\u043d\u0442\u0430\u043c. \u0418 \u0434\u043b\u044f \u0442\u043e\u0433\u043e, \u0447\u0442\u043e\u0431\u044b \u043f\u043e\u043a\u0443\u043f\u043a\u0438 \u0431\u044b\u043b\u0438 \u043a\u0430\u043a \u043c\u043e\u0436\u043d\u043e \u043f\u0440\u0438\u044f\u0442\u043d\u0435\u0435, \u043c\u044b \u043f\u043e\u0434\u0433\u043e\u0442\u043e\u0432\u0438\u043b\u0438 \u0441\u043b\u0435\u0434\u0443\u044e\u0449\u0438\u0435 \u0432\u0438\u0434\u044b \u0434\u043e\u0441\u0442\u0430\u0432\u043a\u0438:<\/p>\n<ul>\n<li><strong>&nbsp;\u0414\u043e\u0441\u0442\u0430\u0432\u043a\u0430 \u0432 \u043f\u0440\u0435\u0434\u0435\u043b\u0430\u0445 \u0433.\u041a\u0438\u0448\u0438\u043d\u0435\u0432 \u0431\u0435\u0441\u043f\u043b\u0430\u0442\u043d\u0430\u044f \u043f\u0440\u0438 \u0437\u0430\u043a\u0430\u0437\u0435 \u043e\u0442 1000 \u043b\u0435\u0435\u0432,\u043d\u043e \u043f\u0440\u0438 \u0437\u0430\u043a\u0430\u0437\u0435 \u043d\u0430 \u0441\u0443\u043c\u043c\u0443 \u043c\u0435\u043d\u044c\u0448\u0435 1000 \u043b\u0435\u0435\u0432, \u0434\u043e\u0441\u0442\u0430\u0432\u043a\u0430 \u0441\u043e\u0441\u0442\u0430\u0432\u0438\u0442 \u0432\u0441\u0435\u0433\u043e 50 \u043b\u0435\u0435\u0432, \u0438 \u043e\u0441\u0443\u0449\u0435\u0441\u0442\u0432\u043b\u044f\u0435\u0442\u0441\u044f \u0432 \u0434\u0435\u043d\u044c \u0437\u0430\u043a\u0430\u0437\u0430 (\u0435\u0441\u043b\u0438 \u0437\u0430\u043a\u0430\u0437 \u043e\u0444\u043e\u0440\u043c\u043b\u0435\u043d \u0434\u043e 17:00 \u043f\u043d-\u043f\u0442, \u0438 \u0434\u043e 16:00 \u0441\u0431.)<\/strong><\/li>\n<\/ul>\n<ul>\n<li><strong>&nbsp;\u0414\u043e\u0441\u0442\u0430\u0432\u043a\u0430 \u043f\u043e \u0440\u0430\u0439\u043e\u043d\u0430\u043c \u0420\u0435\u0441\u043f\u0443\u0431\u043b\u0438\u043a\u0438 \u041c\u043e\u043b\u0434\u043e\u0432\u0430 \u043e\u0441\u0443\u0449\u0435\u0441\u0442\u0432\u043b\u044f\u0435\u0442\u0441\u044f \u0432 \u0442\u0435\u0447\u0435\u043d\u0438\u0438 5 \u0440\u0430\u0431\u043e\u0447\u0438\u0445 \u0434\u043d\u0435\u0439, \u0441\u0442\u043e\u0438\u043c\u043e\u0441\u0442\u044c \u0434\u043e\u0441\u0442\u0430\u0432\u043a\u0438 \u043e\u0442 150 \u043b\u0435\u0435\u0432.<\/strong><\/li>\n<\/ul>\t\t\t\t\t\t<\/div>\n\t\t\t\t<\/div>\n\t\t\t\t\t<\/div>\n\t\t\t\t<\/div>\n\t\t\t\t<\/div>","protected":false},"excerpt":{"rendered":"<p>Livrare si plat\u0103 \u00cen zilele noastre, tot mai mul\u021bi oameni fac cump\u0103r\u0103turi online. \u00cen primul r\u00e2nd, este o metoda foarte u\u0219oara, iar \u00een al doilea r\u00e2nd, este rapid. Nu mai este nevoie sa pleca\u021bi de acas\u0103 c\u00e2nd dori\u021bi s\u0103 cump\u0103ra\u021bi un telefon sau un televizor nou.&nbsp; Pentru a face o cumparatura tot de ce aveti<\/p>\n<div class=\"klb-readmore entry-button\"><a class=\"btn read-more\" href=\"https:\/\/gorilla.md\/ru\/livrare-si-plata\/\">Read More<\/a><\/div>","protected":false},"author":1,"featured_media":0,"parent":0,"menu_order":0,"comment_status":"closed","ping_status":"closed","template":"","meta":{"footnotes":""},"class_list":["post-9218","page","type-page","status-publish","hentry"],"yoast_head":"<!-- This site is optimized with the Yoast SEO plugin v23.9 - https:\/\/yoast.com\/wordpress\/plugins\/seo\/ -->\n<title>Livrare si plat\u0103 - Gorilla ELECTRONICS<\/title>\n<meta name=\"description\" content=\"- Livrare si plat\u0103 - Gorilla ELECTRONICS\" \/>\n<meta name=\"robots\" content=\"index, follow, max-snippet:-1, max-image-preview:large, max-video-preview:-1\" \/>\n<link rel=\"canonical\" href=\"https:\/\/gorilla.md\/ru\/livrare-si-plata\/\" \/>\n<meta property=\"og:locale\" content=\"ru_RU\" \/>\n<meta property=\"og:type\" content=\"article\" \/>\n<meta property=\"og:title\" content=\"Livrare si plat\u0103 - Gorilla ELECTRONICS\" \/>\n<meta property=\"og:description\" content=\"- Livrare si plat\u0103 - Gorilla ELECTRONICS\" \/>\n<meta property=\"og:url\" content=\"https:\/\/gorilla.md\/ru\/livrare-si-plata\/\" \/>\n<meta property=\"og:site_name\" content=\"Gorilla ELECTRONICS\" \/>\n<meta property=\"article:publisher\" content=\"https:\/\/www.facebook.com\/www.gorilla.md\" \/>\n<meta property=\"article:modified_time\" content=\"2025-10-03T07:53:35+00:00\" \/>\n<meta name=\"twitter:card\" content=\"summary_large_image\" \/>\n<meta name=\"twitter:label1\" content=\"\u041f\u0440\u0438\u043c\u0435\u0440\u043d\u043e\u0435 \u0432\u0440\u0435\u043c\u044f \u0434\u043b\u044f \u0447\u0442\u0435\u043d\u0438\u044f\" \/>\n\t<meta name=\"twitter:data1\" content=\"1 \u043c\u0438\u043d\u0443\u0442\u0430\" \/>\n<script type=\"application\/ld+json\" class=\"yoast-schema-graph\">{\"@context\":\"https:\/\/schema.org\",\"@graph\":[{\"@type\":\"WebPage\",\"@id\":\"https:\/\/gorilla.md\/livrare-si-plata\/\",\"url\":\"https:\/\/gorilla.md\/livrare-si-plata\/\",\"name\":\"Livrare si plat\u0103 - Gorilla ELECTRONICS\",\"isPartOf\":{\"@id\":\"https:\/\/gorilla.md\/#website\"},\"datePublished\":\"2023-04-05T11:59:09+00:00\",\"dateModified\":\"2025-10-03T07:53:35+00:00\",\"description\":\"- Livrare si plat\u0103 - Gorilla ELECTRONICS\",\"inLanguage\":\"ru-RU\",\"potentialAction\":[{\"@type\":\"ReadAction\",\"target\":[\"https:\/\/gorilla.md\/livrare-si-plata\/\"]}]},{\"@type\":\"WebSite\",\"@id\":\"https:\/\/gorilla.md\/#website\",\"url\":\"https:\/\/gorilla.md\/\",\"name\":\"Gorilla ELECTRONICS\",\"description\":\"Online Magazin \u00een Moldova\",\"publisher\":{\"@id\":\"https:\/\/gorilla.md\/#organization\"},\"potentialAction\":[{\"@type\":\"SearchAction\",\"target\":{\"@type\":\"EntryPoint\",\"urlTemplate\":\"https:\/\/gorilla.md\/?s={search_term_string}\"},\"query-input\":{\"@type\":\"PropertyValueSpecification\",\"valueRequired\":true,\"valueName\":\"search_term_string\"}}],\"inLanguage\":\"ru-RU\"},{\"@type\":\"Organization\",\"@id\":\"https:\/\/gorilla.md\/#organization\",\"name\":\"Gorilla ELECTRONICS\",\"url\":\"https:\/\/gorilla.md\/\",\"logo\":{\"@type\":\"ImageObject\",\"inLanguage\":\"ru-RU\",\"@id\":\"https:\/\/gorilla.md\/#\/schema\/logo\/image\/\",\"url\":\"https:\/\/gorilla.md\/wp-content\/uploads\/2023\/08\/logo-g.png\",\"contentUrl\":\"https:\/\/gorilla.md\/wp-content\/uploads\/2023\/08\/logo-g.png\",\"width\":200,\"height\":200,\"caption\":\"Gorilla ELECTRONICS\"},\"image\":{\"@id\":\"https:\/\/gorilla.md\/#\/schema\/logo\/image\/\"},\"sameAs\":[\"https:\/\/www.facebook.com\/www.gorilla.md\"]}]}<\/script>\n<!-- \/ Yoast SEO plugin. -->","yoast_head_json":{"title":"Livrare si plat\u0103 - Gorilla ELECTRONICS","description":"- Livrare si plat\u0103 - Gorilla ELECTRONICS","robots":{"index":"index","follow":"follow","max-snippet":"max-snippet:-1","max-image-preview":"max-image-preview:large","max-video-preview":"max-video-preview:-1"},"canonical":"https:\/\/gorilla.md\/ru\/livrare-si-plata\/","og_locale":"ru_RU","og_type":"article","og_title":"Livrare si plat\u0103 - Gorilla ELECTRONICS","og_description":"- Livrare si plat\u0103 - Gorilla ELECTRONICS","og_url":"https:\/\/gorilla.md\/ru\/livrare-si-plata\/","og_site_name":"Gorilla ELECTRONICS","article_publisher":"https:\/\/www.facebook.com\/www.gorilla.md","article_modified_time":"2025-10-03T07:53:35+00:00","twitter_card":"summary_large_image","twitter_misc":{"\u041f\u0440\u0438\u043c\u0435\u0440\u043d\u043e\u0435 \u0432\u0440\u0435\u043c\u044f \u0434\u043b\u044f \u0447\u0442\u0435\u043d\u0438\u044f":"1 \u043c\u0438\u043d\u0443\u0442\u0430"},"schema":{"@context":"https:\/\/schema.org","@graph":[{"@type":"WebPage","@id":"https:\/\/gorilla.md\/livrare-si-plata\/","url":"https:\/\/gorilla.md\/livrare-si-plata\/","name":"Livrare si plat\u0103 - Gorilla ELECTRONICS","isPartOf":{"@id":"https:\/\/gorilla.md\/#website"},"datePublished":"2023-04-05T11:59:09+00:00","dateModified":"2025-10-03T07:53:35+00:00","description":"- Livrare si plat\u0103 - Gorilla ELECTRONICS","inLanguage":"ru-RU","potentialAction":[{"@type":"ReadAction","target":["https:\/\/gorilla.md\/livrare-si-plata\/"]}]},{"@type":"WebSite","@id":"https:\/\/gorilla.md\/#website","url":"https:\/\/gorilla.md\/","name":"Gorilla ELECTRONICS","description":"Online Magazin \u00een Moldova","publisher":{"@id":"https:\/\/gorilla.md\/#organization"},"potentialAction":[{"@type":"SearchAction","target":{"@type":"EntryPoint","urlTemplate":"https:\/\/gorilla.md\/?s={search_term_string}"},"query-input":{"@type":"PropertyValueSpecification","valueRequired":true,"valueName":"search_term_string"}}],"inLanguage":"ru-RU"},{"@type":"Organization","@id":"https:\/\/gorilla.md\/#organization","name":"Gorilla ELECTRONICS","url":"https:\/\/gorilla.md\/","logo":{"@type":"ImageObject","inLanguage":"ru-RU","@id":"https:\/\/gorilla.md\/#\/schema\/logo\/image\/","url":"https:\/\/gorilla.md\/wp-content\/uploads\/2023\/08\/logo-g.png","contentUrl":"https:\/\/gorilla.md\/wp-content\/uploads\/2023\/08\/logo-g.png","width":200,"height":200,"caption":"Gorilla ELECTRONICS"},"image":{"@id":"https:\/\/gorilla.md\/#\/schema\/logo\/image\/"},"sameAs":["https:\/\/www.facebook.com\/www.gorilla.md"]}]}},"_links":{"self":[{"href":"https:\/\/gorilla.md\/ru\/wp-json\/wp\/v2\/pages\/9218","targetHints":{"allow":["GET"]}}],"collection":[{"href":"https:\/\/gorilla.md\/ru\/wp-json\/wp\/v2\/pages"}],"about":[{"href":"https:\/\/gorilla.md\/ru\/wp-json\/wp\/v2\/types\/page"}],"author":[{"embeddable":true,"href":"https:\/\/gorilla.md\/ru\/wp-json\/wp\/v2\/users\/1"}],"replies":[{"embeddable":true,"href":"https:\/\/gorilla.md\/ru\/wp-json\/wp\/v2\/comments?post=9218"}],"version-history":[{"count":21,"href":"https:\/\/gorilla.md\/ru\/wp-json\/wp\/v2\/pages\/9218\/revisions"}],"predecessor-version":[{"id":72810,"href":"https:\/\/gorilla.md\/ru\/wp-json\/wp\/v2\/pages\/9218\/revisions\/72810"}],"wp:attachment":[{"href":"https:\/\/gorilla.md\/ru\/wp-json\/wp\/v2\/media?parent=9218"}],"curies":[{"name":"wp","href":"https:\/\/api.w.org\/{rel}","templated":true}]}}