{"id":1899,"date":"2021-10-06T11:20:26","date_gmt":"2021-10-06T11:20:26","guid":{"rendered":"http:\/\/localhost\/machic\/?page_id=1899"},"modified":"2023-05-26T14:26:57","modified_gmt":"2023-05-26T14:26:57","slug":"despre-noi","status":"publish","type":"page","link":"https:\/\/gorilla.md\/ru\/despre-noi\/","title":{"rendered":"\u041e \u043d\u0430\u0441"},"content":{"rendered":"<div data-elementor-type=\"wp-page\" data-elementor-id=\"1899\" class=\"elementor elementor-1899\">\n\t\t\t\t\t\t<section class=\"elementor-section elementor-top-section elementor-element elementor-element-a5f5515 elementor-section-boxed elementor-section-height-default elementor-section-height-default\" data-id=\"a5f5515\" data-element_type=\"section\">\n\t\t\t\t\t\t<div class=\"elementor-container elementor-column-gap-extended\">\n\t\t\t\t\t<div class=\"elementor-column elementor-col-100 elementor-top-column elementor-element elementor-element-6cd6b07\" data-id=\"6cd6b07\" data-element_type=\"column\">\n\t\t\t<div class=\"elementor-widget-wrap\">\n\t\t\t\t\t\t\t<\/div>\n\t\t<\/div>\n\t\t\t\t\t<\/div>\n\t\t<\/section>\n\t\t\t\t<section class=\"elementor-section elementor-top-section elementor-element elementor-element-1298d0a elementor-section-boxed elementor-section-height-default elementor-section-height-default\" data-id=\"1298d0a\" data-element_type=\"section\">\n\t\t\t\t\t\t<div class=\"elementor-container elementor-column-gap-extended\">\n\t\t\t\t\t<div class=\"elementor-column elementor-col-100 elementor-top-column elementor-element elementor-element-1d97292\" data-id=\"1d97292\" data-element_type=\"column\">\n\t\t\t<div class=\"elementor-widget-wrap elementor-element-populated\">\n\t\t\t\t\t\t<div class=\"elementor-element elementor-element-ef53a64 elementor-widget__width-initial elementor-widget elementor-widget-machic-custom-title\" data-id=\"ef53a64\" data-element_type=\"widget\" data-widget_type=\"machic-custom-title.default\">\n\t\t\t\t<div class=\"elementor-widget-container\">\n\t\t\t<div class=\"site-module module-title\"><h4 class=\"entry-subtitle\">\u0414\u043e\u0431\u0440\u043e \u043f\u043e\u0436\u0430\u043b\u043e\u0432\u0430\u0442\u044c \u0432 \u0438\u043d\u0442\u0435\u0440\u043d\u0435\u0442-\u043c\u0430\u0433\u0430\u0437\u0438\u043d Gorilla MD - \u0432\u0430\u0448 \u043d\u0430\u0434\u0435\u0436\u043d\u044b\u0439 \u043f\u0430\u0440\u0442\u043d\u0435\u0440 \u0432 \u043c\u0438\u0440\u0435 \u0432\u044b\u0441\u043e\u043a\u0438\u0445 \u0442\u0435\u0445\u043d\u043e\u043b\u043e\u0433\u0438\u0439! Gorilla MD \u043f\u0440\u0435\u0434\u043b\u0430\u0433\u0430\u0435\u0442 \u0448\u0438\u0440\u043e\u043a\u0438\u0439 \u0430\u0441\u0441\u043e\u0440\u0442\u0438\u043c\u0435\u043d\u0442 \u0442\u0435\u0445\u043d\u0438\u043a\u0438, \u043d\u0430\u0447\u0438\u043d\u0430\u044f \u043e\u0442 \u043d\u043e\u0443\u0442\u0431\u0443\u043a\u043e\u0432 \u0438 \u0441\u043c\u0430\u0440\u0442\u0444\u043e\u043d\u043e\u0432 \u0434\u043e \u044d\u043b\u0435\u043a\u0442\u0440\u043e\u043d\u043d\u044b\u0445 \u0443\u0441\u0442\u0440\u043e\u0439\u0441\u0442\u0432. \u041c\u044b \u0441\u0442\u0440\u0435\u043c\u0438\u043c\u0441\u044f \u043f\u0440\u0435\u0434\u043e\u0441\u0442\u0430\u0432\u0438\u0442\u044c \u0432\u0430\u043c \u0438\u043d\u043d\u043e\u0432\u0430\u0446\u0438\u043e\u043d\u043d\u044b\u0435 \u0438 \u0432\u044b\u0441\u043e\u043a\u043e\u043a\u0430\u0447\u0435\u0441\u0442\u0432\u0435\u043d\u043d\u044b\u0435 \u043f\u0440\u043e\u0434\u0443\u043a\u0442\u044b \u043e\u0442 \u0432\u0435\u0434\u0443\u0449\u0438\u0445 \u043c\u0438\u0440\u043e\u0432\u044b\u0445 \u0431\u0440\u0435\u043d\u0434\u043e\u0432. \u041d\u0430\u0448\u0430 \u043a\u043e\u043c\u0430\u043d\u0434\u0430 \u0442\u0449\u0430\u0442\u0435\u043b\u044c\u043d\u043e \u0432\u044b\u0431\u0438\u0440\u0430\u0435\u0442 \u043a\u0430\u0436\u0434\u044b\u0439 \u043f\u0440\u043e\u0434\u0443\u043a\u0442, \u0447\u0442\u043e\u0431\u044b \u0433\u0430\u0440\u0430\u043d\u0442\u0438\u0440\u043e\u0432\u0430\u0442\u044c \u0432\u0430\u043c \u043b\u0443\u0447\u0448\u0438\u0439 \u0432\u044b\u0431\u043e\u0440. \u041c\u044b \u043f\u0440\u0435\u0434\u043b\u0430\u0433\u0430\u0435\u043c \u043f\u043e\u0441\u043b\u0435\u0434\u043d\u0438\u0435 \u043c\u043e\u0434\u0435\u043b\u0438 \u0442\u0435\u0445\u043d\u0438\u043a\u0438, \u0441\u043e\u043e\u0442\u0432\u0435\u0442\u0441\u0442\u0432\u0443\u044e\u0449\u0438\u0435 \u0441\u0430\u043c\u044b\u043c \u0441\u043e\u0432\u0440\u0435\u043c\u0435\u043d\u043d\u044b\u043c \u0441\u0442\u0430\u043d\u0434\u0430\u0440\u0442\u0430\u043c \u043a\u0430\u0447\u0435\u0441\u0442\u0432\u0430 \u0438 \u0444\u0443\u043d\u043a\u0446\u0438\u043e\u043d\u0430\u043b\u044c\u043d\u043e\u0441\u0442\u0438. \u041d\u0435\u0437\u0430\u0432\u0438\u0441\u0438\u043c\u043e \u043e\u0442 \u0442\u043e\u0433\u043e, \u043d\u0443\u0436\u0435\u043d \u0432\u0430\u043c \u043c\u043e\u0449\u043d\u044b\u0439 \u043d\u043e\u0443\u0442\u0431\u0443\u043a \u0434\u043b\u044f \u0440\u0430\u0431\u043e\u0442\u044b \u0438\u043b\u0438 \u044d\u043b\u0435\u0433\u0430\u043d\u0442\u043d\u044b\u0439 \u0441\u043c\u0430\u0440\u0442\u0444\u043e\u043d \u0434\u043b\u044f \u043e\u0431\u0449\u0435\u043d\u0438\u044f, \u0432\u044b \u043d\u0430\u0439\u0434\u0435\u0442\u0435 \u0432\u0441\u0435 \u043d\u0435\u043e\u0431\u0445\u043e\u0434\u0438\u043c\u043e\u0435 \u0443 \u043d\u0430\u0441.\n\n\u041f\u0440\u0438\u043e\u0431\u0440\u0435\u0442\u0430\u044f \u043f\u0440\u043e\u0434\u0443\u043a\u0446\u0438\u044e \u0432 \u0438\u043d\u0442\u0435\u0440\u043d\u0435\u0442-\u043c\u0430\u0433\u0430\u0437\u0438\u043d\u0435 Gorilla MD, \u0432\u044b \u043c\u043e\u0436\u0435\u0442\u0435 \u0431\u044b\u0442\u044c \u0443\u0432\u0435\u0440\u0435\u043d\u044b \u0432 \u0431\u0435\u0437\u043e\u043f\u0430\u0441\u043d\u043e\u0441\u0442\u0438 \u0438 \u043d\u0430\u0434\u0435\u0436\u043d\u043e\u0441\u0442\u0438 \u043d\u0430\u0448\u0438\u0445 \u0443\u0441\u043b\u0443\u0433. \u041c\u044b \u043f\u0440\u0435\u0434\u043b\u0430\u0433\u0430\u0435\u043c \u0443\u0434\u043e\u0431\u043d\u0443\u044e \u0434\u043e\u0441\u0442\u0430\u0432\u043a\u0443 \u043d\u0430 \u0434\u043e\u043c \u0438 \u0433\u0430\u0440\u0430\u043d\u0442\u0438\u044e \u043a\u0430\u0447\u0435\u0441\u0442\u0432\u0430 \u0434\u043b\u044f \u0432\u0441\u0435\u0445 \u043f\u0440\u0438\u043e\u0431\u0440\u0435\u0442\u0435\u043d\u043d\u044b\u0445 \u0443 \u043d\u0430\u0441 \u0442\u043e\u0432\u0430\u0440\u043e\u0432. \u041d\u0435 \u0443\u043f\u0443\u0441\u0442\u0438\u0442\u0435 \u0432\u043e\u0437\u043c\u043e\u0436\u043d\u043e\u0441\u0442\u044c \u043e\u0431\u043d\u043e\u0432\u0438\u0442\u044c \u0441\u0432\u043e\u044e \u0442\u0435\u0445\u043d\u0438\u043a\u0443 \u0438 \u043e\u0449\u0443\u0442\u0438\u0442\u044c \u043f\u0440\u0435\u0438\u043c\u0443\u0449\u0435\u0441\u0442\u0432\u0430 \u0441\u043e\u0432\u0440\u0435\u043c\u0435\u043d\u043d\u044b\u0445 \u0442\u0435\u0445\u043d\u043e\u043b\u043e\u0433\u0438\u0439.\n\n\u041e\u0442\u043a\u0440\u043e\u0439\u0442\u0435 \u0434\u043b\u044f \u0441\u0435\u0431\u044f \u043c\u0438\u0440 \u0441\u043e\u0432\u0440\u0435\u043c\u0435\u043d\u043d\u043e\u0439 \u0442\u0435\u0445\u043d\u043e\u043b\u043e\u0433\u0438\u0438 \u0438 \u0438\u043d\u043d\u043e\u0432\u0430\u0446\u0438\u0439! \u0412\u043e\u0441\u043f\u043e\u043b\u044c\u0437\u0443\u0439\u0442\u0435\u0441\u044c \u043f\u0440\u0435\u0438\u043c\u0443\u0449\u0435\u0441\u0442\u0432\u0430\u043c\u0438 \u043e\u043d\u043b\u0430\u0439\u043d-\u0437\u0430\u043a\u0430\u0437\u043e\u0432 \u0438 \u0441\u043e\u0441\u0442\u0430\u0432\u044c\u0442\u0435 \u0441\u0432\u043e\u044e \u0432\u044b\u0431\u043e\u0440\u043a\u0443 \u0432 \u0443\u044e\u0442\u0435 \u0441\u0432\u043e\u0435\u0433\u043e \u0434\u043e\u043c\u0430. \u041d\u0430\u0448 \u043e\u043d\u043b\u0430\u0439\u043d-\u043a\u0430\u0442\u0430\u043b\u043e\u0433 \u0443\u0434\u043e\u0431\u043d\u043e \u0441\u0442\u0440\u0443\u043a\u0442\u0443\u0440\u0438\u0440\u043e\u0432\u0430\u043d, \u0430 \u043a\u0430\u0436\u0434\u044b\u0439 \u0442\u043e\u0432\u0430\u0440 \u0441\u043e\u043f\u0440\u043e\u0432\u043e\u0436\u0434\u0430\u0435\u0442\u0441\u044f \u043f\u043e\u0434\u0440\u043e\u0431\u043d\u044b\u043c\u0438 \u043e\u043f\u0438\u0441\u0430\u043d\u0438\u044f\u043c\u0438 \u0438 \u0447\u0435\u0442\u043a\u0438\u043c\u0438 \u0438\u0437\u043e\u0431\u0440\u0430\u0436\u0435\u043d\u0438\u044f\u043c\u0438, \u0447\u0442\u043e\u0431\u044b \u0432\u044b \u043c\u043e\u0433\u043b\u0438 \u043f\u0440\u0438\u043d\u044f\u0442\u044c \u043d\u0430\u0438\u043b\u0443\u0447\u0448\u0435\u0435 \u0440\u0435\u0448\u0435\u043d\u0438\u0435.\n\n\u0421 Gorilla.md \u0432\u044b \u043f\u043e\u043b\u0443\u0447\u0438\u0442\u0435 \u0431\u044b\u0441\u0442\u0440\u043e\u0435 \u0438 \u044d\u0444\u0444\u0435\u043a\u0442\u0438\u0432\u043d\u043e\u0435 \u043e\u0431\u0441\u043b\u0443\u0436\u0438\u0432\u0430\u043d\u0438\u0435. \u0423 \u043d\u0430\u0441 \u0435\u0441\u0442\u044c \u0441\u0438\u0441\u0442\u0435\u043c\u0430 \u0431\u044b\u0441\u0442\u0440\u043e\u0439 \u0438 \u043d\u0430\u0434\u0435\u0436\u043d\u043e\u0439 \u0434\u043e\u0441\u0442\u0430\u0432\u043a\u0438, \u0447\u0442\u043e\u0431\u044b \u0436\u0435\u043b\u0430\u0435\u043c\u044b\u0435 \u0442\u043e\u0432\u0430\u0440\u044b \u043f\u0440\u0438\u0448\u043b\u0438 \u043a \u0432\u0430\u043c \u043a\u0430\u043a \u043c\u043e\u0436\u043d\u043e \u0441\u043a\u043e\u0440\u0435\u0435. \u041c\u044b \u0442\u0430\u043a\u0436\u0435 \u043f\u0440\u0435\u0434\u043b\u0430\u0433\u0430\u0435\u043c \u043f\u0440\u043e\u0444\u0435\u0441\u0441\u0438\u043e\u043d\u0430\u043b\u044c\u043d\u043e\u0435 \u043e\u0431\u0441\u043b\u0443\u0436\u0438\u0432\u0430\u043d\u0438\u0435 \u043a\u043b\u0438\u0435\u043d\u0442\u043e\u0432, \u0433\u043e\u0442\u043e\u0432\u043e\u0435 \u043e\u0442\u0432\u0435\u0442\u0438\u0442\u044c \u043d\u0430 \u0432\u0430\u0448\u0438 \u0432\u043e\u043f\u0440\u043e\u0441\u044b \u0438 \u0443\u0441\u0442\u0440\u0430\u043d\u0438\u0442\u044c \u043b\u044e\u0431\u044b\u0435 \u0441\u043e\u043c\u043d\u0435\u043d\u0438\u044f.\n\n\u041e\u0442\u043a\u0440\u043e\u0439\u0442\u0435 \u0434\u043b\u044f \u0441\u0435\u0431\u044f \u043f\u043e\u0441\u043b\u0435\u0434\u043d\u0438\u0435 \u043f\u0440\u0435\u0434\u043b\u043e\u0436\u0435\u043d\u0438\u044f \u0438 \u043f\u0440\u0438\u0432\u043b\u0435\u043a\u0430\u0442\u0435\u043b\u044c\u043d\u044b\u0435 \u0430\u043a\u0446\u0438\u0438 \u043d\u0430 Gorilla.md. \u041c\u044b \u0432\u0441\u0435\u0433\u0434\u0430 \u0441\u0442\u0440\u0435\u043c\u0438\u043c\u0441\u044f \u043f\u0440\u0435\u0434\u043b\u043e\u0436\u0438\u0442\u044c \u0432\u0430\u043c \u043b\u0443\u0447\u0448\u0438\u0435 \u0441\u0434\u0435\u043b\u043a\u0438, \u0447\u0442\u043e\u0431\u044b \u0432\u044b \u043c\u043e\u0433\u043b\u0438 \u043f\u0440\u0438\u043e\u0431\u0440\u0435\u0441\u0442\u0438 \u043b\u044e\u0431\u0438\u043c\u044b\u0435 \u0442\u043e\u0432\u0430\u0440\u044b \u043f\u043e \u043e\u0442\u043b\u0438\u0447\u043d\u044b\u043c \u0446\u0435\u043d\u0430\u043c.\n\n\u041d\u0435 \u0442\u0435\u0440\u044f\u0439\u0442\u0435 \u0432\u0440\u0435\u043c\u0435\u043d\u0438! \u041d\u0430\u0447\u043d\u0438\u0442\u0435 \u0441\u0432\u043e\u0435 \u0448\u043e\u043f\u0438\u043d\u0433!<\/h4><h1 class=\"entry-title\"><\/h1><div class=\"entry-content\"><p><\/p><\/div><!-- entry-content --><\/div><!-- site-module -->\t\t<\/div>\n\t\t\t\t<\/div>\n\t\t\t\t<div class=\"elementor-element elementor-element-19c5942 elementor-widget elementor-widget-image\" data-id=\"19c5942\" data-element_type=\"widget\" data-widget_type=\"image.default\">\n\t\t\t\t<div class=\"elementor-widget-container\">\n\t\t\t\t\t\t\t\t\t\t\t\t\t<img fetchpriority=\"high\" decoding=\"async\" width=\"1280\" height=\"760\" src=\"https:\/\/gorilla.md\/wp-content\/uploads\/2021\/10\/about-1.jpg\" class=\"attachment-full size-full wp-image-1942\" alt=\"\" srcset=\"https:\/\/gorilla.md\/wp-content\/uploads\/2021\/10\/about-1.jpg 1280w, https:\/\/gorilla.md\/wp-content\/uploads\/2021\/10\/about-1-90x54.jpg 90w, https:\/\/gorilla.md\/wp-content\/uploads\/2021\/10\/about-1-600x356.jpg 600w, https:\/\/gorilla.md\/wp-content\/uploads\/2021\/10\/about-1-300x178.jpg 300w, https:\/\/gorilla.md\/wp-content\/uploads\/2021\/10\/about-1-1024x608.jpg 1024w, https:\/\/gorilla.md\/wp-content\/uploads\/2021\/10\/about-1-768x456.jpg 768w\" sizes=\"(max-width: 1280px) 100vw, 1280px\" \/>\t\t\t\t\t\t\t\t\t\t\t\t\t<\/div>\n\t\t\t\t<\/div>\n\t\t\t\t\t<\/div>\n\t\t<\/div>\n\t\t\t\t\t<\/div>\n\t\t<\/section>\n\t\t\t\t<\/div>","protected":false},"excerpt":{"rendered":"<p>Bine a\u021bi venit \u00een magazinul online Gorilla MD &#8211; partenerul dvs. de \u00eencredere \u00een lumea dispozitivelor de \u00eenalt\u0103 tehnologie! Gorilla MD ofer\u0103 o gam\u0103 larg\u0103 de tehnologie, de la laptopuri \u0219i smartphone-uri la dispozitive electronice. Ne str\u0103duim s\u0103 v\u0103 oferim produse inovatoare \u0219i de \u00eenalt\u0103 calitate de la brandurile de top din lume. Echipa noastr\u0103<\/p>\n<div class=\"klb-readmore entry-button\"><a class=\"btn read-more\" href=\"https:\/\/gorilla.md\/ru\/despre-noi\/\">Read More<\/a><\/div>","protected":false},"author":1,"featured_media":0,"parent":0,"menu_order":0,"comment_status":"closed","ping_status":"closed","template":"","meta":{"footnotes":""},"class_list":["post-1899","page","type-page","status-publish","hentry"],"yoast_head":"<!-- This site is optimized with the Yoast SEO plugin v23.9 - https:\/\/yoast.com\/wordpress\/plugins\/seo\/ -->\n<title>Despre noi - Gorilla ELECTRONICS<\/title>\n<meta name=\"description\" content=\"- Despre noi - Gorilla ELECTRONICS\" \/>\n<meta name=\"robots\" content=\"index, follow, max-snippet:-1, max-image-preview:large, max-video-preview:-1\" \/>\n<link rel=\"canonical\" href=\"https:\/\/gorilla.md\/ru\/despre-noi\/\" \/>\n<meta property=\"og:locale\" content=\"ru_RU\" \/>\n<meta property=\"og:type\" content=\"article\" \/>\n<meta property=\"og:title\" content=\"Despre noi - Gorilla ELECTRONICS\" \/>\n<meta property=\"og:description\" content=\"- Despre noi - Gorilla ELECTRONICS\" \/>\n<meta property=\"og:url\" content=\"https:\/\/gorilla.md\/ru\/despre-noi\/\" \/>\n<meta property=\"og:site_name\" content=\"Gorilla ELECTRONICS\" \/>\n<meta property=\"article:publisher\" content=\"https:\/\/www.facebook.com\/www.gorilla.md\" \/>\n<meta property=\"article:modified_time\" content=\"2023-05-26T14:26:57+00:00\" \/>\n<meta property=\"og:image\" content=\"https:\/\/gorilla.md\/wp-content\/uploads\/2021\/10\/about-1.jpg\" \/>\n<meta name=\"twitter:card\" content=\"summary_large_image\" \/>\n<meta name=\"twitter:label1\" content=\"\u041f\u0440\u0438\u043c\u0435\u0440\u043d\u043e\u0435 \u0432\u0440\u0435\u043c\u044f \u0434\u043b\u044f \u0447\u0442\u0435\u043d\u0438\u044f\" \/>\n\t<meta name=\"twitter:data1\" content=\"2 \u043c\u0438\u043d\u0443\u0442\u044b\" \/>\n<script type=\"application\/ld+json\" class=\"yoast-schema-graph\">{\"@context\":\"https:\/\/schema.org\",\"@graph\":[{\"@type\":\"WebPage\",\"@id\":\"https:\/\/gorilla.md\/despre-noi\/\",\"url\":\"https:\/\/gorilla.md\/despre-noi\/\",\"name\":\"Despre noi - Gorilla ELECTRONICS\",\"isPartOf\":{\"@id\":\"https:\/\/gorilla.md\/#website\"},\"primaryImageOfPage\":{\"@id\":\"https:\/\/gorilla.md\/despre-noi\/#primaryimage\"},\"image\":{\"@id\":\"https:\/\/gorilla.md\/despre-noi\/#primaryimage\"},\"thumbnailUrl\":\"https:\/\/gorilla.md\/wp-content\/uploads\/2021\/10\/about-1.jpg\",\"datePublished\":\"2021-10-06T11:20:26+00:00\",\"dateModified\":\"2023-05-26T14:26:57+00:00\",\"description\":\"- Despre noi - Gorilla ELECTRONICS\",\"inLanguage\":\"ru-RU\",\"potentialAction\":[{\"@type\":\"ReadAction\",\"target\":[\"https:\/\/gorilla.md\/despre-noi\/\"]}]},{\"@type\":\"ImageObject\",\"inLanguage\":\"ru-RU\",\"@id\":\"https:\/\/gorilla.md\/despre-noi\/#primaryimage\",\"url\":\"https:\/\/gorilla.md\/wp-content\/uploads\/2021\/10\/about-1.jpg\",\"contentUrl\":\"https:\/\/gorilla.md\/wp-content\/uploads\/2021\/10\/about-1.jpg\"},{\"@type\":\"WebSite\",\"@id\":\"https:\/\/gorilla.md\/#website\",\"url\":\"https:\/\/gorilla.md\/\",\"name\":\"Gorilla ELECTRONICS\",\"description\":\"Online Magazin \u00een Moldova\",\"publisher\":{\"@id\":\"https:\/\/gorilla.md\/#organization\"},\"potentialAction\":[{\"@type\":\"SearchAction\",\"target\":{\"@type\":\"EntryPoint\",\"urlTemplate\":\"https:\/\/gorilla.md\/?s={search_term_string}\"},\"query-input\":{\"@type\":\"PropertyValueSpecification\",\"valueRequired\":true,\"valueName\":\"search_term_string\"}}],\"inLanguage\":\"ru-RU\"},{\"@type\":\"Organization\",\"@id\":\"https:\/\/gorilla.md\/#organization\",\"name\":\"Gorilla ELECTRONICS\",\"url\":\"https:\/\/gorilla.md\/\",\"logo\":{\"@type\":\"ImageObject\",\"inLanguage\":\"ru-RU\",\"@id\":\"https:\/\/gorilla.md\/#\/schema\/logo\/image\/\",\"url\":\"https:\/\/gorilla.md\/wp-content\/uploads\/2023\/08\/logo-g.png\",\"contentUrl\":\"https:\/\/gorilla.md\/wp-content\/uploads\/2023\/08\/logo-g.png\",\"width\":200,\"height\":200,\"caption\":\"Gorilla ELECTRONICS\"},\"image\":{\"@id\":\"https:\/\/gorilla.md\/#\/schema\/logo\/image\/\"},\"sameAs\":[\"https:\/\/www.facebook.com\/www.gorilla.md\"]}]}<\/script>\n<!-- \/ Yoast SEO plugin. -->","yoast_head_json":{"title":"Despre noi - Gorilla ELECTRONICS","description":"- Despre noi - Gorilla ELECTRONICS","robots":{"index":"index","follow":"follow","max-snippet":"max-snippet:-1","max-image-preview":"max-image-preview:large","max-video-preview":"max-video-preview:-1"},"canonical":"https:\/\/gorilla.md\/ru\/despre-noi\/","og_locale":"ru_RU","og_type":"article","og_title":"Despre noi - Gorilla ELECTRONICS","og_description":"- Despre noi - Gorilla ELECTRONICS","og_url":"https:\/\/gorilla.md\/ru\/despre-noi\/","og_site_name":"Gorilla ELECTRONICS","article_publisher":"https:\/\/www.facebook.com\/www.gorilla.md","article_modified_time":"2023-05-26T14:26:57+00:00","og_image":[{"url":"https:\/\/gorilla.md\/wp-content\/uploads\/2021\/10\/about-1.jpg"}],"twitter_card":"summary_large_image","twitter_misc":{"\u041f\u0440\u0438\u043c\u0435\u0440\u043d\u043e\u0435 \u0432\u0440\u0435\u043c\u044f \u0434\u043b\u044f \u0447\u0442\u0435\u043d\u0438\u044f":"2 \u043c\u0438\u043d\u0443\u0442\u044b"},"schema":{"@context":"https:\/\/schema.org","@graph":[{"@type":"WebPage","@id":"https:\/\/gorilla.md\/despre-noi\/","url":"https:\/\/gorilla.md\/despre-noi\/","name":"Despre noi - Gorilla ELECTRONICS","isPartOf":{"@id":"https:\/\/gorilla.md\/#website"},"primaryImageOfPage":{"@id":"https:\/\/gorilla.md\/despre-noi\/#primaryimage"},"image":{"@id":"https:\/\/gorilla.md\/despre-noi\/#primaryimage"},"thumbnailUrl":"https:\/\/gorilla.md\/wp-content\/uploads\/2021\/10\/about-1.jpg","datePublished":"2021-10-06T11:20:26+00:00","dateModified":"2023-05-26T14:26:57+00:00","description":"- Despre noi - Gorilla ELECTRONICS","inLanguage":"ru-RU","potentialAction":[{"@type":"ReadAction","target":["https:\/\/gorilla.md\/despre-noi\/"]}]},{"@type":"ImageObject","inLanguage":"ru-RU","@id":"https:\/\/gorilla.md\/despre-noi\/#primaryimage","url":"https:\/\/gorilla.md\/wp-content\/uploads\/2021\/10\/about-1.jpg","contentUrl":"https:\/\/gorilla.md\/wp-content\/uploads\/2021\/10\/about-1.jpg"},{"@type":"WebSite","@id":"https:\/\/gorilla.md\/#website","url":"https:\/\/gorilla.md\/","name":"Gorilla ELECTRONICS","description":"Online Magazin \u00een Moldova","publisher":{"@id":"https:\/\/gorilla.md\/#organization"},"potentialAction":[{"@type":"SearchAction","target":{"@type":"EntryPoint","urlTemplate":"https:\/\/gorilla.md\/?s={search_term_string}"},"query-input":{"@type":"PropertyValueSpecification","valueRequired":true,"valueName":"search_term_string"}}],"inLanguage":"ru-RU"},{"@type":"Organization","@id":"https:\/\/gorilla.md\/#organization","name":"Gorilla ELECTRONICS","url":"https:\/\/gorilla.md\/","logo":{"@type":"ImageObject","inLanguage":"ru-RU","@id":"https:\/\/gorilla.md\/#\/schema\/logo\/image\/","url":"https:\/\/gorilla.md\/wp-content\/uploads\/2023\/08\/logo-g.png","contentUrl":"https:\/\/gorilla.md\/wp-content\/uploads\/2023\/08\/logo-g.png","width":200,"height":200,"caption":"Gorilla ELECTRONICS"},"image":{"@id":"https:\/\/gorilla.md\/#\/schema\/logo\/image\/"},"sameAs":["https:\/\/www.facebook.com\/www.gorilla.md"]}]}},"_links":{"self":[{"href":"https:\/\/gorilla.md\/ru\/wp-json\/wp\/v2\/pages\/1899","targetHints":{"allow":["GET"]}}],"collection":[{"href":"https:\/\/gorilla.md\/ru\/wp-json\/wp\/v2\/pages"}],"about":[{"href":"https:\/\/gorilla.md\/ru\/wp-json\/wp\/v2\/types\/page"}],"author":[{"embeddable":true,"href":"https:\/\/gorilla.md\/ru\/wp-json\/wp\/v2\/users\/1"}],"replies":[{"embeddable":true,"href":"https:\/\/gorilla.md\/ru\/wp-json\/wp\/v2\/comments?post=1899"}],"version-history":[{"count":15,"href":"https:\/\/gorilla.md\/ru\/wp-json\/wp\/v2\/pages\/1899\/revisions"}],"predecessor-version":[{"id":10937,"href":"https:\/\/gorilla.md\/ru\/wp-json\/wp\/v2\/pages\/1899\/revisions\/10937"}],"wp:attachment":[{"href":"https:\/\/gorilla.md\/ru\/wp-json\/wp\/v2\/media?parent=1899"}],"curies":[{"name":"wp","href":"https:\/\/api.w.org\/{rel}","templated":true}]}}